{"id":5242,"date":"2025-07-23T08:27:51","date_gmt":"2025-07-23T07:27:51","guid":{"rendered":"https:\/\/washnet.es\/politica-ambiental\/"},"modified":"2025-07-23T09:25:34","modified_gmt":"2025-07-23T08:25:34","slug":"politica-ambiental","status":"publish","type":"page","link":"https:\/\/washnet.es\/pt-pt\/politica-ambiental\/","title":{"rendered":"Pol\u00edtica Ambiental"},"content":{"rendered":"\t\t<div data-elementor-type=\"wp-page\" data-elementor-id=\"5242\" class=\"elementor elementor-5242 elementor-5225\" data-elementor-post-type=\"page\">\n\t\t\t\t<div class=\"elementor-element elementor-element-578cfeee e-flex e-con-boxed e-con e-parent\" data-id=\"578cfeee\" data-element_type=\"container\" data-e-type=\"container\">\n\t\t\t\t\t<div class=\"e-con-inner\">\n\t\t\t\t<div class=\"elementor-element elementor-element-e947624 elementor-widget elementor-widget-text-editor\" data-id=\"e947624\" data-element_type=\"widget\" data-e-type=\"widget\" data-widget_type=\"text-editor.default\">\n\t\t\t\t<div class=\"elementor-widget-container\">\n\t\t\t\t\t\t\t\t\t<h2>Pol\u00edtica Ambiental<\/h2>\n<h4><span style=\"font-size: 1rem;\">A WASHNET FACTORY, S.L., empresa que se dedica \u00e0 conce\u00e7\u00e3o, fabrico e instala\u00e7\u00e3o de lavagens autom\u00f3veis de alta press\u00e3o para ve\u00edculos e \u00e0 distribui\u00e7\u00e3o de pe\u00e7as sobresselentes e acess\u00f3rios para a lavagem e manuten\u00e7\u00e3o de lavagens autom\u00f3veis, estabelece esta Pol\u00edtica Ambiental como parte integrante do nosso Sistema de Gest\u00e3o Ambiental, de acordo com os requisitos da norma ISO 14001:2015.<\/span><\/h4>\n<h3>Compromissos Ambientais<\/h3>\n<p><strong>Conformidade Legal e Requisitos Aplic\u00e1veis:<\/strong> Estamos empenhados em cumprir com a legisla\u00e7\u00e3o ambiental em vigor, bem como com outros requisitos ambientais que a organiza\u00e7\u00e3o subscreve.<\/p>\n<p><strong>Preven\u00e7\u00e3o da polui\u00e7\u00e3o:<\/strong> Implementamos medidas preventivas e de controlo para minimizar os impactos ambientais adversos associados \u00e0s nossas atividades, produtos e servi\u00e7os.<\/p>\n<p><strong>Utiliza\u00e7\u00e3o eficiente dos recursos:<\/strong> Promovemos o uso racional de recursos naturais como \u00e1gua, energia e mat\u00e9rias-primas, aplicando tecnologias e processos mais limpos e sustent\u00e1veis.<\/p>\n<p><strong>Produtos Eco-Design:<\/strong> Incorporamos crit\u00e9rios ambientais na conce\u00e7\u00e3o e fabrico das nossas lavagens autom\u00f3veis, procurando minimizar o seu impacto ao longo do seu ciclo de vida.<\/p>\n<p><strong>Gest\u00e3o de Res\u00edduos:<\/strong> Promovemos uma gest\u00e3o adequada dos res\u00edduos atrav\u00e9s da redu\u00e7\u00e3o, reutiliza\u00e7\u00e3o, reciclagem e elimina\u00e7\u00e3o final adequada, priorizando a economia circular.<\/p>\n<p><strong>Forma\u00e7\u00e3o e Consciencializa\u00e7\u00e3o:<\/strong> Proporcionamos forma\u00e7\u00e3o e sensibiliza\u00e7\u00e3o ambiental aos nossos colaboradores e promovemos pr\u00e1ticas respons\u00e1veis junto dos nossos clientes e fornecedores.<\/p>\n<p><strong>Melhoria Cont\u00ednua do Desempenho Ambiental:<\/strong> Estabelecemos metas e indicadores ambientais, revendo periodicamente para garantir a melhoria cont\u00ednua do nosso desempenho ambiental.<\/p>\n<h3>\u00c2mbito da Pol\u00edtica<\/h3>\n<p>Esta pol\u00edtica aplica-se a todas as atividades da <strong>WASHNET FACTORY, S.L.,<\/strong> incluindo o fabrico, distribui\u00e7\u00e3o, instala\u00e7\u00e3o e manuten\u00e7\u00e3o de caixas de lavagem de ve\u00edculos, bem como a comercializa\u00e7\u00e3o de produtos de limpeza e manuten\u00e7\u00e3o para lavagens de autom\u00f3veis.<\/p>\n<p>\u00c9 comunicado, compreendido e aplicado por todos os n\u00edveis da organiza\u00e7\u00e3o e est\u00e1 dispon\u00edvel para as partes interessadas.<\/p>\n<p>Esta Pol\u00edtica foi aprovada pelo administrador da Washnet em 26 de junho de 2025 e entra em vigor a partir do momento da sua aprova\u00e7\u00e3o.<\/p>\t\t\t\t\t\t\t\t<\/div>\n\t\t\t\t<\/div>\n\t\t\t\t\t<\/div>\n\t\t\t\t<\/div>\n\t\t\t\t<\/div>\n\t\t","protected":false},"excerpt":{"rendered":"<p>Pol\u00edtica Ambiental A WASHNET FACTORY, S.L., empresa que se dedica \u00e0 conce\u00e7\u00e3o, fabrico e instala\u00e7\u00e3o de lavagens autom\u00f3veis de alta press\u00e3o para ve\u00edculos e \u00e0 distribui\u00e7\u00e3o de pe\u00e7as sobresselentes e acess\u00f3rios para a lavagem e manuten\u00e7\u00e3o de lavagens autom\u00f3veis, estabelece esta Pol\u00edtica Ambiental como parte integrante do nosso Sistema de Gest\u00e3o Ambiental, de acordo com [&hellip;]<\/p>\n","protected":false},"author":1,"featured_media":0,"parent":0,"menu_order":0,"comment_status":"closed","ping_status":"closed","template":"elementor_header_footer","meta":{"footnotes":""},"class_list":["post-5242","page","type-page","status-publish","hentry"],"yoast_head":"<!-- This site is optimized with the Yoast SEO plugin v27.2 - https:\/\/yoast.com\/product\/yoast-seo-wordpress\/ -->\n<title>Pol\u00edtica Ambiental - Washnet<\/title>\n<meta name=\"robots\" content=\"noindex, nofollow\" \/>\n<meta property=\"og:locale\" content=\"pt_PT\" \/>\n<meta property=\"og:type\" content=\"article\" \/>\n<meta property=\"og:title\" content=\"Pol\u00edtica Ambiental - Washnet\" \/>\n<meta property=\"og:description\" content=\"Pol\u00edtica Ambiental A WASHNET FACTORY, S.L., empresa que se dedica \u00e0 conce\u00e7\u00e3o, fabrico e instala\u00e7\u00e3o de lavagens autom\u00f3veis de alta press\u00e3o para ve\u00edculos e \u00e0 distribui\u00e7\u00e3o de pe\u00e7as sobresselentes e acess\u00f3rios para a lavagem e manuten\u00e7\u00e3o de lavagens autom\u00f3veis, estabelece esta Pol\u00edtica Ambiental como parte integrante do nosso Sistema de Gest\u00e3o Ambiental, de acordo com [&hellip;]\" \/>\n<meta property=\"og:url\" content=\"https:\/\/washnet.es\/politica-ambiental\/\" \/>\n<meta property=\"og:site_name\" content=\"Washnet\" \/>\n<meta property=\"article:modified_time\" content=\"2025-07-23T08:25:34+00:00\" \/>\n<meta name=\"twitter:card\" content=\"summary_large_image\" \/>\n<meta name=\"twitter:label1\" content=\"Tempo estimado de leitura\" \/>\n\t<meta name=\"twitter:data1\" content=\"2 minutos\" \/>\n<script type=\"application\/ld+json\" class=\"yoast-schema-graph\">{\"@context\":\"https:\/\/schema.org\",\"@graph\":[{\"@type\":\"WebPage\",\"@id\":\"https:\/\/washnet.es\/politica-ambiental\/\",\"url\":\"https:\/\/washnet.es\/politica-ambiental\/\",\"name\":\"Pol\u00edtica Ambiental - Washnet\",\"isPartOf\":{\"@id\":\"https:\/\/washnet.es\/#website\"},\"datePublished\":\"2025-07-23T07:27:51+00:00\",\"dateModified\":\"2025-07-23T08:25:34+00:00\",\"breadcrumb\":{\"@id\":\"https:\/\/washnet.es\/politica-ambiental\/#breadcrumb\"},\"inLanguage\":\"pt-PT\",\"potentialAction\":[{\"@type\":\"ReadAction\",\"target\":[\"https:\/\/washnet.es\/politica-ambiental\/\"]}]},{\"@type\":\"BreadcrumbList\",\"@id\":\"https:\/\/washnet.es\/politica-ambiental\/#breadcrumb\",\"itemListElement\":[{\"@type\":\"ListItem\",\"position\":1,\"name\":\"Portada\",\"item\":\"https:\/\/washnet.es\/pt-pt\/casa\/\"},{\"@type\":\"ListItem\",\"position\":2,\"name\":\"Pol\u00edtica Ambiental\"}]},{\"@type\":\"WebSite\",\"@id\":\"https:\/\/washnet.es\/#website\",\"url\":\"https:\/\/washnet.es\/\",\"name\":\"Washnet\",\"description\":\"\",\"publisher\":{\"@id\":\"https:\/\/washnet.es\/#organization\"},\"potentialAction\":[{\"@type\":\"SearchAction\",\"target\":{\"@type\":\"EntryPoint\",\"urlTemplate\":\"https:\/\/washnet.es\/?s={search_term_string}\"},\"query-input\":{\"@type\":\"PropertyValueSpecification\",\"valueRequired\":true,\"valueName\":\"search_term_string\"}}],\"inLanguage\":\"pt-PT\"},{\"@type\":\"Organization\",\"@id\":\"https:\/\/washnet.es\/#organization\",\"name\":\"Washnet\",\"url\":\"https:\/\/washnet.es\/\",\"logo\":{\"@type\":\"ImageObject\",\"inLanguage\":\"pt-PT\",\"@id\":\"https:\/\/washnet.es\/#\/schema\/logo\/image\/\",\"url\":\"https:\/\/washnet.es\/wp-content\/uploads\/2025\/01\/logo-washnet.png\",\"contentUrl\":\"https:\/\/washnet.es\/wp-content\/uploads\/2025\/01\/logo-washnet.png\",\"width\":2491,\"height\":564,\"caption\":\"Washnet\"},\"image\":{\"@id\":\"https:\/\/washnet.es\/#\/schema\/logo\/image\/\"}}]}<\/script>\n<!-- \/ Yoast SEO plugin. -->","yoast_head_json":{"title":"Pol\u00edtica Ambiental - Washnet","robots":{"index":"noindex","follow":"nofollow"},"og_locale":"pt_PT","og_type":"article","og_title":"Pol\u00edtica Ambiental - Washnet","og_description":"Pol\u00edtica Ambiental A WASHNET FACTORY, S.L., empresa que se dedica \u00e0 conce\u00e7\u00e3o, fabrico e instala\u00e7\u00e3o de lavagens autom\u00f3veis de alta press\u00e3o para ve\u00edculos e \u00e0 distribui\u00e7\u00e3o de pe\u00e7as sobresselentes e acess\u00f3rios para a lavagem e manuten\u00e7\u00e3o de lavagens autom\u00f3veis, estabelece esta Pol\u00edtica Ambiental como parte integrante do nosso Sistema de Gest\u00e3o Ambiental, de acordo com [&hellip;]","og_url":"https:\/\/washnet.es\/politica-ambiental\/","og_site_name":"Washnet","article_modified_time":"2025-07-23T08:25:34+00:00","twitter_card":"summary_large_image","twitter_misc":{"Tempo estimado de leitura":"2 minutos"},"schema":{"@context":"https:\/\/schema.org","@graph":[{"@type":"WebPage","@id":"https:\/\/washnet.es\/politica-ambiental\/","url":"https:\/\/washnet.es\/politica-ambiental\/","name":"Pol\u00edtica Ambiental - Washnet","isPartOf":{"@id":"https:\/\/washnet.es\/#website"},"datePublished":"2025-07-23T07:27:51+00:00","dateModified":"2025-07-23T08:25:34+00:00","breadcrumb":{"@id":"https:\/\/washnet.es\/politica-ambiental\/#breadcrumb"},"inLanguage":"pt-PT","potentialAction":[{"@type":"ReadAction","target":["https:\/\/washnet.es\/politica-ambiental\/"]}]},{"@type":"BreadcrumbList","@id":"https:\/\/washnet.es\/politica-ambiental\/#breadcrumb","itemListElement":[{"@type":"ListItem","position":1,"name":"Portada","item":"https:\/\/washnet.es\/pt-pt\/casa\/"},{"@type":"ListItem","position":2,"name":"Pol\u00edtica Ambiental"}]},{"@type":"WebSite","@id":"https:\/\/washnet.es\/#website","url":"https:\/\/washnet.es\/","name":"Washnet","description":"","publisher":{"@id":"https:\/\/washnet.es\/#organization"},"potentialAction":[{"@type":"SearchAction","target":{"@type":"EntryPoint","urlTemplate":"https:\/\/washnet.es\/?s={search_term_string}"},"query-input":{"@type":"PropertyValueSpecification","valueRequired":true,"valueName":"search_term_string"}}],"inLanguage":"pt-PT"},{"@type":"Organization","@id":"https:\/\/washnet.es\/#organization","name":"Washnet","url":"https:\/\/washnet.es\/","logo":{"@type":"ImageObject","inLanguage":"pt-PT","@id":"https:\/\/washnet.es\/#\/schema\/logo\/image\/","url":"https:\/\/washnet.es\/wp-content\/uploads\/2025\/01\/logo-washnet.png","contentUrl":"https:\/\/washnet.es\/wp-content\/uploads\/2025\/01\/logo-washnet.png","width":2491,"height":564,"caption":"Washnet"},"image":{"@id":"https:\/\/washnet.es\/#\/schema\/logo\/image\/"}}]}},"_links":{"self":[{"href":"https:\/\/washnet.es\/pt-pt\/wp-json\/wp\/v2\/pages\/5242","targetHints":{"allow":["GET"]}}],"collection":[{"href":"https:\/\/washnet.es\/pt-pt\/wp-json\/wp\/v2\/pages"}],"about":[{"href":"https:\/\/washnet.es\/pt-pt\/wp-json\/wp\/v2\/types\/page"}],"author":[{"embeddable":true,"href":"https:\/\/washnet.es\/pt-pt\/wp-json\/wp\/v2\/users\/1"}],"replies":[{"embeddable":true,"href":"https:\/\/washnet.es\/pt-pt\/wp-json\/wp\/v2\/comments?post=5242"}],"version-history":[{"count":2,"href":"https:\/\/washnet.es\/pt-pt\/wp-json\/wp\/v2\/pages\/5242\/revisions"}],"predecessor-version":[{"id":5272,"href":"https:\/\/washnet.es\/pt-pt\/wp-json\/wp\/v2\/pages\/5242\/revisions\/5272"}],"wp:attachment":[{"href":"https:\/\/washnet.es\/pt-pt\/wp-json\/wp\/v2\/media?parent=5242"}],"curies":[{"name":"wp","href":"https:\/\/api.w.org\/{rel}","templated":true}]}}