{"id":4849,"date":"2025-01-27T11:13:17","date_gmt":"2025-01-27T11:13:17","guid":{"rendered":"https:\/\/washnet.es\/canal-etico\/"},"modified":"2025-03-12T09:23:43","modified_gmt":"2025-03-12T09:23:43","slug":"canal-etico","status":"publish","type":"page","link":"https:\/\/washnet.es\/pt-pt\/canal-etico\/","title":{"rendered":"Canal \u00e9tico"},"content":{"rendered":"\t\t<div data-elementor-type=\"wp-page\" data-elementor-id=\"4849\" class=\"elementor elementor-4849 elementor-809\" data-elementor-post-type=\"page\">\n\t\t\t\t<div class=\"elementor-element elementor-element-ed9851f e-flex e-con-boxed e-con e-parent\" data-id=\"ed9851f\" data-element_type=\"container\" data-e-type=\"container\" data-settings=\"{&quot;background_background&quot;:&quot;slideshow&quot;,&quot;background_slideshow_gallery&quot;:[{&quot;id&quot;:816,&quot;url&quot;:&quot;https:\\\/\\\/washnet.es\\\/wp-content\\\/uploads\\\/2025\\\/01\\\/galeria02.jpg&quot;}],&quot;background_slideshow_loop&quot;:&quot;yes&quot;,&quot;background_slideshow_slide_duration&quot;:5000,&quot;background_slideshow_slide_transition&quot;:&quot;fade&quot;,&quot;background_slideshow_transition_duration&quot;:500}\">\n\t\t\t\t\t<div class=\"e-con-inner\">\n\t\t<div class=\"elementor-element elementor-element-eab962e e-con-full e-flex e-con e-child\" data-id=\"eab962e\" data-element_type=\"container\" data-e-type=\"container\">\n\t\t\t\t<div class=\"elementor-element elementor-element-f26517e elementor-widget elementor-widget-heading\" data-id=\"f26517e\" data-element_type=\"widget\" data-e-type=\"widget\" data-widget_type=\"heading.default\">\n\t\t\t\t<div class=\"elementor-widget-container\">\n\t\t\t\t\t<h1 class=\"elementor-heading-title elementor-size-default\">Canal \u00e9tico<\/h1>\t\t\t\t<\/div>\n\t\t\t\t<\/div>\n\t\t\t\t<div class=\"elementor-element elementor-element-d070ced elementor-widget__width-initial elementor-widget-tablet__width-inherit elementor-widget elementor-widget-heading\" data-id=\"d070ced\" data-element_type=\"widget\" data-e-type=\"widget\" data-widget_type=\"heading.default\">\n\t\t\t\t<div class=\"elementor-widget-container\">\n\t\t\t\t\t<h2 class=\"elementor-heading-title elementor-size-default\">Realizar consultas ou enviar comunica\u00e7\u00f5es internas com informa\u00e7\u00f5es sobre poss\u00edveis il\u00edcitos, irregularidades e n\u00e3o conformidades quanto a a\u00e7\u00f5es ou omiss\u00f5es que possam configurar viola\u00e7\u00f5es.<\/h2>\t\t\t\t<\/div>\n\t\t\t\t<\/div>\n\t\t\t\t<\/div>\n\t\t\t\t\t<\/div>\n\t\t\t\t<\/div>\n\t\t<div class=\"elementor-element elementor-element-a72d500 e-flex e-con-boxed e-con e-parent\" data-id=\"a72d500\" data-element_type=\"container\" data-e-type=\"container\">\n\t\t\t\t\t<div class=\"e-con-inner\">\n\t\t\t\t<div class=\"elementor-element elementor-element-c0eaa31 elementor-widget elementor-widget-text-editor\" data-id=\"c0eaa31\" data-element_type=\"widget\" data-e-type=\"widget\" data-widget_type=\"text-editor.default\">\n\t\t\t\t<div class=\"elementor-widget-container\">\n\t\t\t\t\t\t\t\t\t<div class=\"et_pb_module et_pb_text et_pb_text_0 et_pb_text_align_left et_pb_bg_layout_light\"><div class=\"et_pb_text_inner\"><p>O <strong>Canal de \u00c9tica<\/strong> \u00e9 o canal de comunica\u00e7\u00e3o interna do <strong>Grupo Moure 24, S.L<\/strong>. e as suas subsidi\u00e1rias, <strong>Autonet Baleares, S.L., Petronet Espa\u00f1a, S.A.U. e Washnet Factory, S.L.,<\/strong> (doravante designado por &#8220;GRUPO MOURE&#8221;) para proceder a consultas ou enviar comunica\u00e7\u00f5es internas com informa\u00e7\u00e3o sobre eventuais il\u00edcitos, irregularidades e incumprimentos relativos a a\u00e7\u00f5es ou omiss\u00f5es que possam constituir infra\u00e7\u00f5es:<\/p><p>Da legisla\u00e7\u00e3o da Uni\u00e3o Europeia.<br \/>Infra\u00e7\u00f5es penais ou contraordenacionais graves ou muito graves.<br \/>Sobre a legisla\u00e7\u00e3o laboral referente \u00e0 seguran\u00e7a e sa\u00fade no trabalho.<br \/>Da regulamenta\u00e7\u00e3o aplic\u00e1vel ao GRUPO MOURE.<\/p><p>O Canal de \u00c9tica assenta, entre outros, nos princ\u00edpios da confidencialidade, da boa-f\u00e9 e da proibi\u00e7\u00e3o de retalia\u00e7\u00f5es, pelo que os direitos de quem nos contacta ser\u00e3o sempre respeitados.<\/p><p>As informa\u00e7\u00f5es fornecidas atrav\u00e9s deste canal devem ser precisas e estar relacionadas exclusivamente com uma a\u00e7\u00e3o ou omiss\u00e3o que possa constituir uma viola\u00e7\u00e3o legal ou uma infra\u00e7\u00e3o ao nosso C\u00f3digo Geral de Conduta.<\/p><p>O regulamento garante que n\u00e3o ser\u00e3o tomadas retalia\u00e7\u00f5es contra as pessoas que utilizem o Canal de \u00c9tica de forma adequada, respeitando sempre os direitos de quem comunica connosco. No entanto, tamb\u00e9m estabelece penaliza\u00e7\u00f5es para casos de utiliza\u00e7\u00e3o indevida, como a apresenta\u00e7\u00e3o de informa\u00e7\u00f5es falsas.<\/p><p>Atrav\u00e9s do Canal de \u00c9tica \u00e9 poss\u00edvel:<\/p><p>Fa\u00e7a comunica\u00e7\u00f5es escritas.<br \/>Fa\u00e7a comunica\u00e7\u00f5es atrav\u00e9s de grava\u00e7\u00f5es de voz.<br \/>Acompanhar as comunica\u00e7\u00f5es enviadas anteriormente (o Canal de \u00c9tica manter\u00e1 a comunica\u00e7\u00e3o com o denunciante utilizando um c\u00f3digo \u00fanico emitido pelo Canal ap\u00f3s o envio da comunica\u00e7\u00e3o).<\/p><p>O Canal de \u00c9tica n\u00e3o poder\u00e1 ser utilizado para qualquer outra finalidade, incluindo quest\u00f5es puramente laborais que n\u00e3o envolvam infra\u00e7\u00f5es legais (como conflitos interpessoais que n\u00e3o configurem ass\u00e9dio ou quest\u00f5es com condi\u00e7\u00f5es de trabalho), ou reclama\u00e7\u00f5es relacionadas com a gest\u00e3o di\u00e1ria dos servi\u00e7os prestados pelas empresas do Grupo (por exemplo, ocorr\u00eancias em posto de servi\u00e7o), que devem ser tratadas atrav\u00e9s dos canais estabelecidos para tais finalidades.<\/p><p>Pode obter mais informa\u00e7\u00f5es sobre a <a href=\"https:\/\/www.boe.es\/buscar\/act.php?id=BOE-A-2023-4513\">Lei 2\/2023, de 20 de fevereiro, que regula a prote\u00e7\u00e3o das pessoas que denunciam viola\u00e7\u00f5es regulamentares e o combate \u00e0 corrup\u00e7\u00e3o.<\/a><\/p><p>Pode consultar a <a href=\"https:\/\/grupomoure.com\/politica-de-privacidad\/\">pol\u00edtica de privacidade<\/a> neste <a href=\"https:\/\/grupomoure.com\/politica-de-privacidad\/\">link.<\/a><\/p><\/div><\/div>\t\t\t\t\t\t\t\t<\/div>\n\t\t\t\t<\/div>\n\t\t\t\t<div class=\"elementor-element elementor-element-f51c44a elementor-align-center elementor-widget elementor-widget-button\" data-id=\"f51c44a\" data-element_type=\"widget\" data-e-type=\"widget\" data-widget_type=\"button.default\">\n\t\t\t\t<div class=\"elementor-widget-container\">\n\t\t\t\t\t\t\t\t\t<div class=\"elementor-button-wrapper\">\n\t\t\t\t\t<a class=\"elementor-button elementor-button-link elementor-size-sm\" href=\"https:\/\/whistleblowersoftware.com\/secure\/canaleticogrupomoure\">\n\t\t\t\t\t\t<span class=\"elementor-button-content-wrapper\">\n\t\t\t\t\t\t<span class=\"elementor-button-icon\">\n\t\t\t\t<svg aria-hidden=\"true\" class=\"e-font-icon-svg e-fas-chevron-right\" viewBox=\"0 0 320 512\" xmlns=\"http:\/\/www.w3.org\/2000\/svg\"><path d=\"M285.476 272.971L91.132 467.314c-9.373 9.373-24.569 9.373-33.941 0l-22.667-22.667c-9.357-9.357-9.375-24.522-.04-33.901L188.505 256 34.484 101.255c-9.335-9.379-9.317-24.544.04-33.901l22.667-22.667c9.373-9.373 24.569-9.373 33.941 0L285.475 239.03c9.373 9.372 9.373 24.568.001 33.941z\"><\/path><\/svg>\t\t\t<\/span>\n\t\t\t\t\t\t\t\t\t<span class=\"elementor-button-text\">Acesso ao canal etic<\/span>\n\t\t\t\t\t<\/span>\n\t\t\t\t\t<\/a>\n\t\t\t\t<\/div>\n\t\t\t\t\t\t\t\t<\/div>\n\t\t\t\t<\/div>\n\t\t\t\t\t<\/div>\n\t\t\t\t<\/div>\n\t\t\t\t<\/div>\n\t\t","protected":false},"excerpt":{"rendered":"<p>Canal \u00e9tico Realizar consultas ou enviar comunica\u00e7\u00f5es internas com informa\u00e7\u00f5es sobre poss\u00edveis il\u00edcitos, irregularidades e n\u00e3o conformidades quanto a a\u00e7\u00f5es ou omiss\u00f5es que possam configurar viola\u00e7\u00f5es. O Canal de \u00c9tica \u00e9 o canal de comunica\u00e7\u00e3o interna do Grupo Moure 24, S.L. e as suas subsidi\u00e1rias, Autonet Baleares, S.L., Petronet Espa\u00f1a, S.A.U. e Washnet Factory, S.L., [&hellip;]<\/p>\n","protected":false},"author":1,"featured_media":0,"parent":0,"menu_order":0,"comment_status":"closed","ping_status":"closed","template":"elementor_header_footer","meta":{"footnotes":""},"class_list":["post-4849","page","type-page","status-publish","hentry"],"yoast_head":"<!-- This site is optimized with the Yoast SEO plugin v27.2 - https:\/\/yoast.com\/product\/yoast-seo-wordpress\/ -->\n<title>Canal \u00e9tico - Washnet<\/title>\n<meta name=\"robots\" content=\"noindex, nofollow\" \/>\n<meta property=\"og:locale\" content=\"pt_PT\" \/>\n<meta property=\"og:type\" content=\"article\" \/>\n<meta property=\"og:title\" content=\"Canal \u00e9tico - Washnet\" \/>\n<meta property=\"og:description\" content=\"Canal \u00e9tico Realizar consultas ou enviar comunica\u00e7\u00f5es internas com informa\u00e7\u00f5es sobre poss\u00edveis il\u00edcitos, irregularidades e n\u00e3o conformidades quanto a a\u00e7\u00f5es ou omiss\u00f5es que possam configurar viola\u00e7\u00f5es. O Canal de \u00c9tica \u00e9 o canal de comunica\u00e7\u00e3o interna do Grupo Moure 24, S.L. e as suas subsidi\u00e1rias, Autonet Baleares, S.L., Petronet Espa\u00f1a, S.A.U. e Washnet Factory, S.L., [&hellip;]\" \/>\n<meta property=\"og:url\" content=\"https:\/\/washnet.es\/pt-pt\/canal-etico\/\" \/>\n<meta property=\"og:site_name\" content=\"Washnet\" \/>\n<meta property=\"article:modified_time\" content=\"2025-03-12T09:23:43+00:00\" \/>\n<meta name=\"twitter:card\" content=\"summary_large_image\" \/>\n<meta name=\"twitter:label1\" content=\"Tempo estimado de leitura\" \/>\n\t<meta name=\"twitter:data1\" content=\"3 minutos\" \/>\n<script type=\"application\/ld+json\" class=\"yoast-schema-graph\">{\"@context\":\"https:\/\/schema.org\",\"@graph\":[{\"@type\":\"WebPage\",\"@id\":\"https:\/\/washnet.es\/pt-pt\/canal-etico\/\",\"url\":\"https:\/\/washnet.es\/pt-pt\/canal-etico\/\",\"name\":\"Canal \u00e9tico - Washnet\",\"isPartOf\":{\"@id\":\"https:\/\/washnet.es\/#website\"},\"datePublished\":\"2025-01-27T11:13:17+00:00\",\"dateModified\":\"2025-03-12T09:23:43+00:00\",\"breadcrumb\":{\"@id\":\"https:\/\/washnet.es\/pt-pt\/canal-etico\/#breadcrumb\"},\"inLanguage\":\"pt-PT\",\"potentialAction\":[{\"@type\":\"ReadAction\",\"target\":[\"https:\/\/washnet.es\/pt-pt\/canal-etico\/\"]}]},{\"@type\":\"BreadcrumbList\",\"@id\":\"https:\/\/washnet.es\/pt-pt\/canal-etico\/#breadcrumb\",\"itemListElement\":[{\"@type\":\"ListItem\",\"position\":1,\"name\":\"Portada\",\"item\":\"https:\/\/washnet.es\/pt-pt\/casa\/\"},{\"@type\":\"ListItem\",\"position\":2,\"name\":\"Canal \u00e9tico\"}]},{\"@type\":\"WebSite\",\"@id\":\"https:\/\/washnet.es\/#website\",\"url\":\"https:\/\/washnet.es\/\",\"name\":\"Washnet\",\"description\":\"\",\"publisher\":{\"@id\":\"https:\/\/washnet.es\/#organization\"},\"potentialAction\":[{\"@type\":\"SearchAction\",\"target\":{\"@type\":\"EntryPoint\",\"urlTemplate\":\"https:\/\/washnet.es\/?s={search_term_string}\"},\"query-input\":{\"@type\":\"PropertyValueSpecification\",\"valueRequired\":true,\"valueName\":\"search_term_string\"}}],\"inLanguage\":\"pt-PT\"},{\"@type\":\"Organization\",\"@id\":\"https:\/\/washnet.es\/#organization\",\"name\":\"Washnet\",\"url\":\"https:\/\/washnet.es\/\",\"logo\":{\"@type\":\"ImageObject\",\"inLanguage\":\"pt-PT\",\"@id\":\"https:\/\/washnet.es\/#\/schema\/logo\/image\/\",\"url\":\"https:\/\/washnet.es\/wp-content\/uploads\/2025\/01\/logo-washnet.png\",\"contentUrl\":\"https:\/\/washnet.es\/wp-content\/uploads\/2025\/01\/logo-washnet.png\",\"width\":2491,\"height\":564,\"caption\":\"Washnet\"},\"image\":{\"@id\":\"https:\/\/washnet.es\/#\/schema\/logo\/image\/\"}}]}<\/script>\n<!-- \/ Yoast SEO plugin. -->","yoast_head_json":{"title":"Canal \u00e9tico - Washnet","robots":{"index":"noindex","follow":"nofollow"},"og_locale":"pt_PT","og_type":"article","og_title":"Canal \u00e9tico - Washnet","og_description":"Canal \u00e9tico Realizar consultas ou enviar comunica\u00e7\u00f5es internas com informa\u00e7\u00f5es sobre poss\u00edveis il\u00edcitos, irregularidades e n\u00e3o conformidades quanto a a\u00e7\u00f5es ou omiss\u00f5es que possam configurar viola\u00e7\u00f5es. O Canal de \u00c9tica \u00e9 o canal de comunica\u00e7\u00e3o interna do Grupo Moure 24, S.L. e as suas subsidi\u00e1rias, Autonet Baleares, S.L., Petronet Espa\u00f1a, S.A.U. e Washnet Factory, S.L., [&hellip;]","og_url":"https:\/\/washnet.es\/pt-pt\/canal-etico\/","og_site_name":"Washnet","article_modified_time":"2025-03-12T09:23:43+00:00","twitter_card":"summary_large_image","twitter_misc":{"Tempo estimado de leitura":"3 minutos"},"schema":{"@context":"https:\/\/schema.org","@graph":[{"@type":"WebPage","@id":"https:\/\/washnet.es\/pt-pt\/canal-etico\/","url":"https:\/\/washnet.es\/pt-pt\/canal-etico\/","name":"Canal \u00e9tico - Washnet","isPartOf":{"@id":"https:\/\/washnet.es\/#website"},"datePublished":"2025-01-27T11:13:17+00:00","dateModified":"2025-03-12T09:23:43+00:00","breadcrumb":{"@id":"https:\/\/washnet.es\/pt-pt\/canal-etico\/#breadcrumb"},"inLanguage":"pt-PT","potentialAction":[{"@type":"ReadAction","target":["https:\/\/washnet.es\/pt-pt\/canal-etico\/"]}]},{"@type":"BreadcrumbList","@id":"https:\/\/washnet.es\/pt-pt\/canal-etico\/#breadcrumb","itemListElement":[{"@type":"ListItem","position":1,"name":"Portada","item":"https:\/\/washnet.es\/pt-pt\/casa\/"},{"@type":"ListItem","position":2,"name":"Canal \u00e9tico"}]},{"@type":"WebSite","@id":"https:\/\/washnet.es\/#website","url":"https:\/\/washnet.es\/","name":"Washnet","description":"","publisher":{"@id":"https:\/\/washnet.es\/#organization"},"potentialAction":[{"@type":"SearchAction","target":{"@type":"EntryPoint","urlTemplate":"https:\/\/washnet.es\/?s={search_term_string}"},"query-input":{"@type":"PropertyValueSpecification","valueRequired":true,"valueName":"search_term_string"}}],"inLanguage":"pt-PT"},{"@type":"Organization","@id":"https:\/\/washnet.es\/#organization","name":"Washnet","url":"https:\/\/washnet.es\/","logo":{"@type":"ImageObject","inLanguage":"pt-PT","@id":"https:\/\/washnet.es\/#\/schema\/logo\/image\/","url":"https:\/\/washnet.es\/wp-content\/uploads\/2025\/01\/logo-washnet.png","contentUrl":"https:\/\/washnet.es\/wp-content\/uploads\/2025\/01\/logo-washnet.png","width":2491,"height":564,"caption":"Washnet"},"image":{"@id":"https:\/\/washnet.es\/#\/schema\/logo\/image\/"}}]}},"_links":{"self":[{"href":"https:\/\/washnet.es\/pt-pt\/wp-json\/wp\/v2\/pages\/4849","targetHints":{"allow":["GET"]}}],"collection":[{"href":"https:\/\/washnet.es\/pt-pt\/wp-json\/wp\/v2\/pages"}],"about":[{"href":"https:\/\/washnet.es\/pt-pt\/wp-json\/wp\/v2\/types\/page"}],"author":[{"embeddable":true,"href":"https:\/\/washnet.es\/pt-pt\/wp-json\/wp\/v2\/users\/1"}],"replies":[{"embeddable":true,"href":"https:\/\/washnet.es\/pt-pt\/wp-json\/wp\/v2\/comments?post=4849"}],"version-history":[{"count":8,"href":"https:\/\/washnet.es\/pt-pt\/wp-json\/wp\/v2\/pages\/4849\/revisions"}],"predecessor-version":[{"id":4867,"href":"https:\/\/washnet.es\/pt-pt\/wp-json\/wp\/v2\/pages\/4849\/revisions\/4867"}],"wp:attachment":[{"href":"https:\/\/washnet.es\/pt-pt\/wp-json\/wp\/v2\/media?parent=4849"}],"curies":[{"name":"wp","href":"https:\/\/api.w.org\/{rel}","templated":true}]}}