{"id":4828,"date":"2025-01-22T10:45:39","date_gmt":"2025-01-22T10:45:39","guid":{"rendered":"https:\/\/washnet.es\/politica-de-privacidade\/"},"modified":"2025-03-12T09:10:09","modified_gmt":"2025-03-12T09:10:09","slug":"politica-de-privacidade","status":"publish","type":"page","link":"https:\/\/washnet.es\/pt-pt\/politica-de-privacidade\/","title":{"rendered":"Pol\u00edtica de Privacidade"},"content":{"rendered":"\t\t<div data-elementor-type=\"wp-page\" data-elementor-id=\"4828\" class=\"elementor elementor-4828 elementor-3\" data-elementor-post-type=\"page\">\n\t\t\t\t<div class=\"elementor-element elementor-element-578cfeee e-flex e-con-boxed e-con e-parent\" data-id=\"578cfeee\" data-element_type=\"container\" data-e-type=\"container\">\n\t\t\t\t\t<div class=\"e-con-inner\">\n\t\t\t\t<div class=\"elementor-element elementor-element-e947624 elementor-widget elementor-widget-text-editor\" data-id=\"e947624\" data-element_type=\"widget\" data-e-type=\"widget\" data-widget_type=\"text-editor.default\">\n\t\t\t\t<div class=\"elementor-widget-container\">\n\t\t\t\t\t\t\t\t\t<p><strong>Pol\u00edticas de Privacidade<\/strong><br \/><br \/><strong>Preocupamo-nos com a sua privacidade<\/strong><\/p><p>O acesso e utiliza\u00e7\u00e3o do s\u00edtio web https:\/\/washnet.es\/ (doravante, \u201cS\u00edtio Web\u201d) atribui ao visitante a condi\u00e7\u00e3o de utilizador e implica a aceita\u00e7\u00e3o plena e sem reservas por parte do utilizador das condi\u00e7\u00f5es de utiliza\u00e7\u00e3o em vigor em cada momento.<\/p><p>F\u00c1BRICA WASHNET, S.L.(doravante coletiva e indistintamente designadas por &#8220;WASHNET FACTORY&#8221;, &#8220;n\u00f3s&#8221;, &#8220;nosso&#8221; ou &#8220;nos&#8221;) considera a privacidade dos indiv\u00edduos fundamental, tanto os visitantes do Site como quaisquer outras partes afetadas que nos forne\u00e7am informa\u00e7\u00f5es como parte da presta\u00e7\u00e3o de servi\u00e7os (doravante e conjuntamente, &#8220;voc\u00ea&#8221; ou o &#8220;utilizador&#8221; e no plural, &#8220;voc\u00ea&#8221; ou os &#8220;utilizadores&#8221;).<\/p><p>Neste sentido, a WASHNET FACTORY compromete-se a tratar os seus dados de acordo com a regulamenta\u00e7\u00e3o aplic\u00e1vel em mat\u00e9ria de prote\u00e7\u00e3o de dados pessoais em vigor em cada momento. Especificamente, a WASHNET FACTORY cumprir\u00e1 com as premissas estabelecidas na Lei Org\u00e2nica 3\/2018, de 5 de dezembro, de Prote\u00e7\u00e3o de Dados Pessoais e garantia dos direitos digitais (&#8220;LOPDGDD&#8221;), bem como as do Regulamento (UE) 2016\/679, de 27 de abril de 2016, do Parlamento Europeu e do Conselho relativo \u00e0 prote\u00e7\u00e3o das pessoas singulares no que diz respeito ao tratamento de dados pessoais e \u00e0 livre circula\u00e7\u00e3o destes dados e que revoga a Diretiva \/CE (&#8220;RGPD&#8221;) e qualquer outra regulamenta\u00e7\u00e3o conexa aplic\u00e1vel em vigor em cada momento.<\/p><p>Com base nisso, a WASHNET FACTORY. informa os utilizadores sobre a sua Pol\u00edtica de Privacidade, com o objetivo de os informar sobre o tratamento dos seus dados, bem como os princ\u00edpios fundamentais relativos \u00e0 prote\u00e7\u00e3o dos dados pessoais que aplica. Para tal, consulte as sec\u00e7\u00f5es abaixo:<\/p><p>Ao utilizar o nosso website, reconhece que leu e concorda com esta Pol\u00edtica de Privacidade e com o nosso Aviso Legal.<\/p><p><strong>1. &#8211; Quem \u00e9 o respons\u00e1vel pelo tratamento dos seus dados?<\/strong><\/p><p>Identidade do Respons\u00e1vel pelo Tratamento: WASHNET FACTORY, S.L.<\/p><p>NIF: B-67581017<\/p><p>Endere\u00e7o postal: Calle Escultor Llimona, 9, 08328 em Alella (Barcelona)<\/p><p>Telefone: +34 935 403 781<\/p><p>E-mail: info@washnet.es<\/p><p><strong>2.- Quais as principais finalidades do tratamento dos seus dados?<\/strong><\/p><p>Os dados pessoais fornecidos e recolhidos, seja atrav\u00e9s dos formul\u00e1rios dispon\u00edveis na Web, e-mails e\/ou chamadas, ser\u00e3o utilizados para as seguintes finalidades: (a) responder, atender e gerir as consultas, quest\u00f5es e\/ou solicita\u00e7\u00f5es realizadas pelos diversos utilizadores; (b) prestar os nossos servi\u00e7os de acordo com o Aviso Legal; (c) garantir o correto funcionamento t\u00e9cnico do Site; e (d) utiliz\u00e1-los para qualquer outra finalidade exigida ou permitida pela lei aplic\u00e1vel ou para a qual tenha dado o seu consentimento.<\/p><p><strong>3. &#8211; Qual a legitimidade para o tratamento dos seus dados?<\/strong><\/p><p>As bases legais para o tratamento dos seus dados pessoais s\u00e3o: (a) quando tal seja necess\u00e1rio para a satisfa\u00e7\u00e3o de interesses leg\u00edtimos prosseguidos pela WASHNET FACTORY; (b) quando tiver dado o seu consentimento; e (c) quando necess\u00e1rio para cumprir com as obriga\u00e7\u00f5es legais e regulamentares da WASHNET FACTORY.<\/p><p><strong>4. &#8211; Durante quanto tempo conservaremos os seus dados?<\/strong><\/p><p>Os dados obtidos ser\u00e3o conservados enquanto se mantiver a sua rela\u00e7\u00e3o connosco e, mesmo ap\u00f3s o seu termo, pelo per\u00edodo necess\u00e1rio \u00e0 formula\u00e7\u00e3o, exerc\u00edcio ou defesa de reclama\u00e7\u00f5es e obriga\u00e7\u00f5es legais e contratuais, sendo sempre devidamente bloqueados.<\/p><p><strong>5. &#8211; Quem podem ser os destinat\u00e1rios da comunica\u00e7\u00e3o de dados?<\/strong><\/p><p>Dependendo das finalidades para as quais as informa\u00e7\u00f5es pessoais s\u00e3o recolhidas, as seguintes pessoas podem ter acesso a tais informa\u00e7\u00f5es, sem distin\u00e7\u00e3o:<\/p><p>Pessoal autorizado da WASHNET FACTORY ou dos seus representantes que atuem em nome da WASHNET FACTORY, sujeito \u00e0s leis de prote\u00e7\u00e3o de dados aplic\u00e1veis;<br \/>Autoridades reguladoras ou outros terceiros de acordo com as leis aplic\u00e1veis;<br \/>Terceiros (prestadores de servi\u00e7os que processam informa\u00e7\u00e3o como processadores de dados, sob as instru\u00e7\u00f5es da WASHNET FACTORY). Tudo isto s\u00f3 ser\u00e1 feito ap\u00f3s tomarmos as medidas necess\u00e1rias para garantir que podemos partilhar tais informa\u00e7\u00f5es e termos celebrado o correspondente contrato de tratamento de dados, de acordo com as normas de prote\u00e7\u00e3o de dados aplic\u00e1veis.<\/p><p>Tratamos os seus dados dentro do Espa\u00e7o Econ\u00f3mico Europeu e, geralmente, contratamos prestadores de servi\u00e7os localizados dentro do Espa\u00e7o Econ\u00f3mico Europeu ou em pa\u00edses que foram declarados como tendo um n\u00edvel de prote\u00e7\u00e3o adequado.<\/p><p>Se necessitarmos de utilizar prestadores de servi\u00e7os que processem os seus dados fora do Espa\u00e7o Econ\u00f3mico Europeu ou em pa\u00edses que n\u00e3o foram declarados como tendo um n\u00edvel de prote\u00e7\u00e3o adequado, asseguraremos a seguran\u00e7a e a legitimidade do tratamento dos seus dados.<\/p><p>Para este efeito, exigimos que estes prestadores de servi\u00e7os forne\u00e7am salvaguardas adequadas de acordo com o RGPD. Estas salvaguardas, por exemplo, incluem regras corporativas vinculativas que garantem a prote\u00e7\u00e3o de informa\u00e7\u00f5es semelhantes \u00e0s estabelecidas pelas normas europeias ou que subscrevam as cl\u00e1usulas-tipo da Uni\u00e3o Europeia.<\/p><p>N\u00e3o venderemos ou divulgaremos a terceiros qualquer informa\u00e7\u00e3o ou dado pessoal que tenha fornecido no nosso website que o possa identificar direta ou indiretamente.<\/p><p><strong>6. &#8211; Quais s\u00e3o os seus direitos quando nos fornece os seus dados?<\/strong><\/p><p>Direito de solicitar o acesso aos dados pessoais: Pode perguntar \u00e0 WASHNET FACTORY se est\u00e1 a tratar os seus dados e, em caso afirmativo, aceder aos mesmos.<br \/>O direito de solicitar a retifica\u00e7\u00e3o se os dados estiverem imprecisos ou de completar quaisquer dados incompletos que possu\u00edmos.<br \/>Direito de solicitar a elimina\u00e7\u00e3o dos seus dados.<br \/>Direito de solicitar a restri\u00e7\u00e3o do tratamento: neste caso, apenas conservaremos os seus dados para o exerc\u00edcio ou defesa de reivindica\u00e7\u00f5es legais.<br \/>Direito de se opor ao tratamento: A WASHNET FACTORY interromper\u00e1 o tratamento dos seus dados pessoais, exceto quando estes necessitem de continuar a ser tratados por motivos leg\u00edtimos ou para exercer ou defender-se contra poss\u00edveis reclama\u00e7\u00f5es.<br \/>Direito \u00e0 portabilidade dos dados: Se o utilizador pretender que os seus dados sejam processados \u200b\u200bpor outro respons\u00e1vel pelo tratamento de dados, a WASHNET FACTORY facilitar\u00e1 a transfer\u00eancia dos seus dados para o novo respons\u00e1vel pelo tratamento.<br \/>Direito a n\u00e3o ficar sujeito a uma decis\u00e3o baseada exclusivamente no tratamento automatizado dos seus dados pessoais.<\/p><p>Se tiver dado o seu consentimento para uma finalidade espec\u00edfica, pode retir\u00e1-lo a qualquer momento, sem afetar a legalidade do tratamento com base no consentimento anterior \u00e0 sua retirada.<\/p><p>Para exercer os seus direitos, por favor notifique-nos por escrito para WASHNET FACTORY, S.L. Calle Escultor Llimona, 9, 08328 Alella (Barcelona) ou envie-nos um e-mail para: info@washnet.es. Caso haja alguma d\u00favida sobre a sua identidade, poder\u00e1 ser necess\u00e1rio fornecer uma fotoc\u00f3pia do seu documento de identifica\u00e7\u00e3o. ou documento equivalente que comprove a identidade e seja considerado v\u00e1lido perante a lei. Para tal, poder\u00e1 utilizar os modelos e formul\u00e1rios sobre os diferentes direitos disponibilizados pela Ag\u00eancia Espanhola de Prote\u00e7\u00e3o de Dados no seu site oficial (https:\/\/www.aepd.es\/reglamento\/derechos\/index.html).<\/p><p>Informamos sobre o seu direito de apresentar uma reclama\u00e7\u00e3o \u00e0 Autoridade de Controlo, especificamente \u00e0 Ag\u00eancia Espanhola de Prote\u00e7\u00e3o de Dados (https:\/\/sedeagpd.gob.es\/sede-electronica-web\/vistas\/formNuevaReclamacion\/reclamacion.jsf), e a outros organismos p\u00fablicos competentes para qualquer reclama\u00e7\u00e3o decorrente dos seus dados pessoais.<\/p><p><strong>7. &#8211; Como protegemos os seus dados pessoais?<\/strong><\/p><p>Para garantir a seguran\u00e7a da informa\u00e7\u00e3o, a WASHNET FACTORY implementa diversas medidas t\u00e9cnicas e organizacionais para garantir o n\u00edvel de seguran\u00e7a adequado de acordo com os regulamentos aplic\u00e1veis. Em qualquer caso, a WASHNET FACTORY tomar\u00e1 as medidas t\u00e9cnicas e organizacionais adequadas, tanto na concep\u00e7\u00e3o do sistema de tratamento de dados como no momento do pr\u00f3prio tratamento, para preservar a seguran\u00e7a e impedir o tratamento n\u00e3o autorizado. No entanto, apesar da implementa\u00e7\u00e3o diligente de tais medidas, os utilizadores devem estar cientes de que as medidas de seguran\u00e7a da Internet n\u00e3o s\u00e3o inexpugn\u00e1veis. A WASHNET FACTORY n\u00e3o se responsabiliza pelas a\u00e7\u00f5es de terceiros que, em viola\u00e7\u00e3o das presentes medidas, acedam aos dados e informa\u00e7\u00f5es acima referidos.<\/p><p><strong>8. &#8211; Confidencialidade<\/strong><\/p><p>Os profissionais que trabalham na WASHNET FACTORY e que tenham qualquer envolvimento nos servi\u00e7os prestados aos utilizadores comprometem-se a n\u00e3o divulgar ou utilizar qualquer informa\u00e7\u00e3o a que tenham acedido.As informa\u00e7\u00f5es fornecidas pelo utilizador ser\u00e3o, em todos os casos, consideradas confidenciais e n\u00e3o poder\u00e3o ser utilizadas para qualquer outro fim que n\u00e3o os relacionados com a gest\u00e3o dos seus pedidos e dos servi\u00e7os contratados com a WASHNET FACTORY, quando aplic\u00e1vel. Neste sentido, comprometemo-nos a n\u00e3o divulgar ou revelar informa\u00e7\u00f5es sobre as necessidades do utilizador, os motivos do aconselhamento solicitado ou a dura\u00e7\u00e3o da nossa rela\u00e7\u00e3o com o mesmo.<\/p><p><strong>9. &#8211; Liga\u00e7\u00f5es<\/strong><\/p><p>O site pode conter links para outros sites. Note que n\u00e3o somos respons\u00e1veis \u200b\u200bpela privacidade e processamento de dados de outros sites (exceto aqueles que tamb\u00e9m pertencem \u00e0 WASHNET FACTORY). Esta Pol\u00edtica de Privacidade aplica-se exclusivamente \u00e0s informa\u00e7\u00f5es recolhidas no Site. Recomendamos que leia as pol\u00edticas de privacidade e de processamento de dados de outros sites aos quais acede atrav\u00e9s de links no nosso site ou que visita de qualquer outra forma.<\/p><p><strong>10. &#8211; Redes sociais<\/strong><\/p><p>A WASHNET FACTORY est\u00e1 presente em algumas das principais redes sociais da Internet e atua como respons\u00e1vel pelo tratamento dos dados publicados pela WASHNET FACTORY.<\/p><p>A WASHNET FACTORY tratar\u00e1 os dados de cada rede social de acordo com as regras estabelecidas para o efeito por cada rede social. Assim, e salvo indica\u00e7\u00e3o em contr\u00e1rio da WASHNET FACTORY, poderemos informar os nossos seguidores na rede social correspondente sobre as nossas atividades, eventos e outros temas relacionados, incluindo o apoio aos seguidores, atrav\u00e9s dos canais disponibilizados pela rede social para este fim.<\/p><p>A WASHNET FACTORY n\u00e3o extrair\u00e1 dados pessoais das redes sociais, a menos que o utilizador nos d\u00ea o seu consentimento expresso.<\/p><p><strong>11. &#8211; Pol\u00edtica das crian\u00e7as<\/strong><\/p><p>Este site n\u00e3o est\u00e1 concebido ou dirigido a menores de dezoito (18) anos, sem autoriza\u00e7\u00e3o dos pais ou respons\u00e1vel legal. Neste sentido, n\u00e3o recolhemos deliberadamente informa\u00e7\u00f5es de tais indiv\u00edduos. Em qualquer caso, se os pais ou tutores legais acreditarem que os seus filhos nos forneceram dados pessoais sem o seu consentimento, por favor contactem-nos escrevendo para info@washnet.es.<\/p><p><strong>12. &#8211; Modifica\u00e7\u00f5es e integridade da nossa Pol\u00edtica de Privacidade<\/strong><\/p><p>Utilizaremos os seus dados pessoais apenas de acordo com a Pol\u00edtica de Privacidade em vigor no momento em que recolhemos os seus dados pessoais. A WASHNET FACTORY reserva-se o direito de modificar esta Pol\u00edtica de Privacidade a qualquer momento, publicando tais modifica\u00e7\u00f5es no Website. Assim, recomendamos que reveja a Pol\u00edtica de Privacidade sempre que aceder ao Website. Se em algum momento decidirmos utilizar os dados pessoais de uma forma diferente da declarada no momento em que foram recolhidos, iremos notific\u00e1-lo por e-mail, desde que o tenhamos. Nesse momento, ter\u00e1 a op\u00e7\u00e3o de cancelar outras utiliza\u00e7\u00f5es ou divulga\u00e7\u00f5es das informa\u00e7\u00f5es pessoais que nos forneceu antes da altera\u00e7\u00e3o da nossa Pol\u00edtica de Privacidade. Caso qualquer cl\u00e1usula desta Pol\u00edtica de Privacidade seja considerada nula ou inv\u00e1lida, os restantes termos e condi\u00e7\u00f5es permanecer\u00e3o inalterados e em pleno vigor e efeito, de acordo com os regulamentos aplic\u00e1veis \u200b\u200bem todos os momentos.<\/p><p><strong>\u00daltima atualiza\u00e7\u00e3o: outubro de 2021.<\/strong><\/p>\t\t\t\t\t\t\t\t<\/div>\n\t\t\t\t<\/div>\n\t\t\t\t\t<\/div>\n\t\t\t\t<\/div>\n\t\t\t\t<\/div>\n\t\t","protected":false},"excerpt":{"rendered":"<p>Pol\u00edticas de Privacidade Preocupamo-nos com a sua privacidade O acesso e utiliza\u00e7\u00e3o do s\u00edtio web https:\/\/washnet.es\/ (doravante, \u201cS\u00edtio Web\u201d) atribui ao visitante a condi\u00e7\u00e3o de utilizador e implica a aceita\u00e7\u00e3o plena e sem reservas por parte do utilizador das condi\u00e7\u00f5es de utiliza\u00e7\u00e3o em vigor em cada momento. F\u00c1BRICA WASHNET, S.L.(doravante coletiva e indistintamente designadas por [&hellip;]<\/p>\n","protected":false},"author":1,"featured_media":0,"parent":0,"menu_order":0,"comment_status":"closed","ping_status":"closed","template":"elementor_header_footer","meta":{"footnotes":""},"class_list":["post-4828","page","type-page","status-publish","hentry"],"yoast_head":"<!-- This site is optimized with the Yoast SEO plugin v27.2 - https:\/\/yoast.com\/product\/yoast-seo-wordpress\/ -->\n<title>Pol\u00edtica de Privacidade - Washnet<\/title>\n<meta name=\"robots\" content=\"noindex, nofollow\" \/>\n<meta property=\"og:locale\" content=\"pt_PT\" \/>\n<meta property=\"og:type\" content=\"article\" \/>\n<meta property=\"og:title\" content=\"Pol\u00edtica de Privacidade - Washnet\" \/>\n<meta property=\"og:description\" content=\"Pol\u00edticas de Privacidade Preocupamo-nos com a sua privacidade O acesso e utiliza\u00e7\u00e3o do s\u00edtio web https:\/\/washnet.es\/ (doravante, \u201cS\u00edtio Web\u201d) atribui ao visitante a condi\u00e7\u00e3o de utilizador e implica a aceita\u00e7\u00e3o plena e sem reservas por parte do utilizador das condi\u00e7\u00f5es de utiliza\u00e7\u00e3o em vigor em cada momento. F\u00c1BRICA WASHNET, S.L.(doravante coletiva e indistintamente designadas por [&hellip;]\" \/>\n<meta property=\"og:url\" content=\"https:\/\/washnet.es\/pt-pt\/politica-de-privacidade\/\" \/>\n<meta property=\"og:site_name\" content=\"Washnet\" \/>\n<meta property=\"article:modified_time\" content=\"2025-03-12T09:10:09+00:00\" \/>\n<meta name=\"twitter:card\" content=\"summary_large_image\" \/>\n<meta name=\"twitter:label1\" content=\"Tempo estimado de leitura\" \/>\n\t<meta name=\"twitter:data1\" content=\"10 minutos\" \/>\n<script type=\"application\/ld+json\" class=\"yoast-schema-graph\">{\"@context\":\"https:\/\/schema.org\",\"@graph\":[{\"@type\":\"WebPage\",\"@id\":\"https:\/\/washnet.es\/pt-pt\/politica-de-privacidade\/\",\"url\":\"https:\/\/washnet.es\/pt-pt\/politica-de-privacidade\/\",\"name\":\"Pol\u00edtica de Privacidade - Washnet\",\"isPartOf\":{\"@id\":\"https:\/\/washnet.es\/#website\"},\"datePublished\":\"2025-01-22T10:45:39+00:00\",\"dateModified\":\"2025-03-12T09:10:09+00:00\",\"breadcrumb\":{\"@id\":\"https:\/\/washnet.es\/pt-pt\/politica-de-privacidade\/#breadcrumb\"},\"inLanguage\":\"pt-PT\",\"potentialAction\":[{\"@type\":\"ReadAction\",\"target\":[\"https:\/\/washnet.es\/pt-pt\/politica-de-privacidade\/\"]}]},{\"@type\":\"BreadcrumbList\",\"@id\":\"https:\/\/washnet.es\/pt-pt\/politica-de-privacidade\/#breadcrumb\",\"itemListElement\":[{\"@type\":\"ListItem\",\"position\":1,\"name\":\"Portada\",\"item\":\"https:\/\/washnet.es\/pt-pt\/casa\/\"},{\"@type\":\"ListItem\",\"position\":2,\"name\":\"Pol\u00edtica de Privacidade\"}]},{\"@type\":\"WebSite\",\"@id\":\"https:\/\/washnet.es\/#website\",\"url\":\"https:\/\/washnet.es\/\",\"name\":\"Washnet\",\"description\":\"\",\"publisher\":{\"@id\":\"https:\/\/washnet.es\/#organization\"},\"potentialAction\":[{\"@type\":\"SearchAction\",\"target\":{\"@type\":\"EntryPoint\",\"urlTemplate\":\"https:\/\/washnet.es\/?s={search_term_string}\"},\"query-input\":{\"@type\":\"PropertyValueSpecification\",\"valueRequired\":true,\"valueName\":\"search_term_string\"}}],\"inLanguage\":\"pt-PT\"},{\"@type\":\"Organization\",\"@id\":\"https:\/\/washnet.es\/#organization\",\"name\":\"Washnet\",\"url\":\"https:\/\/washnet.es\/\",\"logo\":{\"@type\":\"ImageObject\",\"inLanguage\":\"pt-PT\",\"@id\":\"https:\/\/washnet.es\/#\/schema\/logo\/image\/\",\"url\":\"https:\/\/washnet.es\/wp-content\/uploads\/2025\/01\/logo-washnet.png\",\"contentUrl\":\"https:\/\/washnet.es\/wp-content\/uploads\/2025\/01\/logo-washnet.png\",\"width\":2491,\"height\":564,\"caption\":\"Washnet\"},\"image\":{\"@id\":\"https:\/\/washnet.es\/#\/schema\/logo\/image\/\"}}]}<\/script>\n<!-- \/ Yoast SEO plugin. -->","yoast_head_json":{"title":"Pol\u00edtica de Privacidade - Washnet","robots":{"index":"noindex","follow":"nofollow"},"og_locale":"pt_PT","og_type":"article","og_title":"Pol\u00edtica de Privacidade - Washnet","og_description":"Pol\u00edticas de Privacidade Preocupamo-nos com a sua privacidade O acesso e utiliza\u00e7\u00e3o do s\u00edtio web https:\/\/washnet.es\/ (doravante, \u201cS\u00edtio Web\u201d) atribui ao visitante a condi\u00e7\u00e3o de utilizador e implica a aceita\u00e7\u00e3o plena e sem reservas por parte do utilizador das condi\u00e7\u00f5es de utiliza\u00e7\u00e3o em vigor em cada momento. F\u00c1BRICA WASHNET, S.L.(doravante coletiva e indistintamente designadas por [&hellip;]","og_url":"https:\/\/washnet.es\/pt-pt\/politica-de-privacidade\/","og_site_name":"Washnet","article_modified_time":"2025-03-12T09:10:09+00:00","twitter_card":"summary_large_image","twitter_misc":{"Tempo estimado de leitura":"10 minutos"},"schema":{"@context":"https:\/\/schema.org","@graph":[{"@type":"WebPage","@id":"https:\/\/washnet.es\/pt-pt\/politica-de-privacidade\/","url":"https:\/\/washnet.es\/pt-pt\/politica-de-privacidade\/","name":"Pol\u00edtica de Privacidade - Washnet","isPartOf":{"@id":"https:\/\/washnet.es\/#website"},"datePublished":"2025-01-22T10:45:39+00:00","dateModified":"2025-03-12T09:10:09+00:00","breadcrumb":{"@id":"https:\/\/washnet.es\/pt-pt\/politica-de-privacidade\/#breadcrumb"},"inLanguage":"pt-PT","potentialAction":[{"@type":"ReadAction","target":["https:\/\/washnet.es\/pt-pt\/politica-de-privacidade\/"]}]},{"@type":"BreadcrumbList","@id":"https:\/\/washnet.es\/pt-pt\/politica-de-privacidade\/#breadcrumb","itemListElement":[{"@type":"ListItem","position":1,"name":"Portada","item":"https:\/\/washnet.es\/pt-pt\/casa\/"},{"@type":"ListItem","position":2,"name":"Pol\u00edtica de Privacidade"}]},{"@type":"WebSite","@id":"https:\/\/washnet.es\/#website","url":"https:\/\/washnet.es\/","name":"Washnet","description":"","publisher":{"@id":"https:\/\/washnet.es\/#organization"},"potentialAction":[{"@type":"SearchAction","target":{"@type":"EntryPoint","urlTemplate":"https:\/\/washnet.es\/?s={search_term_string}"},"query-input":{"@type":"PropertyValueSpecification","valueRequired":true,"valueName":"search_term_string"}}],"inLanguage":"pt-PT"},{"@type":"Organization","@id":"https:\/\/washnet.es\/#organization","name":"Washnet","url":"https:\/\/washnet.es\/","logo":{"@type":"ImageObject","inLanguage":"pt-PT","@id":"https:\/\/washnet.es\/#\/schema\/logo\/image\/","url":"https:\/\/washnet.es\/wp-content\/uploads\/2025\/01\/logo-washnet.png","contentUrl":"https:\/\/washnet.es\/wp-content\/uploads\/2025\/01\/logo-washnet.png","width":2491,"height":564,"caption":"Washnet"},"image":{"@id":"https:\/\/washnet.es\/#\/schema\/logo\/image\/"}}]}},"_links":{"self":[{"href":"https:\/\/washnet.es\/pt-pt\/wp-json\/wp\/v2\/pages\/4828","targetHints":{"allow":["GET"]}}],"collection":[{"href":"https:\/\/washnet.es\/pt-pt\/wp-json\/wp\/v2\/pages"}],"about":[{"href":"https:\/\/washnet.es\/pt-pt\/wp-json\/wp\/v2\/types\/page"}],"author":[{"embeddable":true,"href":"https:\/\/washnet.es\/pt-pt\/wp-json\/wp\/v2\/users\/1"}],"replies":[{"embeddable":true,"href":"https:\/\/washnet.es\/pt-pt\/wp-json\/wp\/v2\/comments?post=4828"}],"version-history":[{"count":11,"href":"https:\/\/washnet.es\/pt-pt\/wp-json\/wp\/v2\/pages\/4828\/revisions"}],"predecessor-version":[{"id":4840,"href":"https:\/\/washnet.es\/pt-pt\/wp-json\/wp\/v2\/pages\/4828\/revisions\/4840"}],"wp:attachment":[{"href":"https:\/\/washnet.es\/pt-pt\/wp-json\/wp\/v2\/media?parent=4828"}],"curies":[{"name":"wp","href":"https:\/\/api.w.org\/{rel}","templated":true}]}}