{"id":4588,"date":"2025-02-13T12:36:44","date_gmt":"2025-02-13T11:36:44","guid":{"rendered":"https:\/\/washnet.es\/transferencias\/"},"modified":"2026-03-19T12:00:36","modified_gmt":"2026-03-19T11:00:36","slug":"transferencias","status":"publish","type":"page","link":"https:\/\/washnet.es\/pt-pt\/transferencias\/","title":{"rendered":"Transfer\u00eancias"},"content":{"rendered":"\t\t<div data-elementor-type=\"wp-page\" data-elementor-id=\"4588\" class=\"elementor elementor-4588 elementor-2752\" data-elementor-post-type=\"page\">\n\t\t\t\t<div class=\"elementor-element elementor-element-3c3389a e-flex e-con-boxed e-con e-parent\" data-id=\"3c3389a\" data-element_type=\"container\" data-e-type=\"container\">\n\t\t\t\t\t<div class=\"e-con-inner\">\n\t\t<div class=\"elementor-element elementor-element-95e3e47 e-con-full e-flex e-con e-child\" data-id=\"95e3e47\" data-element_type=\"container\" data-e-type=\"container\">\n\t\t\t\t<div class=\"elementor-element elementor-element-6fe0dc2 elementor-widget elementor-widget-breadcrumbs\" data-id=\"6fe0dc2\" data-element_type=\"widget\" data-e-type=\"widget\" data-widget_type=\"breadcrumbs.default\">\n\t\t\t\t<div class=\"elementor-widget-container\">\n\t\t\t\t\t<p id=\"breadcrumbs\"><span><span><a href=\"https:\/\/washnet.es\/pt-pt\/casa\/\">Portada<\/a><\/span><\/span><\/p>\t\t\t\t<\/div>\n\t\t\t\t<\/div>\n\t\t\t\t<\/div>\n\t\t\t\t\t<\/div>\n\t\t\t\t<\/div>\n\t\t<div class=\"elementor-element elementor-element-5f39189 e-flex e-con-boxed e-con e-parent\" data-id=\"5f39189\" data-element_type=\"container\" data-e-type=\"container\">\n\t\t\t\t\t<div class=\"e-con-inner\">\n\t\t<div class=\"elementor-element elementor-element-fa5f432 e-con-full e-flex e-con e-child\" data-id=\"fa5f432\" data-element_type=\"container\" data-e-type=\"container\">\n\t\t\t\t<div class=\"elementor-element elementor-element-f5ebdc5 elementor-widget elementor-widget-heading\" data-id=\"f5ebdc5\" data-element_type=\"widget\" data-e-type=\"widget\" data-widget_type=\"heading.default\">\n\t\t\t\t<div class=\"elementor-widget-container\">\n\t\t\t\t\t<h2 class=\"elementor-heading-title elementor-size-default\">Cat\u00e1logos<\/h2>\t\t\t\t<\/div>\n\t\t\t\t<\/div>\n\t\t\t\t<div class=\"elementor-element elementor-element-7449c30 elementor-widget elementor-widget-image\" data-id=\"7449c30\" data-element_type=\"widget\" data-e-type=\"widget\" data-widget_type=\"image.default\">\n\t\t\t\t<div class=\"elementor-widget-container\">\n\t\t\t\t\t\t\t\t\t\t\t\t\t\t\t<img fetchpriority=\"high\" decoding=\"async\" width=\"721\" height=\"1024\" src=\"https:\/\/washnet.es\/wp-content\/uploads\/2025\/04\/Captura-de-Pantalla-2025-04-16-a-las-15.12.33-721x1024.png\" class=\"attachment-large size-large wp-image-5128\" alt=\"\" srcset=\"https:\/\/washnet.es\/wp-content\/uploads\/2025\/04\/Captura-de-Pantalla-2025-04-16-a-las-15.12.33-721x1024.png 721w, https:\/\/washnet.es\/wp-content\/uploads\/2025\/04\/Captura-de-Pantalla-2025-04-16-a-las-15.12.33-211x300.png 211w, https:\/\/washnet.es\/wp-content\/uploads\/2025\/04\/Captura-de-Pantalla-2025-04-16-a-las-15.12.33-768x1091.png 768w, https:\/\/washnet.es\/wp-content\/uploads\/2025\/04\/Captura-de-Pantalla-2025-04-16-a-las-15.12.33.png 884w\" sizes=\"(max-width: 721px) 100vw, 721px\" \/>\t\t\t\t\t\t\t\t\t\t\t\t\t\t\t<\/div>\n\t\t\t\t<\/div>\n\t\t\t\t<div class=\"elementor-element elementor-element-ec0f89e elementor-align-center elementor-widget elementor-widget-button\" data-id=\"ec0f89e\" data-element_type=\"widget\" data-e-type=\"widget\" data-widget_type=\"button.default\">\n\t\t\t\t<div class=\"elementor-widget-container\">\n\t\t\t\t\t\t\t\t\t<div class=\"elementor-button-wrapper\">\n\t\t\t\t\t<a class=\"elementor-button elementor-button-link elementor-size-sm\" href=\"#elementor-action%3Aaction%3Dpopup%3Aopen%26settings%3DeyJpZCI6NTE0OCwidG9nZ2xlIjpmYWxzZX0%3D\">\n\t\t\t\t\t\t<span class=\"elementor-button-content-wrapper\">\n\t\t\t\t\t\t\t\t\t<span class=\"elementor-button-text\">Descarga<\/span>\n\t\t\t\t\t<\/span>\n\t\t\t\t\t<\/a>\n\t\t\t\t<\/div>\n\t\t\t\t\t\t\t\t<\/div>\n\t\t\t\t<\/div>\n\t\t\t\t<\/div>\n\t\t<div class=\"elementor-element elementor-element-154d2f4 e-con-full elementor-hidden-desktop elementor-hidden-tablet elementor-hidden-mobile e-flex e-con e-child\" data-id=\"154d2f4\" data-element_type=\"container\" data-e-type=\"container\">\n\t\t\t\t<div class=\"elementor-element elementor-element-8808d19 elementor-widget elementor-widget-heading\" data-id=\"8808d19\" data-element_type=\"widget\" data-e-type=\"widget\" data-widget_type=\"heading.default\">\n\t\t\t\t<div class=\"elementor-widget-container\">\n\t\t\t\t\t<h2 class=\"elementor-heading-title elementor-size-default\">Cat\u00e1logo Petronet <\/h2>\t\t\t\t<\/div>\n\t\t\t\t<\/div>\n\t\t\t\t<div class=\"elementor-element elementor-element-2ab6f75 elementor-widget elementor-widget-image\" data-id=\"2ab6f75\" data-element_type=\"widget\" data-e-type=\"widget\" data-widget_type=\"image.default\">\n\t\t\t\t<div class=\"elementor-widget-container\">\n\t\t\t\t\t\t\t\t\t\t\t\t\t\t\t<img decoding=\"async\" width=\"800\" height=\"890\" src=\"https:\/\/washnet.es\/wp-content\/uploads\/2025\/02\/Captura-de-pantalla-2025-02-18-a-las-12.24.10-e1744627792612.png\" class=\"attachment-large size-large wp-image-4130\" alt=\"\" srcset=\"https:\/\/washnet.es\/wp-content\/uploads\/2025\/02\/Captura-de-pantalla-2025-02-18-a-las-12.24.10-e1744627792612.png 859w, https:\/\/washnet.es\/wp-content\/uploads\/2025\/02\/Captura-de-pantalla-2025-02-18-a-las-12.24.10-e1744627792612-270x300.png 270w, https:\/\/washnet.es\/wp-content\/uploads\/2025\/02\/Captura-de-pantalla-2025-02-18-a-las-12.24.10-e1744627792612-768x855.png 768w\" sizes=\"(max-width: 800px) 100vw, 800px\" \/>\t\t\t\t\t\t\t\t\t\t\t\t\t\t\t<\/div>\n\t\t\t\t<\/div>\n\t\t\t\t<div class=\"elementor-element elementor-element-a150c3b elementor-align-center elementor-widget elementor-widget-button\" data-id=\"a150c3b\" data-element_type=\"widget\" data-e-type=\"widget\" data-widget_type=\"button.default\">\n\t\t\t\t<div class=\"elementor-widget-container\">\n\t\t\t\t\t\t\t\t\t<div class=\"elementor-button-wrapper\">\n\t\t\t\t\t<a class=\"elementor-button elementor-button-link elementor-size-sm\" href=\"#elementor-action%3Aaction%3Dpopup%3Aopen%26settings%3DeyJpZCI6Mjg5MCwidG9nZ2xlIjpmYWxzZX0%3D\">\n\t\t\t\t\t\t<span class=\"elementor-button-content-wrapper\">\n\t\t\t\t\t\t\t\t\t<span class=\"elementor-button-text\">Descarga<\/span>\n\t\t\t\t\t<\/span>\n\t\t\t\t\t<\/a>\n\t\t\t\t<\/div>\n\t\t\t\t\t\t\t\t<\/div>\n\t\t\t\t<\/div>\n\t\t\t\t<\/div>\n\t\t\t\t\t<\/div>\n\t\t\t\t<\/div>\n\t\t\t\t<\/div>\n\t\t","protected":false},"excerpt":{"rendered":"<p>Cat\u00e1logos Descarga Cat\u00e1logo Petronet Descarga<\/p>\n","protected":false},"author":1,"featured_media":0,"parent":0,"menu_order":0,"comment_status":"closed","ping_status":"closed","template":"elementor_header_footer","meta":{"footnotes":""},"class_list":["post-4588","page","type-page","status-publish","hentry"],"yoast_head":"<!-- This site is optimized with the Yoast SEO plugin v27.3 - https:\/\/yoast.com\/product\/yoast-seo-wordpress\/ -->\n<title>Cat\u00e1logos - Washnet<\/title>\n<meta name=\"description\" content=\"Se deseja mais informa\u00e7\u00f5es, preencha o formul\u00e1rio e descarregue os nossos cat\u00e1logos dispon\u00edveis em espanhol e portugu\u00eas.\" \/>\n<meta name=\"robots\" content=\"index, follow, max-snippet:-1, max-image-preview:large, max-video-preview:-1\" \/>\n<link rel=\"canonical\" href=\"https:\/\/washnet.es\/pt-pt\/transferencias\/\" \/>\n<meta property=\"og:locale\" content=\"pt_PT\" \/>\n<meta property=\"og:type\" content=\"article\" \/>\n<meta property=\"og:title\" content=\"Cat\u00e1logos - Washnet\" \/>\n<meta property=\"og:description\" content=\"Se deseja mais informa\u00e7\u00f5es, preencha o formul\u00e1rio e descarregue os nossos cat\u00e1logos dispon\u00edveis em espanhol e portugu\u00eas.\" \/>\n<meta property=\"og:url\" content=\"https:\/\/washnet.es\/pt-pt\/transferencias\/\" \/>\n<meta property=\"og:site_name\" content=\"Washnet\" \/>\n<meta property=\"article:modified_time\" content=\"2026-03-19T11:00:36+00:00\" \/>\n<meta property=\"og:image\" content=\"https:\/\/washnet.es\/wp-content\/uploads\/2025\/04\/Captura-de-Pantalla-2025-04-16-a-las-15.12.33.png\" \/>\n\t<meta property=\"og:image:width\" content=\"884\" \/>\n\t<meta property=\"og:image:height\" content=\"1256\" \/>\n\t<meta property=\"og:image:type\" content=\"image\/png\" \/>\n<meta name=\"twitter:card\" content=\"summary_large_image\" \/>\n<meta name=\"twitter:label1\" content=\"Tempo estimado de leitura\" \/>\n\t<meta name=\"twitter:data1\" content=\"1 minuto\" \/>\n<script type=\"application\/ld+json\" class=\"yoast-schema-graph\">{\"@context\":\"https:\\\/\\\/schema.org\",\"@graph\":[{\"@type\":\"WebPage\",\"@id\":\"https:\\\/\\\/washnet.es\\\/pt-pt\\\/transferencias\\\/\",\"url\":\"https:\\\/\\\/washnet.es\\\/pt-pt\\\/transferencias\\\/\",\"name\":\"Cat\u00e1logos - Washnet\",\"isPartOf\":{\"@id\":\"https:\\\/\\\/washnet.es\\\/#website\"},\"primaryImageOfPage\":{\"@id\":\"https:\\\/\\\/washnet.es\\\/pt-pt\\\/transferencias\\\/#primaryimage\"},\"image\":{\"@id\":\"https:\\\/\\\/washnet.es\\\/pt-pt\\\/transferencias\\\/#primaryimage\"},\"thumbnailUrl\":\"https:\\\/\\\/washnet.es\\\/wp-content\\\/uploads\\\/2025\\\/04\\\/Captura-de-Pantalla-2025-04-16-a-las-15.12.33-721x1024.png\",\"datePublished\":\"2025-02-13T11:36:44+00:00\",\"dateModified\":\"2026-03-19T11:00:36+00:00\",\"description\":\"Se deseja mais informa\u00e7\u00f5es, preencha o formul\u00e1rio e descarregue os nossos cat\u00e1logos dispon\u00edveis em espanhol e portugu\u00eas.\",\"breadcrumb\":{\"@id\":\"https:\\\/\\\/washnet.es\\\/pt-pt\\\/transferencias\\\/#breadcrumb\"},\"inLanguage\":\"pt-PT\",\"potentialAction\":[{\"@type\":\"ReadAction\",\"target\":[\"https:\\\/\\\/washnet.es\\\/pt-pt\\\/transferencias\\\/\"]}]},{\"@type\":\"ImageObject\",\"inLanguage\":\"pt-PT\",\"@id\":\"https:\\\/\\\/washnet.es\\\/pt-pt\\\/transferencias\\\/#primaryimage\",\"url\":\"https:\\\/\\\/washnet.es\\\/wp-content\\\/uploads\\\/2025\\\/04\\\/Captura-de-Pantalla-2025-04-16-a-las-15.12.33-721x1024.png\",\"contentUrl\":\"https:\\\/\\\/washnet.es\\\/wp-content\\\/uploads\\\/2025\\\/04\\\/Captura-de-Pantalla-2025-04-16-a-las-15.12.33-721x1024.png\"},{\"@type\":\"BreadcrumbList\",\"@id\":\"https:\\\/\\\/washnet.es\\\/pt-pt\\\/transferencias\\\/#breadcrumb\",\"itemListElement\":[{\"@type\":\"ListItem\",\"position\":1,\"name\":\"Portada\",\"item\":\"https:\\\/\\\/washnet.es\\\/pt-pt\\\/casa\\\/\"},{\"@type\":\"ListItem\",\"position\":2,\"name\":\"Transfer\u00eancias\"}]},{\"@type\":\"WebSite\",\"@id\":\"https:\\\/\\\/washnet.es\\\/#website\",\"url\":\"https:\\\/\\\/washnet.es\\\/\",\"name\":\"Washnet\",\"description\":\"\",\"publisher\":{\"@id\":\"https:\\\/\\\/washnet.es\\\/#organization\"},\"potentialAction\":[{\"@type\":\"SearchAction\",\"target\":{\"@type\":\"EntryPoint\",\"urlTemplate\":\"https:\\\/\\\/washnet.es\\\/?s={search_term_string}\"},\"query-input\":{\"@type\":\"PropertyValueSpecification\",\"valueRequired\":true,\"valueName\":\"search_term_string\"}}],\"inLanguage\":\"pt-PT\"},{\"@type\":\"Organization\",\"@id\":\"https:\\\/\\\/washnet.es\\\/#organization\",\"name\":\"Washnet\",\"url\":\"https:\\\/\\\/washnet.es\\\/\",\"logo\":{\"@type\":\"ImageObject\",\"inLanguage\":\"pt-PT\",\"@id\":\"https:\\\/\\\/washnet.es\\\/#\\\/schema\\\/logo\\\/image\\\/\",\"url\":\"https:\\\/\\\/washnet.es\\\/wp-content\\\/uploads\\\/2025\\\/01\\\/logo-washnet.png\",\"contentUrl\":\"https:\\\/\\\/washnet.es\\\/wp-content\\\/uploads\\\/2025\\\/01\\\/logo-washnet.png\",\"width\":2491,\"height\":564,\"caption\":\"Washnet\"},\"image\":{\"@id\":\"https:\\\/\\\/washnet.es\\\/#\\\/schema\\\/logo\\\/image\\\/\"}}]}<\/script>\n<!-- \/ Yoast SEO plugin. -->","yoast_head_json":{"title":"Cat\u00e1logos - Washnet","description":"Se deseja mais informa\u00e7\u00f5es, preencha o formul\u00e1rio e descarregue os nossos cat\u00e1logos dispon\u00edveis em espanhol e portugu\u00eas.","robots":{"index":"index","follow":"follow","max-snippet":"max-snippet:-1","max-image-preview":"max-image-preview:large","max-video-preview":"max-video-preview:-1"},"canonical":"https:\/\/washnet.es\/pt-pt\/transferencias\/","og_locale":"pt_PT","og_type":"article","og_title":"Cat\u00e1logos - Washnet","og_description":"Se deseja mais informa\u00e7\u00f5es, preencha o formul\u00e1rio e descarregue os nossos cat\u00e1logos dispon\u00edveis em espanhol e portugu\u00eas.","og_url":"https:\/\/washnet.es\/pt-pt\/transferencias\/","og_site_name":"Washnet","article_modified_time":"2026-03-19T11:00:36+00:00","og_image":[{"width":884,"height":1256,"url":"https:\/\/washnet.es\/wp-content\/uploads\/2025\/04\/Captura-de-Pantalla-2025-04-16-a-las-15.12.33.png","type":"image\/png"}],"twitter_card":"summary_large_image","twitter_misc":{"Tempo estimado de leitura":"1 minuto"},"schema":{"@context":"https:\/\/schema.org","@graph":[{"@type":"WebPage","@id":"https:\/\/washnet.es\/pt-pt\/transferencias\/","url":"https:\/\/washnet.es\/pt-pt\/transferencias\/","name":"Cat\u00e1logos - Washnet","isPartOf":{"@id":"https:\/\/washnet.es\/#website"},"primaryImageOfPage":{"@id":"https:\/\/washnet.es\/pt-pt\/transferencias\/#primaryimage"},"image":{"@id":"https:\/\/washnet.es\/pt-pt\/transferencias\/#primaryimage"},"thumbnailUrl":"https:\/\/washnet.es\/wp-content\/uploads\/2025\/04\/Captura-de-Pantalla-2025-04-16-a-las-15.12.33-721x1024.png","datePublished":"2025-02-13T11:36:44+00:00","dateModified":"2026-03-19T11:00:36+00:00","description":"Se deseja mais informa\u00e7\u00f5es, preencha o formul\u00e1rio e descarregue os nossos cat\u00e1logos dispon\u00edveis em espanhol e portugu\u00eas.","breadcrumb":{"@id":"https:\/\/washnet.es\/pt-pt\/transferencias\/#breadcrumb"},"inLanguage":"pt-PT","potentialAction":[{"@type":"ReadAction","target":["https:\/\/washnet.es\/pt-pt\/transferencias\/"]}]},{"@type":"ImageObject","inLanguage":"pt-PT","@id":"https:\/\/washnet.es\/pt-pt\/transferencias\/#primaryimage","url":"https:\/\/washnet.es\/wp-content\/uploads\/2025\/04\/Captura-de-Pantalla-2025-04-16-a-las-15.12.33-721x1024.png","contentUrl":"https:\/\/washnet.es\/wp-content\/uploads\/2025\/04\/Captura-de-Pantalla-2025-04-16-a-las-15.12.33-721x1024.png"},{"@type":"BreadcrumbList","@id":"https:\/\/washnet.es\/pt-pt\/transferencias\/#breadcrumb","itemListElement":[{"@type":"ListItem","position":1,"name":"Portada","item":"https:\/\/washnet.es\/pt-pt\/casa\/"},{"@type":"ListItem","position":2,"name":"Transfer\u00eancias"}]},{"@type":"WebSite","@id":"https:\/\/washnet.es\/#website","url":"https:\/\/washnet.es\/","name":"Washnet","description":"","publisher":{"@id":"https:\/\/washnet.es\/#organization"},"potentialAction":[{"@type":"SearchAction","target":{"@type":"EntryPoint","urlTemplate":"https:\/\/washnet.es\/?s={search_term_string}"},"query-input":{"@type":"PropertyValueSpecification","valueRequired":true,"valueName":"search_term_string"}}],"inLanguage":"pt-PT"},{"@type":"Organization","@id":"https:\/\/washnet.es\/#organization","name":"Washnet","url":"https:\/\/washnet.es\/","logo":{"@type":"ImageObject","inLanguage":"pt-PT","@id":"https:\/\/washnet.es\/#\/schema\/logo\/image\/","url":"https:\/\/washnet.es\/wp-content\/uploads\/2025\/01\/logo-washnet.png","contentUrl":"https:\/\/washnet.es\/wp-content\/uploads\/2025\/01\/logo-washnet.png","width":2491,"height":564,"caption":"Washnet"},"image":{"@id":"https:\/\/washnet.es\/#\/schema\/logo\/image\/"}}]}},"_links":{"self":[{"href":"https:\/\/washnet.es\/pt-pt\/wp-json\/wp\/v2\/pages\/4588","targetHints":{"allow":["GET"]}}],"collection":[{"href":"https:\/\/washnet.es\/pt-pt\/wp-json\/wp\/v2\/pages"}],"about":[{"href":"https:\/\/washnet.es\/pt-pt\/wp-json\/wp\/v2\/types\/page"}],"author":[{"embeddable":true,"href":"https:\/\/washnet.es\/pt-pt\/wp-json\/wp\/v2\/users\/1"}],"replies":[{"embeddable":true,"href":"https:\/\/washnet.es\/pt-pt\/wp-json\/wp\/v2\/comments?post=4588"}],"version-history":[{"count":7,"href":"https:\/\/washnet.es\/pt-pt\/wp-json\/wp\/v2\/pages\/4588\/revisions"}],"predecessor-version":[{"id":5297,"href":"https:\/\/washnet.es\/pt-pt\/wp-json\/wp\/v2\/pages\/4588\/revisions\/5297"}],"wp:attachment":[{"href":"https:\/\/washnet.es\/pt-pt\/wp-json\/wp\/v2\/media?parent=4588"}],"curies":[{"name":"wp","href":"https:\/\/api.w.org\/{rel}","templated":true}]}}