{"id":4577,"date":"2025-01-27T11:27:39","date_gmt":"2025-01-27T11:27:39","guid":{"rendered":"https:\/\/washnet.es\/politica-de-cookies\/"},"modified":"2025-03-07T13:42:35","modified_gmt":"2025-03-07T13:42:35","slug":"politica-de-cookies","status":"publish","type":"page","link":"https:\/\/washnet.es\/pt-pt\/politica-de-cookies\/","title":{"rendered":"Pol\u00edtica de Cookies"},"content":{"rendered":"\t\t<div data-elementor-type=\"wp-page\" data-elementor-id=\"4577\" class=\"elementor elementor-4577 elementor-847\" data-elementor-post-type=\"page\">\n\t\t\t\t<div class=\"elementor-element elementor-element-6c7a4a9b e-flex e-con-boxed e-con e-parent\" data-id=\"6c7a4a9b\" data-element_type=\"container\" data-e-type=\"container\">\n\t\t\t\t\t<div class=\"e-con-inner\">\n\t\t\t\t<div class=\"elementor-element elementor-element-1c614dc elementor-widget elementor-widget-heading\" data-id=\"1c614dc\" data-element_type=\"widget\" data-e-type=\"widget\" data-widget_type=\"heading.default\">\n\t\t\t\t<div class=\"elementor-widget-container\">\n\t\t\t\t\t<h2 class=\"elementor-heading-title elementor-size-default\">Pol\u00edtica de Cookies<\/h2>\t\t\t\t<\/div>\n\t\t\t\t<\/div>\n\t\t\t\t<div class=\"elementor-element elementor-element-36a8fdb7 elementor-widget elementor-widget-text-editor\" data-id=\"36a8fdb7\" data-element_type=\"widget\" data-e-type=\"widget\" data-widget_type=\"text-editor.default\">\n\t\t\t\t<div class=\"elementor-widget-container\">\n\t\t\t\t\t\t\t\t\t<p><\/p>\n<p>A WASHNET FACTORY, S.L. utiliza os seus pr\u00f3prios cookies para o funcionamento do seu website. Para toda a informa\u00e7\u00e3o relativa \u00e0 nossa Pol\u00edtica de Cookies, consulte as sec\u00e7\u00f5es abaixo: <\/p>\n<p><\/p>\n<p><\/p>\n<ol class=\"wp-block-list\"><p><\/p>\n<li><strong>O que \u00e9 um cookie?<\/strong><\/li>\n<p><\/p><\/ol>\n<p><\/p>\n<p><\/p>\n<p>Um&nbsp;<em>Cookie<\/em> \u00e9 um pequeno arquivo de texto que \u00e9 armazenado em seu navegador quando voc\u00ea visita quase qualquer site. Sua utilidade \u00e9 que o site \u00e9 capaz de lembrar sua visita quando voc\u00ea navega nessa p\u00e1gina novamente. O  &nbsp;<em>Os cookies<\/em> geralmente armazenam informa\u00e7\u00f5es t\u00e9cnicas, prefer\u00eancias pessoais, personaliza\u00e7\u00e3o de conte\u00fado, estat\u00edsticas de uso, links para redes sociais, acesso a contas de usu\u00e1rio, etc. O objetivo do &nbsp;<em>cookie<\/em> \u00e9 para adaptar o conte\u00fado do site ao seu perfil e necessidades, sem&nbsp;<em>Cookies<\/em> Os servi\u00e7os oferecidos por qualquer p\u00e1gina seriam significativamente reduzidos.<\/p>\n<p><\/p>\n<p><\/p>\n<ol start=\"2\" class=\"wp-block-list\"><p><\/p>\n<li><strong>Que tipos de cookies existem?<\/strong><\/li>\n<p><\/p><\/ol>\n<p><\/p>\n<p><\/p>\n<p>Dependendo da sua finalidade, os cookies podem ser:<\/p>\n<p><\/p>\n<p><\/p>\n<ul class=\"wp-block-list\"><p><\/p>\n<li>Cookies t\u00e9cnicos: s\u00e3o necess\u00e1rios para a navega\u00e7\u00e3o. Sem eles, o site n\u00e3o funcionaria corretamente (&#8220;entrada do usu\u00e1rio&#8221; cookies para carrinhos de compras on-line, cookies de sess\u00e3o do media player, etc.). <\/li>\n<p><\/p>\n<p><\/p>\n<li>Cookies de personaliza\u00e7\u00e3o, funcionalidade ou configura\u00e7\u00e3o: Estes cookies permitem que o site ofere\u00e7a uma melhor funcionalidade e personaliza\u00e7\u00e3o. Podem ser definidos por n\u00f3s ou por terceiros cujos servi\u00e7os adicion\u00e1mos \u00e0s nossas p\u00e1ginas. Se n\u00e3o permitir estes cookies, alguns dos nossos servi\u00e7os n\u00e3o funcionar\u00e3o corretamente.  <\/li>\n<p><\/p>\n<p><\/p>\n<li>Cookies de seguran\u00e7a: impedem ou dificultam ataques contra o website ou os seus utilizadores.<\/li>\n<p><\/p>\n<p><\/p>\n<li>Cookies de an\u00e1lise: permitem-nos medir a atividade do utilizador e compilar estat\u00edsticas de navega\u00e7\u00e3o.<\/li>\n<p><\/p>\n<p><\/p>\n<li>Cookies de publicidade: gerem a frequ\u00eancia e o conte\u00fado dos an\u00fancios<\/li>\n<p><\/p>\n<p><\/p>\n<li>Cookies de publicidade comportamental: armazenam informa\u00e7\u00f5es sobre os utilizadores para lhes mostrar publicidade personalizada.<\/li>\n<p><\/p><\/ul>\n<p><\/p>\n<p><\/p>\n<ol start=\"3\" class=\"wp-block-list\"><p><\/p>\n<li><strong>Que cookies utilizamos?<\/strong><\/li>\n<p><\/p><\/ol>\n<p><\/p>\n<p><\/p>\n<p>Os cookies utilizados no site <a href=\"https:\/\/washnet.es\/\">da https:\/\/washnet.es\/<\/a> s\u00e3o:<\/p><p><br><\/p>\n<p><\/p>\n<p><\/p>\n<p><\/p>\n<p><\/p>\n<figure class=\"wp-block-table\">\n<table class=\"has-fixed-layout\">\n<tbody>\n<tr>\n<td><strong>Tipologia <em> de cookies<\/em><\/strong><\/td>\n<td><strong><em>Nome do cookie<\/em><\/strong><\/td>\n<td><strong>Finalidade<\/strong><\/td>\n<td><strong>Per\u00edodo de conserva\u00e7\u00e3o<\/strong><\/td>\n<td><strong>&nbsp;<\/strong><strong><em>Fornecedor de cookies<\/em><\/strong><\/td>\n<\/tr>\n<tr>\n<td>T\u00c9CNICO\/NECESS\u00c1RIO<br><strong>&nbsp;<\/strong><\/td>\n<td>Elementor<\/td>\n<td>Usado em rela\u00e7\u00e3o ao tema WordPress do site. O cookie permite que o propriet\u00e1rio do site implemente ou altere o conte\u00fado em tempo real <\/td>\n<td>Persistente<\/td>\n<td>PR\u00d3PRIO<\/td>\n<\/tr>\n<tr>\n<td>T\u00c9CNICO\/NECESS\u00c1RIO<\/td>\n<td>RC::A<\/td>\n<td>Este cookie \u00e9 utilizado para distinguir entre humanos e bots. Isto \u00e9 ben\u00e9fico para o site, a fim de produzir relat\u00f3rios v\u00e1lidos sobre o uso do seu site <\/td>\n<td>Persistente<\/td>\n<td><a href=\"https:\/\/policies.google.com\/technologies\/cookies?hl=es\" target=\"_blank\" rel=\"noreferrer noopener\">GOOGLE<\/a><\/td>\n<\/tr>\n<tr>\n<td>T\u00c9CNICO\/NECESS\u00c1RIO<\/td>\n<td>RC::c<\/td>\n<td>Este cookie \u00e9 utilizado para distinguir entre humanos e bots.<\/td>\n<td>Sess\u00e3o<\/td>\n<td><a href=\"https:\/\/policies.google.com\/technologies\/cookies?hl=es\" target=\"_blank\" rel=\"noreferrer noopener\">GOOGLE<\/a><\/td>\n<\/tr>\n<tr>\n<td>T\u00c9CNICO\/NECESS\u00c1RIO<\/td>\n<td>WP-wpml_current_language<\/td>\n<td>Salvar configura\u00e7\u00f5es de idioma<\/td>\n<td>1 dia<\/td>\n<td>PR\u00d3PRIO<\/td>\n<\/tr>\n<tr>\n<td>T\u00c9CNICO\/NECESS\u00c1RIO<\/td>\n<td>WP-wpml_current_admin_language_#<\/td>\n<td>Determina o idioma em que o conte\u00fado da p\u00e1gina<\/td>\n \u00e9 exibido<td>1 dia<\/td>\n<td>PR\u00d3PRIO<\/td>\n<\/tr>\n<tr>\n<td>ANAL\u00cdTICO<\/td>\n<td>\n_ga<\/td><td>Registra o ID exclusivo que \u00e9 usado para gerar dados estat\u00edsticos sobre como um visitante usa o site<\/td>\n<td>2 anos<\/td>\n<td><a href=\"https:\/\/developers.google.com\/analytics\/devguides\/collection\/analyticsjs\/cookie-usage?hl=es\" target=\"_blank\" rel=\"noreferrer noopener\">GOOGLE ANALYTICS<\/a><\/td>\n<\/tr>\n<tr>\n<td>ANAL\u00cdTICO<\/td>\n<td>\n_gid<\/td><td>Registra o ID exclusivo que \u00e9 usado para gerar dados estat\u00edsticos sobre como um visitante usa o site<\/td>\n<td>1 dia<\/td>\n<td><a href=\"https:\/\/developers.google.com\/analytics\/devguides\/collection\/analyticsjs\/cookie-usage?hl=es\" target=\"_blank\" rel=\"noreferrer noopener\">GOOGLE ANALYTICS<\/a><\/td>\n<\/tr>\n<tr>\n<td>ANAL\u00cdTICO<\/td>\n<td>_GA_ #<\/td>\n<td>Recolhe dados sobre o n\u00famero de vezes que um utilizador visitou o website, bem como as datas da primeira e mais recente visita. Usado pelo Google Analytics <\/td>\n<td>2 anos<\/td>\n<td><a href=\"https:\/\/developers.google.com\/analytics\/devguides\/collection\/analyticsjs\/cookie-usage?hl=es\" target=\"_blank\" rel=\"noreferrer noopener\">GOOGLE ANALYTICS<\/a><\/td>\n<\/tr>\n<\/tbody>\n<\/table>\n<\/figure>\n<p><\/p>\n<p><\/p>\n<ol start=\"4\" class=\"wp-block-list\"><p><\/p>\n<li><strong>Transfer\u00eancias de dados para pa\u00edses terceiros<\/strong><\/li>\n<p><\/p><\/ol>\n<p><\/p>\n<p><\/p>\n<p>Pode informar-se sobre transfer\u00eancias para pa\u00edses terceiros que, quando apropriado, s\u00e3o feitas pelos terceiros identificados nesta pol\u00edtica de cookies nas suas pol\u00edticas correspondentes (consulte os links fornecidos na sec\u00e7\u00e3o &#8220;<strong>Que cookies utilizamos?&#8221;)<\/strong><\/p>\n<p><\/p>\n<p><\/p>\n<ol start=\"5\" class=\"wp-block-list\"><p><\/p>\n<li><strong>Como desinstalo os cookies?<\/strong><\/li>\n<p><\/p><\/ol>\n<p><\/p>\n<p><\/p>\n<p>O utilizador \u00e9 livre de decidir se instala ou n\u00e3o os nossos cookies no seu disco r\u00edgido, bem como a sua elimina\u00e7\u00e3o, seguindo o procedimento estabelecido na sec\u00e7\u00e3o de ajuda do seu navegador. O usu\u00e1rio tamb\u00e9m pode configurar seu navegador para aceitar ou rejeitar todos os cookies por padr\u00e3o ou para receber um aviso na tela do recebimento de cada cookie e decidir nesse momento se deseja ou n\u00e3o instal\u00e1-lo em seu disco r\u00edgido. Abaixo est\u00e3o links para fabricantes de dispositivos e navegadores para gerenciar ou desativar cookies para a maioria dos navegadores:  <\/p>\n<p><\/p>\n<p><\/p>\n<ul class=\"wp-block-list\"><p><\/p>\n<li>Para a&nbsp;<strong>Internet Explorer<\/strong>: Na op\u00e7\u00e3o de menu: Ferramentas &gt; Op\u00e7\u00f5es da Internet &gt; Configura\u00e7\u00f5es de privacidade &gt; . Para saber mais, visite o seguinte link: &nbsp;<a href=\"https:\/\/support.microsoft.com\/es-es\/help\/17442\/windows-internet-explorer-delete-manage-cookies\">https:\/\/support.microsoft.com\/es-es\/help\/17442\/windows-internet-explorer-delete-manage-cookies<\/a><\/li>\n<p><\/p><\/ul>\n<p><\/p>\n<p><\/p>\n<ul class=\"wp-block-list\"><p><\/p>\n<li>Para a&nbsp;<strong>Google Chrome<\/strong>: em Cookies de Privacidade &gt; de Op\u00e7\u00f5es &gt; Avan\u00e7adas&gt;. Para mais informa\u00e7\u00f5es visite o seguinte link: &nbsp;<a href=\"https:\/\/support.google.com\/chrome\/answer\/95647?hl=es\">https:\/\/support.google.com\/chrome\/answer\/95647?hl=es<\/a><\/li>\n<p><\/p><\/ul>\n<p><\/p>\n<p><\/p>\n<ul class=\"wp-block-list\"><p><\/p>\n<li>Para a&nbsp;<strong>Mozilla Firefox:<\/strong> na op\u00e7\u00e3o de menu: Ferramentas &gt; Op\u00e7\u00f5es &gt; Cookies de Privacidade &gt; . Para saber mais, visite os seguintes links: &nbsp;<a href=\"https:\/\/support.mozilla.org\/es\/kb\/Borrar%20cookies\">https:\/\/support.mozilla.org\/es\/kb\/Borrar%20cookies<\/a> e&nbsp;<a href=\"https:\/\/support.mozilla.org\/es\/kb\/habilitar-y-deshabilitar-cookies-sitios-web-rastrear-preferencias?redirectlocale=es&amp;redirectslug=habilitar-y-deshabilitar-cookies-que-los-sitios-we\">https:\/\/support.mozilla.org\/es\/kb\/habilitar-y-deshabilitar-cookies-sitios-web-rastrear-preferencias?redirectlocale=es&amp;redirectslug=habilitar-y-deshabilitar-cookies-que-los-sitios-we<\/a><\/li>\n<p><\/p><\/ul>\n<p><\/p>\n<p><\/p>\n<ul class=\"wp-block-list\"><p><\/p>\n<li>Para a&nbsp;<strong>Safari (IOS 8): <\/strong>Em Configura\u00e7\u00f5es &gt; , o Safari &gt; bloqueia cookies. Para saber mais, visite o seguinte link: &nbsp;<a href=\"http:\/\/support.apple.com\/kb\/HT1677?viewlocale=es_ES\">http:\/\/support.apple.com\/kb\/HT1677?viewlocale=es_ES<\/a><\/li>\n<p><\/p><\/ul>\n<p><\/p>\n<p><\/p>\n<ul class=\"wp-block-list\"><p><\/p>\n<li>Para a&nbsp;<strong>Opera:<\/strong> em Configura\u00e7\u00f5es &gt; &gt; Avan\u00e7adas Privacidade ou Cookies de Configura\u00e7\u00f5es &gt; de Conte\u00fado de Seguran\u00e7a&gt;. Para mais informa\u00e7\u00f5es visite o seguinte link: &nbsp;<a href=\"https:\/\/help.opera.com\/en\/latest\/web-preferences\/#cookies\">https:\/\/help.opera.com\/en\/latest\/web-preferences\/#cookies<\/a><\/li>\n<p><\/p><\/ul>\n<p><\/p>\n<p><\/p>\n<ul class=\"wp-block-list\"><p><\/p>\n<li>Para a&nbsp;<strong>Android:<\/strong> No menu &gt; &gt; Configura\u00e7\u00f5es Seguran\u00e7a &amp; Privacidade &gt; Aceitar cookies para ativar ou desmarcar a caixa. Para mais informa\u00e7\u00f5es visite o seguinte link: &nbsp;<a href=\"http:\/\/support.google.com\/android\/?hl=es\">http:\/\/support.google.com\/android\/?hl=es<\/a><\/li>\n<p><\/p><\/ul>\n<p><\/p>\n<p><\/p>\n<ul class=\"wp-block-list\"><p><\/p>\n<li>Para a&nbsp;<strong>Windows Phone:<\/strong> No Internet Explorer &gt; Mais &gt; Configura\u00e7\u00f5es &gt; , ative ou desative a caixa de sele\u00e7\u00e3o Permitir cookies. Para saber mais, visite o seguinte link: &nbsp;<a href=\"http:\/\/www.windowsphone.com\/es-es\/how-to\/wp7\/web\/changing-privacy-and-other-browser-settings\">http:\/\/www.windowsphone.com\/es-es\/how-to\/wp7\/web\/changing-privacy-and-other-browser-settings<\/a><\/li>\n<p><\/p><\/ul>\n<p><\/p>\n<p><\/p>\n<p>Nem este site nem seus representantes legais podem garantir o tratamento correto ou incorreto do&nbsp;<em>cookies<\/em> pelos navegadores acima mencionados. Da mesma forma, nem este site nem seus representantes legais s\u00e3o respons\u00e1veis pelo conte\u00fado ou veracidade das pol\u00edticas de privacidade que possam estar contidas nos terceiros mencionados nesta Pol\u00edtica de Privacidade. &nbsp;<em>biscoitos<\/em>.<\/p>\n<p><\/p>\n<p><\/p>\n<p>Se desejar ter mais controlo sobre a instala\u00e7\u00e3o de cookies, pode instalar programas ou add-ons no seu navegador, conhecidos como ferramentas &#8220;<em>Do Not Track<\/em>&#8220;, que lhe permitir\u00e3o escolher quais os cookies que deseja permitir.<\/p>\n<p><\/p>\n<p><\/p>\n<p>O facto de o utilizador configurar o seu browser para rejeitar todos os cookies ou expressamente os nossos cookies pode significar que n\u00e3o \u00e9 poss\u00edvel aceder a alguns dos servi\u00e7os e que a sua experi\u00eancia no nosso website pode ser menos satisfat\u00f3ria.<\/p>\n<p><\/p>\n<p><\/p>\n<p><strong>F\u00c1BRICA WASHNET, S.L. <\/strong>reserva-se o direito de modificar esta Pol\u00edtica de Cookies para a adaptar \u00e0 futura legisla\u00e7\u00e3o e\/ou jurisprud\u00eancia aplic\u00e1vel, bem como a futuras utiliza\u00e7\u00f5es dos dados pessoais do utilizador no Website. Em qualquer caso, os usu\u00e1rios ser\u00e3o informados com anteced\u00eancia das altera\u00e7\u00f5es na pol\u00edtica acima mencionada. Assim, recomenda-se ao utilizador a leitura da Pol\u00edtica de Cookies cada vez que acede ao website.  <\/p>\n<p><\/p>\n<p><\/p>\n<p><strong>Se voc\u00ea tiver alguma d\u00favida ou d\u00favida sobre esta pol\u00edtica de <em>cookies<\/em> , n\u00e3o hesite em contactar-nos atrav\u00e9s da se\u00e7\u00e3o de contato.<\/strong><\/p>\n<p><\/p>\n<p><\/p>\n<p><strong>Atualizado em<\/strong> 22 de outubro de 2021<\/p>\n<p><\/p>\t\t\t\t\t\t\t\t<\/div>\n\t\t\t\t<\/div>\n\t\t\t\t\t<\/div>\n\t\t\t\t<\/div>\n\t\t\t\t<\/div>\n\t\t","protected":false},"excerpt":{"rendered":"<p>Pol\u00edtica de Cookies A WASHNET FACTORY, S.L. utiliza os seus pr\u00f3prios cookies para o funcionamento do seu website. Para toda a informa\u00e7\u00e3o relativa \u00e0 nossa Pol\u00edtica de Cookies, consulte as sec\u00e7\u00f5es abaixo: O que \u00e9 um cookie? Um&nbsp;Cookie \u00e9 um pequeno arquivo de texto que \u00e9 armazenado em seu navegador quando voc\u00ea visita quase qualquer [&hellip;]<\/p>\n","protected":false},"author":1,"featured_media":0,"parent":0,"menu_order":0,"comment_status":"closed","ping_status":"closed","template":"elementor_header_footer","meta":{"footnotes":""},"class_list":["post-4577","page","type-page","status-publish","hentry"],"yoast_head":"<!-- This site is optimized with the Yoast SEO plugin v27.2 - https:\/\/yoast.com\/product\/yoast-seo-wordpress\/ -->\n<title>Pol\u00edtica de Cookies - Washnet<\/title>\n<meta name=\"robots\" content=\"noindex, nofollow\" \/>\n<meta property=\"og:locale\" content=\"pt_PT\" \/>\n<meta property=\"og:type\" content=\"article\" \/>\n<meta property=\"og:title\" content=\"Pol\u00edtica de Cookies - Washnet\" \/>\n<meta property=\"og:description\" content=\"Pol\u00edtica de Cookies A WASHNET FACTORY, S.L. utiliza os seus pr\u00f3prios cookies para o funcionamento do seu website. Para toda a informa\u00e7\u00e3o relativa \u00e0 nossa Pol\u00edtica de Cookies, consulte as sec\u00e7\u00f5es abaixo: O que \u00e9 um cookie? Um&nbsp;Cookie \u00e9 um pequeno arquivo de texto que \u00e9 armazenado em seu navegador quando voc\u00ea visita quase qualquer [&hellip;]\" \/>\n<meta property=\"og:url\" content=\"https:\/\/washnet.es\/pt-pt\/politica-de-cookies\/\" \/>\n<meta property=\"og:site_name\" content=\"Washnet\" \/>\n<meta property=\"article:modified_time\" content=\"2025-03-07T13:42:35+00:00\" \/>\n<meta name=\"twitter:card\" content=\"summary_large_image\" \/>\n<meta name=\"twitter:label1\" content=\"Tempo estimado de leitura\" \/>\n\t<meta name=\"twitter:data1\" content=\"6 minutos\" \/>\n<script type=\"application\/ld+json\" class=\"yoast-schema-graph\">{\"@context\":\"https:\/\/schema.org\",\"@graph\":[{\"@type\":\"WebPage\",\"@id\":\"https:\/\/washnet.es\/pt-pt\/politica-de-cookies\/\",\"url\":\"https:\/\/washnet.es\/pt-pt\/politica-de-cookies\/\",\"name\":\"Pol\u00edtica de Cookies - Washnet\",\"isPartOf\":{\"@id\":\"https:\/\/washnet.es\/#website\"},\"datePublished\":\"2025-01-27T11:27:39+00:00\",\"dateModified\":\"2025-03-07T13:42:35+00:00\",\"breadcrumb\":{\"@id\":\"https:\/\/washnet.es\/pt-pt\/politica-de-cookies\/#breadcrumb\"},\"inLanguage\":\"pt-PT\",\"potentialAction\":[{\"@type\":\"ReadAction\",\"target\":[\"https:\/\/washnet.es\/pt-pt\/politica-de-cookies\/\"]}]},{\"@type\":\"BreadcrumbList\",\"@id\":\"https:\/\/washnet.es\/pt-pt\/politica-de-cookies\/#breadcrumb\",\"itemListElement\":[{\"@type\":\"ListItem\",\"position\":1,\"name\":\"Portada\",\"item\":\"https:\/\/washnet.es\/pt-pt\/casa\/\"},{\"@type\":\"ListItem\",\"position\":2,\"name\":\"Pol\u00edtica de Cookies\"}]},{\"@type\":\"WebSite\",\"@id\":\"https:\/\/washnet.es\/#website\",\"url\":\"https:\/\/washnet.es\/\",\"name\":\"Washnet\",\"description\":\"\",\"publisher\":{\"@id\":\"https:\/\/washnet.es\/#organization\"},\"potentialAction\":[{\"@type\":\"SearchAction\",\"target\":{\"@type\":\"EntryPoint\",\"urlTemplate\":\"https:\/\/washnet.es\/?s={search_term_string}\"},\"query-input\":{\"@type\":\"PropertyValueSpecification\",\"valueRequired\":true,\"valueName\":\"search_term_string\"}}],\"inLanguage\":\"pt-PT\"},{\"@type\":\"Organization\",\"@id\":\"https:\/\/washnet.es\/#organization\",\"name\":\"Washnet\",\"url\":\"https:\/\/washnet.es\/\",\"logo\":{\"@type\":\"ImageObject\",\"inLanguage\":\"pt-PT\",\"@id\":\"https:\/\/washnet.es\/#\/schema\/logo\/image\/\",\"url\":\"https:\/\/washnet.es\/wp-content\/uploads\/2025\/01\/logo-washnet.png\",\"contentUrl\":\"https:\/\/washnet.es\/wp-content\/uploads\/2025\/01\/logo-washnet.png\",\"width\":2491,\"height\":564,\"caption\":\"Washnet\"},\"image\":{\"@id\":\"https:\/\/washnet.es\/#\/schema\/logo\/image\/\"}}]}<\/script>\n<!-- \/ Yoast SEO plugin. -->","yoast_head_json":{"title":"Pol\u00edtica de Cookies - Washnet","robots":{"index":"noindex","follow":"nofollow"},"og_locale":"pt_PT","og_type":"article","og_title":"Pol\u00edtica de Cookies - Washnet","og_description":"Pol\u00edtica de Cookies A WASHNET FACTORY, S.L. utiliza os seus pr\u00f3prios cookies para o funcionamento do seu website. Para toda a informa\u00e7\u00e3o relativa \u00e0 nossa Pol\u00edtica de Cookies, consulte as sec\u00e7\u00f5es abaixo: O que \u00e9 um cookie? Um&nbsp;Cookie \u00e9 um pequeno arquivo de texto que \u00e9 armazenado em seu navegador quando voc\u00ea visita quase qualquer [&hellip;]","og_url":"https:\/\/washnet.es\/pt-pt\/politica-de-cookies\/","og_site_name":"Washnet","article_modified_time":"2025-03-07T13:42:35+00:00","twitter_card":"summary_large_image","twitter_misc":{"Tempo estimado de leitura":"6 minutos"},"schema":{"@context":"https:\/\/schema.org","@graph":[{"@type":"WebPage","@id":"https:\/\/washnet.es\/pt-pt\/politica-de-cookies\/","url":"https:\/\/washnet.es\/pt-pt\/politica-de-cookies\/","name":"Pol\u00edtica de Cookies - Washnet","isPartOf":{"@id":"https:\/\/washnet.es\/#website"},"datePublished":"2025-01-27T11:27:39+00:00","dateModified":"2025-03-07T13:42:35+00:00","breadcrumb":{"@id":"https:\/\/washnet.es\/pt-pt\/politica-de-cookies\/#breadcrumb"},"inLanguage":"pt-PT","potentialAction":[{"@type":"ReadAction","target":["https:\/\/washnet.es\/pt-pt\/politica-de-cookies\/"]}]},{"@type":"BreadcrumbList","@id":"https:\/\/washnet.es\/pt-pt\/politica-de-cookies\/#breadcrumb","itemListElement":[{"@type":"ListItem","position":1,"name":"Portada","item":"https:\/\/washnet.es\/pt-pt\/casa\/"},{"@type":"ListItem","position":2,"name":"Pol\u00edtica de Cookies"}]},{"@type":"WebSite","@id":"https:\/\/washnet.es\/#website","url":"https:\/\/washnet.es\/","name":"Washnet","description":"","publisher":{"@id":"https:\/\/washnet.es\/#organization"},"potentialAction":[{"@type":"SearchAction","target":{"@type":"EntryPoint","urlTemplate":"https:\/\/washnet.es\/?s={search_term_string}"},"query-input":{"@type":"PropertyValueSpecification","valueRequired":true,"valueName":"search_term_string"}}],"inLanguage":"pt-PT"},{"@type":"Organization","@id":"https:\/\/washnet.es\/#organization","name":"Washnet","url":"https:\/\/washnet.es\/","logo":{"@type":"ImageObject","inLanguage":"pt-PT","@id":"https:\/\/washnet.es\/#\/schema\/logo\/image\/","url":"https:\/\/washnet.es\/wp-content\/uploads\/2025\/01\/logo-washnet.png","contentUrl":"https:\/\/washnet.es\/wp-content\/uploads\/2025\/01\/logo-washnet.png","width":2491,"height":564,"caption":"Washnet"},"image":{"@id":"https:\/\/washnet.es\/#\/schema\/logo\/image\/"}}]}},"_links":{"self":[{"href":"https:\/\/washnet.es\/pt-pt\/wp-json\/wp\/v2\/pages\/4577","targetHints":{"allow":["GET"]}}],"collection":[{"href":"https:\/\/washnet.es\/pt-pt\/wp-json\/wp\/v2\/pages"}],"about":[{"href":"https:\/\/washnet.es\/pt-pt\/wp-json\/wp\/v2\/types\/page"}],"author":[{"embeddable":true,"href":"https:\/\/washnet.es\/pt-pt\/wp-json\/wp\/v2\/users\/1"}],"replies":[{"embeddable":true,"href":"https:\/\/washnet.es\/pt-pt\/wp-json\/wp\/v2\/comments?post=4577"}],"version-history":[{"count":5,"href":"https:\/\/washnet.es\/pt-pt\/wp-json\/wp\/v2\/pages\/4577\/revisions"}],"predecessor-version":[{"id":4583,"href":"https:\/\/washnet.es\/pt-pt\/wp-json\/wp\/v2\/pages\/4577\/revisions\/4583"}],"wp:attachment":[{"href":"https:\/\/washnet.es\/pt-pt\/wp-json\/wp\/v2\/media?parent=4577"}],"curies":[{"name":"wp","href":"https:\/\/api.w.org\/{rel}","templated":true}]}}