{"id":4556,"date":"2025-01-27T11:25:06","date_gmt":"2025-01-27T11:25:06","guid":{"rendered":"https:\/\/washnet.es\/advertencia-juridica\/"},"modified":"2025-07-23T08:43:32","modified_gmt":"2025-07-23T07:43:32","slug":"advertencia-juridica","status":"publish","type":"page","link":"https:\/\/washnet.es\/pt-pt\/advertencia-juridica\/","title":{"rendered":"Advert\u00eancia jur\u00eddica"},"content":{"rendered":"\t\t<div data-elementor-type=\"wp-page\" data-elementor-id=\"4556\" class=\"elementor elementor-4556 elementor-838\" data-elementor-post-type=\"page\">\n\t\t\t\t<div class=\"elementor-element elementor-element-bea290b e-flex e-con-boxed e-con e-parent\" data-id=\"bea290b\" data-element_type=\"container\" data-e-type=\"container\">\n\t\t\t\t\t<div class=\"e-con-inner\">\n\t\t\t\t<div class=\"elementor-element elementor-element-457ec93 elementor-widget elementor-widget-heading\" data-id=\"457ec93\" data-element_type=\"widget\" data-e-type=\"widget\" data-widget_type=\"heading.default\">\n\t\t\t\t<div class=\"elementor-widget-container\">\n\t\t\t\t\t<h2 class=\"elementor-heading-title elementor-size-default\">Advert\u00eancia jur\u00eddica<\/h2>\t\t\t\t<\/div>\n\t\t\t\t<\/div>\n\t\t\t\t<div class=\"elementor-element elementor-element-384ffa15 elementor-widget elementor-widget-text-editor\" data-id=\"384ffa15\" data-element_type=\"widget\" data-e-type=\"widget\" data-widget_type=\"text-editor.default\">\n\t\t\t\t<div class=\"elementor-widget-container\">\n\t\t\t\t\t\t\t\t\t\n<p><strong>TITULAR<\/strong><\/p>\n\n\n\n<p>Os detalhes do propriet\u00e1rio deste site s\u00e3o:<\/p>\n\n\n\n<p><strong>F\u00c1BRICA DE REDES DE LAVAR ROUPA, S.L<\/strong><\/p>\n\n\n\n<p>NIF: B-67581017<\/p>\n\n\n\n<p>Endere\u00e7o: Calle Escultor Llimona, 9, 08328 in Alella (Barcelona)<\/p>\n\n\n\n<p>Telefone: +34 935 403 781<\/p>\n\n\n\n<p>E-mail: <a href=\"mailto:info@washnet.es\">info@washnet.es<\/a><\/p>\n\n\n\n<p>Inscri\u00e7\u00e3o no Registo: Inscrita no Registo Mercantil de Barcelona, P\u00e1gina B-547679, F\u00f3lio 199 Volume 47.296.<\/p>\n\n\n\n<p><strong>1.- CONDI\u00c7\u00d5ES GERAIS DE UTILIZA\u00c7\u00c3O<\/strong><\/p>\n\n\n\n<ul class=\"wp-block-list\">\n<li>A utiliza\u00e7\u00e3o deste Website confere o estatuto de utilizador e implica a aceita\u00e7\u00e3o plena e sem reservas deste Aviso Legal ao mesmo tempo que o utilizador acede ao Website. Por conseguinte, o utilizador deve ler este Aviso Legal em detalhe cada vez que pretende utilizar o Website, tendo em conta que o mesmo pode ser modificado. <\/li>\n\n\n\n<li>A nossa <a href=\"https:\/\/washnet.es\/politica-privacidad\/\">Pol\u00edtica de Privacidade e cookies<\/a> tamb\u00e9m se aplica \u00e0 utiliza\u00e7\u00e3o do Website<\/li>\n\n\n\n<li>A navega\u00e7\u00e3o e utiliza\u00e7\u00e3o deste Website \u00e9 gratuita, sem necessidade de subscri\u00e7\u00e3o ou registo pr\u00e9vio.<\/li>\n\n\n\n<li>A WASHNET FACTORY, S.L. reserva-se o direito de modificar o conte\u00fado deste aviso legal sem aviso pr\u00e9vio, portanto, e para uma correta utiliza\u00e7\u00e3o do Website, recomendamos que visite periodicamente esta sec\u00e7\u00e3o.<\/li>\n<\/ul>\n\n\n\n<p><strong>2.- PROPRIEDADE INTELECTUAL E INDUSTRIAL<\/strong><\/p>\n\n\n\n<p>\u00a9 2021, F\u00c1BRICA WASHNET, S.L. Todos os direitos reservados.<\/p>\n\n\n\n<ul class=\"wp-block-list\">\n<li>Este Website e os conte\u00fados nele inclu\u00eddos: artigos, textos, imagens, log\u00f3tipos, marcas, bot\u00f5es, software, etc., est\u00e3o protegidos pela legisla\u00e7\u00e3o em vigor em mat\u00e9ria de propriedade industrial e intelectual e s\u00e3o propriedade do titular ou de terceiros que tenham autorizado a sua utiliza\u00e7\u00e3o pelo propriet\u00e1rio, sendo expressamente proibida a explora\u00e7\u00e3o sem autoriza\u00e7\u00e3o deste.<\/li>\n\n\n\n<li>O acesso a este Website n\u00e3o implica, em caso algum, a aquisi\u00e7\u00e3o pelos utilizadores de quaisquer direitos de propriedade sobre o conte\u00fado nele contido.<\/li>\n\n\n\n<li>O propriet\u00e1rio reserva-se o direito de modificar, atualizar ou eliminar qualquer conte\u00fado deste Website, a qualquer momento e sem aviso pr\u00e9vio.<\/li>\n\n\n\n<li>As pessoas que pretendam estabelecer um &#8220;link&#8221; ou hiperliga\u00e7\u00e3o entre o seu website e este Website devem obter a autoriza\u00e7\u00e3o expressa por escrito do propriet\u00e1rio, sem que tal implique uma rela\u00e7\u00e3o entre o propriet\u00e1rio e o propriet\u00e1rio da p\u00e1gina em que o &#8220;link&#8221; est\u00e1 estabelecido, nem a aprova\u00e7\u00e3o ou aceita\u00e7\u00e3o por parte do propriet\u00e1rio do seu conte\u00fado ou servi\u00e7os. Links profundos para outras p\u00e1ginas (&#8220;deep link&#8221;), framing (&#8220;framing&#8221;), bem como quaisquer outros n\u00e3o autorizados s\u00e3o expressamente proibidos. <\/li>\n<\/ul>\n\n\n\n<p>&nbsp;<strong>3.- <\/strong><strong>UTILIZA\u00c7\u00d5ES PROIBIDAS<\/strong><\/p>\n\n\n\n<p>\u00c9 proibida qualquer forma de explora\u00e7\u00e3o, incluindo qualquer tipo de reprodu\u00e7\u00e3o, distribui\u00e7\u00e3o, transfer\u00eancia para terceiros, comunica\u00e7\u00e3o p\u00fablica e transforma\u00e7\u00e3o, atrav\u00e9s de qualquer tipo de suporte e meios das referidas obras, cria\u00e7\u00f5es e sinais distintivos sem pr\u00e9via e expressa autoriza\u00e7\u00e3o dos respetivos propriet\u00e1rios. O incumprimento desta proibi\u00e7\u00e3o pode constituir uma infra\u00e7\u00e3o pun\u00edvel pela legisla\u00e7\u00e3o em vigor. <\/p>\n\n\n\n<p><strong>4.- LIMITA\u00c7\u00c3O DE RESPONSABILIDADE<\/strong><\/p>\n\n\n\n<ul class=\"wp-block-list\">\n<li>O titular reserva-se o direito de interromper o acesso ao seu Website, bem como a presta\u00e7\u00e3o de qualquer servi\u00e7o atrav\u00e9s do mesmo a qualquer momento e sem aviso pr\u00e9vio, seja por motivos t\u00e9cnicos, de seguran\u00e7a, de manuten\u00e7\u00e3o ou qualquer outro motivo.<\/li>\n\n\n\n<li>O titular n\u00e3o garante o acesso cont\u00ednuo, nem a correta visualiza\u00e7\u00e3o, download ou utiliza\u00e7\u00e3o dos elementos e informa\u00e7\u00f5es contidos no Website, que possam ser impedidos, dificultados ou interrompidos por fatores ou circunst\u00e2ncias alheios ao seu controlo e\/ou que resultem de a\u00e7\u00f5es intencionais ou culposas do utilizador.<\/li>\n\n\n\n<li>As informa\u00e7\u00f5es contidas neste site podem n\u00e3o estar corretas, apesar dos esfor\u00e7os feitos para garantir que sejam precisas e atualizadas. Consequentemente, o propriet\u00e1rio n\u00e3o \u00e9 respons\u00e1vel por quaisquer erros nele contidos, nem por quaisquer danos decorrentes da sua utiliza\u00e7\u00e3o. <\/li>\n\n\n\n<li>Este site pode conter links para outros sites por cujo conte\u00fado, utilidade ou precis\u00e3o o propriet\u00e1rio n\u00e3o pode ser responsabilizado. A incorpora\u00e7\u00e3o de um link neste Website n\u00e3o pode ser considerada uma recomenda\u00e7\u00e3o aos utilizadores para prosseguirem com a sua utiliza\u00e7\u00e3o, sendo a decis\u00e3o de os utilizar da responsabilidade destes \u00faltimos. <\/li>\n\n\n\n<li>O propriet\u00e1rio n\u00e3o \u00e9 respons\u00e1vel por quaisquer danos decorrentes da utiliza\u00e7\u00e3o deste Website ou dos seus conte\u00fados, e n\u00e3o garante a aus\u00eancia de v\u00edrus ou a impossibilidade de causar danos aos sistemas inform\u00e1ticos do utilizador.<\/li>\n\n\n\n<li>O propriet\u00e1rio n\u00e3o \u00e9 respons\u00e1vel por qualquer uso indevido que possa ser feito deste site.<\/li>\n<\/ul>\n\n\n\n<p><strong>5.- LEGISLA\u00c7\u00c3O APLIC\u00c1VEL E TRIBUNAIS COMPETENTES<\/strong><\/p>\n\n\n\n<p>As condi\u00e7\u00f5es deste Website e a rela\u00e7\u00e3o entre o utilizador e o propriet\u00e1rio. reger-se-\u00e1 pela legisla\u00e7\u00e3o e jurisdi\u00e7\u00e3o espanholas. Para saber qualquer discrep\u00e2ncia que possa surgir entre o usu\u00e1rio e o propriet\u00e1rio, eles se submetem aos Tribunais de Barcelona (Espanha).  <\/p>\n\n\n\n<p><strong>Texto atualizado em janeiro de 2022<\/strong>.<\/p>\n\t\t\t\t\t\t\t\t<\/div>\n\t\t\t\t<\/div>\n\t\t\t\t\t<\/div>\n\t\t\t\t<\/div>\n\t\t\t\t<\/div>\n\t\t","protected":false},"excerpt":{"rendered":"<p>Advert\u00eancia jur\u00eddica TITULAR Os detalhes do propriet\u00e1rio deste site s\u00e3o: F\u00c1BRICA DE REDES DE LAVAR ROUPA, S.L NIF: B-67581017 Endere\u00e7o: Calle Escultor Llimona, 9, 08328 in Alella (Barcelona) Telefone: +34 935 403 781 E-mail: info@washnet.es Inscri\u00e7\u00e3o no Registo: Inscrita no Registo Mercantil de Barcelona, P\u00e1gina B-547679, F\u00f3lio 199 Volume 47.296. 1.- CONDI\u00c7\u00d5ES GERAIS DE UTILIZA\u00c7\u00c3O [&hellip;]<\/p>\n","protected":false},"author":1,"featured_media":0,"parent":0,"menu_order":0,"comment_status":"closed","ping_status":"closed","template":"elementor_header_footer","meta":{"footnotes":""},"class_list":["post-4556","page","type-page","status-publish","hentry"],"yoast_head":"<!-- This site is optimized with the Yoast SEO plugin v27.2 - https:\/\/yoast.com\/product\/yoast-seo-wordpress\/ -->\n<title>Advert\u00eancia jur\u00eddica - Washnet<\/title>\n<meta name=\"robots\" content=\"noindex, nofollow\" \/>\n<meta property=\"og:locale\" content=\"pt_PT\" \/>\n<meta property=\"og:type\" content=\"article\" \/>\n<meta property=\"og:title\" content=\"Advert\u00eancia jur\u00eddica - Washnet\" \/>\n<meta property=\"og:description\" content=\"Advert\u00eancia jur\u00eddica TITULAR Os detalhes do propriet\u00e1rio deste site s\u00e3o: F\u00c1BRICA DE REDES DE LAVAR ROUPA, S.L NIF: B-67581017 Endere\u00e7o: Calle Escultor Llimona, 9, 08328 in Alella (Barcelona) Telefone: +34 935 403 781 E-mail: info@washnet.es Inscri\u00e7\u00e3o no Registo: Inscrita no Registo Mercantil de Barcelona, P\u00e1gina B-547679, F\u00f3lio 199 Volume 47.296. 1.- CONDI\u00c7\u00d5ES GERAIS DE UTILIZA\u00c7\u00c3O [&hellip;]\" \/>\n<meta property=\"og:url\" content=\"https:\/\/washnet.es\/pt-pt\/advertencia-juridica\/\" \/>\n<meta property=\"og:site_name\" content=\"Washnet\" \/>\n<meta property=\"article:modified_time\" content=\"2025-07-23T07:43:32+00:00\" \/>\n<meta name=\"twitter:card\" content=\"summary_large_image\" \/>\n<meta name=\"twitter:label1\" content=\"Tempo estimado de leitura\" \/>\n\t<meta name=\"twitter:data1\" content=\"4 minutos\" \/>\n<script type=\"application\/ld+json\" class=\"yoast-schema-graph\">{\"@context\":\"https:\/\/schema.org\",\"@graph\":[{\"@type\":\"WebPage\",\"@id\":\"https:\/\/washnet.es\/pt-pt\/advertencia-juridica\/\",\"url\":\"https:\/\/washnet.es\/pt-pt\/advertencia-juridica\/\",\"name\":\"Advert\u00eancia jur\u00eddica - Washnet\",\"isPartOf\":{\"@id\":\"https:\/\/washnet.es\/#website\"},\"datePublished\":\"2025-01-27T11:25:06+00:00\",\"dateModified\":\"2025-07-23T07:43:32+00:00\",\"breadcrumb\":{\"@id\":\"https:\/\/washnet.es\/pt-pt\/advertencia-juridica\/#breadcrumb\"},\"inLanguage\":\"pt-PT\",\"potentialAction\":[{\"@type\":\"ReadAction\",\"target\":[\"https:\/\/washnet.es\/pt-pt\/advertencia-juridica\/\"]}]},{\"@type\":\"BreadcrumbList\",\"@id\":\"https:\/\/washnet.es\/pt-pt\/advertencia-juridica\/#breadcrumb\",\"itemListElement\":[{\"@type\":\"ListItem\",\"position\":1,\"name\":\"Portada\",\"item\":\"https:\/\/washnet.es\/pt-pt\/casa\/\"},{\"@type\":\"ListItem\",\"position\":2,\"name\":\"Advert\u00eancia jur\u00eddica\"}]},{\"@type\":\"WebSite\",\"@id\":\"https:\/\/washnet.es\/#website\",\"url\":\"https:\/\/washnet.es\/\",\"name\":\"Washnet\",\"description\":\"\",\"publisher\":{\"@id\":\"https:\/\/washnet.es\/#organization\"},\"potentialAction\":[{\"@type\":\"SearchAction\",\"target\":{\"@type\":\"EntryPoint\",\"urlTemplate\":\"https:\/\/washnet.es\/?s={search_term_string}\"},\"query-input\":{\"@type\":\"PropertyValueSpecification\",\"valueRequired\":true,\"valueName\":\"search_term_string\"}}],\"inLanguage\":\"pt-PT\"},{\"@type\":\"Organization\",\"@id\":\"https:\/\/washnet.es\/#organization\",\"name\":\"Washnet\",\"url\":\"https:\/\/washnet.es\/\",\"logo\":{\"@type\":\"ImageObject\",\"inLanguage\":\"pt-PT\",\"@id\":\"https:\/\/washnet.es\/#\/schema\/logo\/image\/\",\"url\":\"https:\/\/washnet.es\/wp-content\/uploads\/2025\/01\/logo-washnet.png\",\"contentUrl\":\"https:\/\/washnet.es\/wp-content\/uploads\/2025\/01\/logo-washnet.png\",\"width\":2491,\"height\":564,\"caption\":\"Washnet\"},\"image\":{\"@id\":\"https:\/\/washnet.es\/#\/schema\/logo\/image\/\"}}]}<\/script>\n<!-- \/ Yoast SEO plugin. -->","yoast_head_json":{"title":"Advert\u00eancia jur\u00eddica - Washnet","robots":{"index":"noindex","follow":"nofollow"},"og_locale":"pt_PT","og_type":"article","og_title":"Advert\u00eancia jur\u00eddica - Washnet","og_description":"Advert\u00eancia jur\u00eddica TITULAR Os detalhes do propriet\u00e1rio deste site s\u00e3o: F\u00c1BRICA DE REDES DE LAVAR ROUPA, S.L NIF: B-67581017 Endere\u00e7o: Calle Escultor Llimona, 9, 08328 in Alella (Barcelona) Telefone: +34 935 403 781 E-mail: info@washnet.es Inscri\u00e7\u00e3o no Registo: Inscrita no Registo Mercantil de Barcelona, P\u00e1gina B-547679, F\u00f3lio 199 Volume 47.296. 1.- CONDI\u00c7\u00d5ES GERAIS DE UTILIZA\u00c7\u00c3O [&hellip;]","og_url":"https:\/\/washnet.es\/pt-pt\/advertencia-juridica\/","og_site_name":"Washnet","article_modified_time":"2025-07-23T07:43:32+00:00","twitter_card":"summary_large_image","twitter_misc":{"Tempo estimado de leitura":"4 minutos"},"schema":{"@context":"https:\/\/schema.org","@graph":[{"@type":"WebPage","@id":"https:\/\/washnet.es\/pt-pt\/advertencia-juridica\/","url":"https:\/\/washnet.es\/pt-pt\/advertencia-juridica\/","name":"Advert\u00eancia jur\u00eddica - Washnet","isPartOf":{"@id":"https:\/\/washnet.es\/#website"},"datePublished":"2025-01-27T11:25:06+00:00","dateModified":"2025-07-23T07:43:32+00:00","breadcrumb":{"@id":"https:\/\/washnet.es\/pt-pt\/advertencia-juridica\/#breadcrumb"},"inLanguage":"pt-PT","potentialAction":[{"@type":"ReadAction","target":["https:\/\/washnet.es\/pt-pt\/advertencia-juridica\/"]}]},{"@type":"BreadcrumbList","@id":"https:\/\/washnet.es\/pt-pt\/advertencia-juridica\/#breadcrumb","itemListElement":[{"@type":"ListItem","position":1,"name":"Portada","item":"https:\/\/washnet.es\/pt-pt\/casa\/"},{"@type":"ListItem","position":2,"name":"Advert\u00eancia jur\u00eddica"}]},{"@type":"WebSite","@id":"https:\/\/washnet.es\/#website","url":"https:\/\/washnet.es\/","name":"Washnet","description":"","publisher":{"@id":"https:\/\/washnet.es\/#organization"},"potentialAction":[{"@type":"SearchAction","target":{"@type":"EntryPoint","urlTemplate":"https:\/\/washnet.es\/?s={search_term_string}"},"query-input":{"@type":"PropertyValueSpecification","valueRequired":true,"valueName":"search_term_string"}}],"inLanguage":"pt-PT"},{"@type":"Organization","@id":"https:\/\/washnet.es\/#organization","name":"Washnet","url":"https:\/\/washnet.es\/","logo":{"@type":"ImageObject","inLanguage":"pt-PT","@id":"https:\/\/washnet.es\/#\/schema\/logo\/image\/","url":"https:\/\/washnet.es\/wp-content\/uploads\/2025\/01\/logo-washnet.png","contentUrl":"https:\/\/washnet.es\/wp-content\/uploads\/2025\/01\/logo-washnet.png","width":2491,"height":564,"caption":"Washnet"},"image":{"@id":"https:\/\/washnet.es\/#\/schema\/logo\/image\/"}}]}},"_links":{"self":[{"href":"https:\/\/washnet.es\/pt-pt\/wp-json\/wp\/v2\/pages\/4556","targetHints":{"allow":["GET"]}}],"collection":[{"href":"https:\/\/washnet.es\/pt-pt\/wp-json\/wp\/v2\/pages"}],"about":[{"href":"https:\/\/washnet.es\/pt-pt\/wp-json\/wp\/v2\/types\/page"}],"author":[{"embeddable":true,"href":"https:\/\/washnet.es\/pt-pt\/wp-json\/wp\/v2\/users\/1"}],"replies":[{"embeddable":true,"href":"https:\/\/washnet.es\/pt-pt\/wp-json\/wp\/v2\/comments?post=4556"}],"version-history":[{"count":7,"href":"https:\/\/washnet.es\/pt-pt\/wp-json\/wp\/v2\/pages\/4556\/revisions"}],"predecessor-version":[{"id":5250,"href":"https:\/\/washnet.es\/pt-pt\/wp-json\/wp\/v2\/pages\/4556\/revisions\/5250"}],"wp:attachment":[{"href":"https:\/\/washnet.es\/pt-pt\/wp-json\/wp\/v2\/media?parent=4556"}],"curies":[{"name":"wp","href":"https:\/\/api.w.org\/{rel}","templated":true}]}}