{"id":4521,"date":"2025-01-22T13:33:34","date_gmt":"2025-01-22T12:33:34","guid":{"rendered":"https:\/\/washnet.es\/empresa\/"},"modified":"2026-03-19T12:16:53","modified_gmt":"2026-03-19T11:16:53","slug":"empresa","status":"publish","type":"page","link":"https:\/\/washnet.es\/pt-pt\/empresa\/","title":{"rendered":"Empresa"},"content":{"rendered":"<h1>Quem somos<\/h1>\n<h2>Design, fabrica\u00e7\u00e3o, instala\u00e7\u00e3o e manuten\u00e7\u00e3o de centros de lavagem e solu\u00e7\u00f5es modulares.<\/h2>\n<h2>Rede de lavar roupa<\/h2>\n<p>Na Washnet, desenhamos, fabricamos, instalamos e fazemos a manuten\u00e7\u00e3o de centros de lavagem de alta press\u00e3o para ve\u00edculos, oferecendo solu\u00e7\u00f5es \u00e0 medida para cada neg\u00f3cio.<\/p>\n<p><strong>Transformamos espa\u00e7os e potenciamos neg\u00f3cios.<\/strong> A nossa equipa de engenharia desenha projetos personalizados para grandes empresas, PME e operadores do setor. <\/p>\n<p><strong>Mais de 35 anos de experi\u00eancia, inova\u00e7\u00e3o e alcance global. <\/strong>Contamos com f\u00e1brica pr\u00f3pria e utilizamos tecnologia de ponta para oferecer efici\u00eancia, qualidade e rentabilidade. <\/p>\n<p>O seu sucesso \u00e9 a nossa prioridade. Confie na Washnet para levar o seu centro de lavagem ao pr\u00f3ximo n\u00edvel. <\/p>\n<h2>Grupo Moure<\/h2>\n<p>O Grupo Moure \u00e9 uma holding fundada em 1996 com presen\u00e7a nos setores de energia e lavagem de carros, entre outros. Engloba as empresas<strong> Elefante Azul, Autonetoil, Washnet, BIG FISH, Techtail e Kumbra Yachts<\/strong>.<\/p>\n<p>Operamos nos mercados B2B e B2C atrav\u00e9s de um modelo de neg\u00f3cio espec\u00edfico para cada uma das nossas marcas. Os nossos valores focam-se em oferecer um servi\u00e7o de alta qualidade, bem como seguran\u00e7a e confian\u00e7a para o consumidor final. <\/p>\n<p>Atrav\u00e9s da inova\u00e7\u00e3o, da qualidade e da profissionalidade da sua equipa, o Grupo Moure oferece rentabilidade em todas as suas atividades, acrescentando valor aos seus colaboradores, parceiros e franchisados, e criando um v\u00ednculo estreito com as suas marcas.<\/p>\n<p>\t\t\t\t\t\t\t\t\t\t\t\t\t\t\t\t<a href=\"https:\/\/elefanteazul.com\/\"><br \/>\n\t\t\t\t\t\t\t<img fetchpriority=\"high\" decoding=\"async\" width=\"232\" height=\"220\" src=\"https:\/\/washnet.es\/wp-content\/uploads\/2025\/03\/ELEF.jpg\" alt=\"\">\t\t\t\t\t\t\t\t<\/a><br \/>\n\t\t\t\t\t\t\t\t\t\t\t\t\t\t\t\t<a href=\"https:\/\/autonetoil.com\/\"><br \/>\n\t\t\t\t\t\t\t<img decoding=\"async\" width=\"794\" height=\"812\" src=\"https:\/\/washnet.es\/wp-content\/uploads\/2025\/01\/Cont-2.png\" alt=\"\" srcset=\"https:\/\/washnet.es\/wp-content\/uploads\/2025\/01\/Cont-2.png 794w, https:\/\/washnet.es\/wp-content\/uploads\/2025\/01\/Cont-2-293x300.png 293w, https:\/\/washnet.es\/wp-content\/uploads\/2025\/01\/Cont-2-768x785.png 768w\" sizes=\"(max-width: 794px) 100vw, 794px\">\t\t\t\t\t\t\t\t<\/a><br \/>\n\t\t\t\t\t\t\t\t\t\t\t\t\t\t\t<img decoding=\"async\" width=\"800\" height=\"181\" src=\"https:\/\/washnet.es\/wp-content\/uploads\/2025\/01\/logo-washnet-1024x232.png\" alt=\"\" srcset=\"https:\/\/washnet.es\/wp-content\/uploads\/2025\/01\/logo-washnet-1024x232.png 1024w, https:\/\/washnet.es\/wp-content\/uploads\/2025\/01\/logo-washnet-300x68.png 300w, https:\/\/washnet.es\/wp-content\/uploads\/2025\/01\/logo-washnet-768x174.png 768w, https:\/\/washnet.es\/wp-content\/uploads\/2025\/01\/logo-washnet-1536x348.png 1536w, https:\/\/washnet.es\/wp-content\/uploads\/2025\/01\/logo-washnet-2048x464.png 2048w\" sizes=\"(max-width: 800px) 100vw, 800px\"><br \/>\n\t\t\t\t\t\t\t\t\t\t\t\t\t\t\t\t<a href=\"https:\/\/bigfishstore.es\/\"><br \/>\n\t\t\t\t\t\t\t<img loading=\"lazy\" decoding=\"async\" width=\"237\" height=\"177\" src=\"https:\/\/washnet.es\/wp-content\/uploads\/2025\/03\/DD.jpg\" alt=\"\">\t\t\t\t\t\t\t\t<\/a><br \/>\n\t\t\t\t\t\t\t\t\t\t\t\t\t\t\t\t<a href=\"https:\/\/bigfishstore.es\/\"><br \/>\n\t\t\t\t\t\t\t<img loading=\"lazy\" decoding=\"async\" width=\"301\" height=\"135\" src=\"https:\/\/washnet.es\/wp-content\/uploads\/2025\/03\/DD1-1.jpg\" alt=\"\">\t\t\t\t\t\t\t\t<\/a><br \/>\n\t\t\t\t\t\t\t\t\t\t\t\t\t\t\t\t<a href=\"https:\/\/www.kumbrayachts.com\/es\/inicio-2\/\"><br \/>\n\t\t\t\t\t\t\t<img loading=\"lazy\" decoding=\"async\" width=\"800\" height=\"550\" src=\"https:\/\/washnet.es\/wp-content\/uploads\/2025\/01\/Cont-1-1024x704.png\" alt=\"\" srcset=\"https:\/\/washnet.es\/wp-content\/uploads\/2025\/01\/Cont-1-1024x704.png 1024w, https:\/\/washnet.es\/wp-content\/uploads\/2025\/01\/Cont-1-300x206.png 300w, https:\/\/washnet.es\/wp-content\/uploads\/2025\/01\/Cont-1-768x528.png 768w, https:\/\/washnet.es\/wp-content\/uploads\/2025\/01\/Cont-1.png 1191w\" sizes=\"(max-width: 800px) 100vw, 800px\">\t\t\t\t\t\t\t\t<\/a><\/p>\n<h2>O Nosso Compromisso<\/h2>\n<h3>Conhe\u00e7a as nossas solu\u00e7\u00f5es<\/h3>\n<p>\t\t\t\t<svg aria-hidden=\"true\" viewbox=\"0 0 288 512\" xmlns=\"http:\/\/www.w3.org\/2000\/svg\"><path d=\"M112 316.94v156.69l22.02 33.02c4.75 7.12 15.22 7.12 19.97 0L176 473.63V316.94c-10.39 1.92-21.06 3.06-32 3.06s-21.61-1.14-32-3.06zM144 0C64.47 0 0 64.47 0 144s64.47 144 144 144 144-64.47 144-144S223.53 0 144 0zm0 76c-37.5 0-68 30.5-68 68 0 6.62-5.38 12-12 12s-12-5.38-12-12c0-50.73 41.28-92 92-92 6.62 0 12 5.38 12 12s-5.38 12-12 12z\"><\/path><\/svg>\t\t\t\t<\/p>\n<h4>\n Autosservi\u00e7o<br \/>\n\t\t\t\t\t<\/h4>\n<p>\n Sistemas de lavagem de alta press\u00e3o com equipamentos auxiliares e estruturas personalizadas. <\/p>\n<p>\t\t\t\t<svg aria-hidden=\"true\" viewbox=\"0 0 448 512\" xmlns=\"http:\/\/www.w3.org\/2000\/svg\"><path d=\"M400 32H48C21.5 32 0 53.5 0 80v352c0 26.5 21.5 48 48 48h352c26.5 0 48-21.5 48-48V80c0-26.5-21.5-48-48-48zm-6 400H54c-3.3 0-6-2.7-6-6V86c0-3.3 2.7-6 6-6h340c3.3 0 6 2.7 6 6v340c0 3.3-2.7 6-6 6z\"><\/path><\/svg>\t\t\t\t<\/p>\n<h4>\n Lavandarias modulares<br \/>\n\t\t\t\t\t<\/h4>\n<p>\n Solu\u00e7\u00f5es &#8220;Plug &amp; play&#8221; prontas a operar com controlo de dom\u00f3tica. <\/p>\n<p>\t\t\t\t<svg aria-hidden=\"true\" viewbox=\"0 0 640 512\" xmlns=\"http:\/\/www.w3.org\/2000\/svg\"><path d=\"M488 192H336v56c0 39.7-32.3 72-72 72s-72-32.3-72-72V126.4l-64.9 39C107.8 176.9 96 197.8 96 220.2v47.3l-80 46.2C.7 322.5-4.6 342.1 4.3 357.4l80 138.6c8.8 15.3 28.4 20.5 43.7 11.7L231.4 448H368c35.3 0 64-28.7 64-64h16c17.7 0 32-14.3 32-32v-64h8c13.3 0 24-10.7 24-24v-48c0-13.3-10.7-24-24-24zm147.7-37.4L555.7 16C546.9.7 527.3-4.5 512 4.3L408.6 64H306.4c-12 0-23.7 3.4-33.9 9.7L239 94.6c-9.4 5.8-15 16.1-15 27.1V248c0 22.1 17.9 40 40 40s40-17.9 40-40v-88h184c30.9 0 56 25.1 56 56v28.5l80-46.2c15.3-8.9 20.5-28.4 11.7-43.7z\"><\/path><\/svg>\t\t\t\t<\/p>\n<h4>\n Estruturas especializadas<br \/>\n\t\t\t\t\t<\/h4>\n<p>\n Designs resistentes em a\u00e7o inoxid\u00e1vel ou galvanizado, adaptados a cada neg\u00f3cio. <\/p>\n<p>\t\t\t\t<svg aria-hidden=\"true\" viewbox=\"0 0 448 512\" xmlns=\"http:\/\/www.w3.org\/2000\/svg\"><path d=\"M448 96v256c0 51.815-61.624 96-130.022 96l62.98 49.721C386.905 502.417 383.562 512 376 512H72c-7.578 0-10.892-9.594-4.957-14.279L130.022 448C61.82 448 0 403.954 0 352V96C0 42.981 64 0 128 0h192c65 0 128 42.981 128 96zM200 232V120c0-13.255-10.745-24-24-24H72c-13.255 0-24 10.745-24 24v112c0 13.255 10.745 24 24 24h104c13.255 0 24-10.745 24-24zm200 0V120c0-13.255-10.745-24-24-24H272c-13.255 0-24 10.745-24 24v112c0 13.255 10.745 24 24 24h104c13.255 0 24-10.745 24-24zm-48 56c-26.51 0-48 21.49-48 48s21.49 48 48 48 48-21.49 48-48-21.49-48-48-48zm-256 0c-26.51 0-48 21.49-48 48s21.49 48 48 48 48-21.49 48-48-21.49-48-48-48z\"><\/path><\/svg>\t\t\t\t<\/p>\n<h4>\n Contentores de transporte mar\u00edtimo<br \/>\n\t\t\t\t\t<\/h4>\n<p>\n M\u00f3dulos \u00e0 medida para uso terrestre ou mar\u00edtimo, vers\u00e1teis e funcionais. <\/p>\n<h2>A nossa abordagem<\/h2>\n<p>\t\t\t\t\t\t\t\t\t\t\t\t\t\t\t<img loading=\"lazy\" decoding=\"async\" width=\"800\" height=\"600\" src=\"https:\/\/washnet.es\/wp-content\/uploads\/2025\/01\/Expomecanica-2024-1024x768.jpeg\" alt=\"\" srcset=\"https:\/\/washnet.es\/wp-content\/uploads\/2025\/01\/Expomecanica-2024-1024x768.jpeg 1024w, https:\/\/washnet.es\/wp-content\/uploads\/2025\/01\/Expomecanica-2024-300x225.jpeg 300w, https:\/\/washnet.es\/wp-content\/uploads\/2025\/01\/Expomecanica-2024-768x576.jpeg 768w, https:\/\/washnet.es\/wp-content\/uploads\/2025\/01\/Expomecanica-2024.jpeg 1235w\" sizes=\"(max-width: 800px) 100vw, 800px\"><br \/>\n\t\t\t\t<svg aria-hidden=\"true\" viewbox=\"0 0 512 512\" xmlns=\"http:\/\/www.w3.org\/2000\/svg\"><path d=\"M256 8C119.033 8 8 119.033 8 256s111.033 248 248 248 248-111.033 248-248S392.967 8 256 8zm0 48c110.532 0 200 89.451 200 200 0 110.532-89.451 200-200 200-110.532 0-200-89.451-200-200 0-110.532 89.451-200 200-200m140.204 130.267l-22.536-22.718c-4.667-4.705-12.265-4.736-16.97-.068L215.346 303.697l-59.792-60.277c-4.667-4.705-12.265-4.736-16.97-.069l-22.719 22.536c-4.705 4.667-4.736 12.265-.068 16.971l90.781 91.516c4.667 4.705 12.265 4.736 16.97.068l172.589-171.204c4.704-4.668 4.734-12.266.067-16.971z\"><\/path><\/svg>\t\t\t\t<\/p>\n<h3>\n Efici\u00eancia<br \/>\n\t\t\t\t\t<\/h3>\n<p>\n Projetos otimizados para maximizar o desempenho e minimizar os custos operacionais. <\/p>\n<p>\t\t\t\t<svg aria-hidden=\"true\" viewbox=\"0 0 512 512\" xmlns=\"http:\/\/www.w3.org\/2000\/svg\"><path d=\"M256 8C119.033 8 8 119.033 8 256s111.033 248 248 248 248-111.033 248-248S392.967 8 256 8zm0 48c110.532 0 200 89.451 200 200 0 110.532-89.451 200-200 200-110.532 0-200-89.451-200-200 0-110.532 89.451-200 200-200m140.204 130.267l-22.536-22.718c-4.667-4.705-12.265-4.736-16.97-.068L215.346 303.697l-59.792-60.277c-4.667-4.705-12.265-4.736-16.97-.069l-22.719 22.536c-4.705 4.667-4.736 12.265-.068 16.971l90.781 91.516c4.667 4.705 12.265 4.736 16.97.068l172.589-171.204c4.704-4.668 4.734-12.266.067-16.971z\"><\/path><\/svg>\t\t\t\t<\/p>\n<h3>\n Rentabilidade<br \/>\n\t\t\t\t\t<\/h3>\n<p>\n Solu\u00e7\u00f5es escal\u00e1veis e personalizadas para garantir um investimento seguro e rent\u00e1vel. <\/p>\n<p>\t\t\t\t<svg aria-hidden=\"true\" viewbox=\"0 0 512 512\" xmlns=\"http:\/\/www.w3.org\/2000\/svg\"><path d=\"M256 8C119.033 8 8 119.033 8 256s111.033 248 248 248 248-111.033 248-248S392.967 8 256 8zm0 48c110.532 0 200 89.451 200 200 0 110.532-89.451 200-200 200-110.532 0-200-89.451-200-200 0-110.532 89.451-200 200-200m140.204 130.267l-22.536-22.718c-4.667-4.705-12.265-4.736-16.97-.068L215.346 303.697l-59.792-60.277c-4.667-4.705-12.265-4.736-16.97-.069l-22.719 22.536c-4.705 4.667-4.736 12.265-.068 16.971l90.781 91.516c4.667 4.705 12.265 4.736 16.97.068l172.589-171.204c4.704-4.668 4.734-12.266.067-16.971z\"><\/path><\/svg>\t\t\t\t<\/p>\n<h3>\n Sustentabilidade<br \/>\n\t\t\t\t\t<\/h3>\n<p>\n Tecnologia eco-eficiente que reduz o impacto ambiental e otimiza o consumo de recursos. <\/p>\n","protected":false},"excerpt":{"rendered":"<p>Quem somos Design, fabrica\u00e7\u00e3o, instala\u00e7\u00e3o e manuten\u00e7\u00e3o de centros de lavagem e solu\u00e7\u00f5es modulares. Rede de lavar roupa Na Washnet, desenhamos, fabricamos, instalamos e fazemos a manuten\u00e7\u00e3o de centros de lavagem de alta press\u00e3o para ve\u00edculos, oferecendo solu\u00e7\u00f5es \u00e0 medida para cada neg\u00f3cio. Transformamos espa\u00e7os e potenciamos neg\u00f3cios. A nossa equipa de engenharia desenha projetos [&hellip;]<\/p>\n","protected":false},"author":1,"featured_media":0,"parent":0,"menu_order":0,"comment_status":"closed","ping_status":"closed","template":"elementor_header_footer","meta":{"footnotes":""},"class_list":["post-4521","page","type-page","status-publish","hentry"],"yoast_head":"<!-- This site is optimized with the Yoast SEO plugin v27.5 - https:\/\/yoast.com\/product\/yoast-seo-wordpress\/ -->\n<title>Empresa - Washnet<\/title>\n<meta name=\"description\" content=\"Projetamos, fabricamos e instalamos estruturas met\u00e1licas e solu\u00e7\u00f5es modulares.\" \/>\n<meta name=\"robots\" content=\"index, follow, max-snippet:-1, max-image-preview:large, max-video-preview:-1\" \/>\n<link rel=\"canonical\" href=\"https:\/\/washnet.es\/pt-pt\/empresa\/\" \/>\n<meta property=\"og:locale\" content=\"pt_PT\" \/>\n<meta property=\"og:type\" content=\"article\" \/>\n<meta property=\"og:title\" content=\"Empresa - Washnet\" \/>\n<meta property=\"og:description\" content=\"Projetamos, fabricamos e instalamos estruturas met\u00e1licas e solu\u00e7\u00f5es modulares.\" \/>\n<meta property=\"og:url\" content=\"https:\/\/washnet.es\/pt-pt\/empresa\/\" \/>\n<meta property=\"og:site_name\" content=\"Washnet\" \/>\n<meta property=\"article:modified_time\" content=\"2026-03-19T11:16:53+00:00\" \/>\n<meta property=\"og:image\" content=\"https:\/\/washnet.es\/wp-content\/uploads\/2025\/03\/ELEF.jpg\" \/>\n<meta name=\"twitter:card\" content=\"summary_large_image\" \/>\n<meta name=\"twitter:label1\" content=\"Tempo estimado de leitura\" \/>\n\t<meta name=\"twitter:data1\" content=\"2 minutos\" \/>\n<script type=\"application\/ld+json\" class=\"yoast-schema-graph\">{\"@context\":\"https:\\\/\\\/schema.org\",\"@graph\":[{\"@type\":\"WebPage\",\"@id\":\"https:\\\/\\\/washnet.es\\\/pt-pt\\\/empresa\\\/\",\"url\":\"https:\\\/\\\/washnet.es\\\/pt-pt\\\/empresa\\\/\",\"name\":\"Empresa - Washnet\",\"isPartOf\":{\"@id\":\"https:\\\/\\\/washnet.es\\\/#website\"},\"primaryImageOfPage\":{\"@id\":\"https:\\\/\\\/washnet.es\\\/pt-pt\\\/empresa\\\/#primaryimage\"},\"image\":{\"@id\":\"https:\\\/\\\/washnet.es\\\/pt-pt\\\/empresa\\\/#primaryimage\"},\"thumbnailUrl\":\"https:\\\/\\\/washnet.es\\\/wp-content\\\/uploads\\\/2025\\\/03\\\/ELEF.jpg\",\"datePublished\":\"2025-01-22T12:33:34+00:00\",\"dateModified\":\"2026-03-19T11:16:53+00:00\",\"description\":\"Projetamos, fabricamos e instalamos estruturas met\u00e1licas e solu\u00e7\u00f5es modulares.\",\"breadcrumb\":{\"@id\":\"https:\\\/\\\/washnet.es\\\/pt-pt\\\/empresa\\\/#breadcrumb\"},\"inLanguage\":\"pt-PT\",\"potentialAction\":[{\"@type\":\"ReadAction\",\"target\":[\"https:\\\/\\\/washnet.es\\\/pt-pt\\\/empresa\\\/\"]}]},{\"@type\":\"ImageObject\",\"inLanguage\":\"pt-PT\",\"@id\":\"https:\\\/\\\/washnet.es\\\/pt-pt\\\/empresa\\\/#primaryimage\",\"url\":\"https:\\\/\\\/washnet.es\\\/wp-content\\\/uploads\\\/2025\\\/03\\\/ELEF.jpg\",\"contentUrl\":\"https:\\\/\\\/washnet.es\\\/wp-content\\\/uploads\\\/2025\\\/03\\\/ELEF.jpg\"},{\"@type\":\"BreadcrumbList\",\"@id\":\"https:\\\/\\\/washnet.es\\\/pt-pt\\\/empresa\\\/#breadcrumb\",\"itemListElement\":[{\"@type\":\"ListItem\",\"position\":1,\"name\":\"Portada\",\"item\":\"https:\\\/\\\/washnet.es\\\/\"},{\"@type\":\"ListItem\",\"position\":2,\"name\":\"Empresa\"}]},{\"@type\":\"WebSite\",\"@id\":\"https:\\\/\\\/washnet.es\\\/#website\",\"url\":\"https:\\\/\\\/washnet.es\\\/\",\"name\":\"Washnet\",\"description\":\"\",\"publisher\":{\"@id\":\"https:\\\/\\\/washnet.es\\\/#organization\"},\"potentialAction\":[{\"@type\":\"SearchAction\",\"target\":{\"@type\":\"EntryPoint\",\"urlTemplate\":\"https:\\\/\\\/washnet.es\\\/?s={search_term_string}\"},\"query-input\":{\"@type\":\"PropertyValueSpecification\",\"valueRequired\":true,\"valueName\":\"search_term_string\"}}],\"inLanguage\":\"pt-PT\"},{\"@type\":\"Organization\",\"@id\":\"https:\\\/\\\/washnet.es\\\/#organization\",\"name\":\"Washnet\",\"url\":\"https:\\\/\\\/washnet.es\\\/\",\"logo\":{\"@type\":\"ImageObject\",\"inLanguage\":\"pt-PT\",\"@id\":\"https:\\\/\\\/washnet.es\\\/#\\\/schema\\\/logo\\\/image\\\/\",\"url\":\"https:\\\/\\\/washnet.es\\\/wp-content\\\/uploads\\\/2025\\\/01\\\/logo-washnet.png\",\"contentUrl\":\"https:\\\/\\\/washnet.es\\\/wp-content\\\/uploads\\\/2025\\\/01\\\/logo-washnet.png\",\"width\":2491,\"height\":564,\"caption\":\"Washnet\"},\"image\":{\"@id\":\"https:\\\/\\\/washnet.es\\\/#\\\/schema\\\/logo\\\/image\\\/\"}}]}<\/script>\n<!-- \/ Yoast SEO plugin. -->","yoast_head_json":{"title":"Empresa - Washnet","description":"Projetamos, fabricamos e instalamos estruturas met\u00e1licas e solu\u00e7\u00f5es modulares.","robots":{"index":"index","follow":"follow","max-snippet":"max-snippet:-1","max-image-preview":"max-image-preview:large","max-video-preview":"max-video-preview:-1"},"canonical":"https:\/\/washnet.es\/pt-pt\/empresa\/","og_locale":"pt_PT","og_type":"article","og_title":"Empresa - Washnet","og_description":"Projetamos, fabricamos e instalamos estruturas met\u00e1licas e solu\u00e7\u00f5es modulares.","og_url":"https:\/\/washnet.es\/pt-pt\/empresa\/","og_site_name":"Washnet","article_modified_time":"2026-03-19T11:16:53+00:00","og_image":[{"url":"https:\/\/washnet.es\/wp-content\/uploads\/2025\/03\/ELEF.jpg","type":"","width":"","height":""}],"twitter_card":"summary_large_image","twitter_misc":{"Tempo estimado de leitura":"2 minutos"},"schema":{"@context":"https:\/\/schema.org","@graph":[{"@type":"WebPage","@id":"https:\/\/washnet.es\/pt-pt\/empresa\/","url":"https:\/\/washnet.es\/pt-pt\/empresa\/","name":"Empresa - Washnet","isPartOf":{"@id":"https:\/\/washnet.es\/#website"},"primaryImageOfPage":{"@id":"https:\/\/washnet.es\/pt-pt\/empresa\/#primaryimage"},"image":{"@id":"https:\/\/washnet.es\/pt-pt\/empresa\/#primaryimage"},"thumbnailUrl":"https:\/\/washnet.es\/wp-content\/uploads\/2025\/03\/ELEF.jpg","datePublished":"2025-01-22T12:33:34+00:00","dateModified":"2026-03-19T11:16:53+00:00","description":"Projetamos, fabricamos e instalamos estruturas met\u00e1licas e solu\u00e7\u00f5es modulares.","breadcrumb":{"@id":"https:\/\/washnet.es\/pt-pt\/empresa\/#breadcrumb"},"inLanguage":"pt-PT","potentialAction":[{"@type":"ReadAction","target":["https:\/\/washnet.es\/pt-pt\/empresa\/"]}]},{"@type":"ImageObject","inLanguage":"pt-PT","@id":"https:\/\/washnet.es\/pt-pt\/empresa\/#primaryimage","url":"https:\/\/washnet.es\/wp-content\/uploads\/2025\/03\/ELEF.jpg","contentUrl":"https:\/\/washnet.es\/wp-content\/uploads\/2025\/03\/ELEF.jpg"},{"@type":"BreadcrumbList","@id":"https:\/\/washnet.es\/pt-pt\/empresa\/#breadcrumb","itemListElement":[{"@type":"ListItem","position":1,"name":"Portada","item":"https:\/\/washnet.es\/"},{"@type":"ListItem","position":2,"name":"Empresa"}]},{"@type":"WebSite","@id":"https:\/\/washnet.es\/#website","url":"https:\/\/washnet.es\/","name":"Washnet","description":"","publisher":{"@id":"https:\/\/washnet.es\/#organization"},"potentialAction":[{"@type":"SearchAction","target":{"@type":"EntryPoint","urlTemplate":"https:\/\/washnet.es\/?s={search_term_string}"},"query-input":{"@type":"PropertyValueSpecification","valueRequired":true,"valueName":"search_term_string"}}],"inLanguage":"pt-PT"},{"@type":"Organization","@id":"https:\/\/washnet.es\/#organization","name":"Washnet","url":"https:\/\/washnet.es\/","logo":{"@type":"ImageObject","inLanguage":"pt-PT","@id":"https:\/\/washnet.es\/#\/schema\/logo\/image\/","url":"https:\/\/washnet.es\/wp-content\/uploads\/2025\/01\/logo-washnet.png","contentUrl":"https:\/\/washnet.es\/wp-content\/uploads\/2025\/01\/logo-washnet.png","width":2491,"height":564,"caption":"Washnet"},"image":{"@id":"https:\/\/washnet.es\/#\/schema\/logo\/image\/"}}]}},"_links":{"self":[{"href":"https:\/\/washnet.es\/pt-pt\/wp-json\/wp\/v2\/pages\/4521","targetHints":{"allow":["GET"]}}],"collection":[{"href":"https:\/\/washnet.es\/pt-pt\/wp-json\/wp\/v2\/pages"}],"about":[{"href":"https:\/\/washnet.es\/pt-pt\/wp-json\/wp\/v2\/types\/page"}],"author":[{"embeddable":true,"href":"https:\/\/washnet.es\/pt-pt\/wp-json\/wp\/v2\/users\/1"}],"replies":[{"embeddable":true,"href":"https:\/\/washnet.es\/pt-pt\/wp-json\/wp\/v2\/comments?post=4521"}],"version-history":[{"count":2,"href":"https:\/\/washnet.es\/pt-pt\/wp-json\/wp\/v2\/pages\/4521\/revisions"}],"predecessor-version":[{"id":6444,"href":"https:\/\/washnet.es\/pt-pt\/wp-json\/wp\/v2\/pages\/4521\/revisions\/6444"}],"wp:attachment":[{"href":"https:\/\/washnet.es\/pt-pt\/wp-json\/wp\/v2\/media?parent=4521"}],"curies":[{"name":"wp","href":"https:\/\/api.w.org\/{rel}","templated":true}]}}