{"id":6454,"date":"2025-01-27T11:25:06","date_gmt":"2025-01-27T10:25:06","guid":{"rendered":"https:\/\/washnet.es\/mentions-legales\/"},"modified":"2026-03-19T13:32:33","modified_gmt":"2026-03-19T12:32:33","slug":"mentions-legales","status":"publish","type":"page","link":"https:\/\/washnet.es\/fr\/mentions-legales\/","title":{"rendered":"Mentions l\u00e9gales"},"content":{"rendered":"\t\t<div data-elementor-type=\"wp-page\" data-elementor-id=\"6454\" class=\"elementor elementor-6454 elementor-838\" data-elementor-post-type=\"page\">\n\t\t\t\t<div class=\"elementor-element elementor-element-bea290b e-flex e-con-boxed e-con e-parent\" data-id=\"bea290b\" data-element_type=\"container\" data-e-type=\"container\">\n\t\t\t\t\t<div class=\"e-con-inner\">\n\t\t\t\t<div class=\"elementor-element elementor-element-457ec93 elementor-widget elementor-widget-heading\" data-id=\"457ec93\" data-element_type=\"widget\" data-e-type=\"widget\" data-widget_type=\"heading.default\">\n\t\t\t\t<div class=\"elementor-widget-container\">\n\t\t\t\t\t<h2 class=\"elementor-heading-title elementor-size-default\">Aviso Legal<\/h2>\t\t\t\t<\/div>\n\t\t\t\t<\/div>\n\t\t\t\t<div class=\"elementor-element elementor-element-384ffa15 elementor-widget elementor-widget-text-editor\" data-id=\"384ffa15\" data-element_type=\"widget\" data-e-type=\"widget\" data-widget_type=\"text-editor.default\">\n\t\t\t\t<div class=\"elementor-widget-container\">\n\t\t\t\t\t\t\t\t\t\n<p><strong>TITULAIRE<\/strong><\/p>\n\n\n\n<p>Les informations du titulaire de ce site web sont :<\/p>\n\n\n\n<p><strong>WASHNET FACTORY, S.L<\/strong><\/p>\n\n\n\n<p>NIF: B-67581017<\/p>\n\n\n\n<p>Adresse : Calle Escultor Llimona, 9, 08328 Alella (Barcelone)<\/p>\n\n\n\n<p>Tel: +34 935 403 781<\/p>\n\n\n\n<p>Courrier \u00e9lectronique:&nbsp;<a href=\"mailto:info@washnet.es\">info@washnet.es<\/a><\/p>\n\n\n\n<p>Immatriculation au Registre du Commerce : Inscrite au Registre du commerce de Barcelone, Feuille B-547679, Folio 199, Tome 47.296.<\/p>\n\n\n\n<p><strong>1.- CONDITIONS G\u00c9N\u00c9RALES D\u2019UTILISATION<\/strong><\/p>\n\n\n\n<ul class=\"wp-block-list\">\n<li>L\u2019utilisation de ce site web conf\u00e8re la qualit\u00e9 d\u2019utilisateur et implique l\u2019acceptation pleine et sans r\u00e9serve du pr\u00e9sent Aviso Legal au moment m\u00eame o\u00f9 l\u2019utilisateur acc\u00e8de au site. Par cons\u00e9quent, l\u2019utilisateur doit lire attentivement le pr\u00e9sent Aviso Legal \u00e0 chacune des occasions o\u00f9 il envisage d\u2019utiliser le site, \u00e9tant donn\u00e9 que celui-ci peut faire l\u2019objet de modifications. <\/li>\n\n\n\n<li>Dans le cadre de l\u2019utilisation du site web, notre <a href=\"https:\/\/washnet.es\/politica-privacidad\/\">Politique de Confidentialit\u00e9 et notre politique de cookies<\/a> s\u2019appliquent \u00e9galement.<\/li>\n\n\n\n<li>La navigation et l\u2019utilisation de ce site web sont gratuites et ne n\u00e9cessitent ni abonnement ni inscription pr\u00e9alable.<\/li>\n\n\n\n<li>WASHNET FACTORY, S.L. se r\u00e9serve le droit de modifier, sans pr\u00e9avis, le contenu du pr\u00e9sent Aviso Legal. Par cons\u00e9quent, pour une utilisation correcte du site web, nous vous recommandons de consulter p\u00e9riodiquement cette section.<\/li>\n<\/ul>\n\n\n\n<p><strong>2.- PROPRI\u00c9T\u00c9 INTELLECTUELLE ET INDUSTRIELLE<\/strong><\/p>\n\n\n\n<p>\u00a9 2026, WASHNET FACTORY, S.L. Tous droits r\u00e9serv\u00e9s.<\/p>\n\n\n\n<ul class=\"wp-block-list\">\n<li>Ce site web ainsi que les contenus qui y sont inclus : articles, textes, images, logos, marques, boutons, logiciels, etc., sont prot\u00e9g\u00e9s par la l\u00e9gislation en vigueur en mati\u00e8re de propri\u00e9t\u00e9 intellectuelle et industrielle et sont la propri\u00e9t\u00e9 du titulaire ou de tiers ayant autoris\u00e9 leur utilisation au titulaire. Toute exploitation sans l\u2019autorisation du titulaire est express\u00e9ment interdite.<\/li>\n\n\n\n<li>L\u2019acc\u00e8s \u00e0 ce site web n\u2019implique en aucun cas l\u2019acquisition, par les utilisateurs, de droits de propri\u00e9t\u00e9 sur les contenus qui y figurent.<\/li>\n\n\n\n<li>Le titulaire se r\u00e9serve le droit de modifier, mettre \u00e0 jour ou supprimer tout contenu de ce site web, \u00e0 tout moment et sans pr\u00e9avis.<\/li>\n\n\n\n<li>Les personnes souhaitant \u00e9tablir un \u00ab lien \u00bb ou hyperlien entre leur site web et ce site web devront obtenir l\u2019autorisation expresse et \u00e9crite du titulaire, sans que cela n\u2019implique l\u2019existence d\u2019une relation entre celui-ci et le titulaire du site sur lequel le lien est \u00e9tabli, ni l\u2019approbation ou l\u2019acceptation par le titulaire de ses contenus ou services. Les liens profonds vers d\u2019autres pages (\u00ab deep link \u00bb), leur encadrement (\u00ab framing \u00bb) ainsi que tout autre type de lien non autoris\u00e9 sont express\u00e9ment interdits. <\/li>\n<\/ul>\n\n\n\n<p>&nbsp;<strong>3.-&nbsp;<\/strong><strong>UTILISATIONS INTERDITES<\/strong><\/p>\n\n\n\n<p>Toute forme d\u2019exploitation est interdite, y compris toute reproduction, distribution, cession \u00e0 des tiers, communication publique et transformation, par tout support et tout moyen, des \u0153uvres, cr\u00e9ations et signes distinctifs mentionn\u00e9s ci-dessus, sans l\u2019autorisation pr\u00e9alable et expresse de leurs titulaires respectifs.<br>Le non-respect de cette interdiction peut constituer une infraction sanctionn\u00e9e par la l\u00e9gislation en vigueur. <\/p>\n\n\n\n<p><strong>4.- LIMITATION DE RESPONSABILIT\u00c9<\/strong><\/p>\n\n\n\n<ul class=\"wp-block-list\">\n<li>Le titulaire se r\u00e9serve le droit d\u2019interrompre l\u2019acc\u00e8s \u00e0 son site web, ainsi que la fourniture de tout service via celui-ci, \u00e0 tout moment et sans pr\u00e9avis, que ce soit pour des raisons techniques, de s\u00e9curit\u00e9, de maintenance ou pour toute autre cause.<\/li>\n\n\n\n<li>Le titulaire ne garantit pas un acc\u00e8s continu, ni la visualisation correcte, le t\u00e9l\u00e9chargement ou l\u2019utilit\u00e9 des \u00e9l\u00e9ments et informations contenus sur le site web, qui peuvent \u00eatre emp\u00each\u00e9s, entrav\u00e9s ou interrompus par des facteurs ou circonstances \u00e9chappant \u00e0 son contr\u00f4le et\/ou r\u00e9sultant d\u2019un comportement intentionnel ou fautif de l\u2019utilisateur.<\/li>\n\n\n\n<li>Les informations contenues sur ce site web peuvent ne pas \u00eatre exactes, malgr\u00e9 les efforts r\u00e9alis\u00e9s pour en assurer l\u2019exactitude et la mise \u00e0 jour. En cons\u00e9quence, le titulaire ne saurait \u00eatre tenu responsable des erreurs qui y figurent, ni des dommages ou pr\u00e9judices r\u00e9sultant de leur utilisation. <\/li>\n\n\n\n<li>Ce site web peut contenir des liens vers d\u2019autres sites web dont le contenu, l\u2019utilit\u00e9 ou l\u2019exactitude ne rel\u00e8vent pas de la responsabilit\u00e9 du titulaire. L\u2019insertion d\u2019un lien sur ce site web ne peut \u00eatre consid\u00e9r\u00e9e comme une recommandation aux utilisateurs de l\u2019utiliser ; la d\u00e9cision de les consulter rel\u00e8ve de la seule responsabilit\u00e9 de ces derniers. <\/li>\n\n\n\n<li>Le titulaire ne saurait \u00eatre tenu responsable des dommages et pr\u00e9judices r\u00e9sultant de l\u2019utilisation de ce site web ou de ses contenus, et ne garantit pas l\u2019absence de virus ni l\u2019impossibilit\u00e9 de causer des dommages aux syst\u00e8mes informatiques de l\u2019utilisateur.<\/li>\n\n\n\n<li>Le titulaire ne saurait \u00eatre tenu responsable du mauvais usage qui pourrait \u00eatre fait de ce site web.<\/li>\n<\/ul>\n\n\n\n<p><strong>5.- L\u00c9GISLATION APPLICABLE ET JURIDICTIONS COMP\u00c9TENTES<\/strong><\/p>\n\n\n\n<p>Les conditions de ce site web et les relations entre l\u2019utilisateur et le titulaire sont r\u00e9gies par la l\u00e9gislation et la juridiction espagnoles. Pour tout litige pouvant survenir entre l\u2019utilisateur et le titulaire, les parties se soumettent aux Cours et Tribunaux de Barcelone (Espagne).  <\/p>\n\n\n\n<p><strong>Texte mis \u00e0 jour en janvier 2022.<\/strong><\/p>\n\t\t\t\t\t\t\t\t<\/div>\n\t\t\t\t<\/div>\n\t\t\t\t\t<\/div>\n\t\t\t\t<\/div>\n\t\t\t\t<\/div>\n\t\t","protected":false},"excerpt":{"rendered":"<p>Aviso Legal TITULAIRE Les informations du titulaire de ce site web sont : WASHNET FACTORY, S.L NIF: B-67581017 Adresse : Calle Escultor Llimona, 9, 08328 Alella (Barcelone) Tel: +34 935 403 781 Courrier \u00e9lectronique:&nbsp;info@washnet.es Immatriculation au Registre du Commerce : Inscrite au Registre du commerce de Barcelone, Feuille B-547679, Folio 199, Tome 47.296. 1.- CONDITIONS [&hellip;]<\/p>\n","protected":false},"author":1,"featured_media":0,"parent":0,"menu_order":0,"comment_status":"closed","ping_status":"closed","template":"elementor_header_footer","meta":{"footnotes":""},"class_list":["post-6454","page","type-page","status-publish","hentry"],"yoast_head":"<!-- This site is optimized with the Yoast SEO plugin v27.3 - https:\/\/yoast.com\/product\/yoast-seo-wordpress\/ -->\n<title>Mentions l\u00e9gales - Washnet<\/title>\n<meta name=\"robots\" content=\"noindex, nofollow\" \/>\n<meta property=\"og:locale\" content=\"fr_FR\" \/>\n<meta property=\"og:type\" content=\"article\" \/>\n<meta property=\"og:title\" content=\"Mentions l\u00e9gales - Washnet\" \/>\n<meta property=\"og:description\" content=\"Aviso Legal TITULAIRE Les informations du titulaire de ce site web sont : WASHNET FACTORY, S.L NIF: B-67581017 Adresse : Calle Escultor Llimona, 9, 08328 Alella (Barcelone) Tel: +34 935 403 781 Courrier \u00e9lectronique:&nbsp;info@washnet.es Immatriculation au Registre du Commerce : Inscrite au Registre du commerce de Barcelone, Feuille B-547679, Folio 199, Tome 47.296. 1.- CONDITIONS [&hellip;]\" \/>\n<meta property=\"og:url\" content=\"https:\/\/washnet.es\/fr\/mentions-legales\/\" \/>\n<meta property=\"og:site_name\" content=\"Washnet\" \/>\n<meta property=\"article:modified_time\" content=\"2026-03-19T12:32:33+00:00\" \/>\n<meta name=\"twitter:card\" content=\"summary_large_image\" \/>\n<meta name=\"twitter:label1\" content=\"Dur\u00e9e de lecture estim\u00e9e\" \/>\n\t<meta name=\"twitter:data1\" content=\"4 minutes\" \/>\n<script type=\"application\/ld+json\" class=\"yoast-schema-graph\">{\"@context\":\"https:\\\/\\\/schema.org\",\"@graph\":[{\"@type\":\"WebPage\",\"@id\":\"https:\\\/\\\/washnet.es\\\/fr\\\/mentions-legales\\\/\",\"url\":\"https:\\\/\\\/washnet.es\\\/fr\\\/mentions-legales\\\/\",\"name\":\"Mentions l\u00e9gales - Washnet\",\"isPartOf\":{\"@id\":\"https:\\\/\\\/washnet.es\\\/#website\"},\"datePublished\":\"2025-01-27T10:25:06+00:00\",\"dateModified\":\"2026-03-19T12:32:33+00:00\",\"breadcrumb\":{\"@id\":\"https:\\\/\\\/washnet.es\\\/fr\\\/mentions-legales\\\/#breadcrumb\"},\"inLanguage\":\"fr-FR\",\"potentialAction\":[{\"@type\":\"ReadAction\",\"target\":[\"https:\\\/\\\/washnet.es\\\/fr\\\/mentions-legales\\\/\"]}]},{\"@type\":\"BreadcrumbList\",\"@id\":\"https:\\\/\\\/washnet.es\\\/fr\\\/mentions-legales\\\/#breadcrumb\",\"itemListElement\":[{\"@type\":\"ListItem\",\"position\":1,\"name\":\"Portada\",\"item\":\"https:\\\/\\\/washnet.es\\\/fr\\\/accueil\\\/\"},{\"@type\":\"ListItem\",\"position\":2,\"name\":\"Mentions l\u00e9gales\"}]},{\"@type\":\"WebSite\",\"@id\":\"https:\\\/\\\/washnet.es\\\/#website\",\"url\":\"https:\\\/\\\/washnet.es\\\/\",\"name\":\"Washnet\",\"description\":\"\",\"publisher\":{\"@id\":\"https:\\\/\\\/washnet.es\\\/#organization\"},\"potentialAction\":[{\"@type\":\"SearchAction\",\"target\":{\"@type\":\"EntryPoint\",\"urlTemplate\":\"https:\\\/\\\/washnet.es\\\/?s={search_term_string}\"},\"query-input\":{\"@type\":\"PropertyValueSpecification\",\"valueRequired\":true,\"valueName\":\"search_term_string\"}}],\"inLanguage\":\"fr-FR\"},{\"@type\":\"Organization\",\"@id\":\"https:\\\/\\\/washnet.es\\\/#organization\",\"name\":\"Washnet\",\"url\":\"https:\\\/\\\/washnet.es\\\/\",\"logo\":{\"@type\":\"ImageObject\",\"inLanguage\":\"fr-FR\",\"@id\":\"https:\\\/\\\/washnet.es\\\/#\\\/schema\\\/logo\\\/image\\\/\",\"url\":\"https:\\\/\\\/washnet.es\\\/wp-content\\\/uploads\\\/2025\\\/01\\\/logo-washnet.png\",\"contentUrl\":\"https:\\\/\\\/washnet.es\\\/wp-content\\\/uploads\\\/2025\\\/01\\\/logo-washnet.png\",\"width\":2491,\"height\":564,\"caption\":\"Washnet\"},\"image\":{\"@id\":\"https:\\\/\\\/washnet.es\\\/#\\\/schema\\\/logo\\\/image\\\/\"}}]}<\/script>\n<!-- \/ Yoast SEO plugin. -->","yoast_head_json":{"title":"Mentions l\u00e9gales - Washnet","robots":{"index":"noindex","follow":"nofollow"},"og_locale":"fr_FR","og_type":"article","og_title":"Mentions l\u00e9gales - Washnet","og_description":"Aviso Legal TITULAIRE Les informations du titulaire de ce site web sont : WASHNET FACTORY, S.L NIF: B-67581017 Adresse : Calle Escultor Llimona, 9, 08328 Alella (Barcelone) Tel: +34 935 403 781 Courrier \u00e9lectronique:&nbsp;info@washnet.es Immatriculation au Registre du Commerce : Inscrite au Registre du commerce de Barcelone, Feuille B-547679, Folio 199, Tome 47.296. 1.- CONDITIONS [&hellip;]","og_url":"https:\/\/washnet.es\/fr\/mentions-legales\/","og_site_name":"Washnet","article_modified_time":"2026-03-19T12:32:33+00:00","twitter_card":"summary_large_image","twitter_misc":{"Dur\u00e9e de lecture estim\u00e9e":"4 minutes"},"schema":{"@context":"https:\/\/schema.org","@graph":[{"@type":"WebPage","@id":"https:\/\/washnet.es\/fr\/mentions-legales\/","url":"https:\/\/washnet.es\/fr\/mentions-legales\/","name":"Mentions l\u00e9gales - Washnet","isPartOf":{"@id":"https:\/\/washnet.es\/#website"},"datePublished":"2025-01-27T10:25:06+00:00","dateModified":"2026-03-19T12:32:33+00:00","breadcrumb":{"@id":"https:\/\/washnet.es\/fr\/mentions-legales\/#breadcrumb"},"inLanguage":"fr-FR","potentialAction":[{"@type":"ReadAction","target":["https:\/\/washnet.es\/fr\/mentions-legales\/"]}]},{"@type":"BreadcrumbList","@id":"https:\/\/washnet.es\/fr\/mentions-legales\/#breadcrumb","itemListElement":[{"@type":"ListItem","position":1,"name":"Portada","item":"https:\/\/washnet.es\/fr\/accueil\/"},{"@type":"ListItem","position":2,"name":"Mentions l\u00e9gales"}]},{"@type":"WebSite","@id":"https:\/\/washnet.es\/#website","url":"https:\/\/washnet.es\/","name":"Washnet","description":"","publisher":{"@id":"https:\/\/washnet.es\/#organization"},"potentialAction":[{"@type":"SearchAction","target":{"@type":"EntryPoint","urlTemplate":"https:\/\/washnet.es\/?s={search_term_string}"},"query-input":{"@type":"PropertyValueSpecification","valueRequired":true,"valueName":"search_term_string"}}],"inLanguage":"fr-FR"},{"@type":"Organization","@id":"https:\/\/washnet.es\/#organization","name":"Washnet","url":"https:\/\/washnet.es\/","logo":{"@type":"ImageObject","inLanguage":"fr-FR","@id":"https:\/\/washnet.es\/#\/schema\/logo\/image\/","url":"https:\/\/washnet.es\/wp-content\/uploads\/2025\/01\/logo-washnet.png","contentUrl":"https:\/\/washnet.es\/wp-content\/uploads\/2025\/01\/logo-washnet.png","width":2491,"height":564,"caption":"Washnet"},"image":{"@id":"https:\/\/washnet.es\/#\/schema\/logo\/image\/"}}]}},"_links":{"self":[{"href":"https:\/\/washnet.es\/fr\/wp-json\/wp\/v2\/pages\/6454","targetHints":{"allow":["GET"]}}],"collection":[{"href":"https:\/\/washnet.es\/fr\/wp-json\/wp\/v2\/pages"}],"about":[{"href":"https:\/\/washnet.es\/fr\/wp-json\/wp\/v2\/types\/page"}],"author":[{"embeddable":true,"href":"https:\/\/washnet.es\/fr\/wp-json\/wp\/v2\/users\/1"}],"replies":[{"embeddable":true,"href":"https:\/\/washnet.es\/fr\/wp-json\/wp\/v2\/comments?post=6454"}],"version-history":[{"count":3,"href":"https:\/\/washnet.es\/fr\/wp-json\/wp\/v2\/pages\/6454\/revisions"}],"predecessor-version":[{"id":6457,"href":"https:\/\/washnet.es\/fr\/wp-json\/wp\/v2\/pages\/6454\/revisions\/6457"}],"wp:attachment":[{"href":"https:\/\/washnet.es\/fr\/wp-json\/wp\/v2\/media?parent=6454"}],"curies":[{"name":"wp","href":"https:\/\/api.w.org\/{rel}","templated":true}]}}