{"id":6450,"date":"2025-01-22T10:45:39","date_gmt":"2025-01-22T09:45:39","guid":{"rendered":"https:\/\/washnet.es\/politique-de-confidentialite\/"},"modified":"2026-03-19T13:00:56","modified_gmt":"2026-03-19T12:00:56","slug":"politique-de-confidentialite","status":"publish","type":"page","link":"https:\/\/washnet.es\/fr\/politique-de-confidentialite\/","title":{"rendered":"Politique de confidentialit\u00e9"},"content":{"rendered":"\t\t<div data-elementor-type=\"wp-page\" data-elementor-id=\"6450\" class=\"elementor elementor-6450 elementor-3\" data-elementor-post-type=\"page\">\n\t\t\t\t<div class=\"elementor-element elementor-element-578cfeee e-flex e-con-boxed e-con e-parent\" data-id=\"578cfeee\" data-element_type=\"container\" data-e-type=\"container\">\n\t\t\t\t\t<div class=\"e-con-inner\">\n\t\t\t\t<div class=\"elementor-element elementor-element-e947624 elementor-widget elementor-widget-text-editor\" data-id=\"e947624\" data-element_type=\"widget\" data-e-type=\"widget\" data-widget_type=\"text-editor.default\">\n\t\t\t\t<div class=\"elementor-widget-container\">\n\t\t\t\t\t\t\t\t\t\n<h2 class=\"wp-block-heading\">Politiques de confidentialit\u00e9<\/h2>\n\n\n\n<h4 class=\"wp-block-heading\">Votre vie priv\u00e9e nous tient \u00e0 c\u0153ur<\/h4>\n\n\n\n<p>L\u2019acc\u00e8s et l\u2019utilisation du site web &nbsp;<a href=\"https:\/\/washnet.es\/fr\/\">https:\/\/washnet.es\/&nbsp;<\/a>(ci-apr\u00e8s, \u00ab Site web \u00bb) conf\u00e8rent la qualit\u00e9 d\u2019utilisateur au visiteur et impliquent l\u2019acceptation totale et sans r\u00e9serve par celui-ci des conditions d\u2019utilisation en vigueur \u00e0 tout moment.<\/p>\n\n\n\n<p><strong>WASHNET FACTORY, S.L.<\/strong>&nbsp; (ci-apr\u00e8s, d\u00e9nomm\u00e9e collectivement et indistinctement <strong>\u00ab WASHNET FACTORY \u00bb<\/strong>, <strong>\u00ab nous \u00bb<\/strong>, <strong>\u00ab notre \u00bb<\/strong> <strong>ou <\/strong>\u00ab <strong>nos <\/strong>\u00bb) consid\u00e8re la vie priv\u00e9e des personnes comme fondamentale, tant celle des visiteurs du site web que de toute autre personne concern\u00e9e nous fournissant des informations dans le cadre de la prestation de services (ci-apr\u00e8s et conjointement, \u00ab <strong>vous <\/strong>\u00bb ou \u00ab <strong>l\u2019utilisateur <\/strong>\u00bb, et au pluriel, \u00ab <strong>vous <\/strong>\u00bb ou \u00ab les <strong>utilisateurs <\/strong>\u00bb).<\/p>\n\n\n\n<p>\u00c0 cet \u00e9gard, WASHNET FACTORY s\u2019engage \u00e0 traiter vos donn\u00e9es conform\u00e9ment \u00e0 la r\u00e9glementation en vigueur applicable en mati\u00e8re de protection des donn\u00e9es \u00e0 caract\u00e8re personnel \u00e0 tout moment. Concr\u00e8tement, WASHNET FACTORY respectera les dispositions \u00e9tablies dans la Loi Organique 3\/2018 du 5 d\u00e9cembre relative \u00e0 la protection des donn\u00e9es personnelles et \u00e0 la garantie des droits num\u00e9riques (\u00ab LOPDGDD \u00bb), ainsi que celles du R\u00e8glement (UE) 2016\/679 du 27 avril 2016 du Parlement europ\u00e9en et du Conseil relatif \u00e0 la protection des personnes physiques \u00e0 l\u2019\u00e9gard du traitement des donn\u00e9es \u00e0 caract\u00e8re personnel et \u00e0 la libre circulation de ces donn\u00e9es, abrogeant la Directive 95\/46\/CE (\u00ab RGPD \u00bb), ainsi que toute autre r\u00e9glementation applicable en vigueur \u00e0 tout moment. <\/p>\n\n\n\n<p>Sur cette base, WASHNET FACTORY informe de sa Politique de Confidentialit\u00e9, afin de faire conna\u00eetre aux utilisateurs le traitement de leurs donn\u00e9es, ainsi que les principes fondamentaux de protection des donn\u00e9es personnelles qu\u2019elle applique. Pour cela, veuillez consulter les sections ci-dessous :  <\/p>\n\n\n\n<p>En utilisant notre site web, l\u2019utilisateur reconna\u00eet avoir lu et accept\u00e9 la pr\u00e9sente Politique de Confidentialit\u00e9 ainsi que notre &nbsp;<a href=\"https:\/\/washnet.es\/aviso-legal\/\"><u>Mentions l\u00e9gales<\/u><\/a>.<\/p>\n\n\n\n<p><strong>1.- Qui est le Responsable du traitement de vos donn\u00e9es ?&nbsp;<\/strong><\/p>\n\n\n\n<p>Identit\u00e9 du Responsable du traitement : &nbsp;WASHNET FACTORY, S.L.<\/p>\n\n\n\n<p>N.I.F.:&nbsp;&nbsp;B-67581017<\/p>\n\n\n\n<p>Adresse postale : Calle Escultor Llimona, 9, 08328 Alella (Barcelone)<\/p>\n\n\n\n<p><strong>T\u00e9l\u00e9phone:&nbsp;<\/strong>+34 935 403 781<\/p>\n\n\n\n<p>Courrier \u00e9lectronique:&nbsp;<a href=\"mailto:info@washnet.es\">info@washnet.es<\/a><\/p>\n\n\n\n<p><strong>2.- Quelles sont les finalit\u00e9s principales du traitement de vos donn\u00e9es ?<\/strong><\/p>\n\n\n\n<p>Les donn\u00e9es personnelles fournies et collect\u00e9es, que ce soit via les formulaires disponibles sur le site web, les courriers \u00e9lectroniques et\/ou les appels, seront utilis\u00e9es aux fins suivantes : (a) r\u00e9pondre, traiter et g\u00e9rer les consultations, questions et\/ou demandes formul\u00e9es par les diff\u00e9rents utilisateurs ; (b) fournir nos services conform\u00e9ment aux Mentions l\u00e9gales ; (c) garantir le bon fonctionnement technique du site web ; et (d) les utiliser \u00e0 toute autre fin requise ou autoris\u00e9e par la l\u00e9gislation applicable ou pour laquelle vous avez donn\u00e9 votre consentement.    <\/p>\n\n\n\n<p><strong>3.- Quelle est la base juridique du traitement de vos donn\u00e9es ?<\/strong>&nbsp;&nbsp;&nbsp;&nbsp;&nbsp;&nbsp;&nbsp;&nbsp;&nbsp;&nbsp;&nbsp;&nbsp;&nbsp;&nbsp;&nbsp;<\/p>\n\n\n\n<p>Les bases l\u00e9gales pour le traitement de vos donn\u00e9es personnelles sont : (a) lorsqu\u2019il est n\u00e9cessaire pour la satisfaction des int\u00e9r\u00eats l\u00e9gitimes poursuivis par WASHNET FACTORY ; (b) lorsque vous avez donn\u00e9 votre consentement ; et (c) lorsqu\u2019il est n\u00e9cessaire pour respecter les obligations l\u00e9gales et r\u00e9glementaires de WASHNET FACTORY.   <\/p>\n\n\n\n<p><strong>4.- Pendant combien de temps conserverons-nous vos donn\u00e9es ?<\/strong><\/p>\n\n\n\n<p>Les donn\u00e9es obtenues seront conserv\u00e9es pendant toute la dur\u00e9e de votre relation avec nous et, m\u00eame apr\u00e8s la fin de celle-ci, pendant le d\u00e9lai n\u00e9cessaire \u00e0 la formulation, \u00e0 l\u2019exercice ou \u00e0 la d\u00e9fense de r\u00e9clamations, ainsi qu\u2019au respect des obligations l\u00e9gales et contractuelles, en restant d\u00fbment bloqu\u00e9es.<\/p>\n\n\n\n<p><strong>5.- Qui pourront \u00eatre les destinataires de la communication de vos donn\u00e9es ?<\/strong><\/p>\n\n\n\n<p>Selon les finalit\u00e9s pour lesquelles les informations personnelles sont collect\u00e9es, les personnes suivantes peuvent, le cas \u00e9ch\u00e9ant, y avoir acc\u00e8s :<\/p>\n\n\n\n<ul class=\"wp-block-list\">\n<li>Le personnel autoris\u00e9 de WASHNET FACTORY ou ses repr\u00e9sentants agissant au nom de WASHNET FACTORY, soumis aux lois applicables en mati\u00e8re de protection des donn\u00e9es ;<\/li>\n\n\n\n<li>Les autorit\u00e9s de r\u00e9gulation ou d\u2019autres tiers conform\u00e9ment aux lois applicables ;<\/li>\n\n\n\n<li>Des tiers (prestataires de services traitant des informations en tant que sous-traitants, sur instruction de WASHNET FACTORY). Tout cela uniquement apr\u00e8s avoir pris les mesures n\u00e9cessaires pour garantir que nous pouvons partager ces informations et apr\u00e8s avoir conclu le contrat de sous-traitance correspondant, conform\u00e9ment \u00e0 la r\u00e9glementation applicable en mati\u00e8re de protection des donn\u00e9es. <\/li>\n<\/ul>\n\n\n\n<p>Nous traitons vos donn\u00e9es au sein de l\u2019Espace \u00e9conomique europ\u00e9en et, de mani\u00e8re g\u00e9n\u00e9rale, nous faisons appel \u00e0 des prestataires de services \u00e9galement situ\u00e9s dans l\u2019Espace \u00e9conomique europ\u00e9en ou dans des pays ayant \u00e9t\u00e9 reconnus comme offrant un niveau de protection ad\u00e9quat.<\/p>\n\n\n\n<p>Si nous devions faire appel \u00e0 des prestataires de services effectuant des traitements en dehors de l\u2019Espace \u00e9conomique europ\u00e9en ou dans des pays n\u2019ayant pas \u00e9t\u00e9 reconnus comme offrant un niveau de protection ad\u00e9quat, nous veillerions \u00e0 garantir la s\u00e9curit\u00e9 et la l\u00e9gitimit\u00e9 du traitement de vos donn\u00e9es.<\/p>\n\n\n\n<p>\u00c0 cet effet, nous exigeons de ces prestataires de services les garanties appropri\u00e9es conform\u00e9ment au RGPD, de sorte qu\u2019ils disposent, par exemple, de r\u00e8gles d\u2019entreprise contraignantes garantissant une protection des informations similaire \u00e0 celle pr\u00e9vue par les normes europ\u00e9ennes ou qu\u2019ils aient sign\u00e9 les clauses contractuelles types de l\u2019Union europ\u00e9enne.<\/p>\n\n\n\n<p>Nous ne vendrons ni ne divulguerons \u00e0 des tiers aucune information ou donn\u00e9e personnelle que vous avez fournie sur notre site web et qui pourrait vous identifier directement ou indirectement.<\/p>\n\n\n\n<p><strong>6.-&nbsp;<\/strong><strong>Quels sont vos droits lorsque vous nous fournissez vos donn\u00e9es ?<\/strong><\/p>\n\n\n\n<ul class=\"wp-block-list\">\n<li>Droit de demander l\u2019acc\u00e8s aux donn\u00e9es personnelles : vous pouvez demander \u00e0 WASHNET FACTORY si vos donn\u00e9es sont trait\u00e9es et, le cas \u00e9ch\u00e9ant, y acc\u00e9der.<\/li>\n\n\n\n<li>Droit de demander leur rectification si les donn\u00e9es sont inexactes, ou de compl\u00e9ter les donn\u00e9es que nous d\u00e9tenons si elles sont incompl\u00e8tes.<\/li>\n\n\n\n<li>Droit de demander la suppression de vos donn\u00e9es.<\/li>\n\n\n\n<li>Droit de demander la limitation de leur traitement : dans ce cas, nous les conserverons uniquement pour l\u2019exercice ou la d\u00e9fense de r\u00e9clamations.<\/li>\n\n\n\n<li>Droit de s\u2019opposer au traitement : WASHNET FACTORY cessera de traiter les donn\u00e9es personnelles, sauf si leur traitement doit \u00eatre maintenu pour des motifs l\u00e9gitimes ou pour l\u2019exercice ou la d\u00e9fense d\u2019\u00e9ventuelles r\u00e9clamations.<\/li>\n\n\n\n<li>Droit \u00e0 la portabilit\u00e9 des donn\u00e9es : si l\u2019utilisateur souhaite que ses donn\u00e9es soient trait\u00e9es par un autre responsable du traitement, WASHNET FACTORY facilitera le transfert de ses donn\u00e9es vers ce nouveau responsable.<\/li>\n\n\n\n<li>Droit de ne pas faire l\u2019objet d\u2019une d\u00e9cision fond\u00e9e uniquement sur un traitement automatis\u00e9 de vos donn\u00e9es personnelles.<\/li>\n<\/ul>\n\n\n\n<p>Si vous avez donn\u00e9 votre consentement pour une finalit\u00e9 sp\u00e9cifique, vous pouvez le retirer \u00e0 tout moment, sans que cela n\u2019affecte la lic\u00e9it\u00e9 du traitement fond\u00e9 sur le consentement pr\u00e9alable \u00e0 son retrait.<\/p>\n\n\n\n<p>Pour l\u2019exercice de vos droits, nous vous prions de nous en informer par \u00e9crit \u00e0 WASHNET FACTORY, S.L., Calle Escultor Llimona, 9, 08328 Alella (Barcelone), ou de nous envoyer un e-mail \u00e0 :&nbsp;<a href=\"mailto:info@washnet.es\">info@washnet.es<\/a>&nbsp;. En cas de doute sur votre identit\u00e9, il pourra \u00eatre n\u00e9cessaire de fournir une photocopie de votre pi\u00e8ce d\u2019identit\u00e9 (DNI) ou d\u2019un document \u00e9quivalent permettant de prouver votre identit\u00e9 et reconnu comme valide en droit. Pour cela, vous pouvez utiliser les mod\u00e8les et formulaires relatifs aux diff\u00e9rents droits mis \u00e0 disposition par l\u2019Agence espagnole de protection des donn\u00e9es sur son site officiel (https:\/\/www.aepd.es\/reglamento\/derechos\/index.html).  <\/p>\n\n\n\n<p>Nous vous informons de votre droit de d\u00e9poser une r\u00e9clamation aupr\u00e8s de l\u2019Autorit\u00e9 de contr\u00f4le, en particulier aupr\u00e8s de l\u2019Agence espagnole de protection des donn\u00e9es (https:\/\/sedeagpd.gob.es\/sede-electronica-web\/vistas\/formNuevaReclamacion\/reclamacion.jsf), ainsi qu\u2019aupr\u00e8s des autres organismes publics comp\u00e9tents pour toute r\u00e9clamation relative \u00e0 vos donn\u00e9es personnelles.<\/p>\n\n\n\n<p><strong>7.- Comment prot\u00e9geons-nous vos donn\u00e9es personnelles ?<\/strong><\/p>\n\n\n\n<p>Afin de garantir la s\u00e9curit\u00e9 des informations, WASHNET FACTORY met en \u0153uvre diff\u00e9rentes mesures techniques et organisationnelles pour assurer un niveau de s\u00e9curit\u00e9 appropri\u00e9 conform\u00e9ment \u00e0 la r\u00e9glementation applicable.<br>En tout \u00e9tat de cause, WASHNET FACTORY adoptera des mesures techniques et organisationnelles ad\u00e9quates, tant lors de la conception du syst\u00e8me de traitement des donn\u00e9es qu\u2019au moment du traitement lui-m\u00eame, afin de pr\u00e9server la s\u00e9curit\u00e9 et d\u2019emp\u00eacher tout traitement non autoris\u00e9. Cependant, malgr\u00e9 la mise en \u0153uvre diligente de ces mesures, l\u2019utilisateur doit savoir que les mesures de s\u00e9curit\u00e9 sur Internet ne sont pas infaillibles. WASHNET FACTORY ne saurait \u00eatre tenue responsable des actions de tiers qui, en contournant ces mesures, acc\u00e8dent auxdites donn\u00e9es et informations.   <\/p>\n\n\n\n<p><strong>8.- Confidentialit\u00e9<\/strong><\/p>\n\n\n\n<p>Les professionnels travaillant chez WASHNET FACTORY et intervenant dans les services fournis \u00e0 l\u2019utilisateur s\u2019engagent \u00e0 ne pas divulguer ni utiliser les informations auxquelles ils ont eu acc\u00e8s.&nbsp;Les informations fournies par l\u2019utilisateur seront, dans tous les cas, consid\u00e9r\u00e9es comme confidentielles et ne pourront \u00eatre utilis\u00e9es \u00e0 d\u2019autres fins que celles li\u00e9es \u00e0 la gestion de ses demandes et, le cas \u00e9ch\u00e9ant, aux services contract\u00e9s aupr\u00e8s de WASHNET FACTORY. \u00c0 cet \u00e9gard, nous nous engageons \u00e0 ne pas divulguer ni r\u00e9v\u00e9ler des informations relatives aux demandes de l\u2019utilisateur, aux motifs du conseil sollicit\u00e9 ou \u00e0 la dur\u00e9e de sa relation avec celui-ci. <\/p>\n\n\n\n<p><strong>9.- Liens<\/strong><\/p>\n\n\n\n<p>Le site web peut contenir des liens vers d\u2019autres sites web. Veuillez noter que nous ne sommes pas responsables de la confidentialit\u00e9 ni du traitement des donn\u00e9es sur d\u2019autres sites web (sauf ceux appartenant \u00e9galement \u00e0 WASHNET FACTORY). La pr\u00e9sente Politique de Confidentialit\u00e9 s\u2019applique exclusivement aux informations collect\u00e9es sur ce site web. Nous vous recommandons de lire les politiques de confidentialit\u00e9 et de traitement des donn\u00e9es des autres sites web auxquels vous acc\u00e9dez via notre site ou que vous visitez par tout autre moyen.   <\/p>\n\n\n\n<p><strong>10.- R\u00e9seaux sociaux<\/strong><\/p>\n\n\n\n<p>WASHNET FACTORY est pr\u00e9sent sur certaines des principales r\u00e9seaux sociaux d\u2019Internet, pour lesquels il agit en tant que responsable du traitement des donn\u00e9es publi\u00e9es par WASHNET FACTORY.<\/p>\n\n\n\n<p>WASHNET FACTORY traitera les donn\u00e9es sur chaque r\u00e9seau social conform\u00e9ment aux r\u00e8gles \u00e9tablies par chacun d\u2019eux. Par cons\u00e9quent, sauf indication contraire de WASHNET FACTORY, nous pourrons informer nos abonn\u00e9s sur le r\u00e9seau social concern\u00e9 de nos activit\u00e9s, \u00e9v\u00e9nements et autres sujets li\u00e9s, y compris le service aux abonn\u00e9s, via les canaux que le r\u00e9seau social met \u00e0 disposition \u00e0 cet effet. <\/p>\n\n\n\n<p>WASHNET FACTORY n\u2019extraira pas de donn\u00e9es personnelles des r\u00e9seaux sociaux, sauf si l\u2019utilisateur nous donne son consentement expr\u00e8s.<\/p>\n\n\n\n<p><strong>11.- Politique relative aux mineurs<\/strong><\/p>\n\n\n\n<p>Ce site web n\u2019est pas con\u00e7u ni destin\u00e9 aux mineurs de dix-huit (18) ans sans l\u2019autorisation de leurs parents ou de leur tuteur l\u00e9gal. \u00c0 cet \u00e9gard, nous ne collectons pas d\u00e9lib\u00e9r\u00e9ment d\u2019informations concernant ces personnes.<br>En tout \u00e9tat de cause, si les parents ou les repr\u00e9sentants l\u00e9gaux estiment que leurs enfants nous ont transmis des donn\u00e9es personnelles sans leur consentement, nous vous prions de nous contacter en \u00e9crivant \u00e0 :  &nbsp;<a href=\"mailto:info@washnet.es\">info@washnet.es<\/a>.<\/p>\n\n\n\n<p><strong>12.- Modifications et int\u00e9grit\u00e9 de notre Politique de Confidentialit\u00e9<\/strong><\/p>\n\n\n\n<p>Nous n\u2019utiliserons vos donn\u00e9es \u00e0 caract\u00e8re personnel que conform\u00e9ment \u00e0 la Politique de Confidentialit\u00e9 en vigueur au moment de leur collecte. WASHNET FACTORY se r\u00e9serve le droit de modifier \u00e0 tout moment la pr\u00e9sente Politique de Confidentialit\u00e9 en publiant ces modifications sur le site web ; nous vous recommandons donc de la consulter chaque fois que vous y acc\u00e9dez. Si, \u00e0 un moment donn\u00e9, nous d\u00e9cidons d\u2019utiliser les donn\u00e9es personnelles d\u2019une mani\u00e8re diff\u00e9rente de celle indiqu\u00e9e au moment de leur collecte, nous vous en informerons par courrier \u00e9lectronique, \u00e0 condition de disposer de votre adresse. \u00c0 ce moment-l\u00e0, vous aurez la possibilit\u00e9 d\u2019autoriser d\u2019autres utilisations ou divulgations des donn\u00e9es personnelles que vous nous avez fournies avant la modification de notre Politique de Confidentialit\u00e9. Dans le cas o\u00f9 une clause de la pr\u00e9sente Politique de Confidentialit\u00e9 serait annul\u00e9e ou consid\u00e9r\u00e9e comme nulle, les autres dispositions ne seront pas affect\u00e9es et conserveront pleinement leur validit\u00e9 et leur efficacit\u00e9, conform\u00e9ment \u00e0 la r\u00e9glementation applicable en vigueur \u00e0 tout moment.    <\/p>\n\n\n\n<p><strong>Date de la derni\u00e8re mise \u00e0 jour : octobre 2021.<\/strong><\/p>\n\t\t\t\t\t\t\t\t<\/div>\n\t\t\t\t<\/div>\n\t\t\t\t\t<\/div>\n\t\t\t\t<\/div>\n\t\t\t\t<\/div>\n\t\t","protected":false},"excerpt":{"rendered":"<p>Politiques de confidentialit\u00e9 Votre vie priv\u00e9e nous tient \u00e0 c\u0153ur L\u2019acc\u00e8s et l\u2019utilisation du site web &nbsp;https:\/\/washnet.es\/&nbsp;(ci-apr\u00e8s, \u00ab Site web \u00bb) conf\u00e8rent la qualit\u00e9 d\u2019utilisateur au visiteur et impliquent l\u2019acceptation totale et sans r\u00e9serve par celui-ci des conditions d\u2019utilisation en vigueur \u00e0 tout moment. WASHNET FACTORY, S.L.&nbsp; (ci-apr\u00e8s, d\u00e9nomm\u00e9e collectivement et indistinctement \u00ab WASHNET FACTORY [&hellip;]<\/p>\n","protected":false},"author":1,"featured_media":0,"parent":0,"menu_order":0,"comment_status":"closed","ping_status":"closed","template":"elementor_header_footer","meta":{"footnotes":""},"class_list":["post-6450","page","type-page","status-publish","hentry"],"yoast_head":"<!-- This site is optimized with the Yoast SEO plugin v27.3 - https:\/\/yoast.com\/product\/yoast-seo-wordpress\/ -->\n<title>Politique de confidentialit\u00e9 - Washnet<\/title>\n<meta name=\"robots\" content=\"noindex, nofollow\" \/>\n<meta property=\"og:locale\" content=\"fr_FR\" \/>\n<meta property=\"og:type\" content=\"article\" \/>\n<meta property=\"og:title\" content=\"Politique de confidentialit\u00e9 - Washnet\" \/>\n<meta property=\"og:description\" content=\"Politiques de confidentialit\u00e9 Votre vie priv\u00e9e nous tient \u00e0 c\u0153ur L\u2019acc\u00e8s et l\u2019utilisation du site web &nbsp;https:\/\/washnet.es\/&nbsp;(ci-apr\u00e8s, \u00ab Site web \u00bb) conf\u00e8rent la qualit\u00e9 d\u2019utilisateur au visiteur et impliquent l\u2019acceptation totale et sans r\u00e9serve par celui-ci des conditions d\u2019utilisation en vigueur \u00e0 tout moment. WASHNET FACTORY, S.L.&nbsp; (ci-apr\u00e8s, d\u00e9nomm\u00e9e collectivement et indistinctement \u00ab WASHNET FACTORY [&hellip;]\" \/>\n<meta property=\"og:url\" content=\"https:\/\/washnet.es\/fr\/politique-de-confidentialite\/\" \/>\n<meta property=\"og:site_name\" content=\"Washnet\" \/>\n<meta property=\"article:modified_time\" content=\"2026-03-19T12:00:56+00:00\" \/>\n<meta name=\"twitter:card\" content=\"summary_large_image\" \/>\n<meta name=\"twitter:label1\" content=\"Dur\u00e9e de lecture estim\u00e9e\" \/>\n\t<meta name=\"twitter:data1\" content=\"11 minutes\" \/>\n<script type=\"application\/ld+json\" class=\"yoast-schema-graph\">{\"@context\":\"https:\\\/\\\/schema.org\",\"@graph\":[{\"@type\":\"WebPage\",\"@id\":\"https:\\\/\\\/washnet.es\\\/fr\\\/politique-de-confidentialite\\\/\",\"url\":\"https:\\\/\\\/washnet.es\\\/fr\\\/politique-de-confidentialite\\\/\",\"name\":\"Politique de confidentialit\u00e9 - Washnet\",\"isPartOf\":{\"@id\":\"https:\\\/\\\/washnet.es\\\/#website\"},\"datePublished\":\"2025-01-22T09:45:39+00:00\",\"dateModified\":\"2026-03-19T12:00:56+00:00\",\"breadcrumb\":{\"@id\":\"https:\\\/\\\/washnet.es\\\/fr\\\/politique-de-confidentialite\\\/#breadcrumb\"},\"inLanguage\":\"fr-FR\",\"potentialAction\":[{\"@type\":\"ReadAction\",\"target\":[\"https:\\\/\\\/washnet.es\\\/fr\\\/politique-de-confidentialite\\\/\"]}]},{\"@type\":\"BreadcrumbList\",\"@id\":\"https:\\\/\\\/washnet.es\\\/fr\\\/politique-de-confidentialite\\\/#breadcrumb\",\"itemListElement\":[{\"@type\":\"ListItem\",\"position\":1,\"name\":\"Portada\",\"item\":\"https:\\\/\\\/washnet.es\\\/fr\\\/accueil\\\/\"},{\"@type\":\"ListItem\",\"position\":2,\"name\":\"Politique de confidentialit\u00e9\"}]},{\"@type\":\"WebSite\",\"@id\":\"https:\\\/\\\/washnet.es\\\/#website\",\"url\":\"https:\\\/\\\/washnet.es\\\/\",\"name\":\"Washnet\",\"description\":\"\",\"publisher\":{\"@id\":\"https:\\\/\\\/washnet.es\\\/#organization\"},\"potentialAction\":[{\"@type\":\"SearchAction\",\"target\":{\"@type\":\"EntryPoint\",\"urlTemplate\":\"https:\\\/\\\/washnet.es\\\/?s={search_term_string}\"},\"query-input\":{\"@type\":\"PropertyValueSpecification\",\"valueRequired\":true,\"valueName\":\"search_term_string\"}}],\"inLanguage\":\"fr-FR\"},{\"@type\":\"Organization\",\"@id\":\"https:\\\/\\\/washnet.es\\\/#organization\",\"name\":\"Washnet\",\"url\":\"https:\\\/\\\/washnet.es\\\/\",\"logo\":{\"@type\":\"ImageObject\",\"inLanguage\":\"fr-FR\",\"@id\":\"https:\\\/\\\/washnet.es\\\/#\\\/schema\\\/logo\\\/image\\\/\",\"url\":\"https:\\\/\\\/washnet.es\\\/wp-content\\\/uploads\\\/2025\\\/01\\\/logo-washnet.png\",\"contentUrl\":\"https:\\\/\\\/washnet.es\\\/wp-content\\\/uploads\\\/2025\\\/01\\\/logo-washnet.png\",\"width\":2491,\"height\":564,\"caption\":\"Washnet\"},\"image\":{\"@id\":\"https:\\\/\\\/washnet.es\\\/#\\\/schema\\\/logo\\\/image\\\/\"}}]}<\/script>\n<!-- \/ Yoast SEO plugin. -->","yoast_head_json":{"title":"Politique de confidentialit\u00e9 - Washnet","robots":{"index":"noindex","follow":"nofollow"},"og_locale":"fr_FR","og_type":"article","og_title":"Politique de confidentialit\u00e9 - Washnet","og_description":"Politiques de confidentialit\u00e9 Votre vie priv\u00e9e nous tient \u00e0 c\u0153ur L\u2019acc\u00e8s et l\u2019utilisation du site web &nbsp;https:\/\/washnet.es\/&nbsp;(ci-apr\u00e8s, \u00ab Site web \u00bb) conf\u00e8rent la qualit\u00e9 d\u2019utilisateur au visiteur et impliquent l\u2019acceptation totale et sans r\u00e9serve par celui-ci des conditions d\u2019utilisation en vigueur \u00e0 tout moment. WASHNET FACTORY, S.L.&nbsp; (ci-apr\u00e8s, d\u00e9nomm\u00e9e collectivement et indistinctement \u00ab WASHNET FACTORY [&hellip;]","og_url":"https:\/\/washnet.es\/fr\/politique-de-confidentialite\/","og_site_name":"Washnet","article_modified_time":"2026-03-19T12:00:56+00:00","twitter_card":"summary_large_image","twitter_misc":{"Dur\u00e9e de lecture estim\u00e9e":"11 minutes"},"schema":{"@context":"https:\/\/schema.org","@graph":[{"@type":"WebPage","@id":"https:\/\/washnet.es\/fr\/politique-de-confidentialite\/","url":"https:\/\/washnet.es\/fr\/politique-de-confidentialite\/","name":"Politique de confidentialit\u00e9 - Washnet","isPartOf":{"@id":"https:\/\/washnet.es\/#website"},"datePublished":"2025-01-22T09:45:39+00:00","dateModified":"2026-03-19T12:00:56+00:00","breadcrumb":{"@id":"https:\/\/washnet.es\/fr\/politique-de-confidentialite\/#breadcrumb"},"inLanguage":"fr-FR","potentialAction":[{"@type":"ReadAction","target":["https:\/\/washnet.es\/fr\/politique-de-confidentialite\/"]}]},{"@type":"BreadcrumbList","@id":"https:\/\/washnet.es\/fr\/politique-de-confidentialite\/#breadcrumb","itemListElement":[{"@type":"ListItem","position":1,"name":"Portada","item":"https:\/\/washnet.es\/fr\/accueil\/"},{"@type":"ListItem","position":2,"name":"Politique de confidentialit\u00e9"}]},{"@type":"WebSite","@id":"https:\/\/washnet.es\/#website","url":"https:\/\/washnet.es\/","name":"Washnet","description":"","publisher":{"@id":"https:\/\/washnet.es\/#organization"},"potentialAction":[{"@type":"SearchAction","target":{"@type":"EntryPoint","urlTemplate":"https:\/\/washnet.es\/?s={search_term_string}"},"query-input":{"@type":"PropertyValueSpecification","valueRequired":true,"valueName":"search_term_string"}}],"inLanguage":"fr-FR"},{"@type":"Organization","@id":"https:\/\/washnet.es\/#organization","name":"Washnet","url":"https:\/\/washnet.es\/","logo":{"@type":"ImageObject","inLanguage":"fr-FR","@id":"https:\/\/washnet.es\/#\/schema\/logo\/image\/","url":"https:\/\/washnet.es\/wp-content\/uploads\/2025\/01\/logo-washnet.png","contentUrl":"https:\/\/washnet.es\/wp-content\/uploads\/2025\/01\/logo-washnet.png","width":2491,"height":564,"caption":"Washnet"},"image":{"@id":"https:\/\/washnet.es\/#\/schema\/logo\/image\/"}}]}},"_links":{"self":[{"href":"https:\/\/washnet.es\/fr\/wp-json\/wp\/v2\/pages\/6450","targetHints":{"allow":["GET"]}}],"collection":[{"href":"https:\/\/washnet.es\/fr\/wp-json\/wp\/v2\/pages"}],"about":[{"href":"https:\/\/washnet.es\/fr\/wp-json\/wp\/v2\/types\/page"}],"author":[{"embeddable":true,"href":"https:\/\/washnet.es\/fr\/wp-json\/wp\/v2\/users\/1"}],"replies":[{"embeddable":true,"href":"https:\/\/washnet.es\/fr\/wp-json\/wp\/v2\/comments?post=6450"}],"version-history":[{"count":3,"href":"https:\/\/washnet.es\/fr\/wp-json\/wp\/v2\/pages\/6450\/revisions"}],"predecessor-version":[{"id":6453,"href":"https:\/\/washnet.es\/fr\/wp-json\/wp\/v2\/pages\/6450\/revisions\/6453"}],"wp:attachment":[{"href":"https:\/\/washnet.es\/fr\/wp-json\/wp\/v2\/media?parent=6450"}],"curies":[{"name":"wp","href":"https:\/\/api.w.org\/{rel}","templated":true}]}}