{"id":6018,"date":"2025-07-23T08:27:51","date_gmt":"2025-07-23T07:27:51","guid":{"rendered":"https:\/\/washnet.es\/politique-environnementale\/"},"modified":"2026-02-09T17:16:40","modified_gmt":"2026-02-09T16:16:40","slug":"politique-environnementale","status":"publish","type":"page","link":"https:\/\/washnet.es\/fr\/politique-environnementale\/","title":{"rendered":"Politique environnementale"},"content":{"rendered":"\t\t<div data-elementor-type=\"wp-page\" data-elementor-id=\"6018\" class=\"elementor elementor-6018 elementor-5225\" data-elementor-post-type=\"page\">\n\t\t\t\t<div class=\"elementor-element elementor-element-578cfeee e-flex e-con-boxed e-con e-parent\" data-id=\"578cfeee\" data-element_type=\"container\" data-e-type=\"container\">\n\t\t\t\t\t<div class=\"e-con-inner\">\n\t\t\t\t<div class=\"elementor-element elementor-element-e947624 elementor-widget elementor-widget-text-editor\" data-id=\"e947624\" data-element_type=\"widget\" data-e-type=\"widget\" data-widget_type=\"text-editor.default\">\n\t\t\t\t<div class=\"elementor-widget-container\">\n\t\t\t\t\t\t\t\t\t<h2>Politique environnementale<\/h2><p><strong><span style=\"font-size: 1rem;\">WASHNET FACTORY, S.L.<\/span><\/strong>, <span style=\"font-size: 1rem;\">entreprise d\u00e9di\u00e9e \u00e0 la conception, \u00e0 la fabrication et \u00e0 l\u2019installation de modules techniques pour centres de lavage haute pression pour v\u00e9hicules, ainsi qu\u2019\u00e0 la distribution de pi\u00e8ces de rechange et d\u2019accessoires pour le lavage et la maintenance des centres de lavage, \u00e9tablit la pr\u00e9sente Politique Environnementale comme partie int\u00e9grante de son Syst\u00e8me de Management Environnemental, conform\u00e9ment aux exigences de la norme ISO 14001:2015.<\/span><\/p><h3>Engagements environnementaux<\/h3><p><strong>Conformit\u00e9 l\u00e9gale et exigences applicables <\/strong>: Nous nous engageons \u00e0 respecter la l\u00e9gislation environnementale en vigueur, ainsi que les autres exigences environnementales auxquelles l\u2019organisation souscrit.<\/p><p><strong><span class=\"fontstyle0\">Pr\u00e9vention de la pollution<\/span><\/strong> : <span class=\"fontstyle2\">Nous mettons en \u0153uvre des mesures pr\u00e9ventives et de contr\u00f4le afin de minimiser les impacts environnementaux n\u00e9gatifs li\u00e9s \u00e0 nos activit\u00e9s, produits et services.<\/span><\/p><p><span class=\"fontstyle0\"><strong>Utilisation efficace des ressources <\/strong><\/span>:<span class=\"fontstyle2\"> Nous encourageons l\u2019utilisation rationnelle des ressources naturelles telles que l\u2019eau, l\u2019\u00e9nergie et les mati\u00e8res premi\u00e8res, en appliquant des technologies et des proc\u00e9d\u00e9s plus propres et durables.<\/span><\/p><p><strong>\u00c9co-conception des produits<\/strong> :<span class=\"fontstyle2\"> Nous int\u00e9grons des crit\u00e8res environnementaux dans la conception et la fabrication de nos boxes de lavage, en cherchant \u00e0 minimiser leur impact tout au long de leur cycle de vie.<\/span><\/p><p><strong>Gestion des d\u00e9chets : <\/strong><span class=\"fontstyle2\">Nous encourageons une gestion appropri\u00e9e des d\u00e9chets par la r\u00e9duction, la r\u00e9utilisation, le recyclage et une \u00e9limination finale ad\u00e9quate, en privil\u00e9giant l\u2019\u00e9conomie circulaire.<\/span><\/p><p><span class=\"fontstyle0\"><strong>Formation et sensibilisation <\/strong><\/span>: <span class=\"fontstyle2\">Nous fournissons une formation et une sensibilisation environnementales \u00e0 nos employ\u00e9s et promouvons des pratiques responsables aupr\u00e8s de nos clients et fournisseurs.<\/span><\/p><p><span class=\"fontstyle0\"><strong>Am\u00e9lioration continue de la performance environnementale <\/strong><\/span>: Nous fixons des objectifs et des indicateurs environnementaux, que nous r\u00e9visons p\u00e9riodiquement afin d\u2019assurer l\u2019am\u00e9lioration continue de notre performance environnementale.<\/p><h3>Port\u00e9e de la politique<\/h3><p><span class=\"fontstyle0\">Cette politique s\u2019applique \u00e0 toutes les activit\u00e9s de <\/span><strong><span class=\"fontstyle2\">WASHNET FACTORY, S.L.,<\/span><\/strong> <span class=\"fontstyle0\">y compris la fabrication, la distribution, l\u2019installation et la maintenance de modules techniques pour centres de lavage de v\u00e9hicules, ainsi que la commercialisation de produits de nettoyage et de maintenance pour centres de lavage.<\/span><\/p><p><span class=\"fontstyle0\">Elle est communiqu\u00e9e, comprise et appliqu\u00e9e \u00e0 tous les niveaux de l\u2019organisation et est mise \u00e0 disposition des parties int\u00e9ress\u00e9es.<\/span><\/p><p><span class=\"fontstyle0\">Cette politique a \u00e9t\u00e9 approuv\u00e9e par le Conseil d\u2019administration de Washnet le 26 juin 2025 et est effective \u00e0 compter de sa date d\u2019approbation.<\/span><\/p><p> <\/p>\t\t\t\t\t\t\t\t<\/div>\n\t\t\t\t<\/div>\n\t\t\t\t\t<\/div>\n\t\t\t\t<\/div>\n\t\t\t\t<\/div>\n\t\t","protected":false},"excerpt":{"rendered":"<p>Politique environnementale WASHNET FACTORY, S.L., entreprise d\u00e9di\u00e9e \u00e0 la conception, \u00e0 la fabrication et \u00e0 l\u2019installation de modules techniques pour centres de lavage haute pression pour v\u00e9hicules, ainsi qu\u2019\u00e0 la distribution de pi\u00e8ces de rechange et d\u2019accessoires pour le lavage et la maintenance des centres de lavage, \u00e9tablit la pr\u00e9sente Politique Environnementale comme partie int\u00e9grante [&hellip;]<\/p>\n","protected":false},"author":1,"featured_media":0,"parent":0,"menu_order":0,"comment_status":"closed","ping_status":"closed","template":"elementor_header_footer","meta":{"footnotes":""},"class_list":["post-6018","page","type-page","status-publish","hentry"],"yoast_head":"<!-- This site is optimized with the Yoast SEO plugin v27.3 - https:\/\/yoast.com\/product\/yoast-seo-wordpress\/ -->\n<title>Politique environnementale - Washnet<\/title>\n<meta name=\"robots\" content=\"noindex, nofollow\" \/>\n<meta property=\"og:locale\" content=\"fr_FR\" \/>\n<meta property=\"og:type\" content=\"article\" \/>\n<meta property=\"og:title\" content=\"Politique environnementale - Washnet\" \/>\n<meta property=\"og:description\" content=\"Politique environnementale WASHNET FACTORY, S.L., entreprise d\u00e9di\u00e9e \u00e0 la conception, \u00e0 la fabrication et \u00e0 l\u2019installation de modules techniques pour centres de lavage haute pression pour v\u00e9hicules, ainsi qu\u2019\u00e0 la distribution de pi\u00e8ces de rechange et d\u2019accessoires pour le lavage et la maintenance des centres de lavage, \u00e9tablit la pr\u00e9sente Politique Environnementale comme partie int\u00e9grante [&hellip;]\" \/>\n<meta property=\"og:url\" content=\"https:\/\/washnet.es\/fr\/politique-environnementale\/\" \/>\n<meta property=\"og:site_name\" content=\"Washnet\" \/>\n<meta property=\"article:modified_time\" content=\"2026-02-09T16:16:40+00:00\" \/>\n<meta name=\"twitter:card\" content=\"summary_large_image\" \/>\n<meta name=\"twitter:label1\" content=\"Dur\u00e9e de lecture estim\u00e9e\" \/>\n\t<meta name=\"twitter:data1\" content=\"2 minutes\" \/>\n<script type=\"application\/ld+json\" class=\"yoast-schema-graph\">{\"@context\":\"https:\\\/\\\/schema.org\",\"@graph\":[{\"@type\":\"WebPage\",\"@id\":\"https:\\\/\\\/washnet.es\\\/fr\\\/politique-environnementale\\\/\",\"url\":\"https:\\\/\\\/washnet.es\\\/fr\\\/politique-environnementale\\\/\",\"name\":\"Politique environnementale - Washnet\",\"isPartOf\":{\"@id\":\"https:\\\/\\\/washnet.es\\\/#website\"},\"datePublished\":\"2025-07-23T07:27:51+00:00\",\"dateModified\":\"2026-02-09T16:16:40+00:00\",\"breadcrumb\":{\"@id\":\"https:\\\/\\\/washnet.es\\\/fr\\\/politique-environnementale\\\/#breadcrumb\"},\"inLanguage\":\"fr-FR\",\"potentialAction\":[{\"@type\":\"ReadAction\",\"target\":[\"https:\\\/\\\/washnet.es\\\/fr\\\/politique-environnementale\\\/\"]}]},{\"@type\":\"BreadcrumbList\",\"@id\":\"https:\\\/\\\/washnet.es\\\/fr\\\/politique-environnementale\\\/#breadcrumb\",\"itemListElement\":[{\"@type\":\"ListItem\",\"position\":1,\"name\":\"Portada\",\"item\":\"https:\\\/\\\/washnet.es\\\/fr\\\/accueil\\\/\"},{\"@type\":\"ListItem\",\"position\":2,\"name\":\"Politique environnementale\"}]},{\"@type\":\"WebSite\",\"@id\":\"https:\\\/\\\/washnet.es\\\/#website\",\"url\":\"https:\\\/\\\/washnet.es\\\/\",\"name\":\"Washnet\",\"description\":\"\",\"publisher\":{\"@id\":\"https:\\\/\\\/washnet.es\\\/#organization\"},\"potentialAction\":[{\"@type\":\"SearchAction\",\"target\":{\"@type\":\"EntryPoint\",\"urlTemplate\":\"https:\\\/\\\/washnet.es\\\/?s={search_term_string}\"},\"query-input\":{\"@type\":\"PropertyValueSpecification\",\"valueRequired\":true,\"valueName\":\"search_term_string\"}}],\"inLanguage\":\"fr-FR\"},{\"@type\":\"Organization\",\"@id\":\"https:\\\/\\\/washnet.es\\\/#organization\",\"name\":\"Washnet\",\"url\":\"https:\\\/\\\/washnet.es\\\/\",\"logo\":{\"@type\":\"ImageObject\",\"inLanguage\":\"fr-FR\",\"@id\":\"https:\\\/\\\/washnet.es\\\/#\\\/schema\\\/logo\\\/image\\\/\",\"url\":\"https:\\\/\\\/washnet.es\\\/wp-content\\\/uploads\\\/2025\\\/01\\\/logo-washnet.png\",\"contentUrl\":\"https:\\\/\\\/washnet.es\\\/wp-content\\\/uploads\\\/2025\\\/01\\\/logo-washnet.png\",\"width\":2491,\"height\":564,\"caption\":\"Washnet\"},\"image\":{\"@id\":\"https:\\\/\\\/washnet.es\\\/#\\\/schema\\\/logo\\\/image\\\/\"}}]}<\/script>\n<!-- \/ Yoast SEO plugin. -->","yoast_head_json":{"title":"Politique environnementale - Washnet","robots":{"index":"noindex","follow":"nofollow"},"og_locale":"fr_FR","og_type":"article","og_title":"Politique environnementale - Washnet","og_description":"Politique environnementale WASHNET FACTORY, S.L., entreprise d\u00e9di\u00e9e \u00e0 la conception, \u00e0 la fabrication et \u00e0 l\u2019installation de modules techniques pour centres de lavage haute pression pour v\u00e9hicules, ainsi qu\u2019\u00e0 la distribution de pi\u00e8ces de rechange et d\u2019accessoires pour le lavage et la maintenance des centres de lavage, \u00e9tablit la pr\u00e9sente Politique Environnementale comme partie int\u00e9grante [&hellip;]","og_url":"https:\/\/washnet.es\/fr\/politique-environnementale\/","og_site_name":"Washnet","article_modified_time":"2026-02-09T16:16:40+00:00","twitter_card":"summary_large_image","twitter_misc":{"Dur\u00e9e de lecture estim\u00e9e":"2 minutes"},"schema":{"@context":"https:\/\/schema.org","@graph":[{"@type":"WebPage","@id":"https:\/\/washnet.es\/fr\/politique-environnementale\/","url":"https:\/\/washnet.es\/fr\/politique-environnementale\/","name":"Politique environnementale - Washnet","isPartOf":{"@id":"https:\/\/washnet.es\/#website"},"datePublished":"2025-07-23T07:27:51+00:00","dateModified":"2026-02-09T16:16:40+00:00","breadcrumb":{"@id":"https:\/\/washnet.es\/fr\/politique-environnementale\/#breadcrumb"},"inLanguage":"fr-FR","potentialAction":[{"@type":"ReadAction","target":["https:\/\/washnet.es\/fr\/politique-environnementale\/"]}]},{"@type":"BreadcrumbList","@id":"https:\/\/washnet.es\/fr\/politique-environnementale\/#breadcrumb","itemListElement":[{"@type":"ListItem","position":1,"name":"Portada","item":"https:\/\/washnet.es\/fr\/accueil\/"},{"@type":"ListItem","position":2,"name":"Politique environnementale"}]},{"@type":"WebSite","@id":"https:\/\/washnet.es\/#website","url":"https:\/\/washnet.es\/","name":"Washnet","description":"","publisher":{"@id":"https:\/\/washnet.es\/#organization"},"potentialAction":[{"@type":"SearchAction","target":{"@type":"EntryPoint","urlTemplate":"https:\/\/washnet.es\/?s={search_term_string}"},"query-input":{"@type":"PropertyValueSpecification","valueRequired":true,"valueName":"search_term_string"}}],"inLanguage":"fr-FR"},{"@type":"Organization","@id":"https:\/\/washnet.es\/#organization","name":"Washnet","url":"https:\/\/washnet.es\/","logo":{"@type":"ImageObject","inLanguage":"fr-FR","@id":"https:\/\/washnet.es\/#\/schema\/logo\/image\/","url":"https:\/\/washnet.es\/wp-content\/uploads\/2025\/01\/logo-washnet.png","contentUrl":"https:\/\/washnet.es\/wp-content\/uploads\/2025\/01\/logo-washnet.png","width":2491,"height":564,"caption":"Washnet"},"image":{"@id":"https:\/\/washnet.es\/#\/schema\/logo\/image\/"}}]}},"_links":{"self":[{"href":"https:\/\/washnet.es\/fr\/wp-json\/wp\/v2\/pages\/6018","targetHints":{"allow":["GET"]}}],"collection":[{"href":"https:\/\/washnet.es\/fr\/wp-json\/wp\/v2\/pages"}],"about":[{"href":"https:\/\/washnet.es\/fr\/wp-json\/wp\/v2\/types\/page"}],"author":[{"embeddable":true,"href":"https:\/\/washnet.es\/fr\/wp-json\/wp\/v2\/users\/1"}],"replies":[{"embeddable":true,"href":"https:\/\/washnet.es\/fr\/wp-json\/wp\/v2\/comments?post=6018"}],"version-history":[{"count":1,"href":"https:\/\/washnet.es\/fr\/wp-json\/wp\/v2\/pages\/6018\/revisions"}],"predecessor-version":[{"id":6019,"href":"https:\/\/washnet.es\/fr\/wp-json\/wp\/v2\/pages\/6018\/revisions\/6019"}],"wp:attachment":[{"href":"https:\/\/washnet.es\/fr\/wp-json\/wp\/v2\/media?parent=6018"}],"curies":[{"name":"wp","href":"https:\/\/api.w.org\/{rel}","templated":true}]}}