{"id":5949,"date":"2025-01-27T11:13:17","date_gmt":"2025-01-27T10:13:17","guid":{"rendered":"https:\/\/washnet.es\/canal-ethique\/"},"modified":"2026-02-05T16:42:41","modified_gmt":"2026-02-05T15:42:41","slug":"canal-ethique","status":"publish","type":"page","link":"https:\/\/washnet.es\/fr\/canal-ethique\/","title":{"rendered":"Canal \u00e9thique"},"content":{"rendered":"\t\t<div data-elementor-type=\"wp-page\" data-elementor-id=\"5949\" class=\"elementor elementor-5949 elementor-809\" data-elementor-post-type=\"page\">\n\t\t\t\t<div class=\"elementor-element elementor-element-ed9851f e-flex e-con-boxed e-con e-parent\" data-id=\"ed9851f\" data-element_type=\"container\" data-e-type=\"container\" data-settings=\"{&quot;background_background&quot;:&quot;slideshow&quot;,&quot;background_slideshow_gallery&quot;:[{&quot;id&quot;:816,&quot;url&quot;:&quot;https:\\\/\\\/washnet.es\\\/wp-content\\\/uploads\\\/2025\\\/01\\\/galeria02.jpg&quot;}],&quot;background_slideshow_loop&quot;:&quot;yes&quot;,&quot;background_slideshow_slide_duration&quot;:5000,&quot;background_slideshow_slide_transition&quot;:&quot;fade&quot;,&quot;background_slideshow_transition_duration&quot;:500}\">\n\t\t\t\t\t<div class=\"e-con-inner\">\n\t\t<div class=\"elementor-element elementor-element-eab962e e-con-full e-flex e-con e-child\" data-id=\"eab962e\" data-element_type=\"container\" data-e-type=\"container\">\n\t\t\t\t<div class=\"elementor-element elementor-element-f26517e elementor-widget elementor-widget-heading\" data-id=\"f26517e\" data-element_type=\"widget\" data-e-type=\"widget\" data-widget_type=\"heading.default\">\n\t\t\t\t<div class=\"elementor-widget-container\">\n\t\t\t\t\t<h1 class=\"elementor-heading-title elementor-size-default\">Canal \u00e9thique<\/h1>\t\t\t\t<\/div>\n\t\t\t\t<\/div>\n\t\t\t\t<div class=\"elementor-element elementor-element-d070ced elementor-widget__width-initial elementor-widget-tablet__width-inherit elementor-widget elementor-widget-heading\" data-id=\"d070ced\" data-element_type=\"widget\" data-e-type=\"widget\" data-widget_type=\"heading.default\">\n\t\t\t\t<div class=\"elementor-widget-container\">\n\t\t\t\t\t<h2 class=\"elementor-heading-title elementor-size-default\">Formulez des demandes ou envoyez des communications internes d\u2019information concernant d\u2019\u00e9ventuels actes illicites, irr\u00e9gularit\u00e9s et non-conformit\u00e9s li\u00e9s \u00e0 des actions ou omissions pouvant constituer des infractions.<\/h2>\t\t\t\t<\/div>\n\t\t\t\t<\/div>\n\t\t\t\t<\/div>\n\t\t\t\t\t<\/div>\n\t\t\t\t<\/div>\n\t\t<div class=\"elementor-element elementor-element-a72d500 e-flex e-con-boxed e-con e-parent\" data-id=\"a72d500\" data-element_type=\"container\" data-e-type=\"container\">\n\t\t\t\t\t<div class=\"e-con-inner\">\n\t\t\t\t<div class=\"elementor-element elementor-element-c0eaa31 elementor-widget elementor-widget-text-editor\" data-id=\"c0eaa31\" data-element_type=\"widget\" data-e-type=\"widget\" data-widget_type=\"text-editor.default\">\n\t\t\t\t<div class=\"elementor-widget-container\">\n\t\t\t\t\t\t\t\t\t<div class=\"et_pb_module et_pb_text et_pb_text_0 et_pb_text_align_left et_pb_bg_layout_light\"><div class=\"et_pb_text_inner\"><p>Le <strong>Canal \u00c9thique<\/strong> est le canal de communication interne du <strong>Grupo Moure 24, S.L.<\/strong> et de ses filiales, <strong>Autonet Baleares, S.L., Petronet Espa\u00f1a, S.A.U. et Washnet Factory, S.L.<\/strong> (ci-apr\u00e8s d\u00e9nomm\u00e9s \u00ab GROUPE MOURE \u00bb), destin\u00e9 \u00e0 formuler des demandes ou \u00e0 envoyer des communications internes d\u2019information concernant d\u2019\u00e9ventuels actes illicites, irr\u00e9gularit\u00e9s et non-conformit\u00e9s li\u00e9s \u00e0 des actions ou omissions pouvant constituer des infractions :<\/p><ol><li>Du droit de l\u2019Union europ\u00e9enne.<\/li><li>P\u00e9nales ou administratives graves ou tr\u00e8s graves.<\/li><li>Du droit du travail en mati\u00e8re de s\u00e9curit\u00e9 et de sant\u00e9 au travail.<\/li><li>Des r\u00e9glementations applicables au GROUPE MOURE.<\/li><\/ol><\/div><\/div><div class=\"et_pb_module et_pb_text et_pb_text_1 et_pb_text_align_left et_pb_bg_layout_light\"><div class=\"et_pb_text_inner\"><p>Le Canal \u00c9thique repose, entre autres, sur les principes de confidentialit\u00e9, de bonne foi et d\u2019interdiction de repr\u00e9sailles ; les droits des personnes qui nous contactent seront donc respect\u00e9s \u00e0 tout moment.<\/p><p>Les informations fournies par le biais de ce canal doivent \u00eatre pr\u00e9cises et se rapporter exclusivement \u00e0 une action ou omission pouvant constituer une violation l\u00e9gale ou une transgression de notre Code g\u00e9n\u00e9ral de conduite.<\/p><p>La r\u00e9glementation garantit qu\u2019aucune repr\u00e9saille ne sera prise \u00e0 l\u2019encontre des personnes qui utilisent le Canal \u00c9thique de mani\u00e8re appropri\u00e9e, tout en respectant les droits des personnes qui nous contactent. Toutefois, elle pr\u00e9voit \u00e9galement des sanctions dans les cas d\u2019usage inappropri\u00e9, tels que la transmission d\u2019informations fausses. <\/p><p>Par le biais du Canal \u00c9thique, il est possible:<\/p><ol><li>Effectuer des communications \u00e9crites.<\/li><li>Effectuer des communications par le biais d\u2019enregistrements vocaux.<\/li><li>Assurer le suivi des communications pr\u00e9c\u00e9demment soumises (le Canal \u00c9thique maintiendra la communication avec le lanceur d\u2019alerte au moyen d\u2019un code unique \u00e9mis par le Canal une fois la communication d\u00e9pos\u00e9e).<\/li><\/ol><p>L\u2019utilisation du Canal \u00c9thique \u00e0 d\u2019autres fins n\u2019est pas autoris\u00e9e, y compris pour des questions purement professionnelles n\u2019impliquant pas de violations l\u00e9gales (telles que des conflits interpersonnels ne constituant pas du harc\u00e8lement ou des probl\u00e8mes li\u00e9s aux conditions d\u2019emploi), ni pour des r\u00e9clamations relatives \u00e0 la gestion quotidienne des services fournis par les entreprises du Groupe (par exemple, des incidents dans une station-service), lesquelles doivent \u00eatre trait\u00e9es par les canaux \u00e9tablis \u00e0 cet effet.<\/p><p>Vous pouvez obtenir plus d\u2019informations sur la <strong><a href=\"https:\/\/www.boe.es\/buscar\/act.php?id=BOE-A-2023-4513\" target=\"_blank\" rel=\"nofollow noreferrer noopener\">Loi 2\/2023 du 20 f\u00e9vrier, r\u00e9gissant la protection des personnes qui informent sur les infractions r\u00e9glementaires et la lutte contre la corruption.<\/a><\/strong><\/p><p>Vous pouvez consulter la <a href=\"https:\/\/washnet.es\/politica-privacidad\/\">politique de confidentialit\u00e9<\/a> via ce <a href=\"https:\/\/grupomoure.com\/politica-de-privacidad\/\">lien<\/a>.<\/p><\/div><\/div>\t\t\t\t\t\t\t\t<\/div>\n\t\t\t\t<\/div>\n\t\t\t\t<div class=\"elementor-element elementor-element-f51c44a elementor-align-center elementor-widget elementor-widget-button\" data-id=\"f51c44a\" data-element_type=\"widget\" data-e-type=\"widget\" data-widget_type=\"button.default\">\n\t\t\t\t<div class=\"elementor-widget-container\">\n\t\t\t\t\t\t\t\t\t<div class=\"elementor-button-wrapper\">\n\t\t\t\t\t<a class=\"elementor-button elementor-button-link elementor-size-sm\" href=\"https:\/\/whistleblowersoftware.com\/secure\/canaleticogrupomoure\">\n\t\t\t\t\t\t<span class=\"elementor-button-content-wrapper\">\n\t\t\t\t\t\t<span class=\"elementor-button-icon\">\n\t\t\t\t<svg aria-hidden=\"true\" class=\"e-font-icon-svg e-fas-chevron-right\" viewBox=\"0 0 320 512\" xmlns=\"http:\/\/www.w3.org\/2000\/svg\"><path d=\"M285.476 272.971L91.132 467.314c-9.373 9.373-24.569 9.373-33.941 0l-22.667-22.667c-9.357-9.357-9.375-24.522-.04-33.901L188.505 256 34.484 101.255c-9.335-9.379-9.317-24.544.04-33.901l22.667-22.667c9.373-9.373 24.569-9.373 33.941 0L285.475 239.03c9.373 9.372 9.373 24.568.001 33.941z\"><\/path><\/svg>\t\t\t<\/span>\n\t\t\t\t\t\t\t\t\t<span class=\"elementor-button-text\">Acc\u00e8s au canal \u00e9thique<\/span>\n\t\t\t\t\t<\/span>\n\t\t\t\t\t<\/a>\n\t\t\t\t<\/div>\n\t\t\t\t\t\t\t\t<\/div>\n\t\t\t\t<\/div>\n\t\t\t\t\t<\/div>\n\t\t\t\t<\/div>\n\t\t\t\t<\/div>\n\t\t","protected":false},"excerpt":{"rendered":"<p>Canal \u00e9thique Formulez des demandes ou envoyez des communications internes d\u2019information concernant d\u2019\u00e9ventuels actes illicites, irr\u00e9gularit\u00e9s et non-conformit\u00e9s li\u00e9s \u00e0 des actions ou omissions pouvant constituer des infractions. Le Canal \u00c9thique est le canal de communication interne du Grupo Moure 24, S.L. et de ses filiales, Autonet Baleares, S.L., Petronet Espa\u00f1a, S.A.U. et Washnet Factory, [&hellip;]<\/p>\n","protected":false},"author":1,"featured_media":0,"parent":0,"menu_order":0,"comment_status":"closed","ping_status":"closed","template":"elementor_header_footer","meta":{"footnotes":""},"class_list":["post-5949","page","type-page","status-publish","hentry"],"yoast_head":"<!-- This site is optimized with the Yoast SEO plugin v27.3 - https:\/\/yoast.com\/product\/yoast-seo-wordpress\/ -->\n<title>Canal \u00e9thique - Washnet<\/title>\n<meta name=\"robots\" content=\"noindex, nofollow\" \/>\n<meta property=\"og:locale\" content=\"fr_FR\" \/>\n<meta property=\"og:type\" content=\"article\" \/>\n<meta property=\"og:title\" content=\"Canal \u00e9thique - Washnet\" \/>\n<meta property=\"og:description\" content=\"Canal \u00e9thique Formulez des demandes ou envoyez des communications internes d\u2019information concernant d\u2019\u00e9ventuels actes illicites, irr\u00e9gularit\u00e9s et non-conformit\u00e9s li\u00e9s \u00e0 des actions ou omissions pouvant constituer des infractions. Le Canal \u00c9thique est le canal de communication interne du Grupo Moure 24, S.L. et de ses filiales, Autonet Baleares, S.L., Petronet Espa\u00f1a, S.A.U. et Washnet Factory, [&hellip;]\" \/>\n<meta property=\"og:url\" content=\"https:\/\/washnet.es\/fr\/canal-ethique\/\" \/>\n<meta property=\"og:site_name\" content=\"Washnet\" \/>\n<meta property=\"article:modified_time\" content=\"2026-02-05T15:42:41+00:00\" \/>\n<meta name=\"twitter:card\" content=\"summary_large_image\" \/>\n<meta name=\"twitter:label1\" content=\"Dur\u00e9e de lecture estim\u00e9e\" \/>\n\t<meta name=\"twitter:data1\" content=\"2 minutes\" \/>\n<script type=\"application\/ld+json\" class=\"yoast-schema-graph\">{\"@context\":\"https:\\\/\\\/schema.org\",\"@graph\":[{\"@type\":\"WebPage\",\"@id\":\"https:\\\/\\\/washnet.es\\\/fr\\\/canal-ethique\\\/\",\"url\":\"https:\\\/\\\/washnet.es\\\/fr\\\/canal-ethique\\\/\",\"name\":\"Canal \u00e9thique - Washnet\",\"isPartOf\":{\"@id\":\"https:\\\/\\\/washnet.es\\\/#website\"},\"datePublished\":\"2025-01-27T10:13:17+00:00\",\"dateModified\":\"2026-02-05T15:42:41+00:00\",\"breadcrumb\":{\"@id\":\"https:\\\/\\\/washnet.es\\\/fr\\\/canal-ethique\\\/#breadcrumb\"},\"inLanguage\":\"fr-FR\",\"potentialAction\":[{\"@type\":\"ReadAction\",\"target\":[\"https:\\\/\\\/washnet.es\\\/fr\\\/canal-ethique\\\/\"]}]},{\"@type\":\"BreadcrumbList\",\"@id\":\"https:\\\/\\\/washnet.es\\\/fr\\\/canal-ethique\\\/#breadcrumb\",\"itemListElement\":[{\"@type\":\"ListItem\",\"position\":1,\"name\":\"Portada\",\"item\":\"https:\\\/\\\/washnet.es\\\/fr\\\/accueil\\\/\"},{\"@type\":\"ListItem\",\"position\":2,\"name\":\"Canal \u00e9thique\"}]},{\"@type\":\"WebSite\",\"@id\":\"https:\\\/\\\/washnet.es\\\/#website\",\"url\":\"https:\\\/\\\/washnet.es\\\/\",\"name\":\"Washnet\",\"description\":\"\",\"publisher\":{\"@id\":\"https:\\\/\\\/washnet.es\\\/#organization\"},\"potentialAction\":[{\"@type\":\"SearchAction\",\"target\":{\"@type\":\"EntryPoint\",\"urlTemplate\":\"https:\\\/\\\/washnet.es\\\/?s={search_term_string}\"},\"query-input\":{\"@type\":\"PropertyValueSpecification\",\"valueRequired\":true,\"valueName\":\"search_term_string\"}}],\"inLanguage\":\"fr-FR\"},{\"@type\":\"Organization\",\"@id\":\"https:\\\/\\\/washnet.es\\\/#organization\",\"name\":\"Washnet\",\"url\":\"https:\\\/\\\/washnet.es\\\/\",\"logo\":{\"@type\":\"ImageObject\",\"inLanguage\":\"fr-FR\",\"@id\":\"https:\\\/\\\/washnet.es\\\/#\\\/schema\\\/logo\\\/image\\\/\",\"url\":\"https:\\\/\\\/washnet.es\\\/wp-content\\\/uploads\\\/2025\\\/01\\\/logo-washnet.png\",\"contentUrl\":\"https:\\\/\\\/washnet.es\\\/wp-content\\\/uploads\\\/2025\\\/01\\\/logo-washnet.png\",\"width\":2491,\"height\":564,\"caption\":\"Washnet\"},\"image\":{\"@id\":\"https:\\\/\\\/washnet.es\\\/#\\\/schema\\\/logo\\\/image\\\/\"}}]}<\/script>\n<!-- \/ Yoast SEO plugin. -->","yoast_head_json":{"title":"Canal \u00e9thique - Washnet","robots":{"index":"noindex","follow":"nofollow"},"og_locale":"fr_FR","og_type":"article","og_title":"Canal \u00e9thique - Washnet","og_description":"Canal \u00e9thique Formulez des demandes ou envoyez des communications internes d\u2019information concernant d\u2019\u00e9ventuels actes illicites, irr\u00e9gularit\u00e9s et non-conformit\u00e9s li\u00e9s \u00e0 des actions ou omissions pouvant constituer des infractions. Le Canal \u00c9thique est le canal de communication interne du Grupo Moure 24, S.L. et de ses filiales, Autonet Baleares, S.L., Petronet Espa\u00f1a, S.A.U. et Washnet Factory, [&hellip;]","og_url":"https:\/\/washnet.es\/fr\/canal-ethique\/","og_site_name":"Washnet","article_modified_time":"2026-02-05T15:42:41+00:00","twitter_card":"summary_large_image","twitter_misc":{"Dur\u00e9e de lecture estim\u00e9e":"2 minutes"},"schema":{"@context":"https:\/\/schema.org","@graph":[{"@type":"WebPage","@id":"https:\/\/washnet.es\/fr\/canal-ethique\/","url":"https:\/\/washnet.es\/fr\/canal-ethique\/","name":"Canal \u00e9thique - Washnet","isPartOf":{"@id":"https:\/\/washnet.es\/#website"},"datePublished":"2025-01-27T10:13:17+00:00","dateModified":"2026-02-05T15:42:41+00:00","breadcrumb":{"@id":"https:\/\/washnet.es\/fr\/canal-ethique\/#breadcrumb"},"inLanguage":"fr-FR","potentialAction":[{"@type":"ReadAction","target":["https:\/\/washnet.es\/fr\/canal-ethique\/"]}]},{"@type":"BreadcrumbList","@id":"https:\/\/washnet.es\/fr\/canal-ethique\/#breadcrumb","itemListElement":[{"@type":"ListItem","position":1,"name":"Portada","item":"https:\/\/washnet.es\/fr\/accueil\/"},{"@type":"ListItem","position":2,"name":"Canal \u00e9thique"}]},{"@type":"WebSite","@id":"https:\/\/washnet.es\/#website","url":"https:\/\/washnet.es\/","name":"Washnet","description":"","publisher":{"@id":"https:\/\/washnet.es\/#organization"},"potentialAction":[{"@type":"SearchAction","target":{"@type":"EntryPoint","urlTemplate":"https:\/\/washnet.es\/?s={search_term_string}"},"query-input":{"@type":"PropertyValueSpecification","valueRequired":true,"valueName":"search_term_string"}}],"inLanguage":"fr-FR"},{"@type":"Organization","@id":"https:\/\/washnet.es\/#organization","name":"Washnet","url":"https:\/\/washnet.es\/","logo":{"@type":"ImageObject","inLanguage":"fr-FR","@id":"https:\/\/washnet.es\/#\/schema\/logo\/image\/","url":"https:\/\/washnet.es\/wp-content\/uploads\/2025\/01\/logo-washnet.png","contentUrl":"https:\/\/washnet.es\/wp-content\/uploads\/2025\/01\/logo-washnet.png","width":2491,"height":564,"caption":"Washnet"},"image":{"@id":"https:\/\/washnet.es\/#\/schema\/logo\/image\/"}}]}},"_links":{"self":[{"href":"https:\/\/washnet.es\/fr\/wp-json\/wp\/v2\/pages\/5949","targetHints":{"allow":["GET"]}}],"collection":[{"href":"https:\/\/washnet.es\/fr\/wp-json\/wp\/v2\/pages"}],"about":[{"href":"https:\/\/washnet.es\/fr\/wp-json\/wp\/v2\/types\/page"}],"author":[{"embeddable":true,"href":"https:\/\/washnet.es\/fr\/wp-json\/wp\/v2\/users\/1"}],"replies":[{"embeddable":true,"href":"https:\/\/washnet.es\/fr\/wp-json\/wp\/v2\/comments?post=5949"}],"version-history":[{"count":1,"href":"https:\/\/washnet.es\/fr\/wp-json\/wp\/v2\/pages\/5949\/revisions"}],"predecessor-version":[{"id":5950,"href":"https:\/\/washnet.es\/fr\/wp-json\/wp\/v2\/pages\/5949\/revisions\/5950"}],"wp:attachment":[{"href":"https:\/\/washnet.es\/fr\/wp-json\/wp\/v2\/media?parent=5949"}],"curies":[{"name":"wp","href":"https:\/\/api.w.org\/{rel}","templated":true}]}}