{"id":5926,"date":"2025-01-22T13:33:34","date_gmt":"2025-01-22T12:33:34","guid":{"rendered":"https:\/\/washnet.es\/entreprise\/"},"modified":"2025-01-22T13:33:34","modified_gmt":"2025-01-22T12:33:34","slug":"entreprise","status":"publish","type":"page","link":"https:\/\/washnet.es\/fr\/entreprise\/","title":{"rendered":"Entreprise"},"content":{"rendered":"<h1>Qui sommes-nous<\/h1>\n<h2>Conception, fabrication, installation et maintenance de centres de lavage et de solutions modulaires.<\/h2>\n<h2>Washnet<\/h2>\n<p>Chez Washnet, nous concevons, fabriquons, installons et assurons la maintenance de centres de lavage haute pression pour v\u00e9hicules, en proposant des solutions sur mesure pour chaque activit\u00e9.<\/p>\n<p><strong>Nous transformons des espaces et dynamisons les activit\u00e9s.<\/strong> Notre \u00e9quipe d\u2019ing\u00e9nierie con\u00e7oit des projets personnalis\u00e9s pour les grandes entreprises, les PME et les propri\u00e9taires du secteur. <\/p>\n<p>Plus de 35 ans d\u2019exp\u00e9rience, d\u2019innovation et de pr\u00e9sence internationale. Nous disposons de notre propre usine et utilisons une technologie de pointe pour vous offrir efficacit\u00e9, qualit\u00e9 et rentabilit\u00e9. <\/p>\n<p><strong>Votre succ\u00e8s est notre priorit\u00e9. <\/strong>Faites confiance \u00e0 Washnet pour faire passer votre centre de lavage au niveau sup\u00e9rieur. <\/p>\n<h2>Grupo Moure<\/h2>\n<p>Le Groupe Moure est un holding fond\u00e9 en 1996, pr\u00e9sent notamment dans les secteurs de l\u2019\u00e9nergie et du carwash. Il regroupe les entreprises <strong>Elefante Azul, Autonetoil, Washnet, BIG FISH, Techtail et Kumbra Yachts.<\/strong> <\/p>\n<p>Nous op\u00e9rons sur les march\u00e9s B2B et B2C \u00e0 travers un mod\u00e8le \u00e9conomique sp\u00e9cifique pour chacune de ses marques. Nos valeurs sont ax\u00e9es sur la fourniture d\u2019un service de haute qualit\u00e9, ainsi que sur la s\u00e9curit\u00e9 et la confiance pour le consommateur final. <\/p>\n<p>Gr\u00e2ce \u00e0 l\u2019innovation, \u00e0 la qualit\u00e9 et au professionnalisme de son \u00e9quipe, le <strong>Groupe Moure<\/strong> offre de la rentabilit\u00e9 dans l\u2019ensemble de ses activit\u00e9s, en apportant de la valeur \u00e0 ses employ\u00e9s, partenaires et franchis\u00e9s, et en cr\u00e9ant un lien \u00e9troit avec ses marques.<\/p>\n<p>\t\t\t\t\t\t\t\t\t\t\t\t\t\t\t\t<a href=\"https:\/\/elefanteazul.com\/\"><br \/>\n\t\t\t\t\t\t\t<img fetchpriority=\"high\" decoding=\"async\" width=\"232\" height=\"220\" src=\"https:\/\/washnet.es\/wp-content\/uploads\/2025\/03\/ELEF.jpg\" alt=\"\">\t\t\t\t\t\t\t\t<\/a><br \/>\n\t\t\t\t\t\t\t\t\t\t\t\t\t\t\t\t<a href=\"https:\/\/autonetoil.com\/\"><br \/>\n\t\t\t\t\t\t\t<img decoding=\"async\" width=\"794\" height=\"812\" src=\"https:\/\/washnet.es\/wp-content\/uploads\/2025\/01\/Cont-2.png\" alt=\"\" srcset=\"https:\/\/washnet.es\/wp-content\/uploads\/2025\/01\/Cont-2.png 794w, https:\/\/washnet.es\/wp-content\/uploads\/2025\/01\/Cont-2-293x300.png 293w, https:\/\/washnet.es\/wp-content\/uploads\/2025\/01\/Cont-2-768x785.png 768w\" sizes=\"(max-width: 794px) 100vw, 794px\">\t\t\t\t\t\t\t\t<\/a><br \/>\n\t\t\t\t\t\t\t\t\t\t\t\t\t\t\t<img decoding=\"async\" width=\"800\" height=\"181\" src=\"https:\/\/washnet.es\/wp-content\/uploads\/2025\/01\/logo-washnet-1024x232.png\" alt=\"\" srcset=\"https:\/\/washnet.es\/wp-content\/uploads\/2025\/01\/logo-washnet-1024x232.png 1024w, https:\/\/washnet.es\/wp-content\/uploads\/2025\/01\/logo-washnet-300x68.png 300w, https:\/\/washnet.es\/wp-content\/uploads\/2025\/01\/logo-washnet-768x174.png 768w, https:\/\/washnet.es\/wp-content\/uploads\/2025\/01\/logo-washnet-1536x348.png 1536w, https:\/\/washnet.es\/wp-content\/uploads\/2025\/01\/logo-washnet-2048x464.png 2048w\" sizes=\"(max-width: 800px) 100vw, 800px\"><br \/>\n\t\t\t\t\t\t\t\t\t\t\t\t\t\t\t\t<a href=\"https:\/\/bigfishstore.es\/\"><br \/>\n\t\t\t\t\t\t\t<img loading=\"lazy\" decoding=\"async\" width=\"237\" height=\"177\" src=\"https:\/\/washnet.es\/wp-content\/uploads\/2025\/03\/DD.jpg\" alt=\"\">\t\t\t\t\t\t\t\t<\/a><br \/>\n\t\t\t\t\t\t\t\t\t\t\t\t\t\t\t\t<a href=\"https:\/\/bigfishstore.es\/\"><br \/>\n\t\t\t\t\t\t\t<img loading=\"lazy\" decoding=\"async\" width=\"301\" height=\"135\" src=\"https:\/\/washnet.es\/wp-content\/uploads\/2025\/03\/DD1-1.jpg\" alt=\"\">\t\t\t\t\t\t\t\t<\/a><br \/>\n\t\t\t\t\t\t\t\t\t\t\t\t\t\t\t\t<a href=\"https:\/\/www.kumbrayachts.com\/es\/inicio-2\/\"><br \/>\n\t\t\t\t\t\t\t<img loading=\"lazy\" decoding=\"async\" width=\"800\" height=\"550\" src=\"https:\/\/washnet.es\/wp-content\/uploads\/2025\/01\/Cont-1-1024x704.png\" alt=\"\" srcset=\"https:\/\/washnet.es\/wp-content\/uploads\/2025\/01\/Cont-1-1024x704.png 1024w, https:\/\/washnet.es\/wp-content\/uploads\/2025\/01\/Cont-1-300x206.png 300w, https:\/\/washnet.es\/wp-content\/uploads\/2025\/01\/Cont-1-768x528.png 768w, https:\/\/washnet.es\/wp-content\/uploads\/2025\/01\/Cont-1.png 1191w\" sizes=\"(max-width: 800px) 100vw, 800px\">\t\t\t\t\t\t\t\t<\/a><\/p>\n<h2>Notre engagement<\/h2>\n<h3>D\u00e9couvrez nos solutions<\/h3>\n<p>\t\t\t\t<svg aria-hidden=\"true\" viewbox=\"0 0 288 512\" xmlns=\"http:\/\/www.w3.org\/2000\/svg\"><path d=\"M112 316.94v156.69l22.02 33.02c4.75 7.12 15.22 7.12 19.97 0L176 473.63V316.94c-10.39 1.92-21.06 3.06-32 3.06s-21.61-1.14-32-3.06zM144 0C64.47 0 0 64.47 0 144s64.47 144 144 144 144-64.47 144-144S223.53 0 144 0zm0 76c-37.5 0-68 30.5-68 68 0 6.62-5.38 12-12 12s-12-5.38-12-12c0-50.73 41.28-92 92-92 6.62 0 12 5.38 12 12s-5.38 12-12 12z\"><\/path><\/svg>\t\t\t\t<\/p>\n<h4>\n Libre-service<br \/>\n\t\t\t\t\t<\/h4>\n<p>\n Syst\u00e8mes de lavage haute pression avec \u00e9quipements auxiliaires et structures personnalis\u00e9es. <\/p>\n<p>\t\t\t\t<svg aria-hidden=\"true\" viewbox=\"0 0 448 512\" xmlns=\"http:\/\/www.w3.org\/2000\/svg\"><path d=\"M400 32H48C21.5 32 0 53.5 0 80v352c0 26.5 21.5 48 48 48h352c26.5 0 48-21.5 48-48V80c0-26.5-21.5-48-48-48zm-6 400H54c-3.3 0-6-2.7-6-6V86c0-3.3 2.7-6 6-6h340c3.3 0 6 2.7 6 6v340c0 3.3-2.7 6-6 6z\"><\/path><\/svg>\t\t\t\t<\/p>\n<h4>\n Blanchisseries modulaires<br \/>\n\t\t\t\t\t<\/h4>\n<p>\n Solutions \u00ab plug &amp; play \u00bb pr\u00eates \u00e0 \u00eatre exploit\u00e9es avec contr\u00f4le domotique. <\/p>\n<p>\t\t\t\t<svg aria-hidden=\"true\" viewbox=\"0 0 640 512\" xmlns=\"http:\/\/www.w3.org\/2000\/svg\"><path d=\"M488 192H336v56c0 39.7-32.3 72-72 72s-72-32.3-72-72V126.4l-64.9 39C107.8 176.9 96 197.8 96 220.2v47.3l-80 46.2C.7 322.5-4.6 342.1 4.3 357.4l80 138.6c8.8 15.3 28.4 20.5 43.7 11.7L231.4 448H368c35.3 0 64-28.7 64-64h16c17.7 0 32-14.3 32-32v-64h8c13.3 0 24-10.7 24-24v-48c0-13.3-10.7-24-24-24zm147.7-37.4L555.7 16C546.9.7 527.3-4.5 512 4.3L408.6 64H306.4c-12 0-23.7 3.4-33.9 9.7L239 94.6c-9.4 5.8-15 16.1-15 27.1V248c0 22.1 17.9 40 40 40s40-17.9 40-40v-88h184c30.9 0 56 25.1 56 56v28.5l80-46.2c15.3-8.9 20.5-28.4 11.7-43.7z\"><\/path><\/svg>\t\t\t\t<\/p>\n<h4>\n Structures sp\u00e9cialis\u00e9es<br \/>\n\t\t\t\t\t<\/h4>\n<p>\n Conceptions r\u00e9sistantes en acier inoxydable ou galvanis\u00e9, adapt\u00e9es \u00e0 chaque activit\u00e9. <\/p>\n<p>\t\t\t\t<svg aria-hidden=\"true\" viewbox=\"0 0 448 512\" xmlns=\"http:\/\/www.w3.org\/2000\/svg\"><path d=\"M448 96v256c0 51.815-61.624 96-130.022 96l62.98 49.721C386.905 502.417 383.562 512 376 512H72c-7.578 0-10.892-9.594-4.957-14.279L130.022 448C61.82 448 0 403.954 0 352V96C0 42.981 64 0 128 0h192c65 0 128 42.981 128 96zM200 232V120c0-13.255-10.745-24-24-24H72c-13.255 0-24 10.745-24 24v112c0 13.255 10.745 24 24 24h104c13.255 0 24-10.745 24-24zm200 0V120c0-13.255-10.745-24-24-24H272c-13.255 0-24 10.745-24 24v112c0 13.255 10.745 24 24 24h104c13.255 0 24-10.745 24-24zm-48 56c-26.51 0-48 21.49-48 48s21.49 48 48 48 48-21.49 48-48-21.49-48-48-48zm-256 0c-26.51 0-48 21.49-48 48s21.49 48 48 48 48-21.49 48-48-21.49-48-48-48z\"><\/path><\/svg>\t\t\t\t<\/p>\n<h4>\n Conteneurs pour le transport<br \/>\n\t\t\t\t\t<\/h4>\n<p>\n Modules sur mesure pour un usage terrestre ou maritime, polyvalents et fonctionnels. <\/p>\n<h2>Notre approche<\/h2>\n<p>\t\t\t\t\t\t\t\t\t\t\t\t\t\t\t<img loading=\"lazy\" decoding=\"async\" width=\"800\" height=\"600\" src=\"https:\/\/washnet.es\/wp-content\/uploads\/2025\/01\/Expomecanica-2024-1024x768.jpeg\" alt=\"\" srcset=\"https:\/\/washnet.es\/wp-content\/uploads\/2025\/01\/Expomecanica-2024-1024x768.jpeg 1024w, https:\/\/washnet.es\/wp-content\/uploads\/2025\/01\/Expomecanica-2024-300x225.jpeg 300w, https:\/\/washnet.es\/wp-content\/uploads\/2025\/01\/Expomecanica-2024-768x576.jpeg 768w, https:\/\/washnet.es\/wp-content\/uploads\/2025\/01\/Expomecanica-2024.jpeg 1235w\" sizes=\"(max-width: 800px) 100vw, 800px\"><br \/>\n\t\t\t\t<svg aria-hidden=\"true\" viewbox=\"0 0 512 512\" xmlns=\"http:\/\/www.w3.org\/2000\/svg\"><path d=\"M256 8C119.033 8 8 119.033 8 256s111.033 248 248 248 248-111.033 248-248S392.967 8 256 8zm0 48c110.532 0 200 89.451 200 200 0 110.532-89.451 200-200 200-110.532 0-200-89.451-200-200 0-110.532 89.451-200 200-200m140.204 130.267l-22.536-22.718c-4.667-4.705-12.265-4.736-16.97-.068L215.346 303.697l-59.792-60.277c-4.667-4.705-12.265-4.736-16.97-.069l-22.719 22.536c-4.705 4.667-4.736 12.265-.068 16.971l90.781 91.516c4.667 4.705 12.265 4.736 16.97.068l172.589-171.204c4.704-4.668 4.734-12.266.067-16.971z\"><\/path><\/svg>\t\t\t\t<\/p>\n<h3>\n Efficacit\u00e9<br \/>\n\t\t\t\t\t<\/h3>\n<p>\n Conceptions optimis\u00e9es pour maximiser les performances et r\u00e9duire les co\u00fbts op\u00e9rationnels. <\/p>\n<p>\t\t\t\t<svg aria-hidden=\"true\" viewbox=\"0 0 512 512\" xmlns=\"http:\/\/www.w3.org\/2000\/svg\"><path d=\"M256 8C119.033 8 8 119.033 8 256s111.033 248 248 248 248-111.033 248-248S392.967 8 256 8zm0 48c110.532 0 200 89.451 200 200 0 110.532-89.451 200-200 200-110.532 0-200-89.451-200-200 0-110.532 89.451-200 200-200m140.204 130.267l-22.536-22.718c-4.667-4.705-12.265-4.736-16.97-.068L215.346 303.697l-59.792-60.277c-4.667-4.705-12.265-4.736-16.97-.069l-22.719 22.536c-4.705 4.667-4.736 12.265-.068 16.971l90.781 91.516c4.667 4.705 12.265 4.736 16.97.068l172.589-171.204c4.704-4.668 4.734-12.266.067-16.971z\"><\/path><\/svg>\t\t\t\t<\/p>\n<h3>\n Rentabilit\u00e9<br \/>\n\t\t\t\t\t<\/h3>\n<p>\n Solutions \u00e9volutives et adapt\u00e9es pour garantir un investissement s\u00fbr et rentable. <\/p>\n<p>\t\t\t\t<svg aria-hidden=\"true\" viewbox=\"0 0 512 512\" xmlns=\"http:\/\/www.w3.org\/2000\/svg\"><path d=\"M256 8C119.033 8 8 119.033 8 256s111.033 248 248 248 248-111.033 248-248S392.967 8 256 8zm0 48c110.532 0 200 89.451 200 200 0 110.532-89.451 200-200 200-110.532 0-200-89.451-200-200 0-110.532 89.451-200 200-200m140.204 130.267l-22.536-22.718c-4.667-4.705-12.265-4.736-16.97-.068L215.346 303.697l-59.792-60.277c-4.667-4.705-12.265-4.736-16.97-.069l-22.719 22.536c-4.705 4.667-4.736 12.265-.068 16.971l90.781 91.516c4.667 4.705 12.265 4.736 16.97.068l172.589-171.204c4.704-4.668 4.734-12.266.067-16.971z\"><\/path><\/svg>\t\t\t\t<\/p>\n<h3>\n Durabilit\u00e9<br \/>\n\t\t\t\t\t<\/h3>\n<p>\n Technologie \u00e9co-efficiente qui r\u00e9duit l\u2019impact environnemental et optimise la consommation des ressources. <\/p>\n","protected":false},"excerpt":{"rendered":"<p>Qui sommes-nous Conception, fabrication, installation et maintenance de centres de lavage et de solutions modulaires. Washnet Chez Washnet, nous concevons, fabriquons, installons et assurons la maintenance de centres de lavage haute pression pour v\u00e9hicules, en proposant des solutions sur mesure pour chaque activit\u00e9. Nous transformons des espaces et dynamisons les activit\u00e9s. Notre \u00e9quipe d\u2019ing\u00e9nierie con\u00e7oit [&hellip;]<\/p>\n","protected":false},"author":1,"featured_media":0,"parent":0,"menu_order":0,"comment_status":"closed","ping_status":"closed","template":"elementor_header_footer","meta":{"footnotes":""},"class_list":["post-5926","page","type-page","status-publish","hentry"],"yoast_head":"<!-- This site is optimized with the Yoast SEO plugin v27.5 - https:\/\/yoast.com\/product\/yoast-seo-wordpress\/ -->\n<title>Entreprise - Washnet<\/title>\n<meta name=\"description\" content=\"Nous concevons, fabriquons et installons des structures m\u00e9talliques et des solutions modulaires.\" \/>\n<meta name=\"robots\" content=\"index, follow, max-snippet:-1, max-image-preview:large, max-video-preview:-1\" \/>\n<link rel=\"canonical\" href=\"https:\/\/washnet.es\/fr\/entreprise\/\" \/>\n<meta property=\"og:locale\" content=\"fr_FR\" \/>\n<meta property=\"og:type\" content=\"article\" \/>\n<meta property=\"og:title\" content=\"Entreprise - Washnet\" \/>\n<meta property=\"og:description\" content=\"Nous concevons, fabriquons et installons des structures m\u00e9talliques et des solutions modulaires.\" \/>\n<meta property=\"og:url\" content=\"https:\/\/washnet.es\/fr\/entreprise\/\" \/>\n<meta property=\"og:site_name\" content=\"Washnet\" \/>\n<meta property=\"og:image\" content=\"https:\/\/washnet.es\/wp-content\/uploads\/2025\/03\/ELEF.jpg\" \/>\n<meta name=\"twitter:card\" content=\"summary_large_image\" \/>\n<meta name=\"twitter:label1\" content=\"Dur\u00e9e de lecture estim\u00e9e\" \/>\n\t<meta name=\"twitter:data1\" content=\"2 minutes\" \/>\n<script type=\"application\/ld+json\" class=\"yoast-schema-graph\">{\"@context\":\"https:\\\/\\\/schema.org\",\"@graph\":[{\"@type\":\"WebPage\",\"@id\":\"https:\\\/\\\/washnet.es\\\/fr\\\/entreprise\\\/\",\"url\":\"https:\\\/\\\/washnet.es\\\/fr\\\/entreprise\\\/\",\"name\":\"Entreprise - Washnet\",\"isPartOf\":{\"@id\":\"https:\\\/\\\/washnet.es\\\/#website\"},\"primaryImageOfPage\":{\"@id\":\"https:\\\/\\\/washnet.es\\\/fr\\\/entreprise\\\/#primaryimage\"},\"image\":{\"@id\":\"https:\\\/\\\/washnet.es\\\/fr\\\/entreprise\\\/#primaryimage\"},\"thumbnailUrl\":\"https:\\\/\\\/washnet.es\\\/wp-content\\\/uploads\\\/2025\\\/03\\\/ELEF.jpg\",\"datePublished\":\"2025-01-22T12:33:34+00:00\",\"description\":\"Nous concevons, fabriquons et installons des structures m\u00e9talliques et des solutions modulaires.\",\"breadcrumb\":{\"@id\":\"https:\\\/\\\/washnet.es\\\/fr\\\/entreprise\\\/#breadcrumb\"},\"inLanguage\":\"fr-FR\",\"potentialAction\":[{\"@type\":\"ReadAction\",\"target\":[\"https:\\\/\\\/washnet.es\\\/fr\\\/entreprise\\\/\"]}]},{\"@type\":\"ImageObject\",\"inLanguage\":\"fr-FR\",\"@id\":\"https:\\\/\\\/washnet.es\\\/fr\\\/entreprise\\\/#primaryimage\",\"url\":\"https:\\\/\\\/washnet.es\\\/wp-content\\\/uploads\\\/2025\\\/03\\\/ELEF.jpg\",\"contentUrl\":\"https:\\\/\\\/washnet.es\\\/wp-content\\\/uploads\\\/2025\\\/03\\\/ELEF.jpg\"},{\"@type\":\"BreadcrumbList\",\"@id\":\"https:\\\/\\\/washnet.es\\\/fr\\\/entreprise\\\/#breadcrumb\",\"itemListElement\":[{\"@type\":\"ListItem\",\"position\":1,\"name\":\"Portada\",\"item\":\"https:\\\/\\\/washnet.es\\\/\"},{\"@type\":\"ListItem\",\"position\":2,\"name\":\"Entreprise\"}]},{\"@type\":\"WebSite\",\"@id\":\"https:\\\/\\\/washnet.es\\\/#website\",\"url\":\"https:\\\/\\\/washnet.es\\\/\",\"name\":\"Washnet\",\"description\":\"\",\"publisher\":{\"@id\":\"https:\\\/\\\/washnet.es\\\/#organization\"},\"potentialAction\":[{\"@type\":\"SearchAction\",\"target\":{\"@type\":\"EntryPoint\",\"urlTemplate\":\"https:\\\/\\\/washnet.es\\\/?s={search_term_string}\"},\"query-input\":{\"@type\":\"PropertyValueSpecification\",\"valueRequired\":true,\"valueName\":\"search_term_string\"}}],\"inLanguage\":\"fr-FR\"},{\"@type\":\"Organization\",\"@id\":\"https:\\\/\\\/washnet.es\\\/#organization\",\"name\":\"Washnet\",\"url\":\"https:\\\/\\\/washnet.es\\\/\",\"logo\":{\"@type\":\"ImageObject\",\"inLanguage\":\"fr-FR\",\"@id\":\"https:\\\/\\\/washnet.es\\\/#\\\/schema\\\/logo\\\/image\\\/\",\"url\":\"https:\\\/\\\/washnet.es\\\/wp-content\\\/uploads\\\/2025\\\/01\\\/logo-washnet.png\",\"contentUrl\":\"https:\\\/\\\/washnet.es\\\/wp-content\\\/uploads\\\/2025\\\/01\\\/logo-washnet.png\",\"width\":2491,\"height\":564,\"caption\":\"Washnet\"},\"image\":{\"@id\":\"https:\\\/\\\/washnet.es\\\/#\\\/schema\\\/logo\\\/image\\\/\"}}]}<\/script>\n<!-- \/ Yoast SEO plugin. -->","yoast_head_json":{"title":"Entreprise - Washnet","description":"Nous concevons, fabriquons et installons des structures m\u00e9talliques et des solutions modulaires.","robots":{"index":"index","follow":"follow","max-snippet":"max-snippet:-1","max-image-preview":"max-image-preview:large","max-video-preview":"max-video-preview:-1"},"canonical":"https:\/\/washnet.es\/fr\/entreprise\/","og_locale":"fr_FR","og_type":"article","og_title":"Entreprise - Washnet","og_description":"Nous concevons, fabriquons et installons des structures m\u00e9talliques et des solutions modulaires.","og_url":"https:\/\/washnet.es\/fr\/entreprise\/","og_site_name":"Washnet","og_image":[{"url":"https:\/\/washnet.es\/wp-content\/uploads\/2025\/03\/ELEF.jpg","type":"","width":"","height":""}],"twitter_card":"summary_large_image","twitter_misc":{"Dur\u00e9e de lecture estim\u00e9e":"2 minutes"},"schema":{"@context":"https:\/\/schema.org","@graph":[{"@type":"WebPage","@id":"https:\/\/washnet.es\/fr\/entreprise\/","url":"https:\/\/washnet.es\/fr\/entreprise\/","name":"Entreprise - Washnet","isPartOf":{"@id":"https:\/\/washnet.es\/#website"},"primaryImageOfPage":{"@id":"https:\/\/washnet.es\/fr\/entreprise\/#primaryimage"},"image":{"@id":"https:\/\/washnet.es\/fr\/entreprise\/#primaryimage"},"thumbnailUrl":"https:\/\/washnet.es\/wp-content\/uploads\/2025\/03\/ELEF.jpg","datePublished":"2025-01-22T12:33:34+00:00","description":"Nous concevons, fabriquons et installons des structures m\u00e9talliques et des solutions modulaires.","breadcrumb":{"@id":"https:\/\/washnet.es\/fr\/entreprise\/#breadcrumb"},"inLanguage":"fr-FR","potentialAction":[{"@type":"ReadAction","target":["https:\/\/washnet.es\/fr\/entreprise\/"]}]},{"@type":"ImageObject","inLanguage":"fr-FR","@id":"https:\/\/washnet.es\/fr\/entreprise\/#primaryimage","url":"https:\/\/washnet.es\/wp-content\/uploads\/2025\/03\/ELEF.jpg","contentUrl":"https:\/\/washnet.es\/wp-content\/uploads\/2025\/03\/ELEF.jpg"},{"@type":"BreadcrumbList","@id":"https:\/\/washnet.es\/fr\/entreprise\/#breadcrumb","itemListElement":[{"@type":"ListItem","position":1,"name":"Portada","item":"https:\/\/washnet.es\/"},{"@type":"ListItem","position":2,"name":"Entreprise"}]},{"@type":"WebSite","@id":"https:\/\/washnet.es\/#website","url":"https:\/\/washnet.es\/","name":"Washnet","description":"","publisher":{"@id":"https:\/\/washnet.es\/#organization"},"potentialAction":[{"@type":"SearchAction","target":{"@type":"EntryPoint","urlTemplate":"https:\/\/washnet.es\/?s={search_term_string}"},"query-input":{"@type":"PropertyValueSpecification","valueRequired":true,"valueName":"search_term_string"}}],"inLanguage":"fr-FR"},{"@type":"Organization","@id":"https:\/\/washnet.es\/#organization","name":"Washnet","url":"https:\/\/washnet.es\/","logo":{"@type":"ImageObject","inLanguage":"fr-FR","@id":"https:\/\/washnet.es\/#\/schema\/logo\/image\/","url":"https:\/\/washnet.es\/wp-content\/uploads\/2025\/01\/logo-washnet.png","contentUrl":"https:\/\/washnet.es\/wp-content\/uploads\/2025\/01\/logo-washnet.png","width":2491,"height":564,"caption":"Washnet"},"image":{"@id":"https:\/\/washnet.es\/#\/schema\/logo\/image\/"}}]}},"_links":{"self":[{"href":"https:\/\/washnet.es\/fr\/wp-json\/wp\/v2\/pages\/5926","targetHints":{"allow":["GET"]}}],"collection":[{"href":"https:\/\/washnet.es\/fr\/wp-json\/wp\/v2\/pages"}],"about":[{"href":"https:\/\/washnet.es\/fr\/wp-json\/wp\/v2\/types\/page"}],"author":[{"embeddable":true,"href":"https:\/\/washnet.es\/fr\/wp-json\/wp\/v2\/users\/1"}],"replies":[{"embeddable":true,"href":"https:\/\/washnet.es\/fr\/wp-json\/wp\/v2\/comments?post=5926"}],"version-history":[{"count":0,"href":"https:\/\/washnet.es\/fr\/wp-json\/wp\/v2\/pages\/5926\/revisions"}],"wp:attachment":[{"href":"https:\/\/washnet.es\/fr\/wp-json\/wp\/v2\/media?parent=5926"}],"curies":[{"name":"wp","href":"https:\/\/api.w.org\/{rel}","templated":true}]}}