{"id":5238,"date":"2025-07-23T08:27:51","date_gmt":"2025-07-23T07:27:51","guid":{"rendered":"https:\/\/washnet.es\/politica-ambiental\/"},"modified":"2025-07-23T09:25:34","modified_gmt":"2025-07-23T08:25:34","slug":"politica-ambiental","status":"publish","type":"page","link":"https:\/\/washnet.es\/ca\/politica-ambiental\/","title":{"rendered":"Pol\u00edtica ambiental"},"content":{"rendered":"\t\t<div data-elementor-type=\"wp-page\" data-elementor-id=\"5238\" class=\"elementor elementor-5238 elementor-5225\" data-elementor-post-type=\"page\">\n\t\t\t\t<div class=\"elementor-element elementor-element-578cfeee e-flex e-con-boxed e-con e-parent\" data-id=\"578cfeee\" data-element_type=\"container\" data-e-type=\"container\">\n\t\t\t\t\t<div class=\"e-con-inner\">\n\t\t\t\t<div class=\"elementor-element elementor-element-e947624 elementor-widget elementor-widget-text-editor\" data-id=\"e947624\" data-element_type=\"widget\" data-e-type=\"widget\" data-widget_type=\"text-editor.default\">\n\t\t\t\t<div class=\"elementor-widget-container\">\n\t\t\t\t\t\t\t\t\t<h2>Pol\u00edtica ambiental<\/h2>\n<h4><span style=\"font-size: 1rem;\">WASHNET FACTORY, S.L, empresa dedicada al disseny, fabricaci\u00f3 i instal\u00b7laci\u00f3 de centres de rentat d&#8217;alta pressi\u00f3 per a vehicles i a la distribuci\u00f3 de recanvis i accessoris per al rentat i manteniment de centres de rentat, establim aquesta Pol\u00edtica Ambiental com a part integral del nostre Sistema de Gesti\u00f3 Ambiental, de conformitat amb els requisits de la norma ISO 14001:2015.<\/span><\/h4>\n<h3>Compromisos Ambientals<\/h3>\n<p><strong>Compliment Legal i Requisits Aplicables:<\/strong> Ens comprometem a complir amb la legislaci\u00f3 ambiental vigent, aix\u00ed com amb altres requisits ambientals que l&#8217; organitzaci\u00f3 subscrigui.<\/p>\n<p><strong>Prevenci\u00f3 de la Contaminaci\u00f3:<\/strong> Implementem mesures preventives i de control per minimitzar els impactes ambientals adversos associats a les nostres activitats, productes i serveis.<\/p>\n<p><strong>\u00das Eficient de Recursos:<\/strong> Promovem l&#8217;\u00fas racional de recursos naturals com l&#8217;aigua, l&#8217;energia i mat\u00e8ries primeres, aplicant tecnologies i processos m\u00e9s nets i sostenibles.<\/p>\n<p><strong>Disseny Ecol\u00f2gic de Productes:<\/strong> Incorporem criteris ambientals en el disseny i fabricaci\u00f3 dels nostres boxs de rentat, buscant minimitzar el seu impacte durant tot el seu cicle de vida.<\/p>\n<p><strong>Gesti\u00f3 de Residus:<\/strong> Fomentem la correcta gesti\u00f3 de residus mitjan\u00e7ant la reducci\u00f3, reutilitzaci\u00f3, reciclatge i disposici\u00f3 final adequada, prioritzant l&#8217;economia circular.<\/p>\n<p><strong>Formaci\u00f3 i Sensibilitzaci\u00f3:<\/strong> Proporcionem formaci\u00f3 i sensibilitzaci\u00f3 ambiental als nostres empleats i promovem pr\u00e0ctiques responsables entre els nostres clients i prove\u00efdors.<\/p>\n<p><strong>Millora Cont\u00ednua de l&#8217; Acompliment Ambiental:<\/strong> Establim objectius i indicadors ambientals, revisant-los peri\u00f2dicament per assegurar la millora cont\u00ednua del nostre acompliment ambiental.<\/p>\n<h3>Abast de la Pol\u00edtica<\/h3>\n<p>Aquesta pol\u00edtica aplica a totes les activitats de <strong>WASHNET FACTORY, S.L.,<\/strong> incloent la fabricaci\u00f3, distribuci\u00f3, instal\u00b7laci\u00f3 i manteniment de boxs de rentat de vehicles, aix\u00ed com la comercialitzaci\u00f3 de productes de neteja i manteniment per a centres de rentat.<\/p>\n<p>\u00c9s comunicada, entesa i aplicada per tots els nivells de l&#8217; organitzaci\u00f3 i es troba disponible per a les parts interessades.<\/p>\n<p>Aquesta Pol\u00edtica va ser aprovada per l&#8217;administrador de Washnet el 26 de juny de 2025 i \u00e9s efectiva des del moment de la seva aprovaci\u00f3.<\/p>\t\t\t\t\t\t\t\t<\/div>\n\t\t\t\t<\/div>\n\t\t\t\t\t<\/div>\n\t\t\t\t<\/div>\n\t\t\t\t<\/div>\n\t\t","protected":false},"excerpt":{"rendered":"<p>Pol\u00edtica ambiental WASHNET FACTORY, S.L, empresa dedicada al disseny, fabricaci\u00f3 i instal\u00b7laci\u00f3 de centres de rentat d&#8217;alta pressi\u00f3 per a vehicles i a la distribuci\u00f3 de recanvis i accessoris per al rentat i manteniment de centres de rentat, establim aquesta Pol\u00edtica Ambiental com a part integral del nostre Sistema de Gesti\u00f3 Ambiental, de conformitat amb [&hellip;]<\/p>\n","protected":false},"author":1,"featured_media":0,"parent":0,"menu_order":0,"comment_status":"closed","ping_status":"closed","template":"elementor_header_footer","meta":{"footnotes":""},"class_list":["post-5238","page","type-page","status-publish","hentry"],"yoast_head":"<!-- This site is optimized with the Yoast SEO plugin v27.2 - https:\/\/yoast.com\/product\/yoast-seo-wordpress\/ -->\n<title>Pol\u00edtica ambiental - Washnet<\/title>\n<meta name=\"robots\" content=\"noindex, nofollow\" \/>\n<meta property=\"og:locale\" content=\"ca_ES\" \/>\n<meta property=\"og:type\" content=\"article\" \/>\n<meta property=\"og:title\" content=\"Pol\u00edtica ambiental - Washnet\" \/>\n<meta property=\"og:description\" content=\"Pol\u00edtica ambiental WASHNET FACTORY, S.L, empresa dedicada al disseny, fabricaci\u00f3 i instal\u00b7laci\u00f3 de centres de rentat d&#8217;alta pressi\u00f3 per a vehicles i a la distribuci\u00f3 de recanvis i accessoris per al rentat i manteniment de centres de rentat, establim aquesta Pol\u00edtica Ambiental com a part integral del nostre Sistema de Gesti\u00f3 Ambiental, de conformitat amb [&hellip;]\" \/>\n<meta property=\"og:url\" content=\"https:\/\/washnet.es\/ca\/politica-ambiental\/\" \/>\n<meta property=\"og:site_name\" content=\"Washnet\" \/>\n<meta property=\"article:modified_time\" content=\"2025-07-23T08:25:34+00:00\" \/>\n<meta name=\"twitter:card\" content=\"summary_large_image\" \/>\n<meta name=\"twitter:label1\" content=\"Temps estimat de lectura\" \/>\n\t<meta name=\"twitter:data1\" content=\"2 minuts\" \/>\n<script type=\"application\/ld+json\" class=\"yoast-schema-graph\">{\"@context\":\"https:\/\/schema.org\",\"@graph\":[{\"@type\":\"WebPage\",\"@id\":\"https:\/\/washnet.es\/ca\/politica-ambiental\/\",\"url\":\"https:\/\/washnet.es\/ca\/politica-ambiental\/\",\"name\":\"Pol\u00edtica ambiental - Washnet\",\"isPartOf\":{\"@id\":\"https:\/\/washnet.es\/#website\"},\"datePublished\":\"2025-07-23T07:27:51+00:00\",\"dateModified\":\"2025-07-23T08:25:34+00:00\",\"breadcrumb\":{\"@id\":\"https:\/\/washnet.es\/ca\/politica-ambiental\/#breadcrumb\"},\"inLanguage\":\"ca\",\"potentialAction\":[{\"@type\":\"ReadAction\",\"target\":[\"https:\/\/washnet.es\/ca\/politica-ambiental\/\"]}]},{\"@type\":\"BreadcrumbList\",\"@id\":\"https:\/\/washnet.es\/ca\/politica-ambiental\/#breadcrumb\",\"itemListElement\":[{\"@type\":\"ListItem\",\"position\":1,\"name\":\"Portada\",\"item\":\"https:\/\/washnet.es\/ca\/inici\/\"},{\"@type\":\"ListItem\",\"position\":2,\"name\":\"Pol\u00edtica ambiental\"}]},{\"@type\":\"WebSite\",\"@id\":\"https:\/\/washnet.es\/#website\",\"url\":\"https:\/\/washnet.es\/\",\"name\":\"Washnet\",\"description\":\"\",\"publisher\":{\"@id\":\"https:\/\/washnet.es\/#organization\"},\"potentialAction\":[{\"@type\":\"SearchAction\",\"target\":{\"@type\":\"EntryPoint\",\"urlTemplate\":\"https:\/\/washnet.es\/?s={search_term_string}\"},\"query-input\":{\"@type\":\"PropertyValueSpecification\",\"valueRequired\":true,\"valueName\":\"search_term_string\"}}],\"inLanguage\":\"ca\"},{\"@type\":\"Organization\",\"@id\":\"https:\/\/washnet.es\/#organization\",\"name\":\"Washnet\",\"url\":\"https:\/\/washnet.es\/\",\"logo\":{\"@type\":\"ImageObject\",\"inLanguage\":\"ca\",\"@id\":\"https:\/\/washnet.es\/#\/schema\/logo\/image\/\",\"url\":\"https:\/\/washnet.es\/wp-content\/uploads\/2025\/01\/logo-washnet.png\",\"contentUrl\":\"https:\/\/washnet.es\/wp-content\/uploads\/2025\/01\/logo-washnet.png\",\"width\":2491,\"height\":564,\"caption\":\"Washnet\"},\"image\":{\"@id\":\"https:\/\/washnet.es\/#\/schema\/logo\/image\/\"}}]}<\/script>\n<!-- \/ Yoast SEO plugin. -->","yoast_head_json":{"title":"Pol\u00edtica ambiental - Washnet","robots":{"index":"noindex","follow":"nofollow"},"og_locale":"ca_ES","og_type":"article","og_title":"Pol\u00edtica ambiental - Washnet","og_description":"Pol\u00edtica ambiental WASHNET FACTORY, S.L, empresa dedicada al disseny, fabricaci\u00f3 i instal\u00b7laci\u00f3 de centres de rentat d&#8217;alta pressi\u00f3 per a vehicles i a la distribuci\u00f3 de recanvis i accessoris per al rentat i manteniment de centres de rentat, establim aquesta Pol\u00edtica Ambiental com a part integral del nostre Sistema de Gesti\u00f3 Ambiental, de conformitat amb [&hellip;]","og_url":"https:\/\/washnet.es\/ca\/politica-ambiental\/","og_site_name":"Washnet","article_modified_time":"2025-07-23T08:25:34+00:00","twitter_card":"summary_large_image","twitter_misc":{"Temps estimat de lectura":"2 minuts"},"schema":{"@context":"https:\/\/schema.org","@graph":[{"@type":"WebPage","@id":"https:\/\/washnet.es\/ca\/politica-ambiental\/","url":"https:\/\/washnet.es\/ca\/politica-ambiental\/","name":"Pol\u00edtica ambiental - Washnet","isPartOf":{"@id":"https:\/\/washnet.es\/#website"},"datePublished":"2025-07-23T07:27:51+00:00","dateModified":"2025-07-23T08:25:34+00:00","breadcrumb":{"@id":"https:\/\/washnet.es\/ca\/politica-ambiental\/#breadcrumb"},"inLanguage":"ca","potentialAction":[{"@type":"ReadAction","target":["https:\/\/washnet.es\/ca\/politica-ambiental\/"]}]},{"@type":"BreadcrumbList","@id":"https:\/\/washnet.es\/ca\/politica-ambiental\/#breadcrumb","itemListElement":[{"@type":"ListItem","position":1,"name":"Portada","item":"https:\/\/washnet.es\/ca\/inici\/"},{"@type":"ListItem","position":2,"name":"Pol\u00edtica ambiental"}]},{"@type":"WebSite","@id":"https:\/\/washnet.es\/#website","url":"https:\/\/washnet.es\/","name":"Washnet","description":"","publisher":{"@id":"https:\/\/washnet.es\/#organization"},"potentialAction":[{"@type":"SearchAction","target":{"@type":"EntryPoint","urlTemplate":"https:\/\/washnet.es\/?s={search_term_string}"},"query-input":{"@type":"PropertyValueSpecification","valueRequired":true,"valueName":"search_term_string"}}],"inLanguage":"ca"},{"@type":"Organization","@id":"https:\/\/washnet.es\/#organization","name":"Washnet","url":"https:\/\/washnet.es\/","logo":{"@type":"ImageObject","inLanguage":"ca","@id":"https:\/\/washnet.es\/#\/schema\/logo\/image\/","url":"https:\/\/washnet.es\/wp-content\/uploads\/2025\/01\/logo-washnet.png","contentUrl":"https:\/\/washnet.es\/wp-content\/uploads\/2025\/01\/logo-washnet.png","width":2491,"height":564,"caption":"Washnet"},"image":{"@id":"https:\/\/washnet.es\/#\/schema\/logo\/image\/"}}]}},"_links":{"self":[{"href":"https:\/\/washnet.es\/ca\/wp-json\/wp\/v2\/pages\/5238","targetHints":{"allow":["GET"]}}],"collection":[{"href":"https:\/\/washnet.es\/ca\/wp-json\/wp\/v2\/pages"}],"about":[{"href":"https:\/\/washnet.es\/ca\/wp-json\/wp\/v2\/types\/page"}],"author":[{"embeddable":true,"href":"https:\/\/washnet.es\/ca\/wp-json\/wp\/v2\/users\/1"}],"replies":[{"embeddable":true,"href":"https:\/\/washnet.es\/ca\/wp-json\/wp\/v2\/comments?post=5238"}],"version-history":[{"count":2,"href":"https:\/\/washnet.es\/ca\/wp-json\/wp\/v2\/pages\/5238\/revisions"}],"predecessor-version":[{"id":5270,"href":"https:\/\/washnet.es\/ca\/wp-json\/wp\/v2\/pages\/5238\/revisions\/5270"}],"wp:attachment":[{"href":"https:\/\/washnet.es\/ca\/wp-json\/wp\/v2\/media?parent=5238"}],"curies":[{"name":"wp","href":"https:\/\/api.w.org\/{rel}","templated":true}]}}