{"id":4841,"date":"2025-01-27T11:13:17","date_gmt":"2025-01-27T11:13:17","guid":{"rendered":"https:\/\/washnet.es\/canal-etic\/"},"modified":"2025-03-12T09:23:29","modified_gmt":"2025-03-12T09:23:29","slug":"canal-etic","status":"publish","type":"page","link":"https:\/\/washnet.es\/ca\/canal-etic\/","title":{"rendered":"Canal \u00e8tic"},"content":{"rendered":"\t\t<div data-elementor-type=\"wp-page\" data-elementor-id=\"4841\" class=\"elementor elementor-4841 elementor-809\" data-elementor-post-type=\"page\">\n\t\t\t\t<div class=\"elementor-element elementor-element-ed9851f e-flex e-con-boxed e-con e-parent\" data-id=\"ed9851f\" data-element_type=\"container\" data-e-type=\"container\" data-settings=\"{&quot;background_background&quot;:&quot;slideshow&quot;,&quot;background_slideshow_gallery&quot;:[{&quot;id&quot;:816,&quot;url&quot;:&quot;https:\\\/\\\/washnet.es\\\/wp-content\\\/uploads\\\/2025\\\/01\\\/galeria02.jpg&quot;}],&quot;background_slideshow_loop&quot;:&quot;yes&quot;,&quot;background_slideshow_slide_duration&quot;:5000,&quot;background_slideshow_slide_transition&quot;:&quot;fade&quot;,&quot;background_slideshow_transition_duration&quot;:500}\">\n\t\t\t\t\t<div class=\"e-con-inner\">\n\t\t<div class=\"elementor-element elementor-element-eab962e e-con-full e-flex e-con e-child\" data-id=\"eab962e\" data-element_type=\"container\" data-e-type=\"container\">\n\t\t\t\t<div class=\"elementor-element elementor-element-f26517e elementor-widget elementor-widget-heading\" data-id=\"f26517e\" data-element_type=\"widget\" data-e-type=\"widget\" data-widget_type=\"heading.default\">\n\t\t\t\t<div class=\"elementor-widget-container\">\n\t\t\t\t\t<h1 class=\"elementor-heading-title elementor-size-default\">Canal \u00e8tic<\/h1>\t\t\t\t<\/div>\n\t\t\t\t<\/div>\n\t\t\t\t<div class=\"elementor-element elementor-element-d070ced elementor-widget__width-initial elementor-widget-tablet__width-inherit elementor-widget elementor-widget-heading\" data-id=\"d070ced\" data-element_type=\"widget\" data-e-type=\"widget\" data-widget_type=\"heading.default\">\n\t\t\t\t<div class=\"elementor-widget-container\">\n\t\t\t\t\t<h2 class=\"elementor-heading-title elementor-size-default\">Formula consultes o envia comunicacions internes d'informaci\u00f3 sobre possibles il\u00b7l\u00edcits, irregularitats i no conformitats sobre accions o omissions que puguin constituir infraccions<\/h2>\t\t\t\t<\/div>\n\t\t\t\t<\/div>\n\t\t\t\t<\/div>\n\t\t\t\t\t<\/div>\n\t\t\t\t<\/div>\n\t\t<div class=\"elementor-element elementor-element-a72d500 e-flex e-con-boxed e-con e-parent\" data-id=\"a72d500\" data-element_type=\"container\" data-e-type=\"container\">\n\t\t\t\t\t<div class=\"e-con-inner\">\n\t\t\t\t<div class=\"elementor-element elementor-element-c0eaa31 elementor-widget elementor-widget-text-editor\" data-id=\"c0eaa31\" data-element_type=\"widget\" data-e-type=\"widget\" data-widget_type=\"text-editor.default\">\n\t\t\t\t<div class=\"elementor-widget-container\">\n\t\t\t\t\t\t\t\t\t<div class=\"et_pb_module et_pb_text et_pb_text_0 et_pb_text_align_left et_pb_bg_layout_light\"><div class=\"et_pb_text_inner\"><p>El <strong>Canal \u00c9tico<\/strong> \u00e9s el canal de comunicaci\u00f3 interna de <strong>Grupo Moure 24, S.L.<\/strong> i les seves filials, <strong>Autonet Baleares, S.L., Petronet Espa\u00f1a, S.A.U. y Washnet Factory, S.L.,<\/strong> (d&#8217;ara endavant, referenciats com a \u00abGRUP MOURE\u00bb) per formular consultes o enviar comunicacions internes d&#8217;informaci\u00f3 sobre possibles il\u00b7l\u00edcits, irregularitats i no conformitats sobre accions o omissions que puguin constituir infraccions:<\/p><ol><li>Del dret de la Uni\u00f3 Europea.<\/li><li>Penals o administratives greus o molt greus.<\/li><li>Del dret laboral en mat\u00e8ria de seguretat i salut a la feina.<\/li><li>De normatives aplicables a GRUP MOURE.<\/li><\/ol><\/div><\/div><div class=\"et_pb_module et_pb_text et_pb_text_1 et_pb_text_align_left et_pb_bg_layout_light\"><div class=\"et_pb_text_inner\"><p>El Canal \u00c8tic es basa, entre altres, en els principis de confidencialitat, bona fe i prohibici\u00f3 de repres\u00e0lies, per la qual cosa es respectar\u00e0 a cada moment els drets de les persones que es posin en contacte amb nosaltres.<\/p><p>La informaci\u00f3 proporcionada a trav\u00e9s d&#8217;aquest canal ha de ser precisa i relacionar-se exclusivament amb una acci\u00f3 o una omissi\u00f3 que podria ser una violaci\u00f3 legal o una transgressi\u00f3 del nostre Codi General de Conducta.<\/p><p>La normativa garanteix que no es prendran repres\u00e0lies contra les persones que facin servir el Canal \u00c8tic de manera apropiada, sempre respectant els drets de les persones que es comuniquin amb nosaltres. Tot i aix\u00f2, tamb\u00e9 estableix sancions per a aquells casos en qu\u00e8 es faci un \u00fas inadequat, com la presentaci\u00f3 d&#8217;informaci\u00f3 falsa. <\/p><p>A trav\u00e9s del Canal \u00c8tic, \u00e9s possible:<\/p><ol><li>Realitzar comunicacions per escrit.<\/li><li>Realitzar comunicacions a trav\u00e9s d&#8217;enregistraments de veu.<\/li><li>Fer seguiment de comunicacions pr\u00e8viament presentades (el Canal \u00c8tic mantindr\u00e0 la comunicaci\u00f3 amb el denunciant mitjan\u00e7ant un codi \u00fanic em\u00e8s pel Canal una vegada presentada la comunicaci\u00f3).<\/li><\/ol><p>No es permet l&#8217;\u00fas del Canal \u00c8tic per a altres prop\u00f2sits, incloent assumptes purament laborals que no impliquin violacions legals (com disputes interpersonals que no constitueixin assetjament o problemes amb les condicions d&#8217;ocupaci\u00f3), o reclamacions relacionades amb la gesti\u00f3 quotidiana dels serveis prestats per les empreses del Grup (per exemple, incidents en una estaci\u00f3 de servei), que han de ser de incidents en una estaci\u00f3 de servei.<\/p><p>Podeu obtenir m\u00e9s informaci\u00f3 sobre l<strong>a<\/strong> <a href=\"https:\/\/www.boe.es\/buscar\/act.php?id=BOE-A-2023-4513\" target=\"_blank\" rel=\"nofollow noreferrer noopener\">Ley 2\/2023, de 20 febrero, reguladora de la protecci\u00f3n de las personas que informen sobre las infracciones normativas y de la lucha contra la corrupci\u00f3n<\/a><\/p><p>Podeu consultar la <a href=\"https:\/\/washnet.es\/politica-privacidad\/\">pol\u00edtica de privacidad<\/a> en aquest <a href=\"https:\/\/grupomoure.com\/politica-de-privacidad\/\">enlace<\/a>.<\/p><\/div><\/div>\t\t\t\t\t\t\t\t<\/div>\n\t\t\t\t<\/div>\n\t\t\t\t<div class=\"elementor-element elementor-element-f51c44a elementor-align-center elementor-widget elementor-widget-button\" data-id=\"f51c44a\" data-element_type=\"widget\" data-e-type=\"widget\" data-widget_type=\"button.default\">\n\t\t\t\t<div class=\"elementor-widget-container\">\n\t\t\t\t\t\t\t\t\t<div class=\"elementor-button-wrapper\">\n\t\t\t\t\t<a class=\"elementor-button elementor-button-link elementor-size-sm\" href=\"https:\/\/whistleblowersoftware.com\/secure\/canaleticogrupomoure\">\n\t\t\t\t\t\t<span class=\"elementor-button-content-wrapper\">\n\t\t\t\t\t\t<span class=\"elementor-button-icon\">\n\t\t\t\t<svg aria-hidden=\"true\" class=\"e-font-icon-svg e-fas-chevron-right\" viewBox=\"0 0 320 512\" xmlns=\"http:\/\/www.w3.org\/2000\/svg\"><path d=\"M285.476 272.971L91.132 467.314c-9.373 9.373-24.569 9.373-33.941 0l-22.667-22.667c-9.357-9.357-9.375-24.522-.04-33.901L188.505 256 34.484 101.255c-9.335-9.379-9.317-24.544.04-33.901l22.667-22.667c9.373-9.373 24.569-9.373 33.941 0L285.475 239.03c9.373 9.372 9.373 24.568.001 33.941z\"><\/path><\/svg>\t\t\t<\/span>\n\t\t\t\t\t\t\t\t\t<span class=\"elementor-button-text\">Acc\u00e9s al canal \u00e8tic<\/span>\n\t\t\t\t\t<\/span>\n\t\t\t\t\t<\/a>\n\t\t\t\t<\/div>\n\t\t\t\t\t\t\t\t<\/div>\n\t\t\t\t<\/div>\n\t\t\t\t\t<\/div>\n\t\t\t\t<\/div>\n\t\t\t\t<\/div>\n\t\t","protected":false},"excerpt":{"rendered":"<p>Canal \u00e8tic Formula consultes o envia comunicacions internes d&#8217;informaci\u00f3 sobre possibles il\u00b7l\u00edcits, irregularitats i no conformitats sobre accions o omissions que puguin constituir infraccions El Canal \u00c9tico \u00e9s el canal de comunicaci\u00f3 interna de Grupo Moure 24, S.L. i les seves filials, Autonet Baleares, S.L., Petronet Espa\u00f1a, S.A.U. y Washnet Factory, S.L., (d&#8217;ara endavant, referenciats [&hellip;]<\/p>\n","protected":false},"author":1,"featured_media":0,"parent":0,"menu_order":0,"comment_status":"closed","ping_status":"closed","template":"elementor_header_footer","meta":{"footnotes":""},"class_list":["post-4841","page","type-page","status-publish","hentry"],"yoast_head":"<!-- This site is optimized with the Yoast SEO plugin v27.3 - https:\/\/yoast.com\/product\/yoast-seo-wordpress\/ -->\n<title>Canal \u00e8tic - Washnet<\/title>\n<meta name=\"robots\" content=\"noindex, nofollow\" \/>\n<meta property=\"og:locale\" content=\"ca_ES\" \/>\n<meta property=\"og:type\" content=\"article\" \/>\n<meta property=\"og:title\" content=\"Canal \u00e8tic - Washnet\" \/>\n<meta property=\"og:description\" content=\"Canal \u00e8tic Formula consultes o envia comunicacions internes d&#8217;informaci\u00f3 sobre possibles il\u00b7l\u00edcits, irregularitats i no conformitats sobre accions o omissions que puguin constituir infraccions El Canal \u00c9tico \u00e9s el canal de comunicaci\u00f3 interna de Grupo Moure 24, S.L. i les seves filials, Autonet Baleares, S.L., Petronet Espa\u00f1a, S.A.U. y Washnet Factory, S.L., (d&#8217;ara endavant, referenciats [&hellip;]\" \/>\n<meta property=\"og:url\" content=\"https:\/\/washnet.es\/ca\/canal-etic\/\" \/>\n<meta property=\"og:site_name\" content=\"Washnet\" \/>\n<meta property=\"article:modified_time\" content=\"2025-03-12T09:23:29+00:00\" \/>\n<meta name=\"twitter:card\" content=\"summary_large_image\" \/>\n<meta name=\"twitter:label1\" content=\"Temps estimat de lectura\" \/>\n\t<meta name=\"twitter:data1\" content=\"3 minuts\" \/>\n<script type=\"application\/ld+json\" class=\"yoast-schema-graph\">{\"@context\":\"https:\\\/\\\/schema.org\",\"@graph\":[{\"@type\":\"WebPage\",\"@id\":\"https:\\\/\\\/washnet.es\\\/ca\\\/canal-etic\\\/\",\"url\":\"https:\\\/\\\/washnet.es\\\/ca\\\/canal-etic\\\/\",\"name\":\"Canal \u00e8tic - Washnet\",\"isPartOf\":{\"@id\":\"https:\\\/\\\/washnet.es\\\/#website\"},\"datePublished\":\"2025-01-27T11:13:17+00:00\",\"dateModified\":\"2025-03-12T09:23:29+00:00\",\"breadcrumb\":{\"@id\":\"https:\\\/\\\/washnet.es\\\/ca\\\/canal-etic\\\/#breadcrumb\"},\"inLanguage\":\"ca\",\"potentialAction\":[{\"@type\":\"ReadAction\",\"target\":[\"https:\\\/\\\/washnet.es\\\/ca\\\/canal-etic\\\/\"]}]},{\"@type\":\"BreadcrumbList\",\"@id\":\"https:\\\/\\\/washnet.es\\\/ca\\\/canal-etic\\\/#breadcrumb\",\"itemListElement\":[{\"@type\":\"ListItem\",\"position\":1,\"name\":\"Portada\",\"item\":\"https:\\\/\\\/washnet.es\\\/\"},{\"@type\":\"ListItem\",\"position\":2,\"name\":\"Canal \u00e8tic\"}]},{\"@type\":\"WebSite\",\"@id\":\"https:\\\/\\\/washnet.es\\\/#website\",\"url\":\"https:\\\/\\\/washnet.es\\\/\",\"name\":\"Washnet\",\"description\":\"\",\"publisher\":{\"@id\":\"https:\\\/\\\/washnet.es\\\/#organization\"},\"potentialAction\":[{\"@type\":\"SearchAction\",\"target\":{\"@type\":\"EntryPoint\",\"urlTemplate\":\"https:\\\/\\\/washnet.es\\\/?s={search_term_string}\"},\"query-input\":{\"@type\":\"PropertyValueSpecification\",\"valueRequired\":true,\"valueName\":\"search_term_string\"}}],\"inLanguage\":\"ca\"},{\"@type\":\"Organization\",\"@id\":\"https:\\\/\\\/washnet.es\\\/#organization\",\"name\":\"Washnet\",\"url\":\"https:\\\/\\\/washnet.es\\\/\",\"logo\":{\"@type\":\"ImageObject\",\"inLanguage\":\"ca\",\"@id\":\"https:\\\/\\\/washnet.es\\\/#\\\/schema\\\/logo\\\/image\\\/\",\"url\":\"https:\\\/\\\/washnet.es\\\/wp-content\\\/uploads\\\/2025\\\/01\\\/logo-washnet.png\",\"contentUrl\":\"https:\\\/\\\/washnet.es\\\/wp-content\\\/uploads\\\/2025\\\/01\\\/logo-washnet.png\",\"width\":2491,\"height\":564,\"caption\":\"Washnet\"},\"image\":{\"@id\":\"https:\\\/\\\/washnet.es\\\/#\\\/schema\\\/logo\\\/image\\\/\"}}]}<\/script>\n<!-- \/ Yoast SEO plugin. -->","yoast_head_json":{"title":"Canal \u00e8tic - Washnet","robots":{"index":"noindex","follow":"nofollow"},"og_locale":"ca_ES","og_type":"article","og_title":"Canal \u00e8tic - Washnet","og_description":"Canal \u00e8tic Formula consultes o envia comunicacions internes d&#8217;informaci\u00f3 sobre possibles il\u00b7l\u00edcits, irregularitats i no conformitats sobre accions o omissions que puguin constituir infraccions El Canal \u00c9tico \u00e9s el canal de comunicaci\u00f3 interna de Grupo Moure 24, S.L. i les seves filials, Autonet Baleares, S.L., Petronet Espa\u00f1a, S.A.U. y Washnet Factory, S.L., (d&#8217;ara endavant, referenciats [&hellip;]","og_url":"https:\/\/washnet.es\/ca\/canal-etic\/","og_site_name":"Washnet","article_modified_time":"2025-03-12T09:23:29+00:00","twitter_card":"summary_large_image","twitter_misc":{"Temps estimat de lectura":"3 minuts"},"schema":{"@context":"https:\/\/schema.org","@graph":[{"@type":"WebPage","@id":"https:\/\/washnet.es\/ca\/canal-etic\/","url":"https:\/\/washnet.es\/ca\/canal-etic\/","name":"Canal \u00e8tic - Washnet","isPartOf":{"@id":"https:\/\/washnet.es\/#website"},"datePublished":"2025-01-27T11:13:17+00:00","dateModified":"2025-03-12T09:23:29+00:00","breadcrumb":{"@id":"https:\/\/washnet.es\/ca\/canal-etic\/#breadcrumb"},"inLanguage":"ca","potentialAction":[{"@type":"ReadAction","target":["https:\/\/washnet.es\/ca\/canal-etic\/"]}]},{"@type":"BreadcrumbList","@id":"https:\/\/washnet.es\/ca\/canal-etic\/#breadcrumb","itemListElement":[{"@type":"ListItem","position":1,"name":"Portada","item":"https:\/\/washnet.es\/"},{"@type":"ListItem","position":2,"name":"Canal \u00e8tic"}]},{"@type":"WebSite","@id":"https:\/\/washnet.es\/#website","url":"https:\/\/washnet.es\/","name":"Washnet","description":"","publisher":{"@id":"https:\/\/washnet.es\/#organization"},"potentialAction":[{"@type":"SearchAction","target":{"@type":"EntryPoint","urlTemplate":"https:\/\/washnet.es\/?s={search_term_string}"},"query-input":{"@type":"PropertyValueSpecification","valueRequired":true,"valueName":"search_term_string"}}],"inLanguage":"ca"},{"@type":"Organization","@id":"https:\/\/washnet.es\/#organization","name":"Washnet","url":"https:\/\/washnet.es\/","logo":{"@type":"ImageObject","inLanguage":"ca","@id":"https:\/\/washnet.es\/#\/schema\/logo\/image\/","url":"https:\/\/washnet.es\/wp-content\/uploads\/2025\/01\/logo-washnet.png","contentUrl":"https:\/\/washnet.es\/wp-content\/uploads\/2025\/01\/logo-washnet.png","width":2491,"height":564,"caption":"Washnet"},"image":{"@id":"https:\/\/washnet.es\/#\/schema\/logo\/image\/"}}]}},"_links":{"self":[{"href":"https:\/\/washnet.es\/ca\/wp-json\/wp\/v2\/pages\/4841","targetHints":{"allow":["GET"]}}],"collection":[{"href":"https:\/\/washnet.es\/ca\/wp-json\/wp\/v2\/pages"}],"about":[{"href":"https:\/\/washnet.es\/ca\/wp-json\/wp\/v2\/types\/page"}],"author":[{"embeddable":true,"href":"https:\/\/washnet.es\/ca\/wp-json\/wp\/v2\/users\/1"}],"replies":[{"embeddable":true,"href":"https:\/\/washnet.es\/ca\/wp-json\/wp\/v2\/comments?post=4841"}],"version-history":[{"count":5,"href":"https:\/\/washnet.es\/ca\/wp-json\/wp\/v2\/pages\/4841\/revisions"}],"predecessor-version":[{"id":4864,"href":"https:\/\/washnet.es\/ca\/wp-json\/wp\/v2\/pages\/4841\/revisions\/4864"}],"wp:attachment":[{"href":"https:\/\/washnet.es\/ca\/wp-json\/wp\/v2\/media?parent=4841"}],"curies":[{"name":"wp","href":"https:\/\/api.w.org\/{rel}","templated":true}]}}