{"id":4815,"date":"2025-01-22T10:45:39","date_gmt":"2025-01-22T10:45:39","guid":{"rendered":"https:\/\/washnet.es\/politica-de-privacitat\/"},"modified":"2025-03-12T08:56:19","modified_gmt":"2025-03-12T08:56:19","slug":"politica-de-privacitat","status":"publish","type":"page","link":"https:\/\/washnet.es\/ca\/politica-de-privacitat\/","title":{"rendered":"Pol\u00edtica de privacitat"},"content":{"rendered":"\t\t<div data-elementor-type=\"wp-page\" data-elementor-id=\"4815\" class=\"elementor elementor-4815 elementor-3\" data-elementor-post-type=\"page\">\n\t\t\t\t<div class=\"elementor-element elementor-element-578cfeee e-flex e-con-boxed e-con e-parent\" data-id=\"578cfeee\" data-element_type=\"container\" data-e-type=\"container\">\n\t\t\t\t\t<div class=\"e-con-inner\">\n\t\t\t\t<div class=\"elementor-element elementor-element-e947624 elementor-widget elementor-widget-text-editor\" data-id=\"e947624\" data-element_type=\"widget\" data-e-type=\"widget\" data-widget_type=\"text-editor.default\">\n\t\t\t\t<div class=\"elementor-widget-container\">\n\t\t\t\t\t\t\t\t\t<h2 class=\"wp-block-heading\">Pol\u00edtiques de privacitat<\/h2><h4 class=\"wp-block-heading\">Ens preocupa la seva privacitat<\/h4><p>L&#8217;acc\u00e9s i \u00fas del lloc web\u00a0https:\/\/washnet.es\/\u00a0(d&#8217;ara endavant, \u201cWeb\u201d\u201d) atribueix la condici\u00f3 d&#8217;usuari al visitant de la Web i implica la total acceptaci\u00f3 sense reserves per part de l&#8217;usuari de les condicions d&#8217;\u00fas vigents a cada moment.<\/p><p>WASHNET\u00a0FACTORY, S.L.\u00a0(d&#8217;ara endavant, denominada col\u00b7lectiva i indistintament \u00abWASHNET\u00a0FACTORY\u201d,\u00a0\u00abnosaltres\u00ab, \u00abnostre\u00bb o \u201cens\u201d) considera fonamental la privacitat de les persones, tant dels visitants de la Web com de qualssevol altres afectats que ens proporcionen informaci\u00f3 com a part de la prestaci\u00f3 de serveis (d&#8217;ara endavant i conjuntament, \u201cvost\u00e8\u201d o el \u201cusuari\u201d i de manera plural, \u201cvost\u00e8s\u201d o els \u201cusuaris\u201d).<\/p><p>En aquest sentit,\u00a0WASHNET\u00a0FACTORY\u00a0es compromet al tractament de les seves dades d&#8217;acord amb la normativa de protecci\u00f3 de dades personals aplicable i en vigor a cada moment. Concretament,\u00a0WASHNET\u00a0FACTORY\u00a0complir\u00e0 amb les premisses establertes en la Llei org\u00e0nica 3\/2018, de 5 de desembre, de Protecci\u00f3 de Dades Personals i garantia dels drets digitals (\u201cLOPDGDD\u201d), aix\u00ed com aquelles del Reglament (UE) 2016\/679, de 27 d&#8217;abril de 2016, del Parlament Europeu i del Consell relatiu a la protecci\u00f3 de les persones f\u00edsiques pel que fa al tractament de dades personals i a la lliure circulaci\u00f3 d&#8217;aquestes dades i pel qual es deroga la Directiva 95\/46\/CE (\u201cRGPD\u201d) i qualssevol altres regulacions correlatives d&#8217;aplicaci\u00f3 en vigor a cada moment.<\/p><p>Sobre la base d&#8217;aix\u00f2,\u00a0WASHNET\u00a0FACTORY. informa de la seva Pol\u00edtica de Privacitat, amb la finalitat de fer coneixedors als usuaris sobre el tractament de les seves dades, aix\u00ed com dels principis fonamentals sobre protecci\u00f3 de dades personals que aplica. Per a aix\u00f2, consulti els apartats a continuaci\u00f3:<\/p><p>En utilitzar el nostre lloc web, l&#8217;usuari admet que ha llegit i accepta aquesta Pol\u00edtica de Privacitat i el nostre\u00a0Av\u00eds Legal.<\/p><p><strong>1.-\u00a0Qui\u00a0\u00e9s\u00a0el Responsable del\u00a0tractament\u00a0dels\u00a0seves\u00a0dades?\u00a0<\/strong><\/p><p>Identitat del Responsable del tractament:\u00a0WASHNET\u00a0FACTORY, S.L.<\/p><p>N.I.F.:\u00a0\u00a0B-67581017<\/p><p>Adre\u00e7a postal: Carrer Escultor\u00a0Llimona, 9, 08328 d&#8217;Alella (Barcelona)<\/p><p>Tel\u00e8fon:\u00a0+34 935 403 781<\/p><p>Correu electr\u00f2nic:\u00a0info@washnet.es<\/p><p><strong>2.- Quines s\u00f3n les finalitats principals del tractament de les seves dades?<\/strong><\/p><p>Les dades personals facilitades i recollits, ja sigui mitjan\u00e7ant els formularis disponibles en la Web, correus electr\u00f2nics i\/o crides, seran emprats amb els seg\u00fcents prop\u00f2sits: (a) respondre, atendre i gestionar a les consultes, q\u00fcestions i\/o sol\u00b7licituds realitzades pels diferents usuaris; (b) prestar els nostres serveis de conformitat amb l&#8217;Av\u00eds Legal; (c) garantir el correcte funcionament t\u00e8cnic de la Web; i (d) utilitzar-los per a qualsevol altre fi exigit o perm\u00e8s per la legislaci\u00f3 aplicable o per al qual vost\u00e8 hagi prestat el seu consentiment.<\/p><p><strong>3.- Quina \u00e9s la legitimaci\u00f3 per al tractament de les seves dades?\u00a0\u00a0\u00a0\u00a0<\/strong>\u00a0\u00a0\u00a0\u00a0\u00a0\u00a0\u00a0\u00a0\u00a0\u00a0\u00a0<\/p><p>Les bases legals per a tractar les seves dades personals s\u00f3n: (a) quan resulti necessari per a la satisfacci\u00f3 d&#8217;interessos leg\u00edtims perseguits per\u00a0WASHNET\u00a0FACTORY; (b) quan hagi donat el seu consentiment; i (c) quan sigui necessari per a complir amb les obligacions legals i reglament\u00e0ries de\u00a0WASHNET\u00a0FACTORY.<\/p><p><strong>4.- Per quant temps conservarem les seves dades?<\/strong><\/p><p>Les dades obtingudes seran conservats mentre es mantingui la seva relaci\u00f3 amb nosaltres, i fins i tot amb posterioritat a l&#8217;extinci\u00f3 d&#8217;aquesta durant el termini necessari per a la formulaci\u00f3, exercici o defensa de reclamacions, i obligacions legals i contractuals, sempre estant degudament bloquejats.<\/p><p><strong>5.- Qui podran ser destinataris de la comunicaci\u00f3 de dades?<\/strong><\/p><p>Depenent dels fins per als quals es recopila la informaci\u00f3 personal, poden accedir a aquesta informaci\u00f3, indistintament, les seg\u00fcents persones:<\/p><p>Personal autoritzat de\u00a0WASHNET\u00a0FACTORY\u00a0o els seus representants actuant en nom de\u00a0WASHNET\u00a0FACTORY, subjectes a les lleis de protecci\u00f3 de dades que resultin d&#8217;aplicaci\u00f3;<br \/>Autoritats reguladores o altres tercers de conformitat amb les lleis aplicables;<br \/>Tercers (prove\u00efdors de serveis que processen informaci\u00f3 com a encarregat de tractament de dades, sota les instruccions de\u00a0WASHNET\u00a0FACTORY). Tot aix\u00f2 nom\u00e9s despr\u00e9s de dur a terme les mesures necess\u00e0ries per a assegurar que podem compartir aquesta informaci\u00f3 i havent celebrat el corresponent contracte per enc\u00e0rrec de tractament, de conformitat amb normativa de protecci\u00f3 de dades aplicables.<\/p><p>Tractem les seves dades dins de l&#8217;Espai Econ\u00f2mic Europeu i, amb car\u00e0cter general, contractem prestadors de serveis situats tamb\u00e9 dins de l&#8217;Espai Econ\u00f2mic Europeu o en pa\u00efsos que han estat declarats amb un nivell adequat de protecci\u00f3.<\/p><p>Si necessit\u00e9ssim utilitzar prove\u00efdors de serveis que realitzin tractaments fora de l&#8217;Espai Econ\u00f2mic Europeu o en pa\u00efsos que no han estat declarats amb un nivell adequat de protecci\u00f3, ens assegurar\u00edem de garantir la seguretat i legitimitat del tractament les seves dades.<\/p><p>Per a aix\u00f2, exigim les garanties adequades a aquests prove\u00efdors de serveis d&#8217;acord amb el que s&#8217;estableix en el RGPD de manera que disposin, per exemple, de normes corporatives vinculants que garanteixin la protecci\u00f3 de la informaci\u00f3 de manera similar a la que estableixen les normes europees o que subscrivissin les cl\u00e0usules tipus de la Uni\u00f3 Europea.<\/p><p>No vendrem ni divulgarem a tercers cap informaci\u00f3 o dada personal que vost\u00e8 hagi proporcionat en el nostre lloc web i que pugui identificar-lo a vost\u00e8 directament o indirectament.<\/p><p><strong>6.-\u00a0Quins s\u00f3n els seus drets quan ens facilita les seves dades?<\/strong><\/p><p>Dret a sol\u00b7licitar l&#8217;acc\u00e9s a les dades personals:vost\u00e8 podr\u00e0 preguntar a\u00a0WASHNET\u00a0FACTORY\u00a0si est\u00e0 tractant les seves dades, i en cas afirmatiu accedir a aquests.<br \/>Dret a sol\u00b7licitar la seva rectificaci\u00f3 si les dades s\u00f3n inexactes, o completar les dades que tinguem incomplets.<br \/>Dret a sol\u00b7licitar la supressi\u00f3 de les seves dades.<br \/>Dret a sol\u00b7licitar la limitaci\u00f3 del seu tractament: en aquest cas \u00fanicament els conservarem per a l&#8217;exercici o la defensa de reclamacions.<br \/>Dret a oposar-se al tractament:\u00a0WASHNET\u00a0FACTORY\u00a0deixar\u00e0 de tractar les dades personals, amb l&#8217;excepci\u00f3 que hagin de continuar tractant-se per motius leg\u00edtims o per a l&#8217;exercici o defensa de possibles reclamacions.<br \/>Dret a la portabilitat de les dades: en cas que l&#8217;usuari vulgui que les seves dades siguin tractades per un altre responsable del tractament,\u00a0WASHNET\u00a0FACTORY\u00a0li facilitar\u00e0 el transvasament de les seves dades al nou responsable.<br \/>Dret a no ser objecte d&#8217;una decisi\u00f3 basada \u00fanicament en el tractament automatitzat de les seves dades personals.<\/p><p>Si hagu\u00e9s atorgat el consentiment per a alguna finalitat espec\u00edfica, podr\u00e0 retirar el mateix quan ho desitgi, sense que aix\u00f2 afecti la licitud del tractament basat en el consentiment previ a la seva retirada.<\/p><p>Per a l&#8217;exercici dels seus drets li preguem que ens el comuniqui per escrit a\u00a0WASHNET\u00a0FACTORY, S.L. Carrer Escultor\u00a0Llimona, 9, 08328 d&#8217;Alella (Barcelona) o envi\u00ef&#8217;ns un e-mail a:\u00a0info@washnet.es\u00a0. Si es t\u00e9 dubtes sobre la seva identitat, podr\u00e0 resultar necessari aportar fotoc\u00f2pia del DNI o document equivalent que acrediti la identitat i sigui considerat v\u00e0lid en dret. Per a aix\u00f2, pot utilitzar els models i formularis sobre els\u00a0distintitos\u00a0drets que disposa l&#8217;Ag\u00e8ncia Espanyola de Protecci\u00f3 de Dades en la seva p\u00e0gina oficial (https:\/\/www.aepd.es\/reglamento\/derechos\/index.html).<\/p><p>L&#8217;informem del dret que li assisteix a presentar reclamaci\u00f3 davant l&#8217;Autoritat de Control, espec\u00edficament, davant l&#8217;Ag\u00e8ncia Espanyola de Protecci\u00f3 de Dades (https:\/\/sedeagpd.gov.\u00e9s\/seu-electronica-web\/vistes\/*formNuevaReclamacion\/*reclamacion.jsf), i altres organismes p\u00fablics competents per a qualsevol reclamaci\u00f3 derivada de les seves dades personals.<\/p><p><strong>7.- Com protegim les seves dades personals?<\/strong><\/p><p>Amb la finalitat de vetllar per la seguretat de la informaci\u00f3,\u00a0WASHNET\u00a0FACTORY\u00a0aplica diferents mesures t\u00e8cniques i organitzatives per a garantir el nivell de seguretat adequat de conformitat amb la normativa aplicable. En qualsevol cas,\u00a0WASHNET\u00a0FACTORY\u00a0prendr\u00e0 mesures t\u00e8cniques i organitzatives adequades, tant en dissenyar el sistema de tractament de les dades com en el moment del propi tractament, per a preservar la seguretat i impedir tractaments no autoritzats. No obstant aix\u00f2, malgrat la implementaci\u00f3 diligent de tals mesures, l&#8217;usuari ha de saber que les mesures de seguretat en Internet no s\u00f3n inexpugnables.\u00a0WASHNET\u00a0FACTORY\u00a0no \u00e9s responsable d&#8217;actuacions de tercers que, vulnerant aquestes mesures, accedeixin a les esmentades dades i informaci\u00f3.<\/p><p><strong>8.- Confidencialitat<\/strong><\/p><p>Els professionals que treballen en\u00a0WASHNET\u00a0FACTORY\u00a0i que tinguessin algun tipus d&#8217;intervenci\u00f3 en els serveis prestats a l&#8217;usuari, estan compromesos a no divulgar ni fer \u00fas de la informaci\u00f3 a la qual hagin accedit.\u00a0La informaci\u00f3 subministrada per l&#8217;usuari tindr\u00e0, en tot cas, la consideraci\u00f3 de confidencial, sense que pugui ser utilitzada per a altres fins que els relacionats amb la gesti\u00f3 vinculada a les seves sol\u00b7licituds i als serveis contractats a\u00a0WASHNET\u00a0FACTORY, si \u00e9s el cas. En aquest sentit, ens obliguem a no divulgar ni revelar informaci\u00f3 sobre les pretensions de l&#8217;usuari, els motius de l&#8217;assessorament sol\u00b7licitat o la durada de la seva relaci\u00f3 amb aquest.<\/p><p><strong>9.- Enlla\u00e7os<\/strong><\/p><p>La Web pot contenir enlla\u00e7os a altres p\u00e0gines webs. Tingui en compte que no som responsables de la privacitat i el tractament de dades d&#8217;altres p\u00e0gines webs (excepte aquelles que tamb\u00e9 siguin de\u00a0WASHNET\u00a0FACTORY). Aquesta Pol\u00edtica de Privacitat \u00e9s aplicable exclusivament a la informaci\u00f3 que es recapta en la Web. Li recomanem que llegeixi les pol\u00edtiques de privacitat i tractament de dades d&#8217;altres p\u00e0gines web amb les quals enlla\u00e7 des de la nostra Web o que visiti de qualsevol altre mode.<\/p><p><strong>10.- Xarxes socials<\/strong><\/p><p>WASHNET\u00a0FACTORY\u00a0t\u00e9 pres\u00e8ncia en algunes de les principals xarxes socials d&#8217;Internet, i de les quals actua com a responsable del tractament en relaci\u00f3 amb les dades publicades per\u00a0WASHNET\u00a0FACTORY.<\/p><p>WASHNET\u00a0FACTORY\u00a0tractar\u00e0 les dades en cada xarxa social segons les normes establertes a aquest efecte per cada xarxa social. Per tant, i mentre no es manifesti el contrari des de\u00a0WASHNET\u00a0FACTORY\u00a0podrem informar, als nostres seguidors en la xarxa social corresponent de les nostres activitats, esdeveniments, i altres temes relacionats, inclosa l&#8217;atenci\u00f3 al seguidor, pels canals que la xarxa social proporcioni a aquest efecte.<\/p><p>WASHNET\u00a0FACTORY\u00a0no extraur\u00e0 dades personals de les xarxes socials, tret que l&#8217;usuari ens doni el seu consentiment expr\u00e9s.<\/p><p><strong>11.- Pol\u00edtica infantil<\/strong><\/p><p>Aquest lloc web no est\u00e0 dissenyat ni dirigit a menors de divuit (18) anys, sense autoritzaci\u00f3 dels pares o tutor legal. En aquest sentit, no recopilem deliberadament informaci\u00f3 d&#8217;aquestes persones. En qualsevol cas, si els pares o representants legals consideren que els seus fills ens han rem\u00e8s dades personals, sense el seu consentiment, comuniqui&#8217;s amb nosaltres escrivint a \u00a0info@washnet.es.<\/p><p><strong>12.- Modificacions i integritat de la nostra Pol\u00edtica de Privacitat<\/strong><\/p><p>Nom\u00e9s utilitzarem les seves dades de car\u00e0cter personal segons el que s&#8217;estableix en la Pol\u00edtica de Privacitat que estigui en vigor en el moment en qu\u00e8 recaptem les seves dades de car\u00e0cter personal.\u00a0WASHNET\u00a0FACTORY\u00a0es reserva el dret a modificar en qualsevol moment aquesta Pol\u00edtica de Privacitat, publicant tals modificacions en la Web, per la qual cosa li recomanem que consulti la Pol\u00edtica de Privacitat cada vegada que accedeixi a la Web. Si en algun moment decidim usar dades personals de mode diferent del que es va declarar en el moment de la seva obtenci\u00f3, li ho comunicarem per correu electr\u00f2nic, sempre que disposem d&#8217;aquest. En aquest moment se li donar\u00e0 l&#8217;opci\u00f3 d&#8217;autoritzar altres usos o divulgacions de les dades personals que vost\u00e8 ens hagu\u00e9s facilitat abans de la modificaci\u00f3 de la nostra Pol\u00edtica de Privacitat. En cas que qualsevol cl\u00e0usula de la present Pol\u00edtica de Privacitat fos anul\u00b7lada o considerada nul\u00b7la, la resta de les condicions no es veuran afectades, conservant plenament la seva validesa i vig\u00e8ncia, en atenci\u00f3 a la normativa vigent d&#8217;aplicaci\u00f3 a cada moment.<\/p><p><strong>Data de l&#8217;\u00faltima actualitzaci\u00f3: octubre de 2021.<\/strong><\/p>\t\t\t\t\t\t\t\t<\/div>\n\t\t\t\t<\/div>\n\t\t\t\t\t<\/div>\n\t\t\t\t<\/div>\n\t\t\t\t<\/div>\n\t\t","protected":false},"excerpt":{"rendered":"<p>Pol\u00edtiques de privacitat Ens preocupa la seva privacitat L&#8217;acc\u00e9s i \u00fas del lloc web\u00a0https:\/\/washnet.es\/\u00a0(d&#8217;ara endavant, \u201cWeb\u201d\u201d) atribueix la condici\u00f3 d&#8217;usuari al visitant de la Web i implica la total acceptaci\u00f3 sense reserves per part de l&#8217;usuari de les condicions d&#8217;\u00fas vigents a cada moment. WASHNET\u00a0FACTORY, S.L.\u00a0(d&#8217;ara endavant, denominada col\u00b7lectiva i indistintament \u00abWASHNET\u00a0FACTORY\u201d,\u00a0\u00abnosaltres\u00ab, \u00abnostre\u00bb o \u201cens\u201d) [&hellip;]<\/p>\n","protected":false},"author":1,"featured_media":0,"parent":0,"menu_order":0,"comment_status":"closed","ping_status":"closed","template":"elementor_header_footer","meta":{"footnotes":""},"class_list":["post-4815","page","type-page","status-publish","hentry"],"yoast_head":"<!-- This site is optimized with the Yoast SEO plugin v27.2 - https:\/\/yoast.com\/product\/yoast-seo-wordpress\/ -->\n<title>Pol\u00edtica de privacitat - Washnet<\/title>\n<meta name=\"robots\" content=\"noindex, nofollow\" \/>\n<meta property=\"og:locale\" content=\"ca_ES\" \/>\n<meta property=\"og:type\" content=\"article\" \/>\n<meta property=\"og:title\" content=\"Pol\u00edtica de privacitat - Washnet\" \/>\n<meta property=\"og:description\" content=\"Pol\u00edtiques de privacitat Ens preocupa la seva privacitat L&#8217;acc\u00e9s i \u00fas del lloc web\u00a0https:\/\/washnet.es\/\u00a0(d&#8217;ara endavant, \u201cWeb\u201d\u201d) atribueix la condici\u00f3 d&#8217;usuari al visitant de la Web i implica la total acceptaci\u00f3 sense reserves per part de l&#8217;usuari de les condicions d&#8217;\u00fas vigents a cada moment. WASHNET\u00a0FACTORY, S.L.\u00a0(d&#8217;ara endavant, denominada col\u00b7lectiva i indistintament \u00abWASHNET\u00a0FACTORY\u201d,\u00a0\u00abnosaltres\u00ab, \u00abnostre\u00bb o \u201cens\u201d) [&hellip;]\" \/>\n<meta property=\"og:url\" content=\"https:\/\/washnet.es\/ca\/politica-de-privacitat\/\" \/>\n<meta property=\"og:site_name\" content=\"Washnet\" \/>\n<meta property=\"article:modified_time\" content=\"2025-03-12T08:56:19+00:00\" \/>\n<meta name=\"twitter:card\" content=\"summary_large_image\" \/>\n<meta name=\"twitter:label1\" content=\"Temps estimat de lectura\" \/>\n\t<meta name=\"twitter:data1\" content=\"11 minuts\" \/>\n<script type=\"application\/ld+json\" class=\"yoast-schema-graph\">{\"@context\":\"https:\/\/schema.org\",\"@graph\":[{\"@type\":\"WebPage\",\"@id\":\"https:\/\/washnet.es\/ca\/politica-de-privacitat\/\",\"url\":\"https:\/\/washnet.es\/ca\/politica-de-privacitat\/\",\"name\":\"Pol\u00edtica de privacitat - Washnet\",\"isPartOf\":{\"@id\":\"https:\/\/washnet.es\/#website\"},\"datePublished\":\"2025-01-22T10:45:39+00:00\",\"dateModified\":\"2025-03-12T08:56:19+00:00\",\"breadcrumb\":{\"@id\":\"https:\/\/washnet.es\/ca\/politica-de-privacitat\/#breadcrumb\"},\"inLanguage\":\"ca\",\"potentialAction\":[{\"@type\":\"ReadAction\",\"target\":[\"https:\/\/washnet.es\/ca\/politica-de-privacitat\/\"]}]},{\"@type\":\"BreadcrumbList\",\"@id\":\"https:\/\/washnet.es\/ca\/politica-de-privacitat\/#breadcrumb\",\"itemListElement\":[{\"@type\":\"ListItem\",\"position\":1,\"name\":\"Portada\",\"item\":\"https:\/\/washnet.es\/ca\/inici\/\"},{\"@type\":\"ListItem\",\"position\":2,\"name\":\"Pol\u00edtica de privacitat\"}]},{\"@type\":\"WebSite\",\"@id\":\"https:\/\/washnet.es\/#website\",\"url\":\"https:\/\/washnet.es\/\",\"name\":\"Washnet\",\"description\":\"\",\"publisher\":{\"@id\":\"https:\/\/washnet.es\/#organization\"},\"potentialAction\":[{\"@type\":\"SearchAction\",\"target\":{\"@type\":\"EntryPoint\",\"urlTemplate\":\"https:\/\/washnet.es\/?s={search_term_string}\"},\"query-input\":{\"@type\":\"PropertyValueSpecification\",\"valueRequired\":true,\"valueName\":\"search_term_string\"}}],\"inLanguage\":\"ca\"},{\"@type\":\"Organization\",\"@id\":\"https:\/\/washnet.es\/#organization\",\"name\":\"Washnet\",\"url\":\"https:\/\/washnet.es\/\",\"logo\":{\"@type\":\"ImageObject\",\"inLanguage\":\"ca\",\"@id\":\"https:\/\/washnet.es\/#\/schema\/logo\/image\/\",\"url\":\"https:\/\/washnet.es\/wp-content\/uploads\/2025\/01\/logo-washnet.png\",\"contentUrl\":\"https:\/\/washnet.es\/wp-content\/uploads\/2025\/01\/logo-washnet.png\",\"width\":2491,\"height\":564,\"caption\":\"Washnet\"},\"image\":{\"@id\":\"https:\/\/washnet.es\/#\/schema\/logo\/image\/\"}}]}<\/script>\n<!-- \/ Yoast SEO plugin. -->","yoast_head_json":{"title":"Pol\u00edtica de privacitat - Washnet","robots":{"index":"noindex","follow":"nofollow"},"og_locale":"ca_ES","og_type":"article","og_title":"Pol\u00edtica de privacitat - Washnet","og_description":"Pol\u00edtiques de privacitat Ens preocupa la seva privacitat L&#8217;acc\u00e9s i \u00fas del lloc web\u00a0https:\/\/washnet.es\/\u00a0(d&#8217;ara endavant, \u201cWeb\u201d\u201d) atribueix la condici\u00f3 d&#8217;usuari al visitant de la Web i implica la total acceptaci\u00f3 sense reserves per part de l&#8217;usuari de les condicions d&#8217;\u00fas vigents a cada moment. WASHNET\u00a0FACTORY, S.L.\u00a0(d&#8217;ara endavant, denominada col\u00b7lectiva i indistintament \u00abWASHNET\u00a0FACTORY\u201d,\u00a0\u00abnosaltres\u00ab, \u00abnostre\u00bb o \u201cens\u201d) [&hellip;]","og_url":"https:\/\/washnet.es\/ca\/politica-de-privacitat\/","og_site_name":"Washnet","article_modified_time":"2025-03-12T08:56:19+00:00","twitter_card":"summary_large_image","twitter_misc":{"Temps estimat de lectura":"11 minuts"},"schema":{"@context":"https:\/\/schema.org","@graph":[{"@type":"WebPage","@id":"https:\/\/washnet.es\/ca\/politica-de-privacitat\/","url":"https:\/\/washnet.es\/ca\/politica-de-privacitat\/","name":"Pol\u00edtica de privacitat - Washnet","isPartOf":{"@id":"https:\/\/washnet.es\/#website"},"datePublished":"2025-01-22T10:45:39+00:00","dateModified":"2025-03-12T08:56:19+00:00","breadcrumb":{"@id":"https:\/\/washnet.es\/ca\/politica-de-privacitat\/#breadcrumb"},"inLanguage":"ca","potentialAction":[{"@type":"ReadAction","target":["https:\/\/washnet.es\/ca\/politica-de-privacitat\/"]}]},{"@type":"BreadcrumbList","@id":"https:\/\/washnet.es\/ca\/politica-de-privacitat\/#breadcrumb","itemListElement":[{"@type":"ListItem","position":1,"name":"Portada","item":"https:\/\/washnet.es\/ca\/inici\/"},{"@type":"ListItem","position":2,"name":"Pol\u00edtica de privacitat"}]},{"@type":"WebSite","@id":"https:\/\/washnet.es\/#website","url":"https:\/\/washnet.es\/","name":"Washnet","description":"","publisher":{"@id":"https:\/\/washnet.es\/#organization"},"potentialAction":[{"@type":"SearchAction","target":{"@type":"EntryPoint","urlTemplate":"https:\/\/washnet.es\/?s={search_term_string}"},"query-input":{"@type":"PropertyValueSpecification","valueRequired":true,"valueName":"search_term_string"}}],"inLanguage":"ca"},{"@type":"Organization","@id":"https:\/\/washnet.es\/#organization","name":"Washnet","url":"https:\/\/washnet.es\/","logo":{"@type":"ImageObject","inLanguage":"ca","@id":"https:\/\/washnet.es\/#\/schema\/logo\/image\/","url":"https:\/\/washnet.es\/wp-content\/uploads\/2025\/01\/logo-washnet.png","contentUrl":"https:\/\/washnet.es\/wp-content\/uploads\/2025\/01\/logo-washnet.png","width":2491,"height":564,"caption":"Washnet"},"image":{"@id":"https:\/\/washnet.es\/#\/schema\/logo\/image\/"}}]}},"_links":{"self":[{"href":"https:\/\/washnet.es\/ca\/wp-json\/wp\/v2\/pages\/4815","targetHints":{"allow":["GET"]}}],"collection":[{"href":"https:\/\/washnet.es\/ca\/wp-json\/wp\/v2\/pages"}],"about":[{"href":"https:\/\/washnet.es\/ca\/wp-json\/wp\/v2\/types\/page"}],"author":[{"embeddable":true,"href":"https:\/\/washnet.es\/ca\/wp-json\/wp\/v2\/users\/1"}],"replies":[{"embeddable":true,"href":"https:\/\/washnet.es\/ca\/wp-json\/wp\/v2\/comments?post=4815"}],"version-history":[{"count":11,"href":"https:\/\/washnet.es\/ca\/wp-json\/wp\/v2\/pages\/4815\/revisions"}],"predecessor-version":[{"id":4827,"href":"https:\/\/washnet.es\/ca\/wp-json\/wp\/v2\/pages\/4815\/revisions\/4827"}],"wp:attachment":[{"href":"https:\/\/washnet.es\/ca\/wp-json\/wp\/v2\/media?parent=4815"}],"curies":[{"name":"wp","href":"https:\/\/api.w.org\/{rel}","templated":true}]}}