{"id":4584,"date":"2025-02-13T12:36:44","date_gmt":"2025-02-13T11:36:44","guid":{"rendered":"https:\/\/washnet.es\/descarregues\/"},"modified":"2026-03-19T11:56:14","modified_gmt":"2026-03-19T10:56:14","slug":"descarregues","status":"publish","type":"page","link":"https:\/\/washnet.es\/ca\/descarregues\/","title":{"rendered":"Desc\u00e0rregues"},"content":{"rendered":"\t\t<div data-elementor-type=\"wp-page\" data-elementor-id=\"4584\" class=\"elementor elementor-4584 elementor-2752\" data-elementor-post-type=\"page\">\n\t\t\t\t<div class=\"elementor-element elementor-element-3c3389a e-flex e-con-boxed e-con e-parent\" data-id=\"3c3389a\" data-element_type=\"container\" data-e-type=\"container\">\n\t\t\t\t\t<div class=\"e-con-inner\">\n\t\t<div class=\"elementor-element elementor-element-95e3e47 e-con-full elementor-hidden-desktop elementor-hidden-tablet elementor-hidden-mobile e-flex e-con e-child\" data-id=\"95e3e47\" data-element_type=\"container\" data-e-type=\"container\">\n\t\t\t\t<div class=\"elementor-element elementor-element-6fe0dc2 elementor-widget elementor-widget-breadcrumbs\" data-id=\"6fe0dc2\" data-element_type=\"widget\" data-e-type=\"widget\" data-widget_type=\"breadcrumbs.default\">\n\t\t\t\t<div class=\"elementor-widget-container\">\n\t\t\t\t\t<p id=\"breadcrumbs\"><span><span><a href=\"https:\/\/washnet.es\/ca\/inici\/\">Portada<\/a><\/span><\/span><\/p>\t\t\t\t<\/div>\n\t\t\t\t<\/div>\n\t\t\t\t<\/div>\n\t\t\t\t\t<\/div>\n\t\t\t\t<\/div>\n\t\t<div class=\"elementor-element elementor-element-5f39189 e-flex e-con-boxed e-con e-parent\" data-id=\"5f39189\" data-element_type=\"container\" data-e-type=\"container\">\n\t\t\t\t\t<div class=\"e-con-inner\">\n\t\t<div class=\"elementor-element elementor-element-fa5f432 e-con-full e-flex e-con e-child\" data-id=\"fa5f432\" data-element_type=\"container\" data-e-type=\"container\">\n\t\t\t\t<div class=\"elementor-element elementor-element-f5ebdc5 elementor-widget elementor-widget-heading\" data-id=\"f5ebdc5\" data-element_type=\"widget\" data-e-type=\"widget\" data-widget_type=\"heading.default\">\n\t\t\t\t<div class=\"elementor-widget-container\">\n\t\t\t\t\t<h2 class=\"elementor-heading-title elementor-size-default\">Cat\u00e0legs<\/h2>\t\t\t\t<\/div>\n\t\t\t\t<\/div>\n\t\t\t\t<div class=\"elementor-element elementor-element-65b9dd1 elementor-widget elementor-widget-image\" data-id=\"65b9dd1\" data-element_type=\"widget\" data-e-type=\"widget\" data-widget_type=\"image.default\">\n\t\t\t\t<div class=\"elementor-widget-container\">\n\t\t\t\t\t\t\t\t\t\t\t\t\t\t\t<img fetchpriority=\"high\" decoding=\"async\" width=\"721\" height=\"1024\" src=\"https:\/\/washnet.es\/wp-content\/uploads\/2025\/04\/Captura-de-Pantalla-2025-04-16-a-las-15.12.33-721x1024.png\" class=\"attachment-large size-large wp-image-5126\" alt=\"\" srcset=\"https:\/\/washnet.es\/wp-content\/uploads\/2025\/04\/Captura-de-Pantalla-2025-04-16-a-las-15.12.33-721x1024.png 721w, https:\/\/washnet.es\/wp-content\/uploads\/2025\/04\/Captura-de-Pantalla-2025-04-16-a-las-15.12.33-211x300.png 211w, https:\/\/washnet.es\/wp-content\/uploads\/2025\/04\/Captura-de-Pantalla-2025-04-16-a-las-15.12.33-768x1091.png 768w, https:\/\/washnet.es\/wp-content\/uploads\/2025\/04\/Captura-de-Pantalla-2025-04-16-a-las-15.12.33.png 884w\" sizes=\"(max-width: 721px) 100vw, 721px\" \/>\t\t\t\t\t\t\t\t\t\t\t\t\t\t\t<\/div>\n\t\t\t\t<\/div>\n\t\t\t\t<div class=\"elementor-element elementor-element-8b1fb49 elementor-align-center elementor-widget elementor-widget-button\" data-id=\"8b1fb49\" data-element_type=\"widget\" data-e-type=\"widget\" data-widget_type=\"button.default\">\n\t\t\t\t<div class=\"elementor-widget-container\">\n\t\t\t\t\t\t\t\t\t<div class=\"elementor-button-wrapper\">\n\t\t\t\t\t<a class=\"elementor-button elementor-button-link elementor-size-sm\" href=\"#elementor-action%3Aaction%3Dpopup%3Aopen%26settings%3DeyJpZCI6NTE0OCwidG9nZ2xlIjpmYWxzZX0%3D\">\n\t\t\t\t\t\t<span class=\"elementor-button-content-wrapper\">\n\t\t\t\t\t\t\t\t\t<span class=\"elementor-button-text\">Descarregar<\/span>\n\t\t\t\t\t<\/span>\n\t\t\t\t\t<\/a>\n\t\t\t\t<\/div>\n\t\t\t\t\t\t\t\t<\/div>\n\t\t\t\t<\/div>\n\t\t\t\t<\/div>\n\t\t<div class=\"elementor-element elementor-element-154d2f4 e-con-full elementor-hidden-desktop elementor-hidden-tablet elementor-hidden-mobile e-flex e-con e-child\" data-id=\"154d2f4\" data-element_type=\"container\" data-e-type=\"container\">\n\t\t\t\t<div class=\"elementor-element elementor-element-8808d19 elementor-widget elementor-widget-heading\" data-id=\"8808d19\" data-element_type=\"widget\" data-e-type=\"widget\" data-widget_type=\"heading.default\">\n\t\t\t\t<div class=\"elementor-widget-container\">\n\t\t\t\t\t<h2 class=\"elementor-heading-title elementor-size-default\">Cat\u00e0leg Petronet <\/h2>\t\t\t\t<\/div>\n\t\t\t\t<\/div>\n\t\t\t\t<div class=\"elementor-element elementor-element-2ab6f75 elementor-widget elementor-widget-image\" data-id=\"2ab6f75\" data-element_type=\"widget\" data-e-type=\"widget\" data-widget_type=\"image.default\">\n\t\t\t\t<div class=\"elementor-widget-container\">\n\t\t\t\t\t\t\t\t\t\t\t\t\t\t\t<img decoding=\"async\" width=\"800\" height=\"890\" src=\"https:\/\/washnet.es\/wp-content\/uploads\/2025\/02\/Captura-de-pantalla-2025-02-18-a-las-12.24.10-e1744627792612.png\" class=\"attachment-large size-large wp-image-4158\" alt=\"\" srcset=\"https:\/\/washnet.es\/wp-content\/uploads\/2025\/02\/Captura-de-pantalla-2025-02-18-a-las-12.24.10-e1744627792612.png 859w, https:\/\/washnet.es\/wp-content\/uploads\/2025\/02\/Captura-de-pantalla-2025-02-18-a-las-12.24.10-e1744627792612-270x300.png 270w, https:\/\/washnet.es\/wp-content\/uploads\/2025\/02\/Captura-de-pantalla-2025-02-18-a-las-12.24.10-e1744627792612-768x855.png 768w\" sizes=\"(max-width: 800px) 100vw, 800px\" \/>\t\t\t\t\t\t\t\t\t\t\t\t\t\t\t<\/div>\n\t\t\t\t<\/div>\n\t\t\t\t<div class=\"elementor-element elementor-element-a150c3b elementor-align-center elementor-widget elementor-widget-button\" data-id=\"a150c3b\" data-element_type=\"widget\" data-e-type=\"widget\" data-widget_type=\"button.default\">\n\t\t\t\t<div class=\"elementor-widget-container\">\n\t\t\t\t\t\t\t\t\t<div class=\"elementor-button-wrapper\">\n\t\t\t\t\t<a class=\"elementor-button elementor-button-link elementor-size-sm\" href=\"#elementor-action%3Aaction%3Dpopup%3Aopen%26settings%3DeyJpZCI6Mjg5MCwidG9nZ2xlIjpmYWxzZX0%3D\">\n\t\t\t\t\t\t<span class=\"elementor-button-content-wrapper\">\n\t\t\t\t\t\t\t\t\t<span class=\"elementor-button-text\">Descarregar<\/span>\n\t\t\t\t\t<\/span>\n\t\t\t\t\t<\/a>\n\t\t\t\t<\/div>\n\t\t\t\t\t\t\t\t<\/div>\n\t\t\t\t<\/div>\n\t\t\t\t<\/div>\n\t\t\t\t\t<\/div>\n\t\t\t\t<\/div>\n\t\t\t\t<\/div>\n\t\t","protected":false},"excerpt":{"rendered":"<p>Cat\u00e0legs Descarregar Cat\u00e0leg Petronet Descarregar<\/p>\n","protected":false},"author":1,"featured_media":0,"parent":0,"menu_order":0,"comment_status":"closed","ping_status":"closed","template":"elementor_header_footer","meta":{"footnotes":""},"class_list":["post-4584","page","type-page","status-publish","hentry"],"yoast_head":"<!-- This site is optimized with the Yoast SEO plugin v27.2 - https:\/\/yoast.com\/product\/yoast-seo-wordpress\/ -->\n<title>Cat\u00e0legs - Washnet<\/title>\n<meta name=\"description\" content=\"Si vols m\u00e9s informaci\u00f3, omple el formulari i descarrega\u2019t els nostres cat\u00e0legs disponibles en castell\u00e0 i portugu\u00e8s.\" \/>\n<meta name=\"robots\" content=\"index, follow, max-snippet:-1, max-image-preview:large, max-video-preview:-1\" \/>\n<link rel=\"canonical\" href=\"https:\/\/washnet.es\/ca\/descarregues\/\" \/>\n<meta property=\"og:locale\" content=\"ca_ES\" \/>\n<meta property=\"og:type\" content=\"article\" \/>\n<meta property=\"og:title\" content=\"Cat\u00e0legs - Washnet\" \/>\n<meta property=\"og:description\" content=\"Si vols m\u00e9s informaci\u00f3, omple el formulari i descarrega\u2019t els nostres cat\u00e0legs disponibles en castell\u00e0 i portugu\u00e8s.\" \/>\n<meta property=\"og:url\" content=\"https:\/\/washnet.es\/ca\/descarregues\/\" \/>\n<meta property=\"og:site_name\" content=\"Washnet\" \/>\n<meta property=\"article:modified_time\" content=\"2026-03-19T10:56:14+00:00\" \/>\n<meta property=\"og:image\" content=\"https:\/\/washnet.es\/wp-content\/uploads\/2025\/04\/Captura-de-Pantalla-2025-04-16-a-las-15.12.33.png\" \/>\n\t<meta property=\"og:image:width\" content=\"884\" \/>\n\t<meta property=\"og:image:height\" content=\"1256\" \/>\n\t<meta property=\"og:image:type\" content=\"image\/png\" \/>\n<meta name=\"twitter:card\" content=\"summary_large_image\" \/>\n<meta name=\"twitter:label1\" content=\"Temps estimat de lectura\" \/>\n\t<meta name=\"twitter:data1\" content=\"1 minut\" \/>\n<script type=\"application\/ld+json\" class=\"yoast-schema-graph\">{\"@context\":\"https:\/\/schema.org\",\"@graph\":[{\"@type\":\"WebPage\",\"@id\":\"https:\/\/washnet.es\/ca\/descarregues\/\",\"url\":\"https:\/\/washnet.es\/ca\/descarregues\/\",\"name\":\"Cat\u00e0legs - Washnet\",\"isPartOf\":{\"@id\":\"https:\/\/washnet.es\/#website\"},\"primaryImageOfPage\":{\"@id\":\"https:\/\/washnet.es\/ca\/descarregues\/#primaryimage\"},\"image\":{\"@id\":\"https:\/\/washnet.es\/ca\/descarregues\/#primaryimage\"},\"thumbnailUrl\":\"https:\/\/washnet.es\/wp-content\/uploads\/2025\/04\/Captura-de-Pantalla-2025-04-16-a-las-15.12.33-721x1024.png\",\"datePublished\":\"2025-02-13T11:36:44+00:00\",\"dateModified\":\"2026-03-19T10:56:14+00:00\",\"description\":\"Si vols m\u00e9s informaci\u00f3, omple el formulari i descarrega\u2019t els nostres cat\u00e0legs disponibles en castell\u00e0 i portugu\u00e8s.\",\"breadcrumb\":{\"@id\":\"https:\/\/washnet.es\/ca\/descarregues\/#breadcrumb\"},\"inLanguage\":\"ca\",\"potentialAction\":[{\"@type\":\"ReadAction\",\"target\":[\"https:\/\/washnet.es\/ca\/descarregues\/\"]}]},{\"@type\":\"ImageObject\",\"inLanguage\":\"ca\",\"@id\":\"https:\/\/washnet.es\/ca\/descarregues\/#primaryimage\",\"url\":\"https:\/\/washnet.es\/wp-content\/uploads\/2025\/04\/Captura-de-Pantalla-2025-04-16-a-las-15.12.33-721x1024.png\",\"contentUrl\":\"https:\/\/washnet.es\/wp-content\/uploads\/2025\/04\/Captura-de-Pantalla-2025-04-16-a-las-15.12.33-721x1024.png\"},{\"@type\":\"BreadcrumbList\",\"@id\":\"https:\/\/washnet.es\/ca\/descarregues\/#breadcrumb\",\"itemListElement\":[{\"@type\":\"ListItem\",\"position\":1,\"name\":\"Portada\",\"item\":\"https:\/\/washnet.es\/ca\/inici\/\"},{\"@type\":\"ListItem\",\"position\":2,\"name\":\"Desc\u00e0rregues\"}]},{\"@type\":\"WebSite\",\"@id\":\"https:\/\/washnet.es\/#website\",\"url\":\"https:\/\/washnet.es\/\",\"name\":\"Washnet\",\"description\":\"\",\"publisher\":{\"@id\":\"https:\/\/washnet.es\/#organization\"},\"potentialAction\":[{\"@type\":\"SearchAction\",\"target\":{\"@type\":\"EntryPoint\",\"urlTemplate\":\"https:\/\/washnet.es\/?s={search_term_string}\"},\"query-input\":{\"@type\":\"PropertyValueSpecification\",\"valueRequired\":true,\"valueName\":\"search_term_string\"}}],\"inLanguage\":\"ca\"},{\"@type\":\"Organization\",\"@id\":\"https:\/\/washnet.es\/#organization\",\"name\":\"Washnet\",\"url\":\"https:\/\/washnet.es\/\",\"logo\":{\"@type\":\"ImageObject\",\"inLanguage\":\"ca\",\"@id\":\"https:\/\/washnet.es\/#\/schema\/logo\/image\/\",\"url\":\"https:\/\/washnet.es\/wp-content\/uploads\/2025\/01\/logo-washnet.png\",\"contentUrl\":\"https:\/\/washnet.es\/wp-content\/uploads\/2025\/01\/logo-washnet.png\",\"width\":2491,\"height\":564,\"caption\":\"Washnet\"},\"image\":{\"@id\":\"https:\/\/washnet.es\/#\/schema\/logo\/image\/\"}}]}<\/script>\n<!-- \/ Yoast SEO plugin. -->","yoast_head_json":{"title":"Cat\u00e0legs - Washnet","description":"Si vols m\u00e9s informaci\u00f3, omple el formulari i descarrega\u2019t els nostres cat\u00e0legs disponibles en castell\u00e0 i portugu\u00e8s.","robots":{"index":"index","follow":"follow","max-snippet":"max-snippet:-1","max-image-preview":"max-image-preview:large","max-video-preview":"max-video-preview:-1"},"canonical":"https:\/\/washnet.es\/ca\/descarregues\/","og_locale":"ca_ES","og_type":"article","og_title":"Cat\u00e0legs - Washnet","og_description":"Si vols m\u00e9s informaci\u00f3, omple el formulari i descarrega\u2019t els nostres cat\u00e0legs disponibles en castell\u00e0 i portugu\u00e8s.","og_url":"https:\/\/washnet.es\/ca\/descarregues\/","og_site_name":"Washnet","article_modified_time":"2026-03-19T10:56:14+00:00","og_image":[{"width":884,"height":1256,"url":"https:\/\/washnet.es\/wp-content\/uploads\/2025\/04\/Captura-de-Pantalla-2025-04-16-a-las-15.12.33.png","type":"image\/png"}],"twitter_card":"summary_large_image","twitter_misc":{"Temps estimat de lectura":"1 minut"},"schema":{"@context":"https:\/\/schema.org","@graph":[{"@type":"WebPage","@id":"https:\/\/washnet.es\/ca\/descarregues\/","url":"https:\/\/washnet.es\/ca\/descarregues\/","name":"Cat\u00e0legs - Washnet","isPartOf":{"@id":"https:\/\/washnet.es\/#website"},"primaryImageOfPage":{"@id":"https:\/\/washnet.es\/ca\/descarregues\/#primaryimage"},"image":{"@id":"https:\/\/washnet.es\/ca\/descarregues\/#primaryimage"},"thumbnailUrl":"https:\/\/washnet.es\/wp-content\/uploads\/2025\/04\/Captura-de-Pantalla-2025-04-16-a-las-15.12.33-721x1024.png","datePublished":"2025-02-13T11:36:44+00:00","dateModified":"2026-03-19T10:56:14+00:00","description":"Si vols m\u00e9s informaci\u00f3, omple el formulari i descarrega\u2019t els nostres cat\u00e0legs disponibles en castell\u00e0 i portugu\u00e8s.","breadcrumb":{"@id":"https:\/\/washnet.es\/ca\/descarregues\/#breadcrumb"},"inLanguage":"ca","potentialAction":[{"@type":"ReadAction","target":["https:\/\/washnet.es\/ca\/descarregues\/"]}]},{"@type":"ImageObject","inLanguage":"ca","@id":"https:\/\/washnet.es\/ca\/descarregues\/#primaryimage","url":"https:\/\/washnet.es\/wp-content\/uploads\/2025\/04\/Captura-de-Pantalla-2025-04-16-a-las-15.12.33-721x1024.png","contentUrl":"https:\/\/washnet.es\/wp-content\/uploads\/2025\/04\/Captura-de-Pantalla-2025-04-16-a-las-15.12.33-721x1024.png"},{"@type":"BreadcrumbList","@id":"https:\/\/washnet.es\/ca\/descarregues\/#breadcrumb","itemListElement":[{"@type":"ListItem","position":1,"name":"Portada","item":"https:\/\/washnet.es\/ca\/inici\/"},{"@type":"ListItem","position":2,"name":"Desc\u00e0rregues"}]},{"@type":"WebSite","@id":"https:\/\/washnet.es\/#website","url":"https:\/\/washnet.es\/","name":"Washnet","description":"","publisher":{"@id":"https:\/\/washnet.es\/#organization"},"potentialAction":[{"@type":"SearchAction","target":{"@type":"EntryPoint","urlTemplate":"https:\/\/washnet.es\/?s={search_term_string}"},"query-input":{"@type":"PropertyValueSpecification","valueRequired":true,"valueName":"search_term_string"}}],"inLanguage":"ca"},{"@type":"Organization","@id":"https:\/\/washnet.es\/#organization","name":"Washnet","url":"https:\/\/washnet.es\/","logo":{"@type":"ImageObject","inLanguage":"ca","@id":"https:\/\/washnet.es\/#\/schema\/logo\/image\/","url":"https:\/\/washnet.es\/wp-content\/uploads\/2025\/01\/logo-washnet.png","contentUrl":"https:\/\/washnet.es\/wp-content\/uploads\/2025\/01\/logo-washnet.png","width":2491,"height":564,"caption":"Washnet"},"image":{"@id":"https:\/\/washnet.es\/#\/schema\/logo\/image\/"}}]}},"_links":{"self":[{"href":"https:\/\/washnet.es\/ca\/wp-json\/wp\/v2\/pages\/4584","targetHints":{"allow":["GET"]}}],"collection":[{"href":"https:\/\/washnet.es\/ca\/wp-json\/wp\/v2\/pages"}],"about":[{"href":"https:\/\/washnet.es\/ca\/wp-json\/wp\/v2\/types\/page"}],"author":[{"embeddable":true,"href":"https:\/\/washnet.es\/ca\/wp-json\/wp\/v2\/users\/1"}],"replies":[{"embeddable":true,"href":"https:\/\/washnet.es\/ca\/wp-json\/wp\/v2\/comments?post=4584"}],"version-history":[{"count":10,"href":"https:\/\/washnet.es\/ca\/wp-json\/wp\/v2\/pages\/4584\/revisions"}],"predecessor-version":[{"id":5289,"href":"https:\/\/washnet.es\/ca\/wp-json\/wp\/v2\/pages\/4584\/revisions\/5289"}],"wp:attachment":[{"href":"https:\/\/washnet.es\/ca\/wp-json\/wp\/v2\/media?parent=4584"}],"curies":[{"name":"wp","href":"https:\/\/api.w.org\/{rel}","templated":true}]}}