{"id":4563,"date":"2025-01-27T11:27:39","date_gmt":"2025-01-27T11:27:39","guid":{"rendered":"https:\/\/washnet.es\/politica-de-cookies\/"},"modified":"2025-03-07T13:40:54","modified_gmt":"2025-03-07T13:40:54","slug":"politica-de-cookies","status":"publish","type":"page","link":"https:\/\/washnet.es\/ca\/politica-de-cookies\/","title":{"rendered":"Pol\u00edtica de Cookies"},"content":{"rendered":"\t\t<div data-elementor-type=\"wp-page\" data-elementor-id=\"4563\" class=\"elementor elementor-4563 elementor-847\" data-elementor-post-type=\"page\">\n\t\t\t\t<div class=\"elementor-element elementor-element-6c7a4a9b e-flex e-con-boxed e-con e-parent\" data-id=\"6c7a4a9b\" data-element_type=\"container\" data-e-type=\"container\">\n\t\t\t\t\t<div class=\"e-con-inner\">\n\t\t\t\t<div class=\"elementor-element elementor-element-1c614dc elementor-widget elementor-widget-heading\" data-id=\"1c614dc\" data-element_type=\"widget\" data-e-type=\"widget\" data-widget_type=\"heading.default\">\n\t\t\t\t<div class=\"elementor-widget-container\">\n\t\t\t\t\t<h2 class=\"elementor-heading-title elementor-size-default\">Pol\u00edtica de Cookies<\/h2>\t\t\t\t<\/div>\n\t\t\t\t<\/div>\n\t\t\t\t<div class=\"elementor-element elementor-element-36a8fdb7 elementor-widget elementor-widget-text-editor\" data-id=\"36a8fdb7\" data-element_type=\"widget\" data-e-type=\"widget\" data-widget_type=\"text-editor.default\">\n\t\t\t\t<div class=\"elementor-widget-container\">\n\t\t\t\t\t\t\t\t\t<p><\/p>\n<p>WASHNET FACTORY, S.L. utilitza cookies pr\u00f2pies per al funcionament del seu lloc web. Per con\u00e8ixer tota la informaci\u00f3 relativa a la nostra Pol\u00edtica de cookies, consulteu en els apartats que trobar\u00e0 a continuaci\u00f3: <\/p>\n<p><\/p>\n<p><\/p>\n<ol class=\"wp-block-list\"><p><\/p>\n<li><strong>Qu\u00e8 \u00e9s una cookie?<\/strong><\/li>\n<p><\/p><\/ol>\n<p><\/p>\n<p><\/p>\n<p>Una&nbsp;<em>cookie<\/em> \u00e9s un petit fitxer de text que s&#8217;emmagatzema al seu navegador quan visita gaireb\u00e9 qualsevol p\u00e0gina web. La seva utilitat \u00e9s que la web sigui capa\u00e7 de recordar la seva visita quan torni a navegar per aquesta p\u00e0gina. Les  &nbsp;<em>cookies<\/em> solen emmagatzemar informaci\u00f3 de car\u00e0cter t\u00e8cnic, prefer\u00e8ncies personals, personalitzaci\u00f3 de continguts, estad\u00edstiques d&#8217;\u00fas, enlla\u00e7os a xarxes socials, acc\u00e9s a comptes d&#8217;usuari, etc. L&#8217; objectiu de la &nbsp;<em>cookie<\/em> \u00e9s adaptar el contingut del web al seu perfil i necessitats, sense&nbsp;<em>cookies<\/em> els serveis oferts per qualsevol p\u00e0gina es veurien minvats notablement.<\/p>\n<p><\/p>\n<p><\/p>\n<ol start=\"2\" class=\"wp-block-list\"><p><\/p>\n<li><strong>Quins tipus de cookies existeixen?<\/strong><\/li>\n<p><\/p><\/ol>\n<p><\/p>\n<p><\/p>\n<p>En funci\u00f3 de la seva finalitat, les cookies poden ser:<\/p>\n<p><\/p>\n<p><\/p>\n<ul class=\"wp-block-list\"><p><\/p>\n<li>Cookies t\u00e8cniques: s\u00f3n necess\u00e0ries per a la navegaci\u00f3. Sense elles la p\u00e0gina no funcionaria adequadament (cookies d'&#8221;entrada de l&#8217;usuari&#8221; per a cistelles de compra online, de sessi\u00f3 del reproductor multim\u00e8dia, etc.). <\/li>\n<p><\/p>\n<p><\/p>\n<li>Cookies de personalitzaci\u00f3, funcionalitat o configuraci\u00f3: Aquestes cookies permeten que el lloc ofereixi una millor funcionalitat i personalitzaci\u00f3. Poden ser establertes per nosaltres o per terceres parts els serveis de les quals hem agregat a les nostres p\u00e0gines. Si no permet aquestes cookies alguns dels nostres serveis no funcionaran correctament.  <\/li>\n<p><\/p>\n<p><\/p>\n<li>Cookies de seguretat: impedeixen o dificulten atacs contra el lloc web o els seus usuaris.<\/li>\n<p><\/p>\n<p><\/p>\n<li>Cookies d&#8217;an\u00e0lisi: permeten mesurar l&#8217;activitat dels usuaris i elaborar estad\u00edstiques de navegaci\u00f3.<\/li>\n<p><\/p>\n<p><\/p>\n<li>Cookies publicit\u00e0ries: gestionen la freq\u00fc\u00e8ncia i el contingut dels anuncis<\/li>\n<p><\/p>\n<p><\/p>\n<li>Cookies de publicitat comportamental: emmagatzemen informaci\u00f3 sobre els usuaris per mostrar-los publicitat personalitzada.<\/li>\n<p><\/p><\/ul>\n<p><\/p>\n<p><\/p>\n<ol start=\"3\" class=\"wp-block-list\"><p><\/p>\n<li><strong>Quines cookies utilitzem?<\/strong><\/li>\n<p><\/p><\/ol>\n<p><\/p>\n<p><\/p>\n<p>Les cookies que s&#8217;utilitzen al lloc web <a href=\"https:\/\/washnet.es\/\">https:\/\/washnet.es\/<\/a> s\u00f3n:<\/p><p><br><\/p>\n<p><\/p>\n<p><\/p>\n<p><\/p>\n<p><\/p>\n<figure class=\"wp-block-table\">\n<table class=\"has-fixed-layout\">\n<tbody>\n<tr>\n<td><strong>Tipologia de la <em>cookie<\/em><\/strong><\/td>\n<td><strong>Nom de la <em>cookie<\/em><\/strong><\/td>\n<td><strong>Finalitat<\/strong><\/td>\n<td><strong>Termini de conservaci\u00f3<\/strong><\/td>\n<td><strong>&nbsp;<\/strong><strong>Prove\u00efdor de la <em>cookie<\/em><\/strong><\/td>\n<\/tr>\n<tr>\n<td>T\u00c8CNICA\/NECESS\u00c0RIA<br><strong>&nbsp;<\/strong><\/td>\n<td>elementor<\/td>\n<td>Utilitzada en rellaci\u00f3 al tema de WordPress de la web. La cookie permet al propietari del web implementar o canviar el contingut en temps real <\/td>\n<td>Persistent<\/td>\n<td>PR\u00d2PIA<\/td>\n<\/tr>\n<tr>\n<td>T\u00c8CNICA\/NECESS\u00c0RIA<\/td>\n<td>rc:: a<\/td>\n<td>Aquesta cookie s&#8217;utilitza per distingir entre humans i bots. Aix\u00f2 \u00e9s benefici\u00f3s per a la web amb l&#8217;objecte d&#8217;elaborar informes v\u00e0lids sobre l&#8217;\u00fas del seu web <\/td>\n<td>Persistent<\/td>\n<td><a href=\"https:\/\/policies.google.com\/technologies\/cookies?hl=es\" target=\"_blank\" rel=\"noreferrer noopener\">GOOGLE<\/a><\/td>\n<\/tr>\n<tr>\n<td>T\u00c8CNICA\/NECESS\u00c0RIA<\/td>\n<td>rc:: c<\/td>\n<td>Aquesta cookie s&#8217;utilitza per distingir entre humans i bots.<\/td>\n<td>Sessi\u00f3<\/td>\n<td><a href=\"https:\/\/policies.google.com\/technologies\/cookies?hl=es\" target=\"_blank\" rel=\"noreferrer noopener\">GOOGLE<\/a><\/td>\n<\/tr>\n<tr>\n<td>T\u00c8CNICA\/NECESS\u00c0RIA<\/td>\n<td>wp-wpml_current_language<\/td>\n<td>Guardar configuraci\u00f3 de llenguatge<\/td>\n<td>1 dia<\/td>\n<td>PR\u00d2PIA<\/td>\n<\/tr>\n<tr>\n<td>T\u00c8CNICA\/NECESS\u00c0RIA<\/td>\n<td>wp-wpml_current_admin_language_#<\/td>\n<td>Determina l&#8217; idioma en qu\u00e8 es mostra el contingut de la p\u00e0gina<\/td>\n<td>1 dia<\/td>\n<td>PR\u00d2PIA<\/td>\n<\/tr>\n<tr>\n<td>ANAL\u00cdTICA<\/td>\n<td>\n_ga<\/td><td>Registra la identificaci\u00f3 \u00fanica que s&#8217;utilitza per generar dades estad\u00edstiques sobre com un visitant utilitza el lloc web<\/td>\n<td>2 anys<\/td>\n<td><a href=\"https:\/\/developers.google.com\/analytics\/devguides\/collection\/analyticsjs\/cookie-usage?hl=es\" target=\"_blank\" rel=\"noreferrer noopener\">GOOGLE ANALYTICS<\/a><\/td>\n<\/tr>\n<tr>\n<td>ANAL\u00cdTICA<\/td>\n<td>\n_gid<\/td><td>Registra la identificaci\u00f3 \u00fanica que s&#8217;utilitza per generar dades estad\u00edstiques sobre com un visitant utilitza el lloc web<\/td>\n<td>1 dia<\/td>\n<td><a href=\"https:\/\/developers.google.com\/analytics\/devguides\/collection\/analyticsjs\/cookie-usage?hl=es\" target=\"_blank\" rel=\"noreferrer noopener\">GOOGLE ANALYTICS<\/a><\/td>\n<\/tr>\n<tr>\n<td>ANAL\u00cdTICA<\/td>\n<td>_ga_ #<\/td>\n<td>Recopila dades sobre el nombre de vegades que un usuari ha visitat el lloc web a m\u00e9s de les dates de la primera visita i de la m\u00e9s recent. Utilitzada per Google Analytics <\/td>\n<td>2 anys<\/td>\n<td><a href=\"https:\/\/developers.google.com\/analytics\/devguides\/collection\/analyticsjs\/cookie-usage?hl=es\" target=\"_blank\" rel=\"noreferrer noopener\">GOOGLE ANALYTICS<\/a><\/td>\n<\/tr>\n<\/tbody>\n<\/table>\n<\/figure>\n<p><\/p>\n<p><\/p>\n<ol start=\"4\" class=\"wp-block-list\"><p><\/p>\n<li><strong>Transfer\u00e8ncies de dades a tercers pa\u00efsos<\/strong><\/li>\n<p><\/p><\/ol>\n<p><\/p>\n<p><\/p>\n<p>Pots informar-te de les transfer\u00e8ncies a tercers pa\u00efsos que, en el seu cas, realitzen els tercers identificats en aquesta pol\u00edtica de cookies en les seves corresponents pol\u00edtiques (veure els enlla\u00e7os facilitats en l&#8217;apartat &#8220;<strong>Quines cookies utilitzem?&#8221;)<\/strong><\/p>\n<p><\/p>\n<p><\/p>\n<ol start=\"5\" class=\"wp-block-list\"><p><\/p>\n<li><strong>Com desinstal\u00b7lo les cookies?<\/strong><\/li>\n<p><\/p><\/ol>\n<p><\/p>\n<p><\/p>\n<p>L&#8217;usuari pot lliurement decidir sobre la implantaci\u00f3 o no en el seu disc dur de les nostres cookies, aix\u00ed com la seva eliminaci\u00f3, seguint el procediment establert en la secci\u00f3 d&#8217;ajuda del seu navegador. L&#8217;usuari pot tamb\u00e9 configurar el seu navegador per acceptar o rebutjar per defecte totes les cookies o per rebre un av\u00eds en pantalla de la recepci\u00f3 de cada cookie i decidir en aquell moment la seva implantaci\u00f3 o no en el seu disc dur. A continuaci\u00f3, li facilitem els enlla\u00e7os als fabricants de dispositius i navegadors per a la gesti\u00f3 o desactivaci\u00f3 de cookies de la majoria dels navegadors:  <\/p>\n<p><\/p>\n<p><\/p>\n<ul class=\"wp-block-list\"><p><\/p>\n<li>Per a&nbsp;<strong>Internet Explorer<\/strong>: en l&#8217; opci\u00f3 de men\u00fa: Eines Opcions &gt; d&#8217; Internet &gt; Privacitat &gt; Configuraci\u00f3. Per saber m\u00e9s visita el seg\u00fcent enlla\u00e7: &nbsp;<a href=\"https:\/\/support.microsoft.com\/es-es\/help\/17442\/windows-internet-explorer-delete-manage-cookies\">https:\/\/support.microsoft.com\/es-es\/help\/17442\/windows-internet-explorer-delete-manage-cookies<\/a><\/li>\n<p><\/p><\/ul>\n<p><\/p>\n<p><\/p>\n<ul class=\"wp-block-list\"><p><\/p>\n<li>Per a&nbsp;<strong>Google Chrome<\/strong>: en Opcions &gt; Opcions avan\u00e7ades &gt; Privacitat &gt; Cookies. Per a m\u00e9s informaci\u00f3 visita el seg\u00fcent enlla\u00e7: &nbsp;<a href=\"https:\/\/support.google.com\/chrome\/answer\/95647?hl=es\">https:\/\/support.google.com\/chrome\/answer\/95647?hl=es<\/a><\/li>\n<p><\/p><\/ul>\n<p><\/p>\n<p><\/p>\n<ul class=\"wp-block-list\"><p><\/p>\n<li>Per a&nbsp;<strong>Mozilla Firefox:<\/strong> en l&#8217; opci\u00f3 de men\u00fa: Eines Opcions &gt; &gt; Privacitat &gt; Cookies. Per saber m\u00e9s visita els seg\u00fcents enlla\u00e7os: &nbsp;<a href=\"https:\/\/support.mozilla.org\/es\/kb\/Borrar%20cookies\">https:\/\/support.mozilla.org\/es\/kb\/Borrar%20cookies<\/a> i&nbsp;<a href=\"https:\/\/support.mozilla.org\/es\/kb\/habilitar-y-deshabilitar-cookies-sitios-web-rastrear-preferencias?redirectlocale=es&amp;redirectslug=habilitar-y-deshabilitar-cookies-que-los-sitios-we\">https:\/\/support.mozilla.org\/es\/kb\/habilitar-y-deshabilitar-cookies-sitios-web-rastrear-preferencias?redirectlocale=es&amp;redirectslug=habilitar-y-deshabilitar-cookies-que-los-sitios-we<\/a><\/li>\n<p><\/p><\/ul>\n<p><\/p>\n<p><\/p>\n<ul class=\"wp-block-list\"><p><\/p>\n<li>Per a&nbsp;<strong>Safari (IOS 8): <\/strong>en Ajustos &gt; Safari &gt; Bloquejar cookies. Per saber m\u00e9s visita el seg\u00fcent enlla\u00e7: &nbsp;<a href=\"http:\/\/support.apple.com\/kb\/HT1677?viewlocale=es_ES\">http:\/\/support.apple.com\/kb\/HT1677?viewlocale=es_ES<\/a><\/li>\n<p><\/p><\/ul>\n<p><\/p>\n<p><\/p>\n<ul class=\"wp-block-list\"><p><\/p>\n<li>Per a&nbsp;<strong>Opera:<\/strong> en Ajustos &gt; Avan\u00e7at &gt; Privacitat i seguretat &gt; Ajustos de contingut &gt; Cookies. Per a m\u00e9s informaci\u00f3 visita el seg\u00fcent enlla\u00e7: &nbsp;<a href=\"https:\/\/help.opera.com\/en\/latest\/web-preferences\/#cookies\">https:\/\/help.opera.com\/en\/latest\/web-preferences\/#cookies<\/a><\/li>\n<p><\/p><\/ul>\n<p><\/p>\n<p><\/p>\n<ul class=\"wp-block-list\"><p><\/p>\n<li>Per a&nbsp;<strong>Android:<\/strong> a Men\u00fa &gt; Ajustos &gt; Seguretat i Privacitat &gt; Acceptar cookies perqu\u00e8 activi o desactivi la casella. Per a m\u00e9s informaci\u00f3 visita el seg\u00fcent enlla\u00e7: &nbsp;<a href=\"http:\/\/support.google.com\/android\/?hl=es\">http:\/\/support.google.com\/android\/?hl=es<\/a><\/li>\n<p><\/p><\/ul>\n<p><\/p>\n<p><\/p>\n<ul class=\"wp-block-list\"><p><\/p>\n<li>Per a&nbsp;<strong>Windows Phone:<\/strong> a Internet Explorer &gt; M\u00e9s &gt; Configuraci\u00f3 &gt; activar o desactivar la casella de Permetre cookies. Per saber m\u00e9s visita el seg\u00fcent enlla\u00e7: &nbsp;<a href=\"http:\/\/www.windowsphone.com\/es-es\/how-to\/wp7\/web\/changing-privacy-and-other-browser-settings\">http:\/\/www.windowsphone.com\/es-es\/how-to\/wp7\/web\/changing-privacy-and-other-browser-settings<\/a><\/li>\n<p><\/p><\/ul>\n<p><\/p>\n<p><\/p>\n<p>Ni aquesta web ni els seus representants legals poden garantir la correcta o incorrecta manipulaci\u00f3 de les&nbsp;<em>cookies<\/em> per part dels esmentats navegadors. Aix\u00ed mateix, ni aquesta web ni els seus representants legals es fan responsables ni del contingut ni de la veracitat de les pol\u00edtiques de privacitat que puguin tenir els tercers esmentats en la present Pol\u00edtica de &nbsp;<em>cookies<\/em>.<\/p>\n<p><\/p>\n<p><\/p>\n<p>Si desitja tenir un major control sobre la instal\u00b7laci\u00f3 de cookies, pot instal\u00b7lar programes o complements al seu navegador, coneguts com a eines de &#8220;<em>Do Not Track<\/em>&#8220;, que li permetran escollir aquelles cookies que desitja permetre.<\/p>\n<p><\/p>\n<p><\/p>\n<p>El fet que l&#8217;usuari configuri el seu navegador per rebutjar totes les cookies o expressament les nostres cookies pot suposar que no sigui possible accedir a alguns dels serveis i que la seva experi\u00e8ncia a la nostra web pugui resultar menys satisfact\u00f2ria.<\/p>\n<p><\/p>\n<p><\/p>\n<p><strong>WASHNET FACTORY, S.L. <\/strong>es reserva el dret a modificar la present Pol\u00edtica de Cookies per adaptar-la a futura legislaci\u00f3 i\/o jurisprud\u00e8ncia aplicable, aix\u00ed com als futurs usos de les dades personals de l&#8217;usuari en el Lloc Web. En qualsevol cas, els usuaris seran informats pr\u00e8viament dels canvis en l&#8217; esmentada pol\u00edtica. Per tant, es recomana a l&#8217;usuari que procedeixi a llegir la Pol\u00edtica de Cookies cada vegada que accedeixi al lloc web.  <\/p>\n<p><\/p>\n<p><\/p>\n<p><strong>Per a qualsevol dubte o consulta sobre aquesta pol\u00edtica de <em>cookies<\/em> no dubti a comunicar-se amb nosaltres a trav\u00e9s de la secci\u00f3 de contacte.<\/strong><\/p>\n<p><\/p>\n<p><\/p>\n<p><strong>Data d&#8217;actualitzaci\u00f3:<\/strong> 22 d&#8217;octubre de 2021<\/p>\n<p><\/p>\t\t\t\t\t\t\t\t<\/div>\n\t\t\t\t<\/div>\n\t\t\t\t\t<\/div>\n\t\t\t\t<\/div>\n\t\t\t\t<\/div>\n\t\t","protected":false},"excerpt":{"rendered":"<p>Pol\u00edtica de Cookies WASHNET FACTORY, S.L. utilitza cookies pr\u00f2pies per al funcionament del seu lloc web. Per con\u00e8ixer tota la informaci\u00f3 relativa a la nostra Pol\u00edtica de cookies, consulteu en els apartats que trobar\u00e0 a continuaci\u00f3: Qu\u00e8 \u00e9s una cookie? Una&nbsp;cookie \u00e9s un petit fitxer de text que s&#8217;emmagatzema al seu navegador quan visita gaireb\u00e9 [&hellip;]<\/p>\n","protected":false},"author":1,"featured_media":0,"parent":0,"menu_order":0,"comment_status":"closed","ping_status":"closed","template":"elementor_header_footer","meta":{"footnotes":""},"class_list":["post-4563","page","type-page","status-publish","hentry"],"yoast_head":"<!-- This site is optimized with the Yoast SEO plugin v27.2 - https:\/\/yoast.com\/product\/yoast-seo-wordpress\/ -->\n<title>Pol\u00edtica de Cookies - Washnet<\/title>\n<meta name=\"robots\" content=\"noindex, nofollow\" \/>\n<meta property=\"og:locale\" content=\"ca_ES\" \/>\n<meta property=\"og:type\" content=\"article\" \/>\n<meta property=\"og:title\" content=\"Pol\u00edtica de Cookies - Washnet\" \/>\n<meta property=\"og:description\" content=\"Pol\u00edtica de Cookies WASHNET FACTORY, S.L. utilitza cookies pr\u00f2pies per al funcionament del seu lloc web. Per con\u00e8ixer tota la informaci\u00f3 relativa a la nostra Pol\u00edtica de cookies, consulteu en els apartats que trobar\u00e0 a continuaci\u00f3: Qu\u00e8 \u00e9s una cookie? Una&nbsp;cookie \u00e9s un petit fitxer de text que s&#8217;emmagatzema al seu navegador quan visita gaireb\u00e9 [&hellip;]\" \/>\n<meta property=\"og:url\" content=\"https:\/\/washnet.es\/ca\/politica-de-cookies\/\" \/>\n<meta property=\"og:site_name\" content=\"Washnet\" \/>\n<meta property=\"article:modified_time\" content=\"2025-03-07T13:40:54+00:00\" \/>\n<meta name=\"twitter:card\" content=\"summary_large_image\" \/>\n<meta name=\"twitter:label1\" content=\"Temps estimat de lectura\" \/>\n\t<meta name=\"twitter:data1\" content=\"6 minuts\" \/>\n<script type=\"application\/ld+json\" class=\"yoast-schema-graph\">{\"@context\":\"https:\/\/schema.org\",\"@graph\":[{\"@type\":\"WebPage\",\"@id\":\"https:\/\/washnet.es\/ca\/politica-de-cookies\/\",\"url\":\"https:\/\/washnet.es\/ca\/politica-de-cookies\/\",\"name\":\"Pol\u00edtica de Cookies - Washnet\",\"isPartOf\":{\"@id\":\"https:\/\/washnet.es\/#website\"},\"datePublished\":\"2025-01-27T11:27:39+00:00\",\"dateModified\":\"2025-03-07T13:40:54+00:00\",\"breadcrumb\":{\"@id\":\"https:\/\/washnet.es\/ca\/politica-de-cookies\/#breadcrumb\"},\"inLanguage\":\"ca\",\"potentialAction\":[{\"@type\":\"ReadAction\",\"target\":[\"https:\/\/washnet.es\/ca\/politica-de-cookies\/\"]}]},{\"@type\":\"BreadcrumbList\",\"@id\":\"https:\/\/washnet.es\/ca\/politica-de-cookies\/#breadcrumb\",\"itemListElement\":[{\"@type\":\"ListItem\",\"position\":1,\"name\":\"Portada\",\"item\":\"https:\/\/washnet.es\/ca\/inici\/\"},{\"@type\":\"ListItem\",\"position\":2,\"name\":\"Pol\u00edtica de Cookies\"}]},{\"@type\":\"WebSite\",\"@id\":\"https:\/\/washnet.es\/#website\",\"url\":\"https:\/\/washnet.es\/\",\"name\":\"Washnet\",\"description\":\"\",\"publisher\":{\"@id\":\"https:\/\/washnet.es\/#organization\"},\"potentialAction\":[{\"@type\":\"SearchAction\",\"target\":{\"@type\":\"EntryPoint\",\"urlTemplate\":\"https:\/\/washnet.es\/?s={search_term_string}\"},\"query-input\":{\"@type\":\"PropertyValueSpecification\",\"valueRequired\":true,\"valueName\":\"search_term_string\"}}],\"inLanguage\":\"ca\"},{\"@type\":\"Organization\",\"@id\":\"https:\/\/washnet.es\/#organization\",\"name\":\"Washnet\",\"url\":\"https:\/\/washnet.es\/\",\"logo\":{\"@type\":\"ImageObject\",\"inLanguage\":\"ca\",\"@id\":\"https:\/\/washnet.es\/#\/schema\/logo\/image\/\",\"url\":\"https:\/\/washnet.es\/wp-content\/uploads\/2025\/01\/logo-washnet.png\",\"contentUrl\":\"https:\/\/washnet.es\/wp-content\/uploads\/2025\/01\/logo-washnet.png\",\"width\":2491,\"height\":564,\"caption\":\"Washnet\"},\"image\":{\"@id\":\"https:\/\/washnet.es\/#\/schema\/logo\/image\/\"}}]}<\/script>\n<!-- \/ Yoast SEO plugin. -->","yoast_head_json":{"title":"Pol\u00edtica de Cookies - Washnet","robots":{"index":"noindex","follow":"nofollow"},"og_locale":"ca_ES","og_type":"article","og_title":"Pol\u00edtica de Cookies - Washnet","og_description":"Pol\u00edtica de Cookies WASHNET FACTORY, S.L. utilitza cookies pr\u00f2pies per al funcionament del seu lloc web. Per con\u00e8ixer tota la informaci\u00f3 relativa a la nostra Pol\u00edtica de cookies, consulteu en els apartats que trobar\u00e0 a continuaci\u00f3: Qu\u00e8 \u00e9s una cookie? Una&nbsp;cookie \u00e9s un petit fitxer de text que s&#8217;emmagatzema al seu navegador quan visita gaireb\u00e9 [&hellip;]","og_url":"https:\/\/washnet.es\/ca\/politica-de-cookies\/","og_site_name":"Washnet","article_modified_time":"2025-03-07T13:40:54+00:00","twitter_card":"summary_large_image","twitter_misc":{"Temps estimat de lectura":"6 minuts"},"schema":{"@context":"https:\/\/schema.org","@graph":[{"@type":"WebPage","@id":"https:\/\/washnet.es\/ca\/politica-de-cookies\/","url":"https:\/\/washnet.es\/ca\/politica-de-cookies\/","name":"Pol\u00edtica de Cookies - Washnet","isPartOf":{"@id":"https:\/\/washnet.es\/#website"},"datePublished":"2025-01-27T11:27:39+00:00","dateModified":"2025-03-07T13:40:54+00:00","breadcrumb":{"@id":"https:\/\/washnet.es\/ca\/politica-de-cookies\/#breadcrumb"},"inLanguage":"ca","potentialAction":[{"@type":"ReadAction","target":["https:\/\/washnet.es\/ca\/politica-de-cookies\/"]}]},{"@type":"BreadcrumbList","@id":"https:\/\/washnet.es\/ca\/politica-de-cookies\/#breadcrumb","itemListElement":[{"@type":"ListItem","position":1,"name":"Portada","item":"https:\/\/washnet.es\/ca\/inici\/"},{"@type":"ListItem","position":2,"name":"Pol\u00edtica de Cookies"}]},{"@type":"WebSite","@id":"https:\/\/washnet.es\/#website","url":"https:\/\/washnet.es\/","name":"Washnet","description":"","publisher":{"@id":"https:\/\/washnet.es\/#organization"},"potentialAction":[{"@type":"SearchAction","target":{"@type":"EntryPoint","urlTemplate":"https:\/\/washnet.es\/?s={search_term_string}"},"query-input":{"@type":"PropertyValueSpecification","valueRequired":true,"valueName":"search_term_string"}}],"inLanguage":"ca"},{"@type":"Organization","@id":"https:\/\/washnet.es\/#organization","name":"Washnet","url":"https:\/\/washnet.es\/","logo":{"@type":"ImageObject","inLanguage":"ca","@id":"https:\/\/washnet.es\/#\/schema\/logo\/image\/","url":"https:\/\/washnet.es\/wp-content\/uploads\/2025\/01\/logo-washnet.png","contentUrl":"https:\/\/washnet.es\/wp-content\/uploads\/2025\/01\/logo-washnet.png","width":2491,"height":564,"caption":"Washnet"},"image":{"@id":"https:\/\/washnet.es\/#\/schema\/logo\/image\/"}}]}},"_links":{"self":[{"href":"https:\/\/washnet.es\/ca\/wp-json\/wp\/v2\/pages\/4563","targetHints":{"allow":["GET"]}}],"collection":[{"href":"https:\/\/washnet.es\/ca\/wp-json\/wp\/v2\/pages"}],"about":[{"href":"https:\/\/washnet.es\/ca\/wp-json\/wp\/v2\/types\/page"}],"author":[{"embeddable":true,"href":"https:\/\/washnet.es\/ca\/wp-json\/wp\/v2\/users\/1"}],"replies":[{"embeddable":true,"href":"https:\/\/washnet.es\/ca\/wp-json\/wp\/v2\/comments?post=4563"}],"version-history":[{"count":5,"href":"https:\/\/washnet.es\/ca\/wp-json\/wp\/v2\/pages\/4563\/revisions"}],"predecessor-version":[{"id":4569,"href":"https:\/\/washnet.es\/ca\/wp-json\/wp\/v2\/pages\/4563\/revisions\/4569"}],"wp:attachment":[{"href":"https:\/\/washnet.es\/ca\/wp-json\/wp\/v2\/media?parent=4563"}],"curies":[{"name":"wp","href":"https:\/\/api.w.org\/{rel}","templated":true}]}}