{"id":4542,"date":"2025-01-27T11:25:06","date_gmt":"2025-01-27T11:25:06","guid":{"rendered":"https:\/\/washnet.es\/avis-legal\/"},"modified":"2025-07-23T08:43:07","modified_gmt":"2025-07-23T07:43:07","slug":"avis-legal","status":"publish","type":"page","link":"https:\/\/washnet.es\/ca\/avis-legal\/","title":{"rendered":"Av\u00eds Legal"},"content":{"rendered":"\t\t<div data-elementor-type=\"wp-page\" data-elementor-id=\"4542\" class=\"elementor elementor-4542 elementor-838\" data-elementor-post-type=\"page\">\n\t\t\t\t<div class=\"elementor-element elementor-element-bea290b e-flex e-con-boxed e-con e-parent\" data-id=\"bea290b\" data-element_type=\"container\" data-e-type=\"container\">\n\t\t\t\t\t<div class=\"e-con-inner\">\n\t\t\t\t<div class=\"elementor-element elementor-element-457ec93 elementor-widget elementor-widget-heading\" data-id=\"457ec93\" data-element_type=\"widget\" data-e-type=\"widget\" data-widget_type=\"heading.default\">\n\t\t\t\t<div class=\"elementor-widget-container\">\n\t\t\t\t\t<h2 class=\"elementor-heading-title elementor-size-default\">Av\u00eds Legal<\/h2>\t\t\t\t<\/div>\n\t\t\t\t<\/div>\n\t\t\t\t<div class=\"elementor-element elementor-element-384ffa15 elementor-widget elementor-widget-text-editor\" data-id=\"384ffa15\" data-element_type=\"widget\" data-e-type=\"widget\" data-widget_type=\"text-editor.default\">\n\t\t\t\t<div class=\"elementor-widget-container\">\n\t\t\t\t\t\t\t\t\t\n<p><strong>TITULAR<\/strong><\/p>\n\n\n\n<p>Les dades del titular d&#8217;aquest Lloc Web s\u00f3n:<\/p>\n\n\n\n<p><strong>WASHNET FACTORY, SL<\/strong><\/p>\n\n\n\n<p>NIF: B-67581017<\/p>\n\n\n\n<p>Adre\u00e7a: Carrer Escultor Llimona, 9, 08328 d&#8217;Alella (Barcelona)<\/p>\n\n\n\n<p>Tel: +34 935 403 781<\/p>\n\n\n\n<p>Email: <a href=\"mailto:info@washnet.es\">info@washnet.es<\/a><\/p>\n\n\n\n<p>Inscripci\u00f3 Registral: Inscrita al Registre Mercantil de Barcelona, \u200b\u200bFull B-547679, Foli 199 Tom 47.296.<\/p>\n\n\n\n<p><strong>1.- CONDICIONS GENERALS D&#8217;\u00daS<\/strong><\/p>\n\n\n\n<ul class=\"wp-block-list\">\n<li>La utilitzaci\u00f3 d&#8217;aquest Lloc Web atribueix la condici\u00f3 d&#8217;usuari i implica l&#8217;acceptaci\u00f3 plena i sense reserves d&#8217;aquest Av\u00eds Legal en el mateix moment en qu\u00e8 l&#8217;usuari accedeixi a la Web. Per tant, l&#8217;usuari ha de llegir amb detall aquest Av\u00eds Legal en cadascuna de les ocasions en qu\u00e8 es proposi utilitzar el Web, tenint en compte que aquest pot patir modificacions. <\/li>\n\n\n\n<li>En la utilitzaci\u00f3 de la Web s&#8217;aplica tamb\u00e9 la nostra <a href=\"https:\/\/washnet.es\/politica-privacidad\/\">Pol\u00edtica de Privadesa i de cookies<\/a><\/li>\n\n\n\n<li>La navegaci\u00f3 i la utilitzaci\u00f3 d&#8217;aquest Lloc Web t\u00e9 car\u00e0cter gratu\u00eft, sense requerir subscripci\u00f3 o registre previ.<\/li>\n\n\n\n<li>WASHNET FACTORY, SL es reserva el dret a modificar sense previ av\u00eds el contingut d&#8217;aquest av\u00eds legal, per tant, i per a una utilitzaci\u00f3 correcta del Lloc Web, us recomanem que visiteu peri\u00f2dicament aquesta secci\u00f3.<\/li>\n<\/ul>\n\n\n\n<p><strong>2.- PROPIETAT INTEL\u00b7LECTUAL I INDUSTRIAL<\/strong><\/p>\n\n\n\n<p>\u00a9 2021, WASHNET FACTORY, SL Tots els drets reservats.<\/p>\n\n\n\n<ul class=\"wp-block-list\">\n<li>Aquest Lloc Web i els continguts inclosos: articles, textos, imatges, logotips, marques, botons, programari, etc. estan protegits per la legislaci\u00f3 vigent en propietat industrial i intel\u00b7lectual i s\u00f3n propietat del titular o de tercers que n&#8217;han autoritzat l&#8217;\u00fas al titular i queda expressament prohibida l&#8217;explotaci\u00f3 sense l&#8217;autoritzaci\u00f3 del titular.<\/li>\n\n\n\n<li>L&#8217;acc\u00e9s a aquest Lloc Web no suposa, en cap cas, l&#8217;adquisici\u00f3 per part dels usuaris de cap dret de propietat sobre els continguts que hi figuren.<\/li>\n\n\n\n<li>El titular es reserva el dret de modificar, actualitzar o suprimir qualsevol dels continguts d&#8217;aquest Lloc Web, en qualsevol moment i sense av\u00eds previ.<\/li>\n\n\n\n<li>Aquelles persones que vulguin establir un link o hiperenlla\u00e7 entre la seva p\u00e0gina Web i aquest Lloc Web hauran de demanar lautoritzaci\u00f3 expressa i per escrit del titular, sense que aix\u00f2 impliqui una relaci\u00f3 entre aquesta i el titular de la p\u00e0gina en qu\u00e8 sestableixi el link, ni laprovaci\u00f3 o acceptaci\u00f3 per part de la titular dels seus continguts o serveis. Es prohibeixen expressament enlla\u00e7os profunds a altres p\u00e0gines (deep link), el seu emmarcat (framing) aix\u00ed com qualsevol altre no autoritzat. <\/li>\n<\/ul>\n\n\n\n<p>&nbsp;<strong>3.- <\/strong><strong>USOS PROHIBITS<\/strong><\/p>\n\n\n\n<p>Queda prohibida qualsevol modalitat dexplotaci\u00f3, incloent-hi tot tipus de reproducci\u00f3, distribuci\u00f3, cessi\u00f3 a tercers, comunicaci\u00f3 p\u00fablica i transformaci\u00f3, mitjan\u00e7ant qualsevol tipus de suport i mitj\u00e0 de les obres abans referides, creacions i signes distintius sense autoritzaci\u00f3 pr\u00e8via i expressa dels seus respectius titulars. L&#8217;incompliment d&#8217;aquesta prohibici\u00f3 pot constituir infracci\u00f3 sancionable per la legislaci\u00f3 vigent. <\/p>\n\n\n\n<p><strong>4.- LIMITACI\u00d3 DE LA RESPONSABILITAT<\/strong><\/p>\n\n\n\n<ul class=\"wp-block-list\">\n<li>El titular es reserva el dret a interrompre l&#8217;acc\u00e9s al seu lloc web, aix\u00ed com la prestaci\u00f3 de qualsevol servei a trav\u00e9s del mateix en qualsevol moment i sense av\u00eds previ, sigui per motius t\u00e8cnics, de seguretat, de manteniment o per qualsevol altra causa.<\/li>\n\n\n\n<li>El titular no garanteix l&#8217;acc\u00e9s continuat, ni la correcta visualitzaci\u00f3, desc\u00e0rrega o utilitat dels elements i la informaci\u00f3 continguts al Lloc Web, que es poden veure impedits, dificultats o interromputs per factors o circumst\u00e0ncies fora del seu control i\/o siguin conseq\u00fc\u00e8ncia de l&#8217;actuaci\u00f3 dolosa o culpable de l&#8217;usuari.<\/li>\n\n\n\n<li>La informaci\u00f3 continguda en aquest Lloc Web pot no ser correcta, malgrat els esfor\u00e7os realitzats per dur a terme la seva exactitud i actualitzaci\u00f3. En conseq\u00fc\u00e8ncia, el titular no es responsabilitza dels errors continguts, ni dels danys o perjudicis derivats de la seva utilitzaci\u00f3. <\/li>\n\n\n\n<li>Aquest Lloc Web pot contenir enlla\u00e7os a altres llocs webs del contingut dels quals, utilitat o exactitud no es pot responsabilitzar al titular. La incorporaci\u00f3 d&#8217;un enlla\u00e7 en aquest Lloc Web no es pot considerar una recomanaci\u00f3 als usuaris perqu\u00e8 en facin servir, la decisi\u00f3 d&#8217;utilitzar-los \u00e9s responsabilitat d&#8217;aquests \u00faltims. <\/li>\n\n\n\n<li>El titular no es fa responsable dels danys i perjudicis derivats de l&#8217;\u00fas d&#8217;aquest Lloc Web o dels seus continguts, i no garanteix l&#8217;abs\u00e8ncia de virus o la impossibilitat de causar danys als sistemes inform\u00e0tics de l&#8217;usuari.<\/li>\n\n\n\n<li>El titular no es responsabilitza del mal \u00fas que es pugui fer daquest Lloc Web.<\/li>\n<\/ul>\n\n\n\n<p><strong>5.- LEGISLACI\u00d3 APLICABLE I TRIBUNALS COMPETENTS<\/strong><\/p>\n\n\n\n<p>Les condicions d&#8217;aquest lloc web i les relacions entre l&#8217;usuari i el titular. es regiran per la legislaci\u00f3 i jurisdicci\u00f3 espanyola. Per con\u00e8ixer qualsevol discrep\u00e0ncia que pugui sorgir entre l&#8217;usuari i el titular, se sotmeten als Jutjats i Tribunals de Barcelona (Espanya).  <\/p>\n\n\n\n<p><strong>Text actualitzat al gener de 2022<\/strong> .<\/p>\n\t\t\t\t\t\t\t\t<\/div>\n\t\t\t\t<\/div>\n\t\t\t\t\t<\/div>\n\t\t\t\t<\/div>\n\t\t\t\t<\/div>\n\t\t","protected":false},"excerpt":{"rendered":"<p>Av\u00eds Legal TITULAR Les dades del titular d&#8217;aquest Lloc Web s\u00f3n: WASHNET FACTORY, SL NIF: B-67581017 Adre\u00e7a: Carrer Escultor Llimona, 9, 08328 d&#8217;Alella (Barcelona) Tel: +34 935 403 781 Email: info@washnet.es Inscripci\u00f3 Registral: Inscrita al Registre Mercantil de Barcelona, \u200b\u200bFull B-547679, Foli 199 Tom 47.296. 1.- CONDICIONS GENERALS D&#8217;\u00daS La utilitzaci\u00f3 d&#8217;aquest Lloc Web atribueix [&hellip;]<\/p>\n","protected":false},"author":1,"featured_media":0,"parent":0,"menu_order":0,"comment_status":"closed","ping_status":"closed","template":"elementor_header_footer","meta":{"footnotes":""},"class_list":["post-4542","page","type-page","status-publish","hentry"],"yoast_head":"<!-- This site is optimized with the Yoast SEO plugin v27.2 - https:\/\/yoast.com\/product\/yoast-seo-wordpress\/ -->\n<title>Av\u00eds Legal - Washnet<\/title>\n<meta name=\"robots\" content=\"noindex, nofollow\" \/>\n<meta property=\"og:locale\" content=\"ca_ES\" \/>\n<meta property=\"og:type\" content=\"article\" \/>\n<meta property=\"og:title\" content=\"Av\u00eds Legal - Washnet\" \/>\n<meta property=\"og:description\" content=\"Av\u00eds Legal TITULAR Les dades del titular d&#8217;aquest Lloc Web s\u00f3n: WASHNET FACTORY, SL NIF: B-67581017 Adre\u00e7a: Carrer Escultor Llimona, 9, 08328 d&#8217;Alella (Barcelona) Tel: +34 935 403 781 Email: info@washnet.es Inscripci\u00f3 Registral: Inscrita al Registre Mercantil de Barcelona, \u200b\u200bFull B-547679, Foli 199 Tom 47.296. 1.- CONDICIONS GENERALS D&#8217;\u00daS La utilitzaci\u00f3 d&#8217;aquest Lloc Web atribueix [&hellip;]\" \/>\n<meta property=\"og:url\" content=\"https:\/\/washnet.es\/ca\/avis-legal\/\" \/>\n<meta property=\"og:site_name\" content=\"Washnet\" \/>\n<meta property=\"article:modified_time\" content=\"2025-07-23T07:43:07+00:00\" \/>\n<meta name=\"twitter:card\" content=\"summary_large_image\" \/>\n<meta name=\"twitter:label1\" content=\"Temps estimat de lectura\" \/>\n\t<meta name=\"twitter:data1\" content=\"4 minuts\" \/>\n<script type=\"application\/ld+json\" class=\"yoast-schema-graph\">{\"@context\":\"https:\/\/schema.org\",\"@graph\":[{\"@type\":\"WebPage\",\"@id\":\"https:\/\/washnet.es\/ca\/avis-legal\/\",\"url\":\"https:\/\/washnet.es\/ca\/avis-legal\/\",\"name\":\"Av\u00eds Legal - Washnet\",\"isPartOf\":{\"@id\":\"https:\/\/washnet.es\/#website\"},\"datePublished\":\"2025-01-27T11:25:06+00:00\",\"dateModified\":\"2025-07-23T07:43:07+00:00\",\"breadcrumb\":{\"@id\":\"https:\/\/washnet.es\/ca\/avis-legal\/#breadcrumb\"},\"inLanguage\":\"ca\",\"potentialAction\":[{\"@type\":\"ReadAction\",\"target\":[\"https:\/\/washnet.es\/ca\/avis-legal\/\"]}]},{\"@type\":\"BreadcrumbList\",\"@id\":\"https:\/\/washnet.es\/ca\/avis-legal\/#breadcrumb\",\"itemListElement\":[{\"@type\":\"ListItem\",\"position\":1,\"name\":\"Portada\",\"item\":\"https:\/\/washnet.es\/ca\/inici\/\"},{\"@type\":\"ListItem\",\"position\":2,\"name\":\"Av\u00eds Legal\"}]},{\"@type\":\"WebSite\",\"@id\":\"https:\/\/washnet.es\/#website\",\"url\":\"https:\/\/washnet.es\/\",\"name\":\"Washnet\",\"description\":\"\",\"publisher\":{\"@id\":\"https:\/\/washnet.es\/#organization\"},\"potentialAction\":[{\"@type\":\"SearchAction\",\"target\":{\"@type\":\"EntryPoint\",\"urlTemplate\":\"https:\/\/washnet.es\/?s={search_term_string}\"},\"query-input\":{\"@type\":\"PropertyValueSpecification\",\"valueRequired\":true,\"valueName\":\"search_term_string\"}}],\"inLanguage\":\"ca\"},{\"@type\":\"Organization\",\"@id\":\"https:\/\/washnet.es\/#organization\",\"name\":\"Washnet\",\"url\":\"https:\/\/washnet.es\/\",\"logo\":{\"@type\":\"ImageObject\",\"inLanguage\":\"ca\",\"@id\":\"https:\/\/washnet.es\/#\/schema\/logo\/image\/\",\"url\":\"https:\/\/washnet.es\/wp-content\/uploads\/2025\/01\/logo-washnet.png\",\"contentUrl\":\"https:\/\/washnet.es\/wp-content\/uploads\/2025\/01\/logo-washnet.png\",\"width\":2491,\"height\":564,\"caption\":\"Washnet\"},\"image\":{\"@id\":\"https:\/\/washnet.es\/#\/schema\/logo\/image\/\"}}]}<\/script>\n<!-- \/ Yoast SEO plugin. -->","yoast_head_json":{"title":"Av\u00eds Legal - Washnet","robots":{"index":"noindex","follow":"nofollow"},"og_locale":"ca_ES","og_type":"article","og_title":"Av\u00eds Legal - Washnet","og_description":"Av\u00eds Legal TITULAR Les dades del titular d&#8217;aquest Lloc Web s\u00f3n: WASHNET FACTORY, SL NIF: B-67581017 Adre\u00e7a: Carrer Escultor Llimona, 9, 08328 d&#8217;Alella (Barcelona) Tel: +34 935 403 781 Email: info@washnet.es Inscripci\u00f3 Registral: Inscrita al Registre Mercantil de Barcelona, \u200b\u200bFull B-547679, Foli 199 Tom 47.296. 1.- CONDICIONS GENERALS D&#8217;\u00daS La utilitzaci\u00f3 d&#8217;aquest Lloc Web atribueix [&hellip;]","og_url":"https:\/\/washnet.es\/ca\/avis-legal\/","og_site_name":"Washnet","article_modified_time":"2025-07-23T07:43:07+00:00","twitter_card":"summary_large_image","twitter_misc":{"Temps estimat de lectura":"4 minuts"},"schema":{"@context":"https:\/\/schema.org","@graph":[{"@type":"WebPage","@id":"https:\/\/washnet.es\/ca\/avis-legal\/","url":"https:\/\/washnet.es\/ca\/avis-legal\/","name":"Av\u00eds Legal - Washnet","isPartOf":{"@id":"https:\/\/washnet.es\/#website"},"datePublished":"2025-01-27T11:25:06+00:00","dateModified":"2025-07-23T07:43:07+00:00","breadcrumb":{"@id":"https:\/\/washnet.es\/ca\/avis-legal\/#breadcrumb"},"inLanguage":"ca","potentialAction":[{"@type":"ReadAction","target":["https:\/\/washnet.es\/ca\/avis-legal\/"]}]},{"@type":"BreadcrumbList","@id":"https:\/\/washnet.es\/ca\/avis-legal\/#breadcrumb","itemListElement":[{"@type":"ListItem","position":1,"name":"Portada","item":"https:\/\/washnet.es\/ca\/inici\/"},{"@type":"ListItem","position":2,"name":"Av\u00eds Legal"}]},{"@type":"WebSite","@id":"https:\/\/washnet.es\/#website","url":"https:\/\/washnet.es\/","name":"Washnet","description":"","publisher":{"@id":"https:\/\/washnet.es\/#organization"},"potentialAction":[{"@type":"SearchAction","target":{"@type":"EntryPoint","urlTemplate":"https:\/\/washnet.es\/?s={search_term_string}"},"query-input":{"@type":"PropertyValueSpecification","valueRequired":true,"valueName":"search_term_string"}}],"inLanguage":"ca"},{"@type":"Organization","@id":"https:\/\/washnet.es\/#organization","name":"Washnet","url":"https:\/\/washnet.es\/","logo":{"@type":"ImageObject","inLanguage":"ca","@id":"https:\/\/washnet.es\/#\/schema\/logo\/image\/","url":"https:\/\/washnet.es\/wp-content\/uploads\/2025\/01\/logo-washnet.png","contentUrl":"https:\/\/washnet.es\/wp-content\/uploads\/2025\/01\/logo-washnet.png","width":2491,"height":564,"caption":"Washnet"},"image":{"@id":"https:\/\/washnet.es\/#\/schema\/logo\/image\/"}}]}},"_links":{"self":[{"href":"https:\/\/washnet.es\/ca\/wp-json\/wp\/v2\/pages\/4542","targetHints":{"allow":["GET"]}}],"collection":[{"href":"https:\/\/washnet.es\/ca\/wp-json\/wp\/v2\/pages"}],"about":[{"href":"https:\/\/washnet.es\/ca\/wp-json\/wp\/v2\/types\/page"}],"author":[{"embeddable":true,"href":"https:\/\/washnet.es\/ca\/wp-json\/wp\/v2\/users\/1"}],"replies":[{"embeddable":true,"href":"https:\/\/washnet.es\/ca\/wp-json\/wp\/v2\/comments?post=4542"}],"version-history":[{"count":8,"href":"https:\/\/washnet.es\/ca\/wp-json\/wp\/v2\/pages\/4542\/revisions"}],"predecessor-version":[{"id":5246,"href":"https:\/\/washnet.es\/ca\/wp-json\/wp\/v2\/pages\/4542\/revisions\/5246"}],"wp:attachment":[{"href":"https:\/\/washnet.es\/ca\/wp-json\/wp\/v2\/media?parent=4542"}],"curies":[{"name":"wp","href":"https:\/\/api.w.org\/{rel}","templated":true}]}}